{"id":213357,"date":"2024-02-16T17:14:49","date_gmt":"2024-02-16T17:14:49","guid":{"rendered":"https:\/\/didacta.com.uy\/sitio\/?post_type=product&#038;p=213357"},"modified":"2024-06-24T19:29:38","modified_gmt":"2024-06-24T19:29:38","slug":"cuerpo-espin","status":"publish","type":"product","link":"https:\/\/didacta.com.uy\/sitio\/producto\/cuerpo-espin\/","title":{"rendered":"CUERPO ESP\u00cdN"},"content":{"rendered":"<p>\u00a1Con la l\u00ednea Topa Topa jug\u00e1 y aprend\u00e9! Didacta con Topa Topa introduce a ni\u00f1os y ni\u00f1as en el mundo del juguete, incentivando el desarrollo de sus capacidades.<br \/>\nEste juguete introduce al ni\u00f1o en el mundo de las formas y los colores, estimulando su curiosidad, habilidad manual y sus sentidos.<br \/>\nDise\u00f1ados con formas redondeadas y materiales de calidad y resistencia, estudiados para garantizar la seguridad del ni\u00f1o.<br \/>\n12 piezas coloridas para encastrar y guardar en un cuerpo esp\u00edn de arrastre.<\/p>\n<p><strong>C\u00f3digo:<\/strong> 600\/42<br \/>\n<strong>C\u00f3digo de barras:<\/strong> 7730549006753<br \/>\n<strong>Edad:<\/strong> 1 a\u00f1o en adelante<br \/>\n<strong>Medidas:<\/strong> 23.3 x 15.3 x 9 cm<\/p>\n","protected":false},"excerpt":{"rendered":"<p>\u00a1Con la l\u00ednea Topa Topa jug\u00e1 y aprend\u00e9! Didacta con Topa Topa introduce a ni\u00f1os y ni\u00f1as en el mundo del juguete, incentivando el desarrollo de sus capacidades.<br \/>\nEste juguete introduce al ni\u00f1o en el mundo de las formas y los colores, estimulando su curiosidad, habilidad manual y sus sentidos.<br \/>\nDise\u00f1ados con formas redondeadas y materiales de calidad y resistencia, estudiados para garantizar la seguridad del ni\u00f1o.<br \/>\n12 piezas coloridas para encastrar y guardar en un cuerpo esp\u00edn de arrastre.<\/p>\n<p><strong>C\u00f3digo:<\/strong> 600\/42<br \/>\n<strong>C\u00f3digo de barras:<\/strong> 7730549006753<br \/>\n<strong>Edad:<\/strong> 1 a\u00f1o en adelante<br \/>\n<strong>Medidas:<\/strong> 23.3 x 15.3 x 9 cm<\/p>\n","protected":false},"featured_media":213359,"comment_status":"closed","ping_status":"closed","template":"","meta":{"_et_pb_use_builder":"","_et_pb_old_content":"","_et_gb_content_width":"","_uf_show_specific_survey":0,"_uf_disable_surveys":false},"product_brand":[],"product_cat":[70,27],"product_tag":[],"class_list":{"0":"post-213357","1":"product","2":"type-product","3":"status-publish","4":"has-post-thumbnail","6":"product_cat-1-a-3-anos","7":"product_cat-topa-topa","9":"first","10":"instock","11":"taxable","12":"shipping-taxable","13":"product-type-simple"},"aioseo_notices":[],"yoast_head":"<!-- This site is optimized with the Yoast SEO plugin v24.8.1 - https:\/\/yoast.com\/wordpress\/plugins\/seo\/ -->\n<title>CUERPO ESP\u00cdN - Didacta<\/title>\n<meta name=\"robots\" content=\"index, follow, max-snippet:-1, max-image-preview:large, max-video-preview:-1\" \/>\n<link rel=\"canonical\" href=\"https:\/\/didacta.com.uy\/sitio\/producto\/cuerpo-espin\/\" \/>\n<meta property=\"og:locale\" content=\"es_ES\" \/>\n<meta property=\"og:type\" content=\"article\" \/>\n<meta property=\"og:title\" content=\"CUERPO ESP\u00cdN - Didacta\" \/>\n<meta property=\"og:description\" content=\"\u00a1Con la l\u00ednea Topa Topa jug\u00e1 y aprend\u00e9! Didacta con Topa Topa introduce a ni\u00f1os y ni\u00f1as en el mundo del juguete, incentivando el desarrollo de sus capacidades. Este juguete introduce al ni\u00f1o en el mundo de las formas y los colores, estimulando su curiosidad, habilidad manual y sus sentidos. Dise\u00f1ados con formas redondeadas y materiales de calidad y resistencia, estudiados para garantizar la seguridad del ni\u00f1o. 12 piezas coloridas para encastrar y guardar en un cuerpo esp\u00edn de arrastre.  C\u00f3digo: 600\/42 C\u00f3digo de barras: 7730549006753 Edad: 1 a\u00f1o en adelante Medidas: 23.3 x 15.3 x 9 cm\" \/>\n<meta property=\"og:url\" content=\"https:\/\/didacta.com.uy\/sitio\/producto\/cuerpo-espin\/\" \/>\n<meta property=\"og:site_name\" content=\"Didacta\" \/>\n<meta property=\"article:modified_time\" content=\"2024-06-24T19:29:38+00:00\" \/>\n<meta property=\"og:image\" content=\"https:\/\/didacta.com.uy\/sitio\/wp-content\/uploads\/2024\/02\/600-42.jpg\" \/>\n\t<meta property=\"og:image:width\" content=\"542\" \/>\n\t<meta property=\"og:image:height\" content=\"400\" \/>\n\t<meta property=\"og:image:type\" content=\"image\/jpeg\" \/>\n<meta name=\"twitter:card\" content=\"summary_large_image\" \/>\n<meta name=\"twitter:label1\" content=\"Tiempo de lectura\" \/>\n\t<meta name=\"twitter:data1\" content=\"1 minuto\" \/>\n<script type=\"application\/ld+json\" class=\"yoast-schema-graph\">{\"@context\":\"https:\/\/schema.org\",\"@graph\":[{\"@type\":\"WebPage\",\"@id\":\"https:\/\/didacta.com.uy\/sitio\/producto\/cuerpo-espin\/\",\"url\":\"https:\/\/didacta.com.uy\/sitio\/producto\/cuerpo-espin\/\",\"name\":\"CUERPO ESP\u00cdN - Didacta\",\"isPartOf\":{\"@id\":\"https:\/\/didacta.com.uy\/sitio\/#website\"},\"primaryImageOfPage\":{\"@id\":\"https:\/\/didacta.com.uy\/sitio\/producto\/cuerpo-espin\/#primaryimage\"},\"image\":{\"@id\":\"https:\/\/didacta.com.uy\/sitio\/producto\/cuerpo-espin\/#primaryimage\"},\"thumbnailUrl\":\"https:\/\/didacta.com.uy\/sitio\/wp-content\/uploads\/2024\/02\/600-42.jpg\",\"datePublished\":\"2024-02-16T17:14:49+00:00\",\"dateModified\":\"2024-06-24T19:29:38+00:00\",\"breadcrumb\":{\"@id\":\"https:\/\/didacta.com.uy\/sitio\/producto\/cuerpo-espin\/#breadcrumb\"},\"inLanguage\":\"es\",\"potentialAction\":[{\"@type\":\"ReadAction\",\"target\":[\"https:\/\/didacta.com.uy\/sitio\/producto\/cuerpo-espin\/\"]}]},{\"@type\":\"ImageObject\",\"inLanguage\":\"es\",\"@id\":\"https:\/\/didacta.com.uy\/sitio\/producto\/cuerpo-espin\/#primaryimage\",\"url\":\"https:\/\/didacta.com.uy\/sitio\/wp-content\/uploads\/2024\/02\/600-42.jpg\",\"contentUrl\":\"https:\/\/didacta.com.uy\/sitio\/wp-content\/uploads\/2024\/02\/600-42.jpg\",\"width\":542,\"height\":400},{\"@type\":\"BreadcrumbList\",\"@id\":\"https:\/\/didacta.com.uy\/sitio\/producto\/cuerpo-espin\/#breadcrumb\",\"itemListElement\":[{\"@type\":\"ListItem\",\"position\":1,\"name\":\"Portada\",\"item\":\"https:\/\/didacta.com.uy\/sitio\/\"},{\"@type\":\"ListItem\",\"position\":2,\"name\":\"Inicio\",\"item\":\"https:\/\/didacta.com.uy\/sitio\/\"},{\"@type\":\"ListItem\",\"position\":3,\"name\":\"CUERPO ESP\u00cdN\"}]},{\"@type\":\"WebSite\",\"@id\":\"https:\/\/didacta.com.uy\/sitio\/#website\",\"url\":\"https:\/\/didacta.com.uy\/sitio\/\",\"name\":\"Didacta\",\"description\":\"Con m\u00e1s de 20 a\u00f1os de experiencia, DIDACTA es la marca l\u00edder en el mercado uruguayo de juegos de mesa.\",\"potentialAction\":[{\"@type\":\"SearchAction\",\"target\":{\"@type\":\"EntryPoint\",\"urlTemplate\":\"https:\/\/didacta.com.uy\/sitio\/?s={search_term_string}\"},\"query-input\":{\"@type\":\"PropertyValueSpecification\",\"valueRequired\":true,\"valueName\":\"search_term_string\"}}],\"inLanguage\":\"es\"}]}<\/script>\n<!-- \/ Yoast SEO plugin. -->","yoast_head_json":{"title":"CUERPO ESP\u00cdN - Didacta","robots":{"index":"index","follow":"follow","max-snippet":"max-snippet:-1","max-image-preview":"max-image-preview:large","max-video-preview":"max-video-preview:-1"},"canonical":"https:\/\/didacta.com.uy\/sitio\/producto\/cuerpo-espin\/","og_locale":"es_ES","og_type":"article","og_title":"CUERPO ESP\u00cdN - Didacta","og_description":"\u00a1Con la l\u00ednea Topa Topa jug\u00e1 y aprend\u00e9! Didacta con Topa Topa introduce a ni\u00f1os y ni\u00f1as en el mundo del juguete, incentivando el desarrollo de sus capacidades. Este juguete introduce al ni\u00f1o en el mundo de las formas y los colores, estimulando su curiosidad, habilidad manual y sus sentidos. Dise\u00f1ados con formas redondeadas y materiales de calidad y resistencia, estudiados para garantizar la seguridad del ni\u00f1o. 12 piezas coloridas para encastrar y guardar en un cuerpo esp\u00edn de arrastre.  C\u00f3digo: 600\/42 C\u00f3digo de barras: 7730549006753 Edad: 1 a\u00f1o en adelante Medidas: 23.3 x 15.3 x 9 cm","og_url":"https:\/\/didacta.com.uy\/sitio\/producto\/cuerpo-espin\/","og_site_name":"Didacta","article_modified_time":"2024-06-24T19:29:38+00:00","og_image":[{"width":542,"height":400,"url":"https:\/\/didacta.com.uy\/sitio\/wp-content\/uploads\/2024\/02\/600-42.jpg","type":"image\/jpeg"}],"twitter_card":"summary_large_image","twitter_misc":{"Tiempo de lectura":"1 minuto"},"schema":{"@context":"https:\/\/schema.org","@graph":[{"@type":"WebPage","@id":"https:\/\/didacta.com.uy\/sitio\/producto\/cuerpo-espin\/","url":"https:\/\/didacta.com.uy\/sitio\/producto\/cuerpo-espin\/","name":"CUERPO ESP\u00cdN - Didacta","isPartOf":{"@id":"https:\/\/didacta.com.uy\/sitio\/#website"},"primaryImageOfPage":{"@id":"https:\/\/didacta.com.uy\/sitio\/producto\/cuerpo-espin\/#primaryimage"},"image":{"@id":"https:\/\/didacta.com.uy\/sitio\/producto\/cuerpo-espin\/#primaryimage"},"thumbnailUrl":"https:\/\/didacta.com.uy\/sitio\/wp-content\/uploads\/2024\/02\/600-42.jpg","datePublished":"2024-02-16T17:14:49+00:00","dateModified":"2024-06-24T19:29:38+00:00","breadcrumb":{"@id":"https:\/\/didacta.com.uy\/sitio\/producto\/cuerpo-espin\/#breadcrumb"},"inLanguage":"es","potentialAction":[{"@type":"ReadAction","target":["https:\/\/didacta.com.uy\/sitio\/producto\/cuerpo-espin\/"]}]},{"@type":"ImageObject","inLanguage":"es","@id":"https:\/\/didacta.com.uy\/sitio\/producto\/cuerpo-espin\/#primaryimage","url":"https:\/\/didacta.com.uy\/sitio\/wp-content\/uploads\/2024\/02\/600-42.jpg","contentUrl":"https:\/\/didacta.com.uy\/sitio\/wp-content\/uploads\/2024\/02\/600-42.jpg","width":542,"height":400},{"@type":"BreadcrumbList","@id":"https:\/\/didacta.com.uy\/sitio\/producto\/cuerpo-espin\/#breadcrumb","itemListElement":[{"@type":"ListItem","position":1,"name":"Portada","item":"https:\/\/didacta.com.uy\/sitio\/"},{"@type":"ListItem","position":2,"name":"Inicio","item":"https:\/\/didacta.com.uy\/sitio\/"},{"@type":"ListItem","position":3,"name":"CUERPO ESP\u00cdN"}]},{"@type":"WebSite","@id":"https:\/\/didacta.com.uy\/sitio\/#website","url":"https:\/\/didacta.com.uy\/sitio\/","name":"Didacta","description":"Con m\u00e1s de 20 a\u00f1os de experiencia, DIDACTA es la marca l\u00edder en el mercado uruguayo de juegos de mesa.","potentialAction":[{"@type":"SearchAction","target":{"@type":"EntryPoint","urlTemplate":"https:\/\/didacta.com.uy\/sitio\/?s={search_term_string}"},"query-input":{"@type":"PropertyValueSpecification","valueRequired":true,"valueName":"search_term_string"}}],"inLanguage":"es"}]}},"_links":{"self":[{"href":"https:\/\/didacta.com.uy\/sitio\/wp-json\/wp\/v2\/product\/213357","targetHints":{"allow":["GET"]}}],"collection":[{"href":"https:\/\/didacta.com.uy\/sitio\/wp-json\/wp\/v2\/product"}],"about":[{"href":"https:\/\/didacta.com.uy\/sitio\/wp-json\/wp\/v2\/types\/product"}],"replies":[{"embeddable":true,"href":"https:\/\/didacta.com.uy\/sitio\/wp-json\/wp\/v2\/comments?post=213357"}],"wp:featuredmedia":[{"embeddable":true,"href":"https:\/\/didacta.com.uy\/sitio\/wp-json\/wp\/v2\/media\/213359"}],"wp:attachment":[{"href":"https:\/\/didacta.com.uy\/sitio\/wp-json\/wp\/v2\/media?parent=213357"}],"wp:term":[{"taxonomy":"product_brand","embeddable":true,"href":"https:\/\/didacta.com.uy\/sitio\/wp-json\/wp\/v2\/product_brand?post=213357"},{"taxonomy":"product_cat","embeddable":true,"href":"https:\/\/didacta.com.uy\/sitio\/wp-json\/wp\/v2\/product_cat?post=213357"},{"taxonomy":"product_tag","embeddable":true,"href":"https:\/\/didacta.com.uy\/sitio\/wp-json\/wp\/v2\/product_tag?post=213357"}],"curies":[{"name":"wp","href":"https:\/\/api.w.org\/{rel}","templated":true}]}}