{"id":212974,"date":"2023-11-06T20:48:18","date_gmt":"2023-11-06T20:48:18","guid":{"rendered":"https:\/\/didacta.com.uy\/sitio\/?post_type=product&#038;p=212974"},"modified":"2023-11-13T17:52:16","modified_gmt":"2023-11-13T17:52:16","slug":"robo-alive-huevo-dino-fosil-con-sorpresa","status":"publish","type":"product","link":"https:\/\/didacta.com.uy\/sitio\/producto\/robo-alive-huevo-dino-fosil-con-sorpresa\/","title":{"rendered":"ROBO ALIVE &#8211; HUEVO DINO FOSIL CON SORPRESA"},"content":{"rendered":"<p>Unite a la aventura de Robo Alive con tu Huevo Dino F\u00f3sil!<br \/>\nExcav\u00e1 entre las rocas para encontrar los f\u00f3siles de dinosaurios sorpresa!<br \/>\nQu\u00e9 dinosaurios prehist\u00f3ricos encontrar\u00e1s?<\/p>\n<p><strong>C\u00f3digo:<\/strong> 7156<br \/>\n<strong>C\u00f3digo de barras: <\/strong>7730549006968<br \/>\n<strong>Edad:<\/strong>\u00a0De 3 a\u00f1os en adelante<br \/>\n<strong>Medidas: <\/strong>17 x 15 x 23\u00a0cm<\/p>\n<p><iframe loading=\"lazy\" width=\"560\" height=\"315\" src=\"https:\/\/www.youtube.com\/embed\/ZKnU_7kodHw?si=q7cMpyVO9APyxMtT\" title=\"YouTube video player\" frameborder=\"0\" allow=\"accelerometer; autoplay; clipboard-write; encrypted-media; gyroscope; picture-in-picture; web-share\" allowfullscreen><\/iframe><\/p>\n","protected":false},"excerpt":{"rendered":"<p>Unite a la aventura de Robo Alive con tu Huevo Dino F\u00f3sil!<br \/>\nExcav\u00e1 entre las rocas para encontrar los f\u00f3siles de dinosaurios sorpresa!<br \/>\nQu\u00e9 dinosaurios prehist\u00f3ricos encontrar\u00e1s?<\/p>\n<p><strong>C\u00f3digo:<\/strong> 7156<br \/>\n<strong>C\u00f3digo de barras: <\/strong>7730549006968<br \/>\n<strong>Edad:<\/strong>\u00a0De 3 a\u00f1os en adelante<br \/>\n<strong>Medidas: <\/strong>17 x 15 x 23\u00a0cm<\/p>\n<p><iframe loading=\"lazy\" width=\"560\" height=\"315\" src=\"https:\/\/www.youtube.com\/embed\/ZKnU_7kodHw?si=q7cMpyVO9APyxMtT\" title=\"YouTube video player\" frameborder=\"0\" allow=\"accelerometer; autoplay; clipboard-write; encrypted-media; gyroscope; picture-in-picture; web-share\" allowfullscreen><\/iframe><\/p>\n","protected":false},"featured_media":212975,"comment_status":"closed","ping_status":"closed","template":"","meta":{"_et_pb_use_builder":"","_et_pb_old_content":"","_et_gb_content_width":"","_uf_show_specific_survey":0,"_uf_disable_surveys":false},"product_brand":[],"product_cat":[230],"product_tag":[],"class_list":{"0":"post-212974","1":"product","2":"type-product","3":"status-publish","4":"has-post-thumbnail","6":"product_cat-robo-alive","8":"first","9":"instock","10":"taxable","11":"shipping-taxable","12":"product-type-simple"},"aioseo_notices":[],"yoast_head":"<!-- This site is optimized with the Yoast SEO plugin v24.8.1 - https:\/\/yoast.com\/wordpress\/plugins\/seo\/ -->\n<title>ROBO ALIVE - HUEVO DINO FOSIL CON SORPRESA - Didacta<\/title>\n<meta name=\"robots\" content=\"index, follow, max-snippet:-1, max-image-preview:large, max-video-preview:-1\" \/>\n<link rel=\"canonical\" href=\"https:\/\/didacta.com.uy\/sitio\/producto\/robo-alive-huevo-dino-fosil-con-sorpresa\/\" \/>\n<meta property=\"og:locale\" content=\"es_ES\" \/>\n<meta property=\"og:type\" content=\"article\" \/>\n<meta property=\"og:title\" content=\"ROBO ALIVE - HUEVO DINO FOSIL CON SORPRESA - Didacta\" \/>\n<meta property=\"og:description\" content=\"Unite a la aventura de Robo Alive con tu Huevo Dino F\u00f3sil! Excav\u00e1 entre las rocas para encontrar los f\u00f3siles de dinosaurios sorpresa! Qu\u00e9 dinosaurios prehist\u00f3ricos encontrar\u00e1s?  C\u00f3digo: 7156 C\u00f3digo de barras: 7730549006968 Edad:\u00a0De 3 a\u00f1os en adelante Medidas: 17 x 15 x 23\u00a0cm\" \/>\n<meta property=\"og:url\" content=\"https:\/\/didacta.com.uy\/sitio\/producto\/robo-alive-huevo-dino-fosil-con-sorpresa\/\" \/>\n<meta property=\"og:site_name\" content=\"Didacta\" \/>\n<meta property=\"article:modified_time\" content=\"2023-11-13T17:52:16+00:00\" \/>\n<meta property=\"og:image\" content=\"https:\/\/didacta.com.uy\/sitio\/wp-content\/uploads\/2023\/11\/7156.jpg\" \/>\n\t<meta property=\"og:image:width\" content=\"700\" \/>\n\t<meta property=\"og:image:height\" content=\"700\" \/>\n\t<meta property=\"og:image:type\" content=\"image\/jpeg\" \/>\n<meta name=\"twitter:card\" content=\"summary_large_image\" \/>\n<meta name=\"twitter:label1\" content=\"Tiempo de lectura\" \/>\n\t<meta name=\"twitter:data1\" content=\"1 minuto\" \/>\n<script type=\"application\/ld+json\" class=\"yoast-schema-graph\">{\"@context\":\"https:\/\/schema.org\",\"@graph\":[{\"@type\":\"WebPage\",\"@id\":\"https:\/\/didacta.com.uy\/sitio\/producto\/robo-alive-huevo-dino-fosil-con-sorpresa\/\",\"url\":\"https:\/\/didacta.com.uy\/sitio\/producto\/robo-alive-huevo-dino-fosil-con-sorpresa\/\",\"name\":\"ROBO ALIVE - HUEVO DINO FOSIL CON SORPRESA - Didacta\",\"isPartOf\":{\"@id\":\"https:\/\/didacta.com.uy\/sitio\/#website\"},\"primaryImageOfPage\":{\"@id\":\"https:\/\/didacta.com.uy\/sitio\/producto\/robo-alive-huevo-dino-fosil-con-sorpresa\/#primaryimage\"},\"image\":{\"@id\":\"https:\/\/didacta.com.uy\/sitio\/producto\/robo-alive-huevo-dino-fosil-con-sorpresa\/#primaryimage\"},\"thumbnailUrl\":\"https:\/\/didacta.com.uy\/sitio\/wp-content\/uploads\/2023\/11\/7156.jpg\",\"datePublished\":\"2023-11-06T20:48:18+00:00\",\"dateModified\":\"2023-11-13T17:52:16+00:00\",\"breadcrumb\":{\"@id\":\"https:\/\/didacta.com.uy\/sitio\/producto\/robo-alive-huevo-dino-fosil-con-sorpresa\/#breadcrumb\"},\"inLanguage\":\"es\",\"potentialAction\":[{\"@type\":\"ReadAction\",\"target\":[\"https:\/\/didacta.com.uy\/sitio\/producto\/robo-alive-huevo-dino-fosil-con-sorpresa\/\"]}]},{\"@type\":\"ImageObject\",\"inLanguage\":\"es\",\"@id\":\"https:\/\/didacta.com.uy\/sitio\/producto\/robo-alive-huevo-dino-fosil-con-sorpresa\/#primaryimage\",\"url\":\"https:\/\/didacta.com.uy\/sitio\/wp-content\/uploads\/2023\/11\/7156.jpg\",\"contentUrl\":\"https:\/\/didacta.com.uy\/sitio\/wp-content\/uploads\/2023\/11\/7156.jpg\",\"width\":700,\"height\":700},{\"@type\":\"BreadcrumbList\",\"@id\":\"https:\/\/didacta.com.uy\/sitio\/producto\/robo-alive-huevo-dino-fosil-con-sorpresa\/#breadcrumb\",\"itemListElement\":[{\"@type\":\"ListItem\",\"position\":1,\"name\":\"Portada\",\"item\":\"https:\/\/didacta.com.uy\/sitio\/\"},{\"@type\":\"ListItem\",\"position\":2,\"name\":\"Inicio\",\"item\":\"https:\/\/didacta.com.uy\/sitio\/\"},{\"@type\":\"ListItem\",\"position\":3,\"name\":\"ROBO ALIVE &#8211; HUEVO DINO FOSIL CON SORPRESA\"}]},{\"@type\":\"WebSite\",\"@id\":\"https:\/\/didacta.com.uy\/sitio\/#website\",\"url\":\"https:\/\/didacta.com.uy\/sitio\/\",\"name\":\"Didacta\",\"description\":\"Con m\u00e1s de 20 a\u00f1os de experiencia, DIDACTA es la marca l\u00edder en el mercado uruguayo de juegos de mesa.\",\"potentialAction\":[{\"@type\":\"SearchAction\",\"target\":{\"@type\":\"EntryPoint\",\"urlTemplate\":\"https:\/\/didacta.com.uy\/sitio\/?s={search_term_string}\"},\"query-input\":{\"@type\":\"PropertyValueSpecification\",\"valueRequired\":true,\"valueName\":\"search_term_string\"}}],\"inLanguage\":\"es\"}]}<\/script>\n<!-- \/ Yoast SEO plugin. -->","yoast_head_json":{"title":"ROBO ALIVE - HUEVO DINO FOSIL CON SORPRESA - Didacta","robots":{"index":"index","follow":"follow","max-snippet":"max-snippet:-1","max-image-preview":"max-image-preview:large","max-video-preview":"max-video-preview:-1"},"canonical":"https:\/\/didacta.com.uy\/sitio\/producto\/robo-alive-huevo-dino-fosil-con-sorpresa\/","og_locale":"es_ES","og_type":"article","og_title":"ROBO ALIVE - HUEVO DINO FOSIL CON SORPRESA - Didacta","og_description":"Unite a la aventura de Robo Alive con tu Huevo Dino F\u00f3sil! Excav\u00e1 entre las rocas para encontrar los f\u00f3siles de dinosaurios sorpresa! Qu\u00e9 dinosaurios prehist\u00f3ricos encontrar\u00e1s?  C\u00f3digo: 7156 C\u00f3digo de barras: 7730549006968 Edad:\u00a0De 3 a\u00f1os en adelante Medidas: 17 x 15 x 23\u00a0cm","og_url":"https:\/\/didacta.com.uy\/sitio\/producto\/robo-alive-huevo-dino-fosil-con-sorpresa\/","og_site_name":"Didacta","article_modified_time":"2023-11-13T17:52:16+00:00","og_image":[{"width":700,"height":700,"url":"https:\/\/didacta.com.uy\/sitio\/wp-content\/uploads\/2023\/11\/7156.jpg","type":"image\/jpeg"}],"twitter_card":"summary_large_image","twitter_misc":{"Tiempo de lectura":"1 minuto"},"schema":{"@context":"https:\/\/schema.org","@graph":[{"@type":"WebPage","@id":"https:\/\/didacta.com.uy\/sitio\/producto\/robo-alive-huevo-dino-fosil-con-sorpresa\/","url":"https:\/\/didacta.com.uy\/sitio\/producto\/robo-alive-huevo-dino-fosil-con-sorpresa\/","name":"ROBO ALIVE - HUEVO DINO FOSIL CON SORPRESA - Didacta","isPartOf":{"@id":"https:\/\/didacta.com.uy\/sitio\/#website"},"primaryImageOfPage":{"@id":"https:\/\/didacta.com.uy\/sitio\/producto\/robo-alive-huevo-dino-fosil-con-sorpresa\/#primaryimage"},"image":{"@id":"https:\/\/didacta.com.uy\/sitio\/producto\/robo-alive-huevo-dino-fosil-con-sorpresa\/#primaryimage"},"thumbnailUrl":"https:\/\/didacta.com.uy\/sitio\/wp-content\/uploads\/2023\/11\/7156.jpg","datePublished":"2023-11-06T20:48:18+00:00","dateModified":"2023-11-13T17:52:16+00:00","breadcrumb":{"@id":"https:\/\/didacta.com.uy\/sitio\/producto\/robo-alive-huevo-dino-fosil-con-sorpresa\/#breadcrumb"},"inLanguage":"es","potentialAction":[{"@type":"ReadAction","target":["https:\/\/didacta.com.uy\/sitio\/producto\/robo-alive-huevo-dino-fosil-con-sorpresa\/"]}]},{"@type":"ImageObject","inLanguage":"es","@id":"https:\/\/didacta.com.uy\/sitio\/producto\/robo-alive-huevo-dino-fosil-con-sorpresa\/#primaryimage","url":"https:\/\/didacta.com.uy\/sitio\/wp-content\/uploads\/2023\/11\/7156.jpg","contentUrl":"https:\/\/didacta.com.uy\/sitio\/wp-content\/uploads\/2023\/11\/7156.jpg","width":700,"height":700},{"@type":"BreadcrumbList","@id":"https:\/\/didacta.com.uy\/sitio\/producto\/robo-alive-huevo-dino-fosil-con-sorpresa\/#breadcrumb","itemListElement":[{"@type":"ListItem","position":1,"name":"Portada","item":"https:\/\/didacta.com.uy\/sitio\/"},{"@type":"ListItem","position":2,"name":"Inicio","item":"https:\/\/didacta.com.uy\/sitio\/"},{"@type":"ListItem","position":3,"name":"ROBO ALIVE &#8211; HUEVO DINO FOSIL CON SORPRESA"}]},{"@type":"WebSite","@id":"https:\/\/didacta.com.uy\/sitio\/#website","url":"https:\/\/didacta.com.uy\/sitio\/","name":"Didacta","description":"Con m\u00e1s de 20 a\u00f1os de experiencia, DIDACTA es la marca l\u00edder en el mercado uruguayo de juegos de mesa.","potentialAction":[{"@type":"SearchAction","target":{"@type":"EntryPoint","urlTemplate":"https:\/\/didacta.com.uy\/sitio\/?s={search_term_string}"},"query-input":{"@type":"PropertyValueSpecification","valueRequired":true,"valueName":"search_term_string"}}],"inLanguage":"es"}]}},"_links":{"self":[{"href":"https:\/\/didacta.com.uy\/sitio\/wp-json\/wp\/v2\/product\/212974","targetHints":{"allow":["GET"]}}],"collection":[{"href":"https:\/\/didacta.com.uy\/sitio\/wp-json\/wp\/v2\/product"}],"about":[{"href":"https:\/\/didacta.com.uy\/sitio\/wp-json\/wp\/v2\/types\/product"}],"replies":[{"embeddable":true,"href":"https:\/\/didacta.com.uy\/sitio\/wp-json\/wp\/v2\/comments?post=212974"}],"wp:featuredmedia":[{"embeddable":true,"href":"https:\/\/didacta.com.uy\/sitio\/wp-json\/wp\/v2\/media\/212975"}],"wp:attachment":[{"href":"https:\/\/didacta.com.uy\/sitio\/wp-json\/wp\/v2\/media?parent=212974"}],"wp:term":[{"taxonomy":"product_brand","embeddable":true,"href":"https:\/\/didacta.com.uy\/sitio\/wp-json\/wp\/v2\/product_brand?post=212974"},{"taxonomy":"product_cat","embeddable":true,"href":"https:\/\/didacta.com.uy\/sitio\/wp-json\/wp\/v2\/product_cat?post=212974"},{"taxonomy":"product_tag","embeddable":true,"href":"https:\/\/didacta.com.uy\/sitio\/wp-json\/wp\/v2\/product_tag?post=212974"}],"curies":[{"name":"wp","href":"https:\/\/api.w.org\/{rel}","templated":true}]}}