{"id":212972,"date":"2023-11-06T20:33:16","date_gmt":"2023-11-06T20:33:16","guid":{"rendered":"https:\/\/didacta.com.uy\/sitio\/?post_type=product&#038;p=212972"},"modified":"2023-11-13T17:58:56","modified_gmt":"2023-11-13T17:58:56","slug":"robo-alive-tarantula-gigante","status":"publish","type":"product","link":"https:\/\/didacta.com.uy\/sitio\/producto\/robo-alive-tarantula-gigante\/","title":{"rendered":"ROBO ALIVE \u2013 TAR\u00c1NTULA GIGANTE"},"content":{"rendered":"<div class=\"et_pb_module et_pb_woopro_title et_pb_woopro_title_0_tb_body wcbd_module\">\n<div class=\"et_pb_module_inner\">\n<p class=\"product_title entry-title\"><span style=\"color: #666666; font-size: 14px;\">Unite a la aventura de Robo Alive con su lado salvaje!<br \/>\n<\/span>La Tar\u00e1ntula Gigante con su tecnolog\u00eda de movimiento inteligente y detalles espeluznantes imita a una ara\u00f1a real.<\/p>\n<\/div>\n<\/div>\n<div class=\"et_pb_module et_pb_woopro_excerpt et_pb_woopro_excerpt_0_tb_body wcbd_module\">\n<div class=\"et_pb_module_inner\">\n<div class=\"woocommerce-product-details__short-description\">\n<p><strong>C\u00f3digo:<\/strong> 7170<br \/>\n<strong>C\u00f3digo de barras: <\/strong>7730549006999<br \/>\n<strong>Edad:<\/strong>\u00a0De 3 a\u00f1os en adelante<br \/>\n<strong>Medidas:<\/strong> 35 x 7 x 26 cm<\/p>\n<\/div>\n<\/div>\n<\/div>\n<p><iframe loading=\"lazy\" width=\"560\" height=\"315\" src=\"https:\/\/www.youtube.com\/embed\/H_yj_SO4W_M?si=0qDLf1asx0V101Zq\" title=\"YouTube video player\" frameborder=\"0\" allow=\"accelerometer; autoplay; clipboard-write; encrypted-media; gyroscope; picture-in-picture; web-share\" allowfullscreen><\/iframe><\/p>\n","protected":false},"excerpt":{"rendered":"<div class=\"et_pb_module et_pb_woopro_title et_pb_woopro_title_0_tb_body wcbd_module\">\n<div class=\"et_pb_module_inner\">\n<p class=\"product_title entry-title\"><span style=\"color: #666666; font-size: 14px;\">Unite a la aventura de Robo Alive con su lado salvaje!<br \/>\n<\/span>La Tar\u00e1ntula Gigante con su tecnolog\u00eda de movimiento inteligente y detalles espeluznantes imita a una ara\u00f1a real.<\/p>\n<\/div>\n<\/div>\n<div class=\"et_pb_module et_pb_woopro_excerpt et_pb_woopro_excerpt_0_tb_body wcbd_module\">\n<div class=\"et_pb_module_inner\">\n<div class=\"woocommerce-product-details__short-description\">\n<p><strong>C\u00f3digo:<\/strong> 7170<br \/>\n<strong>C\u00f3digo de barras: <\/strong>7730549006999<br \/>\n<strong>Edad:<\/strong>\u00a0De 3 a\u00f1os en adelante<br \/>\n<strong>Medidas:<\/strong> 35 x 7 x 26 cm<\/p>\n<\/div>\n<\/div>\n<\/div>\n<p><iframe loading=\"lazy\" width=\"560\" height=\"315\" src=\"https:\/\/www.youtube.com\/embed\/H_yj_SO4W_M?si=0qDLf1asx0V101Zq\" title=\"YouTube video player\" frameborder=\"0\" allow=\"accelerometer; autoplay; clipboard-write; encrypted-media; gyroscope; picture-in-picture; web-share\" allowfullscreen><\/iframe><\/p>\n","protected":false},"featured_media":212973,"comment_status":"closed","ping_status":"closed","template":"","meta":{"_et_pb_use_builder":"","_et_pb_old_content":"","_et_gb_content_width":"","_uf_show_specific_survey":0,"_uf_disable_surveys":false},"product_brand":[],"product_cat":[230],"product_tag":[],"class_list":{"0":"post-212972","1":"product","2":"type-product","3":"status-publish","4":"has-post-thumbnail","6":"product_cat-robo-alive","8":"first","9":"instock","10":"taxable","11":"shipping-taxable","12":"product-type-simple"},"aioseo_notices":[],"yoast_head":"<!-- This site is optimized with the Yoast SEO plugin v24.8.1 - https:\/\/yoast.com\/wordpress\/plugins\/seo\/ -->\n<title>ROBO ALIVE \u2013 TAR\u00c1NTULA GIGANTE - Didacta<\/title>\n<meta name=\"robots\" content=\"index, follow, max-snippet:-1, max-image-preview:large, max-video-preview:-1\" \/>\n<link rel=\"canonical\" href=\"https:\/\/didacta.com.uy\/sitio\/producto\/robo-alive-tarantula-gigante\/\" \/>\n<meta property=\"og:locale\" content=\"es_ES\" \/>\n<meta property=\"og:type\" content=\"article\" \/>\n<meta property=\"og:title\" content=\"ROBO ALIVE \u2013 TAR\u00c1NTULA GIGANTE - Didacta\" \/>\n<meta property=\"og:description\" content=\"Unite a la aventura de Robo Alive con su lado salvaje! La Tar\u00e1ntula Gigante con su tecnolog\u00eda de movimiento inteligente y detalles espeluznantes imita a una ara\u00f1a real.        C\u00f3digo: 7170 C\u00f3digo de barras: 7730549006999 Edad:\u00a0De 3 a\u00f1os en adelante Medidas: 35 x 7 x 26 cm\" \/>\n<meta property=\"og:url\" content=\"https:\/\/didacta.com.uy\/sitio\/producto\/robo-alive-tarantula-gigante\/\" \/>\n<meta property=\"og:site_name\" content=\"Didacta\" \/>\n<meta property=\"article:modified_time\" content=\"2023-11-13T17:58:56+00:00\" \/>\n<meta property=\"og:image\" content=\"https:\/\/didacta.com.uy\/sitio\/wp-content\/uploads\/2023\/11\/7170.jpg\" \/>\n\t<meta property=\"og:image:width\" content=\"700\" \/>\n\t<meta property=\"og:image:height\" content=\"700\" \/>\n\t<meta property=\"og:image:type\" content=\"image\/jpeg\" \/>\n<meta name=\"twitter:card\" content=\"summary_large_image\" \/>\n<meta name=\"twitter:label1\" content=\"Tiempo de lectura\" \/>\n\t<meta name=\"twitter:data1\" content=\"1 minuto\" \/>\n<script type=\"application\/ld+json\" class=\"yoast-schema-graph\">{\"@context\":\"https:\/\/schema.org\",\"@graph\":[{\"@type\":\"WebPage\",\"@id\":\"https:\/\/didacta.com.uy\/sitio\/producto\/robo-alive-tarantula-gigante\/\",\"url\":\"https:\/\/didacta.com.uy\/sitio\/producto\/robo-alive-tarantula-gigante\/\",\"name\":\"ROBO ALIVE \u2013 TAR\u00c1NTULA GIGANTE - Didacta\",\"isPartOf\":{\"@id\":\"https:\/\/didacta.com.uy\/sitio\/#website\"},\"primaryImageOfPage\":{\"@id\":\"https:\/\/didacta.com.uy\/sitio\/producto\/robo-alive-tarantula-gigante\/#primaryimage\"},\"image\":{\"@id\":\"https:\/\/didacta.com.uy\/sitio\/producto\/robo-alive-tarantula-gigante\/#primaryimage\"},\"thumbnailUrl\":\"https:\/\/didacta.com.uy\/sitio\/wp-content\/uploads\/2023\/11\/7170.jpg\",\"datePublished\":\"2023-11-06T20:33:16+00:00\",\"dateModified\":\"2023-11-13T17:58:56+00:00\",\"breadcrumb\":{\"@id\":\"https:\/\/didacta.com.uy\/sitio\/producto\/robo-alive-tarantula-gigante\/#breadcrumb\"},\"inLanguage\":\"es\",\"potentialAction\":[{\"@type\":\"ReadAction\",\"target\":[\"https:\/\/didacta.com.uy\/sitio\/producto\/robo-alive-tarantula-gigante\/\"]}]},{\"@type\":\"ImageObject\",\"inLanguage\":\"es\",\"@id\":\"https:\/\/didacta.com.uy\/sitio\/producto\/robo-alive-tarantula-gigante\/#primaryimage\",\"url\":\"https:\/\/didacta.com.uy\/sitio\/wp-content\/uploads\/2023\/11\/7170.jpg\",\"contentUrl\":\"https:\/\/didacta.com.uy\/sitio\/wp-content\/uploads\/2023\/11\/7170.jpg\",\"width\":700,\"height\":700},{\"@type\":\"BreadcrumbList\",\"@id\":\"https:\/\/didacta.com.uy\/sitio\/producto\/robo-alive-tarantula-gigante\/#breadcrumb\",\"itemListElement\":[{\"@type\":\"ListItem\",\"position\":1,\"name\":\"Portada\",\"item\":\"https:\/\/didacta.com.uy\/sitio\/\"},{\"@type\":\"ListItem\",\"position\":2,\"name\":\"Inicio\",\"item\":\"https:\/\/didacta.com.uy\/sitio\/\"},{\"@type\":\"ListItem\",\"position\":3,\"name\":\"ROBO ALIVE \u2013 TAR\u00c1NTULA GIGANTE\"}]},{\"@type\":\"WebSite\",\"@id\":\"https:\/\/didacta.com.uy\/sitio\/#website\",\"url\":\"https:\/\/didacta.com.uy\/sitio\/\",\"name\":\"Didacta\",\"description\":\"Con m\u00e1s de 20 a\u00f1os de experiencia, DIDACTA es la marca l\u00edder en el mercado uruguayo de juegos de mesa.\",\"potentialAction\":[{\"@type\":\"SearchAction\",\"target\":{\"@type\":\"EntryPoint\",\"urlTemplate\":\"https:\/\/didacta.com.uy\/sitio\/?s={search_term_string}\"},\"query-input\":{\"@type\":\"PropertyValueSpecification\",\"valueRequired\":true,\"valueName\":\"search_term_string\"}}],\"inLanguage\":\"es\"}]}<\/script>\n<!-- \/ Yoast SEO plugin. -->","yoast_head_json":{"title":"ROBO ALIVE \u2013 TAR\u00c1NTULA GIGANTE - Didacta","robots":{"index":"index","follow":"follow","max-snippet":"max-snippet:-1","max-image-preview":"max-image-preview:large","max-video-preview":"max-video-preview:-1"},"canonical":"https:\/\/didacta.com.uy\/sitio\/producto\/robo-alive-tarantula-gigante\/","og_locale":"es_ES","og_type":"article","og_title":"ROBO ALIVE \u2013 TAR\u00c1NTULA GIGANTE - Didacta","og_description":"Unite a la aventura de Robo Alive con su lado salvaje! La Tar\u00e1ntula Gigante con su tecnolog\u00eda de movimiento inteligente y detalles espeluznantes imita a una ara\u00f1a real.        C\u00f3digo: 7170 C\u00f3digo de barras: 7730549006999 Edad:\u00a0De 3 a\u00f1os en adelante Medidas: 35 x 7 x 26 cm","og_url":"https:\/\/didacta.com.uy\/sitio\/producto\/robo-alive-tarantula-gigante\/","og_site_name":"Didacta","article_modified_time":"2023-11-13T17:58:56+00:00","og_image":[{"width":700,"height":700,"url":"https:\/\/didacta.com.uy\/sitio\/wp-content\/uploads\/2023\/11\/7170.jpg","type":"image\/jpeg"}],"twitter_card":"summary_large_image","twitter_misc":{"Tiempo de lectura":"1 minuto"},"schema":{"@context":"https:\/\/schema.org","@graph":[{"@type":"WebPage","@id":"https:\/\/didacta.com.uy\/sitio\/producto\/robo-alive-tarantula-gigante\/","url":"https:\/\/didacta.com.uy\/sitio\/producto\/robo-alive-tarantula-gigante\/","name":"ROBO ALIVE \u2013 TAR\u00c1NTULA GIGANTE - Didacta","isPartOf":{"@id":"https:\/\/didacta.com.uy\/sitio\/#website"},"primaryImageOfPage":{"@id":"https:\/\/didacta.com.uy\/sitio\/producto\/robo-alive-tarantula-gigante\/#primaryimage"},"image":{"@id":"https:\/\/didacta.com.uy\/sitio\/producto\/robo-alive-tarantula-gigante\/#primaryimage"},"thumbnailUrl":"https:\/\/didacta.com.uy\/sitio\/wp-content\/uploads\/2023\/11\/7170.jpg","datePublished":"2023-11-06T20:33:16+00:00","dateModified":"2023-11-13T17:58:56+00:00","breadcrumb":{"@id":"https:\/\/didacta.com.uy\/sitio\/producto\/robo-alive-tarantula-gigante\/#breadcrumb"},"inLanguage":"es","potentialAction":[{"@type":"ReadAction","target":["https:\/\/didacta.com.uy\/sitio\/producto\/robo-alive-tarantula-gigante\/"]}]},{"@type":"ImageObject","inLanguage":"es","@id":"https:\/\/didacta.com.uy\/sitio\/producto\/robo-alive-tarantula-gigante\/#primaryimage","url":"https:\/\/didacta.com.uy\/sitio\/wp-content\/uploads\/2023\/11\/7170.jpg","contentUrl":"https:\/\/didacta.com.uy\/sitio\/wp-content\/uploads\/2023\/11\/7170.jpg","width":700,"height":700},{"@type":"BreadcrumbList","@id":"https:\/\/didacta.com.uy\/sitio\/producto\/robo-alive-tarantula-gigante\/#breadcrumb","itemListElement":[{"@type":"ListItem","position":1,"name":"Portada","item":"https:\/\/didacta.com.uy\/sitio\/"},{"@type":"ListItem","position":2,"name":"Inicio","item":"https:\/\/didacta.com.uy\/sitio\/"},{"@type":"ListItem","position":3,"name":"ROBO ALIVE \u2013 TAR\u00c1NTULA GIGANTE"}]},{"@type":"WebSite","@id":"https:\/\/didacta.com.uy\/sitio\/#website","url":"https:\/\/didacta.com.uy\/sitio\/","name":"Didacta","description":"Con m\u00e1s de 20 a\u00f1os de experiencia, DIDACTA es la marca l\u00edder en el mercado uruguayo de juegos de mesa.","potentialAction":[{"@type":"SearchAction","target":{"@type":"EntryPoint","urlTemplate":"https:\/\/didacta.com.uy\/sitio\/?s={search_term_string}"},"query-input":{"@type":"PropertyValueSpecification","valueRequired":true,"valueName":"search_term_string"}}],"inLanguage":"es"}]}},"_links":{"self":[{"href":"https:\/\/didacta.com.uy\/sitio\/wp-json\/wp\/v2\/product\/212972","targetHints":{"allow":["GET"]}}],"collection":[{"href":"https:\/\/didacta.com.uy\/sitio\/wp-json\/wp\/v2\/product"}],"about":[{"href":"https:\/\/didacta.com.uy\/sitio\/wp-json\/wp\/v2\/types\/product"}],"replies":[{"embeddable":true,"href":"https:\/\/didacta.com.uy\/sitio\/wp-json\/wp\/v2\/comments?post=212972"}],"wp:featuredmedia":[{"embeddable":true,"href":"https:\/\/didacta.com.uy\/sitio\/wp-json\/wp\/v2\/media\/212973"}],"wp:attachment":[{"href":"https:\/\/didacta.com.uy\/sitio\/wp-json\/wp\/v2\/media?parent=212972"}],"wp:term":[{"taxonomy":"product_brand","embeddable":true,"href":"https:\/\/didacta.com.uy\/sitio\/wp-json\/wp\/v2\/product_brand?post=212972"},{"taxonomy":"product_cat","embeddable":true,"href":"https:\/\/didacta.com.uy\/sitio\/wp-json\/wp\/v2\/product_cat?post=212972"},{"taxonomy":"product_tag","embeddable":true,"href":"https:\/\/didacta.com.uy\/sitio\/wp-json\/wp\/v2\/product_tag?post=212972"}],"curies":[{"name":"wp","href":"https:\/\/api.w.org\/{rel}","templated":true}]}}