{"id":212962,"date":"2023-11-06T19:27:24","date_gmt":"2023-11-06T19:27:24","guid":{"rendered":"https:\/\/didacta.com.uy\/sitio\/?post_type=product&#038;p=212962"},"modified":"2023-11-13T19:22:50","modified_gmt":"2023-11-13T19:22:50","slug":"212962","status":"publish","type":"product","link":"https:\/\/didacta.com.uy\/sitio\/producto\/212962\/","title":{"rendered":"X &#8211; SHOT HYPER GEL TRACE FIRE  C\/10.000 PELLETS"},"content":{"rendered":"<p>Su lanzador tiene una velocidad hasta de 50 metros por segundo. Solo tienes que a\u00f1adir agua para hidratar las bolitas de Hyper Gel. Las mismas son ecol\u00f3gicas, no son t\u00f3xicas y no manchan.<br \/>\nLas pistolas X-Shot Hyper Gel incluyen gafas protectoras.<\/p>\n<p><strong>C\u00f3digo:<\/strong> 36621<br \/>\n<strong>C\u00f3digo de barras: <\/strong>7730549006807<br \/>\n<strong>Edad:<\/strong>\u00a014 a\u00f1os en adelante<br \/>\n<strong>Medidas: <\/strong>50 x 7 x 33 cm<\/p>\n<p>&nbsp;<\/p>\n<p>&nbsp;<\/p>\n","protected":false},"excerpt":{"rendered":"<p>Su lanzador tiene una velocidad hasta de 50 metros por segundo. Solo tienes que a\u00f1adir agua para hidratar las bolitas de Hyper Gel. Las mismas son ecol\u00f3gicas, no son t\u00f3xicas y no manchan.<br \/>\nLas pistolas X-Shot Hyper Gel incluyen gafas protectoras.<\/p>\n<p><strong>C\u00f3digo:<\/strong> 36621<br \/>\n<strong>C\u00f3digo de barras: <\/strong>7730549006807<br \/>\n<strong>Edad:<\/strong>\u00a014 a\u00f1os en adelante<br \/>\n<strong>Medidas: <\/strong>50 x 7 x 33 cm<\/p>\n","protected":false},"featured_media":212964,"comment_status":"closed","ping_status":"closed","template":"","meta":{"_et_pb_use_builder":"","_et_pb_old_content":"","_et_gb_content_width":"","_uf_show_specific_survey":0,"_uf_disable_surveys":false},"product_brand":[],"product_cat":[294],"product_tag":[],"class_list":{"0":"post-212962","1":"product","2":"type-product","3":"status-publish","4":"has-post-thumbnail","6":"product_cat-x-shot-hyper-gel","8":"first","9":"instock","10":"taxable","11":"shipping-taxable","12":"product-type-simple"},"aioseo_notices":[],"yoast_head":"<!-- This site is optimized with the Yoast SEO plugin v24.8.1 - https:\/\/yoast.com\/wordpress\/plugins\/seo\/ -->\n<title>X - SHOT HYPER GEL TRACE FIRE C\/10.000 PELLETS - Didacta<\/title>\n<meta name=\"robots\" content=\"index, follow, max-snippet:-1, max-image-preview:large, max-video-preview:-1\" \/>\n<link rel=\"canonical\" href=\"https:\/\/didacta.com.uy\/sitio\/producto\/212962\/\" \/>\n<meta property=\"og:locale\" content=\"es_ES\" \/>\n<meta property=\"og:type\" content=\"article\" \/>\n<meta property=\"og:title\" content=\"X - SHOT HYPER GEL TRACE FIRE C\/10.000 PELLETS - Didacta\" \/>\n<meta property=\"og:description\" content=\"Su lanzador tiene una velocidad hasta de 50 metros por segundo. Solo tienes que a\u00f1adir agua para hidratar las bolitas de Hyper Gel. Las mismas son ecol\u00f3gicas, no son t\u00f3xicas y no manchan. Las pistolas X-Shot Hyper Gel incluyen gafas protectoras.  C\u00f3digo: 36621 C\u00f3digo de barras: 7730549006807 Edad:\u00a014 a\u00f1os en adelante Medidas: 50 x 7 x 33 cm\" \/>\n<meta property=\"og:url\" content=\"https:\/\/didacta.com.uy\/sitio\/producto\/212962\/\" \/>\n<meta property=\"og:site_name\" content=\"Didacta\" \/>\n<meta property=\"article:modified_time\" content=\"2023-11-13T19:22:50+00:00\" \/>\n<meta property=\"og:image\" content=\"https:\/\/didacta.com.uy\/sitio\/wp-content\/uploads\/2023\/11\/36621.jpg\" \/>\n\t<meta property=\"og:image:width\" content=\"700\" \/>\n\t<meta property=\"og:image:height\" content=\"700\" \/>\n\t<meta property=\"og:image:type\" content=\"image\/jpeg\" \/>\n<meta name=\"twitter:card\" content=\"summary_large_image\" \/>\n<meta name=\"twitter:label1\" content=\"Tiempo de lectura\" \/>\n\t<meta name=\"twitter:data1\" content=\"1 minuto\" \/>\n<script type=\"application\/ld+json\" class=\"yoast-schema-graph\">{\"@context\":\"https:\/\/schema.org\",\"@graph\":[{\"@type\":\"WebPage\",\"@id\":\"https:\/\/didacta.com.uy\/sitio\/producto\/212962\/\",\"url\":\"https:\/\/didacta.com.uy\/sitio\/producto\/212962\/\",\"name\":\"X - SHOT HYPER GEL TRACE FIRE C\/10.000 PELLETS - Didacta\",\"isPartOf\":{\"@id\":\"https:\/\/didacta.com.uy\/sitio\/#website\"},\"primaryImageOfPage\":{\"@id\":\"https:\/\/didacta.com.uy\/sitio\/producto\/212962\/#primaryimage\"},\"image\":{\"@id\":\"https:\/\/didacta.com.uy\/sitio\/producto\/212962\/#primaryimage\"},\"thumbnailUrl\":\"https:\/\/didacta.com.uy\/sitio\/wp-content\/uploads\/2023\/11\/36621.jpg\",\"datePublished\":\"2023-11-06T19:27:24+00:00\",\"dateModified\":\"2023-11-13T19:22:50+00:00\",\"breadcrumb\":{\"@id\":\"https:\/\/didacta.com.uy\/sitio\/producto\/212962\/#breadcrumb\"},\"inLanguage\":\"es\",\"potentialAction\":[{\"@type\":\"ReadAction\",\"target\":[\"https:\/\/didacta.com.uy\/sitio\/producto\/212962\/\"]}]},{\"@type\":\"ImageObject\",\"inLanguage\":\"es\",\"@id\":\"https:\/\/didacta.com.uy\/sitio\/producto\/212962\/#primaryimage\",\"url\":\"https:\/\/didacta.com.uy\/sitio\/wp-content\/uploads\/2023\/11\/36621.jpg\",\"contentUrl\":\"https:\/\/didacta.com.uy\/sitio\/wp-content\/uploads\/2023\/11\/36621.jpg\",\"width\":700,\"height\":700},{\"@type\":\"BreadcrumbList\",\"@id\":\"https:\/\/didacta.com.uy\/sitio\/producto\/212962\/#breadcrumb\",\"itemListElement\":[{\"@type\":\"ListItem\",\"position\":1,\"name\":\"Portada\",\"item\":\"https:\/\/didacta.com.uy\/sitio\/\"},{\"@type\":\"ListItem\",\"position\":2,\"name\":\"Inicio\",\"item\":\"https:\/\/didacta.com.uy\/sitio\/\"},{\"@type\":\"ListItem\",\"position\":3,\"name\":\"X &#8211; SHOT HYPER GEL TRACE FIRE C\/10.000 PELLETS\"}]},{\"@type\":\"WebSite\",\"@id\":\"https:\/\/didacta.com.uy\/sitio\/#website\",\"url\":\"https:\/\/didacta.com.uy\/sitio\/\",\"name\":\"Didacta\",\"description\":\"Con m\u00e1s de 20 a\u00f1os de experiencia, DIDACTA es la marca l\u00edder en el mercado uruguayo de juegos de mesa.\",\"potentialAction\":[{\"@type\":\"SearchAction\",\"target\":{\"@type\":\"EntryPoint\",\"urlTemplate\":\"https:\/\/didacta.com.uy\/sitio\/?s={search_term_string}\"},\"query-input\":{\"@type\":\"PropertyValueSpecification\",\"valueRequired\":true,\"valueName\":\"search_term_string\"}}],\"inLanguage\":\"es\"}]}<\/script>\n<!-- \/ Yoast SEO plugin. -->","yoast_head_json":{"title":"X - SHOT HYPER GEL TRACE FIRE C\/10.000 PELLETS - Didacta","robots":{"index":"index","follow":"follow","max-snippet":"max-snippet:-1","max-image-preview":"max-image-preview:large","max-video-preview":"max-video-preview:-1"},"canonical":"https:\/\/didacta.com.uy\/sitio\/producto\/212962\/","og_locale":"es_ES","og_type":"article","og_title":"X - SHOT HYPER GEL TRACE FIRE C\/10.000 PELLETS - Didacta","og_description":"Su lanzador tiene una velocidad hasta de 50 metros por segundo. Solo tienes que a\u00f1adir agua para hidratar las bolitas de Hyper Gel. Las mismas son ecol\u00f3gicas, no son t\u00f3xicas y no manchan. Las pistolas X-Shot Hyper Gel incluyen gafas protectoras.  C\u00f3digo: 36621 C\u00f3digo de barras: 7730549006807 Edad:\u00a014 a\u00f1os en adelante Medidas: 50 x 7 x 33 cm","og_url":"https:\/\/didacta.com.uy\/sitio\/producto\/212962\/","og_site_name":"Didacta","article_modified_time":"2023-11-13T19:22:50+00:00","og_image":[{"width":700,"height":700,"url":"https:\/\/didacta.com.uy\/sitio\/wp-content\/uploads\/2023\/11\/36621.jpg","type":"image\/jpeg"}],"twitter_card":"summary_large_image","twitter_misc":{"Tiempo de lectura":"1 minuto"},"schema":{"@context":"https:\/\/schema.org","@graph":[{"@type":"WebPage","@id":"https:\/\/didacta.com.uy\/sitio\/producto\/212962\/","url":"https:\/\/didacta.com.uy\/sitio\/producto\/212962\/","name":"X - SHOT HYPER GEL TRACE FIRE C\/10.000 PELLETS - Didacta","isPartOf":{"@id":"https:\/\/didacta.com.uy\/sitio\/#website"},"primaryImageOfPage":{"@id":"https:\/\/didacta.com.uy\/sitio\/producto\/212962\/#primaryimage"},"image":{"@id":"https:\/\/didacta.com.uy\/sitio\/producto\/212962\/#primaryimage"},"thumbnailUrl":"https:\/\/didacta.com.uy\/sitio\/wp-content\/uploads\/2023\/11\/36621.jpg","datePublished":"2023-11-06T19:27:24+00:00","dateModified":"2023-11-13T19:22:50+00:00","breadcrumb":{"@id":"https:\/\/didacta.com.uy\/sitio\/producto\/212962\/#breadcrumb"},"inLanguage":"es","potentialAction":[{"@type":"ReadAction","target":["https:\/\/didacta.com.uy\/sitio\/producto\/212962\/"]}]},{"@type":"ImageObject","inLanguage":"es","@id":"https:\/\/didacta.com.uy\/sitio\/producto\/212962\/#primaryimage","url":"https:\/\/didacta.com.uy\/sitio\/wp-content\/uploads\/2023\/11\/36621.jpg","contentUrl":"https:\/\/didacta.com.uy\/sitio\/wp-content\/uploads\/2023\/11\/36621.jpg","width":700,"height":700},{"@type":"BreadcrumbList","@id":"https:\/\/didacta.com.uy\/sitio\/producto\/212962\/#breadcrumb","itemListElement":[{"@type":"ListItem","position":1,"name":"Portada","item":"https:\/\/didacta.com.uy\/sitio\/"},{"@type":"ListItem","position":2,"name":"Inicio","item":"https:\/\/didacta.com.uy\/sitio\/"},{"@type":"ListItem","position":3,"name":"X &#8211; SHOT HYPER GEL TRACE FIRE C\/10.000 PELLETS"}]},{"@type":"WebSite","@id":"https:\/\/didacta.com.uy\/sitio\/#website","url":"https:\/\/didacta.com.uy\/sitio\/","name":"Didacta","description":"Con m\u00e1s de 20 a\u00f1os de experiencia, DIDACTA es la marca l\u00edder en el mercado uruguayo de juegos de mesa.","potentialAction":[{"@type":"SearchAction","target":{"@type":"EntryPoint","urlTemplate":"https:\/\/didacta.com.uy\/sitio\/?s={search_term_string}"},"query-input":{"@type":"PropertyValueSpecification","valueRequired":true,"valueName":"search_term_string"}}],"inLanguage":"es"}]}},"_links":{"self":[{"href":"https:\/\/didacta.com.uy\/sitio\/wp-json\/wp\/v2\/product\/212962","targetHints":{"allow":["GET"]}}],"collection":[{"href":"https:\/\/didacta.com.uy\/sitio\/wp-json\/wp\/v2\/product"}],"about":[{"href":"https:\/\/didacta.com.uy\/sitio\/wp-json\/wp\/v2\/types\/product"}],"replies":[{"embeddable":true,"href":"https:\/\/didacta.com.uy\/sitio\/wp-json\/wp\/v2\/comments?post=212962"}],"wp:featuredmedia":[{"embeddable":true,"href":"https:\/\/didacta.com.uy\/sitio\/wp-json\/wp\/v2\/media\/212964"}],"wp:attachment":[{"href":"https:\/\/didacta.com.uy\/sitio\/wp-json\/wp\/v2\/media?parent=212962"}],"wp:term":[{"taxonomy":"product_brand","embeddable":true,"href":"https:\/\/didacta.com.uy\/sitio\/wp-json\/wp\/v2\/product_brand?post=212962"},{"taxonomy":"product_cat","embeddable":true,"href":"https:\/\/didacta.com.uy\/sitio\/wp-json\/wp\/v2\/product_cat?post=212962"},{"taxonomy":"product_tag","embeddable":true,"href":"https:\/\/didacta.com.uy\/sitio\/wp-json\/wp\/v2\/product_tag?post=212962"}],"curies":[{"name":"wp","href":"https:\/\/api.w.org\/{rel}","templated":true}]}}