{"id":212941,"date":"2023-11-06T17:05:18","date_gmt":"2023-11-06T17:05:18","guid":{"rendered":"https:\/\/didacta.com.uy\/sitio\/?post_type=product&#038;p=212941"},"modified":"2023-11-13T14:17:37","modified_gmt":"2023-11-13T14:17:37","slug":"212941","status":"publish","type":"product","link":"https:\/\/didacta.com.uy\/sitio\/producto\/212941\/","title":{"rendered":"RAINBOCORNS EGGZANIA"},"content":{"rendered":"<p>Abr\u00ed tu huevo Eggzania Rainbocorn y descubr\u00ed m\u00e1s de 20 sorpresas!<br \/>\nRomp\u00e9 tu huevo para conocer tu suave peluche, incub\u00e1 tus 5 mini huevos y completa tu colecci\u00f3n!<br \/>\nHay 6 hermosos peluches para coleccionar.<\/p>\n<p><strong>C\u00f3digo:<\/strong> 9258<br \/>\n<strong>C\u00f3digo de barras:<\/strong> 7730549007033<br \/>\n<strong>Edad:<\/strong>\u00a0De 3 a\u00f1os en adelante<br \/>\n<strong>Medidas: <\/strong>23 x 21 x 28 cm<\/p>\n<p><iframe loading=\"lazy\" width=\"560\" height=\"315\" src=\"https:\/\/www.youtube.com\/embed\/OTDY7LqPUUA?si=9ZNLK4HwD4XmCZW6\" title=\"YouTube video player\" frameborder=\"0\" allow=\"accelerometer; autoplay; clipboard-write; encrypted-media; gyroscope; picture-in-picture; web-share\" allowfullscreen><\/iframe><\/p>\n","protected":false},"excerpt":{"rendered":"<p>Abr\u00ed tu huevo Eggzania Rainbocorn y descubr\u00ed m\u00e1s de 20 sorpresas!<br \/>\nRomp\u00e9 tu huevo para conocer tu suave peluche, incub\u00e1 tus 5 mini huevos y completa tu colecci\u00f3n!<br \/>\nHay 6 hermosos peluches para coleccionar.<\/p>\n<p><strong>C\u00f3digo:<\/strong> 9258<br \/>\n<strong>C\u00f3digo de barras:<\/strong> 7730549007033<br \/>\n<strong>Edad:<\/strong>\u00a0De 3 a\u00f1os en adelante<br \/>\n<strong>Medidas: <\/strong>23 x 21 x 28 cm<\/p>\n<p><iframe loading=\"lazy\" width=\"560\" height=\"315\" src=\"https:\/\/www.youtube.com\/embed\/OTDY7LqPUUA?si=9ZNLK4HwD4XmCZW6\" title=\"YouTube video player\" frameborder=\"0\" allow=\"accelerometer; autoplay; clipboard-write; encrypted-media; gyroscope; picture-in-picture; web-share\" allowfullscreen><\/iframe><\/p>\n","protected":false},"featured_media":212942,"comment_status":"closed","ping_status":"closed","template":"","meta":{"_et_pb_use_builder":"","_et_pb_old_content":"","_et_gb_content_width":"","_uf_show_specific_survey":0,"_uf_disable_surveys":false},"product_brand":[],"product_cat":[291,293],"product_tag":[],"class_list":{"0":"post-212941","1":"product","2":"type-product","3":"status-publish","4":"has-post-thumbnail","6":"product_cat-rainbocorns","7":"product_cat-rainbocorns-rainbocorns","9":"first","10":"instock","11":"taxable","12":"shipping-taxable","13":"product-type-simple"},"aioseo_notices":[],"yoast_head":"<!-- This site is optimized with the Yoast SEO plugin v24.8.1 - https:\/\/yoast.com\/wordpress\/plugins\/seo\/ -->\n<title>RAINBOCORNS EGGZANIA - Didacta<\/title>\n<meta name=\"robots\" content=\"index, follow, max-snippet:-1, max-image-preview:large, max-video-preview:-1\" \/>\n<link rel=\"canonical\" href=\"https:\/\/didacta.com.uy\/sitio\/producto\/212941\/\" \/>\n<meta property=\"og:locale\" content=\"es_ES\" \/>\n<meta property=\"og:type\" content=\"article\" \/>\n<meta property=\"og:title\" content=\"RAINBOCORNS EGGZANIA - Didacta\" \/>\n<meta property=\"og:description\" content=\"Abr\u00ed tu huevo Eggzania Rainbocorn y descubr\u00ed m\u00e1s de 20 sorpresas! Romp\u00e9 tu huevo para conocer tu suave peluche, incub\u00e1 tus 5 mini huevos y completa tu colecci\u00f3n! Hay 6 hermosos peluches para coleccionar.  C\u00f3digo: 9258 C\u00f3digo de barras: 7730549007033 Edad:\u00a0De 3 a\u00f1os en adelante Medidas: 23 x 21 x 28 cm\" \/>\n<meta property=\"og:url\" content=\"https:\/\/didacta.com.uy\/sitio\/producto\/212941\/\" \/>\n<meta property=\"og:site_name\" content=\"Didacta\" \/>\n<meta property=\"article:modified_time\" content=\"2023-11-13T14:17:37+00:00\" \/>\n<meta property=\"og:image\" content=\"https:\/\/didacta.com.uy\/sitio\/wp-content\/uploads\/2023\/11\/9258.jpg\" \/>\n\t<meta property=\"og:image:width\" content=\"700\" \/>\n\t<meta property=\"og:image:height\" content=\"700\" \/>\n\t<meta property=\"og:image:type\" content=\"image\/jpeg\" \/>\n<meta name=\"twitter:card\" content=\"summary_large_image\" \/>\n<meta name=\"twitter:label1\" content=\"Tiempo de lectura\" \/>\n\t<meta name=\"twitter:data1\" content=\"1 minuto\" \/>\n<script type=\"application\/ld+json\" class=\"yoast-schema-graph\">{\"@context\":\"https:\/\/schema.org\",\"@graph\":[{\"@type\":\"WebPage\",\"@id\":\"https:\/\/didacta.com.uy\/sitio\/producto\/212941\/\",\"url\":\"https:\/\/didacta.com.uy\/sitio\/producto\/212941\/\",\"name\":\"RAINBOCORNS EGGZANIA - Didacta\",\"isPartOf\":{\"@id\":\"https:\/\/didacta.com.uy\/sitio\/#website\"},\"primaryImageOfPage\":{\"@id\":\"https:\/\/didacta.com.uy\/sitio\/producto\/212941\/#primaryimage\"},\"image\":{\"@id\":\"https:\/\/didacta.com.uy\/sitio\/producto\/212941\/#primaryimage\"},\"thumbnailUrl\":\"https:\/\/didacta.com.uy\/sitio\/wp-content\/uploads\/2023\/11\/9258.jpg\",\"datePublished\":\"2023-11-06T17:05:18+00:00\",\"dateModified\":\"2023-11-13T14:17:37+00:00\",\"breadcrumb\":{\"@id\":\"https:\/\/didacta.com.uy\/sitio\/producto\/212941\/#breadcrumb\"},\"inLanguage\":\"es\",\"potentialAction\":[{\"@type\":\"ReadAction\",\"target\":[\"https:\/\/didacta.com.uy\/sitio\/producto\/212941\/\"]}]},{\"@type\":\"ImageObject\",\"inLanguage\":\"es\",\"@id\":\"https:\/\/didacta.com.uy\/sitio\/producto\/212941\/#primaryimage\",\"url\":\"https:\/\/didacta.com.uy\/sitio\/wp-content\/uploads\/2023\/11\/9258.jpg\",\"contentUrl\":\"https:\/\/didacta.com.uy\/sitio\/wp-content\/uploads\/2023\/11\/9258.jpg\",\"width\":700,\"height\":700},{\"@type\":\"BreadcrumbList\",\"@id\":\"https:\/\/didacta.com.uy\/sitio\/producto\/212941\/#breadcrumb\",\"itemListElement\":[{\"@type\":\"ListItem\",\"position\":1,\"name\":\"Portada\",\"item\":\"https:\/\/didacta.com.uy\/sitio\/\"},{\"@type\":\"ListItem\",\"position\":2,\"name\":\"Inicio\",\"item\":\"https:\/\/didacta.com.uy\/sitio\/\"},{\"@type\":\"ListItem\",\"position\":3,\"name\":\"RAINBOCORNS EGGZANIA\"}]},{\"@type\":\"WebSite\",\"@id\":\"https:\/\/didacta.com.uy\/sitio\/#website\",\"url\":\"https:\/\/didacta.com.uy\/sitio\/\",\"name\":\"Didacta\",\"description\":\"Con m\u00e1s de 20 a\u00f1os de experiencia, DIDACTA es la marca l\u00edder en el mercado uruguayo de juegos de mesa.\",\"potentialAction\":[{\"@type\":\"SearchAction\",\"target\":{\"@type\":\"EntryPoint\",\"urlTemplate\":\"https:\/\/didacta.com.uy\/sitio\/?s={search_term_string}\"},\"query-input\":{\"@type\":\"PropertyValueSpecification\",\"valueRequired\":true,\"valueName\":\"search_term_string\"}}],\"inLanguage\":\"es\"}]}<\/script>\n<!-- \/ Yoast SEO plugin. -->","yoast_head_json":{"title":"RAINBOCORNS EGGZANIA - Didacta","robots":{"index":"index","follow":"follow","max-snippet":"max-snippet:-1","max-image-preview":"max-image-preview:large","max-video-preview":"max-video-preview:-1"},"canonical":"https:\/\/didacta.com.uy\/sitio\/producto\/212941\/","og_locale":"es_ES","og_type":"article","og_title":"RAINBOCORNS EGGZANIA - Didacta","og_description":"Abr\u00ed tu huevo Eggzania Rainbocorn y descubr\u00ed m\u00e1s de 20 sorpresas! Romp\u00e9 tu huevo para conocer tu suave peluche, incub\u00e1 tus 5 mini huevos y completa tu colecci\u00f3n! Hay 6 hermosos peluches para coleccionar.  C\u00f3digo: 9258 C\u00f3digo de barras: 7730549007033 Edad:\u00a0De 3 a\u00f1os en adelante Medidas: 23 x 21 x 28 cm","og_url":"https:\/\/didacta.com.uy\/sitio\/producto\/212941\/","og_site_name":"Didacta","article_modified_time":"2023-11-13T14:17:37+00:00","og_image":[{"width":700,"height":700,"url":"https:\/\/didacta.com.uy\/sitio\/wp-content\/uploads\/2023\/11\/9258.jpg","type":"image\/jpeg"}],"twitter_card":"summary_large_image","twitter_misc":{"Tiempo de lectura":"1 minuto"},"schema":{"@context":"https:\/\/schema.org","@graph":[{"@type":"WebPage","@id":"https:\/\/didacta.com.uy\/sitio\/producto\/212941\/","url":"https:\/\/didacta.com.uy\/sitio\/producto\/212941\/","name":"RAINBOCORNS EGGZANIA - Didacta","isPartOf":{"@id":"https:\/\/didacta.com.uy\/sitio\/#website"},"primaryImageOfPage":{"@id":"https:\/\/didacta.com.uy\/sitio\/producto\/212941\/#primaryimage"},"image":{"@id":"https:\/\/didacta.com.uy\/sitio\/producto\/212941\/#primaryimage"},"thumbnailUrl":"https:\/\/didacta.com.uy\/sitio\/wp-content\/uploads\/2023\/11\/9258.jpg","datePublished":"2023-11-06T17:05:18+00:00","dateModified":"2023-11-13T14:17:37+00:00","breadcrumb":{"@id":"https:\/\/didacta.com.uy\/sitio\/producto\/212941\/#breadcrumb"},"inLanguage":"es","potentialAction":[{"@type":"ReadAction","target":["https:\/\/didacta.com.uy\/sitio\/producto\/212941\/"]}]},{"@type":"ImageObject","inLanguage":"es","@id":"https:\/\/didacta.com.uy\/sitio\/producto\/212941\/#primaryimage","url":"https:\/\/didacta.com.uy\/sitio\/wp-content\/uploads\/2023\/11\/9258.jpg","contentUrl":"https:\/\/didacta.com.uy\/sitio\/wp-content\/uploads\/2023\/11\/9258.jpg","width":700,"height":700},{"@type":"BreadcrumbList","@id":"https:\/\/didacta.com.uy\/sitio\/producto\/212941\/#breadcrumb","itemListElement":[{"@type":"ListItem","position":1,"name":"Portada","item":"https:\/\/didacta.com.uy\/sitio\/"},{"@type":"ListItem","position":2,"name":"Inicio","item":"https:\/\/didacta.com.uy\/sitio\/"},{"@type":"ListItem","position":3,"name":"RAINBOCORNS EGGZANIA"}]},{"@type":"WebSite","@id":"https:\/\/didacta.com.uy\/sitio\/#website","url":"https:\/\/didacta.com.uy\/sitio\/","name":"Didacta","description":"Con m\u00e1s de 20 a\u00f1os de experiencia, DIDACTA es la marca l\u00edder en el mercado uruguayo de juegos de mesa.","potentialAction":[{"@type":"SearchAction","target":{"@type":"EntryPoint","urlTemplate":"https:\/\/didacta.com.uy\/sitio\/?s={search_term_string}"},"query-input":{"@type":"PropertyValueSpecification","valueRequired":true,"valueName":"search_term_string"}}],"inLanguage":"es"}]}},"_links":{"self":[{"href":"https:\/\/didacta.com.uy\/sitio\/wp-json\/wp\/v2\/product\/212941","targetHints":{"allow":["GET"]}}],"collection":[{"href":"https:\/\/didacta.com.uy\/sitio\/wp-json\/wp\/v2\/product"}],"about":[{"href":"https:\/\/didacta.com.uy\/sitio\/wp-json\/wp\/v2\/types\/product"}],"replies":[{"embeddable":true,"href":"https:\/\/didacta.com.uy\/sitio\/wp-json\/wp\/v2\/comments?post=212941"}],"wp:featuredmedia":[{"embeddable":true,"href":"https:\/\/didacta.com.uy\/sitio\/wp-json\/wp\/v2\/media\/212942"}],"wp:attachment":[{"href":"https:\/\/didacta.com.uy\/sitio\/wp-json\/wp\/v2\/media?parent=212941"}],"wp:term":[{"taxonomy":"product_brand","embeddable":true,"href":"https:\/\/didacta.com.uy\/sitio\/wp-json\/wp\/v2\/product_brand?post=212941"},{"taxonomy":"product_cat","embeddable":true,"href":"https:\/\/didacta.com.uy\/sitio\/wp-json\/wp\/v2\/product_cat?post=212941"},{"taxonomy":"product_tag","embeddable":true,"href":"https:\/\/didacta.com.uy\/sitio\/wp-json\/wp\/v2\/product_tag?post=212941"}],"curies":[{"name":"wp","href":"https:\/\/api.w.org\/{rel}","templated":true}]}}