{"id":212929,"date":"2023-11-03T19:56:46","date_gmt":"2023-11-03T19:56:46","guid":{"rendered":"https:\/\/didacta.com.uy\/sitio\/?post_type=product&#038;p=212929"},"modified":"2023-11-13T15:01:21","modified_gmt":"2023-11-13T15:01:21","slug":"rainbocorns-sirena","status":"publish","type":"product","link":"https:\/\/didacta.com.uy\/sitio\/producto\/rainbocorns-sirena\/","title":{"rendered":"RAINBOCORNS SIRENA"},"content":{"rendered":"<p>Abr\u00ed tu huevo de Sirena Rainbocorn y descubr\u00ed m\u00e1s de 35 sorpresas!<br \/>\nSu peluche viene con una cola de sirena brillante y un boo-boocorn oculto dentro del cuerno de globo de agua!<br \/>\nHay 6 hermosas sirenas para coleccionar.<\/p>\n<p><strong>C\u00f3digo:<\/strong> 9283<br \/>\n<strong>C\u00f3digo de barras:<\/strong> 7730549007019<br \/>\n<strong>Edad:<\/strong>\u00a0De 3 a\u00f1os en adelante<br \/>\n<strong>Medidas:<\/strong>23 x 21 x 28cm<\/p>\n<p><iframe loading=\"lazy\" width=\"560\" height=\"315\" src=\"https:\/\/www.youtube.com\/embed\/v_Y_QGtdxYI?si=oMg00mBH3bLontsT\" title=\"YouTube video player\" frameborder=\"0\" allow=\"accelerometer; autoplay; clipboard-write; encrypted-media; gyroscope; picture-in-picture; web-share\" allowfullscreen><\/iframe><\/p>\n","protected":false},"excerpt":{"rendered":"<p>Abr\u00ed tu huevo de Sirena Rainbocorn y descubr\u00ed m\u00e1s de 35 sorpresas!<br \/>\nSu peluche viene con una cola de sirena brillante y un boo-boocorn oculto dentro del cuerno de globo de agua!<br \/>\nHay 6 hermosas sirenas para coleccionar.<\/p>\n<p><strong>C\u00f3digo:<\/strong> 9283<br \/>\n<strong>C\u00f3digo de barras:<\/strong> 7730549007019<br \/>\n<strong>Edad:<\/strong>\u00a0De 3 a\u00f1os en adelante<br \/>\n<strong>Medidas:<\/strong>23 x 21 x 28cm<\/p>\n<p><iframe loading=\"lazy\" width=\"560\" height=\"315\" src=\"https:\/\/www.youtube.com\/embed\/v_Y_QGtdxYI?si=oMg00mBH3bLontsT\" title=\"YouTube video player\" frameborder=\"0\" allow=\"accelerometer; autoplay; clipboard-write; encrypted-media; gyroscope; picture-in-picture; web-share\" allowfullscreen><\/iframe><\/p>\n","protected":false},"featured_media":212931,"comment_status":"closed","ping_status":"closed","template":"","meta":{"_et_pb_use_builder":"","_et_pb_old_content":"","_et_gb_content_width":"","_uf_show_specific_survey":0,"_uf_disable_surveys":false},"product_brand":[],"product_cat":[291],"product_tag":[292],"class_list":{"0":"post-212929","1":"product","2":"type-product","3":"status-publish","4":"has-post-thumbnail","6":"product_cat-rainbocorns","7":"product_tag-rainbocorns","9":"first","10":"instock","11":"taxable","12":"shipping-taxable","13":"product-type-simple"},"aioseo_notices":[],"yoast_head":"<!-- This site is optimized with the Yoast SEO plugin v24.8.1 - https:\/\/yoast.com\/wordpress\/plugins\/seo\/ -->\n<title>RAINBOCORNS SIRENA - Didacta<\/title>\n<meta name=\"robots\" content=\"index, follow, max-snippet:-1, max-image-preview:large, max-video-preview:-1\" \/>\n<link rel=\"canonical\" href=\"https:\/\/didacta.com.uy\/sitio\/producto\/rainbocorns-sirena\/\" \/>\n<meta property=\"og:locale\" content=\"es_ES\" \/>\n<meta property=\"og:type\" content=\"article\" \/>\n<meta property=\"og:title\" content=\"RAINBOCORNS SIRENA - Didacta\" \/>\n<meta property=\"og:description\" content=\"Abr\u00ed tu huevo de Sirena Rainbocorn y descubr\u00ed m\u00e1s de 35 sorpresas! Su peluche viene con una cola de sirena brillante y un boo-boocorn oculto dentro del cuerno de globo de agua! Hay 6 hermosas sirenas para coleccionar.  C\u00f3digo: 9283 C\u00f3digo de barras: 7730549007019 Edad:\u00a0De 3 a\u00f1os en adelante Medidas:23 x 21 x 28cm\" \/>\n<meta property=\"og:url\" content=\"https:\/\/didacta.com.uy\/sitio\/producto\/rainbocorns-sirena\/\" \/>\n<meta property=\"og:site_name\" content=\"Didacta\" \/>\n<meta property=\"article:modified_time\" content=\"2023-11-13T15:01:21+00:00\" \/>\n<meta property=\"og:image\" content=\"https:\/\/didacta.com.uy\/sitio\/wp-content\/uploads\/2023\/11\/9283.jpg\" \/>\n\t<meta property=\"og:image:width\" content=\"700\" \/>\n\t<meta property=\"og:image:height\" content=\"700\" \/>\n\t<meta property=\"og:image:type\" content=\"image\/jpeg\" \/>\n<meta name=\"twitter:card\" content=\"summary_large_image\" \/>\n<meta name=\"twitter:label1\" content=\"Tiempo de lectura\" \/>\n\t<meta name=\"twitter:data1\" content=\"1 minuto\" \/>\n<script type=\"application\/ld+json\" class=\"yoast-schema-graph\">{\"@context\":\"https:\/\/schema.org\",\"@graph\":[{\"@type\":\"WebPage\",\"@id\":\"https:\/\/didacta.com.uy\/sitio\/producto\/rainbocorns-sirena\/\",\"url\":\"https:\/\/didacta.com.uy\/sitio\/producto\/rainbocorns-sirena\/\",\"name\":\"RAINBOCORNS SIRENA - Didacta\",\"isPartOf\":{\"@id\":\"https:\/\/didacta.com.uy\/sitio\/#website\"},\"primaryImageOfPage\":{\"@id\":\"https:\/\/didacta.com.uy\/sitio\/producto\/rainbocorns-sirena\/#primaryimage\"},\"image\":{\"@id\":\"https:\/\/didacta.com.uy\/sitio\/producto\/rainbocorns-sirena\/#primaryimage\"},\"thumbnailUrl\":\"https:\/\/didacta.com.uy\/sitio\/wp-content\/uploads\/2023\/11\/9283.jpg\",\"datePublished\":\"2023-11-03T19:56:46+00:00\",\"dateModified\":\"2023-11-13T15:01:21+00:00\",\"breadcrumb\":{\"@id\":\"https:\/\/didacta.com.uy\/sitio\/producto\/rainbocorns-sirena\/#breadcrumb\"},\"inLanguage\":\"es\",\"potentialAction\":[{\"@type\":\"ReadAction\",\"target\":[\"https:\/\/didacta.com.uy\/sitio\/producto\/rainbocorns-sirena\/\"]}]},{\"@type\":\"ImageObject\",\"inLanguage\":\"es\",\"@id\":\"https:\/\/didacta.com.uy\/sitio\/producto\/rainbocorns-sirena\/#primaryimage\",\"url\":\"https:\/\/didacta.com.uy\/sitio\/wp-content\/uploads\/2023\/11\/9283.jpg\",\"contentUrl\":\"https:\/\/didacta.com.uy\/sitio\/wp-content\/uploads\/2023\/11\/9283.jpg\",\"width\":700,\"height\":700},{\"@type\":\"BreadcrumbList\",\"@id\":\"https:\/\/didacta.com.uy\/sitio\/producto\/rainbocorns-sirena\/#breadcrumb\",\"itemListElement\":[{\"@type\":\"ListItem\",\"position\":1,\"name\":\"Portada\",\"item\":\"https:\/\/didacta.com.uy\/sitio\/\"},{\"@type\":\"ListItem\",\"position\":2,\"name\":\"Inicio\",\"item\":\"https:\/\/didacta.com.uy\/sitio\/\"},{\"@type\":\"ListItem\",\"position\":3,\"name\":\"RAINBOCORNS SIRENA\"}]},{\"@type\":\"WebSite\",\"@id\":\"https:\/\/didacta.com.uy\/sitio\/#website\",\"url\":\"https:\/\/didacta.com.uy\/sitio\/\",\"name\":\"Didacta\",\"description\":\"Con m\u00e1s de 20 a\u00f1os de experiencia, DIDACTA es la marca l\u00edder en el mercado uruguayo de juegos de mesa.\",\"potentialAction\":[{\"@type\":\"SearchAction\",\"target\":{\"@type\":\"EntryPoint\",\"urlTemplate\":\"https:\/\/didacta.com.uy\/sitio\/?s={search_term_string}\"},\"query-input\":{\"@type\":\"PropertyValueSpecification\",\"valueRequired\":true,\"valueName\":\"search_term_string\"}}],\"inLanguage\":\"es\"}]}<\/script>\n<!-- \/ Yoast SEO plugin. -->","yoast_head_json":{"title":"RAINBOCORNS SIRENA - Didacta","robots":{"index":"index","follow":"follow","max-snippet":"max-snippet:-1","max-image-preview":"max-image-preview:large","max-video-preview":"max-video-preview:-1"},"canonical":"https:\/\/didacta.com.uy\/sitio\/producto\/rainbocorns-sirena\/","og_locale":"es_ES","og_type":"article","og_title":"RAINBOCORNS SIRENA - Didacta","og_description":"Abr\u00ed tu huevo de Sirena Rainbocorn y descubr\u00ed m\u00e1s de 35 sorpresas! Su peluche viene con una cola de sirena brillante y un boo-boocorn oculto dentro del cuerno de globo de agua! Hay 6 hermosas sirenas para coleccionar.  C\u00f3digo: 9283 C\u00f3digo de barras: 7730549007019 Edad:\u00a0De 3 a\u00f1os en adelante Medidas:23 x 21 x 28cm","og_url":"https:\/\/didacta.com.uy\/sitio\/producto\/rainbocorns-sirena\/","og_site_name":"Didacta","article_modified_time":"2023-11-13T15:01:21+00:00","og_image":[{"width":700,"height":700,"url":"https:\/\/didacta.com.uy\/sitio\/wp-content\/uploads\/2023\/11\/9283.jpg","type":"image\/jpeg"}],"twitter_card":"summary_large_image","twitter_misc":{"Tiempo de lectura":"1 minuto"},"schema":{"@context":"https:\/\/schema.org","@graph":[{"@type":"WebPage","@id":"https:\/\/didacta.com.uy\/sitio\/producto\/rainbocorns-sirena\/","url":"https:\/\/didacta.com.uy\/sitio\/producto\/rainbocorns-sirena\/","name":"RAINBOCORNS SIRENA - Didacta","isPartOf":{"@id":"https:\/\/didacta.com.uy\/sitio\/#website"},"primaryImageOfPage":{"@id":"https:\/\/didacta.com.uy\/sitio\/producto\/rainbocorns-sirena\/#primaryimage"},"image":{"@id":"https:\/\/didacta.com.uy\/sitio\/producto\/rainbocorns-sirena\/#primaryimage"},"thumbnailUrl":"https:\/\/didacta.com.uy\/sitio\/wp-content\/uploads\/2023\/11\/9283.jpg","datePublished":"2023-11-03T19:56:46+00:00","dateModified":"2023-11-13T15:01:21+00:00","breadcrumb":{"@id":"https:\/\/didacta.com.uy\/sitio\/producto\/rainbocorns-sirena\/#breadcrumb"},"inLanguage":"es","potentialAction":[{"@type":"ReadAction","target":["https:\/\/didacta.com.uy\/sitio\/producto\/rainbocorns-sirena\/"]}]},{"@type":"ImageObject","inLanguage":"es","@id":"https:\/\/didacta.com.uy\/sitio\/producto\/rainbocorns-sirena\/#primaryimage","url":"https:\/\/didacta.com.uy\/sitio\/wp-content\/uploads\/2023\/11\/9283.jpg","contentUrl":"https:\/\/didacta.com.uy\/sitio\/wp-content\/uploads\/2023\/11\/9283.jpg","width":700,"height":700},{"@type":"BreadcrumbList","@id":"https:\/\/didacta.com.uy\/sitio\/producto\/rainbocorns-sirena\/#breadcrumb","itemListElement":[{"@type":"ListItem","position":1,"name":"Portada","item":"https:\/\/didacta.com.uy\/sitio\/"},{"@type":"ListItem","position":2,"name":"Inicio","item":"https:\/\/didacta.com.uy\/sitio\/"},{"@type":"ListItem","position":3,"name":"RAINBOCORNS SIRENA"}]},{"@type":"WebSite","@id":"https:\/\/didacta.com.uy\/sitio\/#website","url":"https:\/\/didacta.com.uy\/sitio\/","name":"Didacta","description":"Con m\u00e1s de 20 a\u00f1os de experiencia, DIDACTA es la marca l\u00edder en el mercado uruguayo de juegos de mesa.","potentialAction":[{"@type":"SearchAction","target":{"@type":"EntryPoint","urlTemplate":"https:\/\/didacta.com.uy\/sitio\/?s={search_term_string}"},"query-input":{"@type":"PropertyValueSpecification","valueRequired":true,"valueName":"search_term_string"}}],"inLanguage":"es"}]}},"_links":{"self":[{"href":"https:\/\/didacta.com.uy\/sitio\/wp-json\/wp\/v2\/product\/212929","targetHints":{"allow":["GET"]}}],"collection":[{"href":"https:\/\/didacta.com.uy\/sitio\/wp-json\/wp\/v2\/product"}],"about":[{"href":"https:\/\/didacta.com.uy\/sitio\/wp-json\/wp\/v2\/types\/product"}],"replies":[{"embeddable":true,"href":"https:\/\/didacta.com.uy\/sitio\/wp-json\/wp\/v2\/comments?post=212929"}],"wp:featuredmedia":[{"embeddable":true,"href":"https:\/\/didacta.com.uy\/sitio\/wp-json\/wp\/v2\/media\/212931"}],"wp:attachment":[{"href":"https:\/\/didacta.com.uy\/sitio\/wp-json\/wp\/v2\/media?parent=212929"}],"wp:term":[{"taxonomy":"product_brand","embeddable":true,"href":"https:\/\/didacta.com.uy\/sitio\/wp-json\/wp\/v2\/product_brand?post=212929"},{"taxonomy":"product_cat","embeddable":true,"href":"https:\/\/didacta.com.uy\/sitio\/wp-json\/wp\/v2\/product_cat?post=212929"},{"taxonomy":"product_tag","embeddable":true,"href":"https:\/\/didacta.com.uy\/sitio\/wp-json\/wp\/v2\/product_tag?post=212929"}],"curies":[{"name":"wp","href":"https:\/\/api.w.org\/{rel}","templated":true}]}}