{"id":212917,"date":"2023-11-03T18:30:57","date_gmt":"2023-11-03T18:30:57","guid":{"rendered":"https:\/\/didacta.com.uy\/sitio\/?post_type=product&#038;p=212917"},"modified":"2023-11-03T18:30:58","modified_gmt":"2023-11-03T18:30:58","slug":"pets-alive-chirpy-birds-sorpresa","status":"publish","type":"product","link":"https:\/\/didacta.com.uy\/sitio\/producto\/pets-alive-chirpy-birds-sorpresa\/","title":{"rendered":"PETS ALIVE &#8211; CHIRPY BIRDS SORPRESA"},"content":{"rendered":"<p>Conoc\u00e9 los p\u00e1jaros m\u00e1s alegres que existen!<br \/>\nVienen con dos canciones para cantar y 5 sorpresas dentro de este huevo!<br \/>\nPreparate para conocer a tu nuevo amigo!!!<\/p>\n<p><strong>C\u00f3digo:<\/strong> 9537<br \/>\n<strong>C\u00f3digo de barras:<\/strong>7730549007088<br \/>\n<strong>Edad:<\/strong> De 3 a\u00f1os en adelante<br \/>\n<strong>Medidas:<\/strong> 17 x 15 x 23 cm<\/p>\n","protected":false},"excerpt":{"rendered":"<p>Conoc\u00e9 los p\u00e1jaros m\u00e1s alegres que existen!<br \/>\nVienen con dos canciones para cantar y 5 sorpresas dentro de este huevo!<br \/>\nPreparate para conocer a tu nuevo amigo!!!<\/p>\n<p><strong>C\u00f3digo:<\/strong> 9537<br \/>\n<strong>C\u00f3digo de barras:<\/strong>7730549007088<br \/>\n<strong>Edad:<\/strong> De 3 a\u00f1os en adelante<br \/>\n<strong>Medidas:<\/strong> 17 x 15 x 23 cm<\/p>\n","protected":false},"featured_media":212920,"comment_status":"closed","ping_status":"closed","template":"","meta":{"_et_pb_use_builder":"","_et_pb_old_content":"","_et_gb_content_width":"","_uf_show_specific_survey":0,"_uf_disable_surveys":false},"product_brand":[],"product_cat":[209],"product_tag":[],"class_list":{"0":"post-212917","1":"product","2":"type-product","3":"status-publish","4":"has-post-thumbnail","6":"product_cat-pets-alive","8":"first","9":"instock","10":"taxable","11":"shipping-taxable","12":"product-type-simple"},"aioseo_notices":[],"yoast_head":"<!-- This site is optimized with the Yoast SEO plugin v24.8.1 - https:\/\/yoast.com\/wordpress\/plugins\/seo\/ -->\n<title>PETS ALIVE - CHIRPY BIRDS SORPRESA - Didacta<\/title>\n<meta name=\"robots\" content=\"index, follow, max-snippet:-1, max-image-preview:large, max-video-preview:-1\" \/>\n<link rel=\"canonical\" href=\"https:\/\/didacta.com.uy\/sitio\/producto\/pets-alive-chirpy-birds-sorpresa\/\" \/>\n<meta property=\"og:locale\" content=\"es_ES\" \/>\n<meta property=\"og:type\" content=\"article\" \/>\n<meta property=\"og:title\" content=\"PETS ALIVE - CHIRPY BIRDS SORPRESA - Didacta\" \/>\n<meta property=\"og:description\" content=\"Conoc\u00e9 los p\u00e1jaros m\u00e1s alegres que existen! Vienen con dos canciones para cantar y 5 sorpresas dentro de este huevo! Preparate para conocer a tu nuevo amigo!!!  C\u00f3digo: 9537 C\u00f3digo de barras:7730549007088 Edad: De 3 a\u00f1os en adelante Medidas: 17 x 15 x 23 cm\" \/>\n<meta property=\"og:url\" content=\"https:\/\/didacta.com.uy\/sitio\/producto\/pets-alive-chirpy-birds-sorpresa\/\" \/>\n<meta property=\"og:site_name\" content=\"Didacta\" \/>\n<meta property=\"article:modified_time\" content=\"2023-11-03T18:30:58+00:00\" \/>\n<meta property=\"og:image\" content=\"https:\/\/didacta.com.uy\/sitio\/wp-content\/uploads\/2023\/11\/9537.jpg\" \/>\n\t<meta property=\"og:image:width\" content=\"700\" \/>\n\t<meta property=\"og:image:height\" content=\"700\" \/>\n\t<meta property=\"og:image:type\" content=\"image\/jpeg\" \/>\n<meta name=\"twitter:card\" content=\"summary_large_image\" \/>\n<meta name=\"twitter:label1\" content=\"Tiempo de lectura\" \/>\n\t<meta name=\"twitter:data1\" content=\"1 minuto\" \/>\n<script type=\"application\/ld+json\" class=\"yoast-schema-graph\">{\"@context\":\"https:\/\/schema.org\",\"@graph\":[{\"@type\":\"WebPage\",\"@id\":\"https:\/\/didacta.com.uy\/sitio\/producto\/pets-alive-chirpy-birds-sorpresa\/\",\"url\":\"https:\/\/didacta.com.uy\/sitio\/producto\/pets-alive-chirpy-birds-sorpresa\/\",\"name\":\"PETS ALIVE - CHIRPY BIRDS SORPRESA - Didacta\",\"isPartOf\":{\"@id\":\"https:\/\/didacta.com.uy\/sitio\/#website\"},\"primaryImageOfPage\":{\"@id\":\"https:\/\/didacta.com.uy\/sitio\/producto\/pets-alive-chirpy-birds-sorpresa\/#primaryimage\"},\"image\":{\"@id\":\"https:\/\/didacta.com.uy\/sitio\/producto\/pets-alive-chirpy-birds-sorpresa\/#primaryimage\"},\"thumbnailUrl\":\"https:\/\/didacta.com.uy\/sitio\/wp-content\/uploads\/2023\/11\/9537.jpg\",\"datePublished\":\"2023-11-03T18:30:57+00:00\",\"dateModified\":\"2023-11-03T18:30:58+00:00\",\"breadcrumb\":{\"@id\":\"https:\/\/didacta.com.uy\/sitio\/producto\/pets-alive-chirpy-birds-sorpresa\/#breadcrumb\"},\"inLanguage\":\"es\",\"potentialAction\":[{\"@type\":\"ReadAction\",\"target\":[\"https:\/\/didacta.com.uy\/sitio\/producto\/pets-alive-chirpy-birds-sorpresa\/\"]}]},{\"@type\":\"ImageObject\",\"inLanguage\":\"es\",\"@id\":\"https:\/\/didacta.com.uy\/sitio\/producto\/pets-alive-chirpy-birds-sorpresa\/#primaryimage\",\"url\":\"https:\/\/didacta.com.uy\/sitio\/wp-content\/uploads\/2023\/11\/9537.jpg\",\"contentUrl\":\"https:\/\/didacta.com.uy\/sitio\/wp-content\/uploads\/2023\/11\/9537.jpg\",\"width\":700,\"height\":700},{\"@type\":\"BreadcrumbList\",\"@id\":\"https:\/\/didacta.com.uy\/sitio\/producto\/pets-alive-chirpy-birds-sorpresa\/#breadcrumb\",\"itemListElement\":[{\"@type\":\"ListItem\",\"position\":1,\"name\":\"Portada\",\"item\":\"https:\/\/didacta.com.uy\/sitio\/\"},{\"@type\":\"ListItem\",\"position\":2,\"name\":\"Inicio\",\"item\":\"https:\/\/didacta.com.uy\/sitio\/\"},{\"@type\":\"ListItem\",\"position\":3,\"name\":\"PETS ALIVE &#8211; CHIRPY BIRDS SORPRESA\"}]},{\"@type\":\"WebSite\",\"@id\":\"https:\/\/didacta.com.uy\/sitio\/#website\",\"url\":\"https:\/\/didacta.com.uy\/sitio\/\",\"name\":\"Didacta\",\"description\":\"Con m\u00e1s de 20 a\u00f1os de experiencia, DIDACTA es la marca l\u00edder en el mercado uruguayo de juegos de mesa.\",\"potentialAction\":[{\"@type\":\"SearchAction\",\"target\":{\"@type\":\"EntryPoint\",\"urlTemplate\":\"https:\/\/didacta.com.uy\/sitio\/?s={search_term_string}\"},\"query-input\":{\"@type\":\"PropertyValueSpecification\",\"valueRequired\":true,\"valueName\":\"search_term_string\"}}],\"inLanguage\":\"es\"}]}<\/script>\n<!-- \/ Yoast SEO plugin. -->","yoast_head_json":{"title":"PETS ALIVE - CHIRPY BIRDS SORPRESA - Didacta","robots":{"index":"index","follow":"follow","max-snippet":"max-snippet:-1","max-image-preview":"max-image-preview:large","max-video-preview":"max-video-preview:-1"},"canonical":"https:\/\/didacta.com.uy\/sitio\/producto\/pets-alive-chirpy-birds-sorpresa\/","og_locale":"es_ES","og_type":"article","og_title":"PETS ALIVE - CHIRPY BIRDS SORPRESA - Didacta","og_description":"Conoc\u00e9 los p\u00e1jaros m\u00e1s alegres que existen! Vienen con dos canciones para cantar y 5 sorpresas dentro de este huevo! Preparate para conocer a tu nuevo amigo!!!  C\u00f3digo: 9537 C\u00f3digo de barras:7730549007088 Edad: De 3 a\u00f1os en adelante Medidas: 17 x 15 x 23 cm","og_url":"https:\/\/didacta.com.uy\/sitio\/producto\/pets-alive-chirpy-birds-sorpresa\/","og_site_name":"Didacta","article_modified_time":"2023-11-03T18:30:58+00:00","og_image":[{"width":700,"height":700,"url":"https:\/\/didacta.com.uy\/sitio\/wp-content\/uploads\/2023\/11\/9537.jpg","type":"image\/jpeg"}],"twitter_card":"summary_large_image","twitter_misc":{"Tiempo de lectura":"1 minuto"},"schema":{"@context":"https:\/\/schema.org","@graph":[{"@type":"WebPage","@id":"https:\/\/didacta.com.uy\/sitio\/producto\/pets-alive-chirpy-birds-sorpresa\/","url":"https:\/\/didacta.com.uy\/sitio\/producto\/pets-alive-chirpy-birds-sorpresa\/","name":"PETS ALIVE - CHIRPY BIRDS SORPRESA - Didacta","isPartOf":{"@id":"https:\/\/didacta.com.uy\/sitio\/#website"},"primaryImageOfPage":{"@id":"https:\/\/didacta.com.uy\/sitio\/producto\/pets-alive-chirpy-birds-sorpresa\/#primaryimage"},"image":{"@id":"https:\/\/didacta.com.uy\/sitio\/producto\/pets-alive-chirpy-birds-sorpresa\/#primaryimage"},"thumbnailUrl":"https:\/\/didacta.com.uy\/sitio\/wp-content\/uploads\/2023\/11\/9537.jpg","datePublished":"2023-11-03T18:30:57+00:00","dateModified":"2023-11-03T18:30:58+00:00","breadcrumb":{"@id":"https:\/\/didacta.com.uy\/sitio\/producto\/pets-alive-chirpy-birds-sorpresa\/#breadcrumb"},"inLanguage":"es","potentialAction":[{"@type":"ReadAction","target":["https:\/\/didacta.com.uy\/sitio\/producto\/pets-alive-chirpy-birds-sorpresa\/"]}]},{"@type":"ImageObject","inLanguage":"es","@id":"https:\/\/didacta.com.uy\/sitio\/producto\/pets-alive-chirpy-birds-sorpresa\/#primaryimage","url":"https:\/\/didacta.com.uy\/sitio\/wp-content\/uploads\/2023\/11\/9537.jpg","contentUrl":"https:\/\/didacta.com.uy\/sitio\/wp-content\/uploads\/2023\/11\/9537.jpg","width":700,"height":700},{"@type":"BreadcrumbList","@id":"https:\/\/didacta.com.uy\/sitio\/producto\/pets-alive-chirpy-birds-sorpresa\/#breadcrumb","itemListElement":[{"@type":"ListItem","position":1,"name":"Portada","item":"https:\/\/didacta.com.uy\/sitio\/"},{"@type":"ListItem","position":2,"name":"Inicio","item":"https:\/\/didacta.com.uy\/sitio\/"},{"@type":"ListItem","position":3,"name":"PETS ALIVE &#8211; CHIRPY BIRDS SORPRESA"}]},{"@type":"WebSite","@id":"https:\/\/didacta.com.uy\/sitio\/#website","url":"https:\/\/didacta.com.uy\/sitio\/","name":"Didacta","description":"Con m\u00e1s de 20 a\u00f1os de experiencia, DIDACTA es la marca l\u00edder en el mercado uruguayo de juegos de mesa.","potentialAction":[{"@type":"SearchAction","target":{"@type":"EntryPoint","urlTemplate":"https:\/\/didacta.com.uy\/sitio\/?s={search_term_string}"},"query-input":{"@type":"PropertyValueSpecification","valueRequired":true,"valueName":"search_term_string"}}],"inLanguage":"es"}]}},"_links":{"self":[{"href":"https:\/\/didacta.com.uy\/sitio\/wp-json\/wp\/v2\/product\/212917","targetHints":{"allow":["GET"]}}],"collection":[{"href":"https:\/\/didacta.com.uy\/sitio\/wp-json\/wp\/v2\/product"}],"about":[{"href":"https:\/\/didacta.com.uy\/sitio\/wp-json\/wp\/v2\/types\/product"}],"replies":[{"embeddable":true,"href":"https:\/\/didacta.com.uy\/sitio\/wp-json\/wp\/v2\/comments?post=212917"}],"wp:featuredmedia":[{"embeddable":true,"href":"https:\/\/didacta.com.uy\/sitio\/wp-json\/wp\/v2\/media\/212920"}],"wp:attachment":[{"href":"https:\/\/didacta.com.uy\/sitio\/wp-json\/wp\/v2\/media?parent=212917"}],"wp:term":[{"taxonomy":"product_brand","embeddable":true,"href":"https:\/\/didacta.com.uy\/sitio\/wp-json\/wp\/v2\/product_brand?post=212917"},{"taxonomy":"product_cat","embeddable":true,"href":"https:\/\/didacta.com.uy\/sitio\/wp-json\/wp\/v2\/product_cat?post=212917"},{"taxonomy":"product_tag","embeddable":true,"href":"https:\/\/didacta.com.uy\/sitio\/wp-json\/wp\/v2\/product_tag?post=212917"}],"curies":[{"name":"wp","href":"https:\/\/api.w.org\/{rel}","templated":true}]}}