{"id":212494,"date":"2023-07-28T06:39:38","date_gmt":"2023-07-28T06:39:38","guid":{"rendered":"https:\/\/didacta.com.uy\/sitio\/?post_type=product&#038;p=212494"},"modified":"2023-11-14T15:04:46","modified_gmt":"2023-11-14T15:04:46","slug":"x-shot-skins-griefer-c-12-dardos","status":"publish","type":"product","link":"https:\/\/didacta.com.uy\/sitio\/producto\/x-shot-skins-griefer-c-12-dardos\/","title":{"rendered":"X-SHOT-SKINS-GRIEFER C\/12 DARDOS"},"content":{"rendered":"<p>Viv\u00ed una experiencia \u00fanica con el lanzador X-Shot Skins Griefer 12 Dardos!<br \/>\nPuede alcanzar objetos de hasta 27 metros de distancia.<br \/>\nDisparo r\u00e1pido de 6 dardos en menos de 30 segundos.<br \/>\nHay 6 dise\u00f1os para coleccionar!<\/p>\n<p><strong>C\u00f3digo:\u00a0<\/strong>36561<br \/>\n<strong>C\u00f3digo de barras:<\/strong>\u00a07730549006517<br \/>\n<strong>Edad:<\/strong>\u00a08\u00a0a\u00f1os en adelante<br \/>\n<strong>Medidas:<\/strong>\u00a042 x 6,5 x 26, 5 cm<\/p>\n<p><iframe loading=\"lazy\" width=\"560\" height=\"315\" src=\"https:\/\/www.youtube.com\/embed\/Y7zucXOMcMw?si=flwLaWzoG4opbpyR\" title=\"YouTube video player\" frameborder=\"0\" allow=\"accelerometer; autoplay; clipboard-write; encrypted-media; gyroscope; picture-in-picture; web-share\" allowfullscreen><\/iframe><\/p>\n","protected":false},"excerpt":{"rendered":"<p>Viv\u00ed una experiencia \u00fanica con el lanzador X-Shot Skins Griefer 12 Dardos!<br \/>\nPuede alcanzar objetos de hasta 27 metros de distancia.<br \/>\nDisparo r\u00e1pido de 6 dardos en menos de 30 segundos.<br \/>\nHay 6 dise\u00f1os para coleccionar!<\/p>\n<p><strong>C\u00f3digo:\u00a0<\/strong>36561<br \/>\n<strong>C\u00f3digo de barras:<\/strong>\u00a07730549006517<br \/>\n<strong>Edad:<\/strong>\u00a08\u00a0a\u00f1os en adelante<br \/>\n<strong>Medidas:<\/strong>\u00a042 x 6,5 x 26, 5 cm<\/p>\n<p><iframe loading=\"lazy\" width=\"560\" height=\"315\" src=\"https:\/\/www.youtube.com\/embed\/Y7zucXOMcMw?si=flwLaWzoG4opbpyR\" title=\"YouTube video player\" frameborder=\"0\" allow=\"accelerometer; autoplay; clipboard-write; encrypted-media; gyroscope; picture-in-picture; web-share\" allowfullscreen><\/iframe><\/p>\n","protected":false},"featured_media":213007,"comment_status":"closed","ping_status":"closed","template":"","meta":{"_et_pb_use_builder":"","_et_pb_old_content":"","_et_gb_content_width":"","_uf_show_specific_survey":0,"_uf_disable_surveys":false},"product_brand":[],"product_cat":[235],"product_tag":[],"class_list":{"0":"post-212494","1":"product","2":"type-product","3":"status-publish","4":"has-post-thumbnail","6":"product_cat-x-shot-skins","8":"first","9":"instock","10":"taxable","11":"shipping-taxable","12":"purchasable","13":"product-type-simple"},"aioseo_notices":[],"yoast_head":"<!-- This site is optimized with the Yoast SEO plugin v24.8.1 - https:\/\/yoast.com\/wordpress\/plugins\/seo\/ -->\n<title>X-SHOT-SKINS-GRIEFER C\/12 DARDOS - Didacta<\/title>\n<meta name=\"robots\" content=\"index, follow, max-snippet:-1, max-image-preview:large, max-video-preview:-1\" \/>\n<link rel=\"canonical\" href=\"https:\/\/didacta.com.uy\/sitio\/producto\/x-shot-skins-griefer-c-12-dardos\/\" \/>\n<meta property=\"og:locale\" content=\"es_ES\" \/>\n<meta property=\"og:type\" content=\"article\" \/>\n<meta property=\"og:title\" content=\"X-SHOT-SKINS-GRIEFER C\/12 DARDOS - Didacta\" \/>\n<meta property=\"og:description\" content=\"Viv\u00ed una experiencia \u00fanica con el lanzador X-Shot Skins Griefer 12 Dardos! Puede alcanzar objetos de hasta 27 metros de distancia. Disparo r\u00e1pido de 6 dardos en menos de 30 segundos. Hay 6 dise\u00f1os para coleccionar!  C\u00f3digo:\u00a036561 C\u00f3digo de barras:\u00a07730549006517 Edad:\u00a08\u00a0a\u00f1os en adelante Medidas:\u00a042 x 6,5 x 26, 5 cm\" \/>\n<meta property=\"og:url\" content=\"https:\/\/didacta.com.uy\/sitio\/producto\/x-shot-skins-griefer-c-12-dardos\/\" \/>\n<meta property=\"og:site_name\" content=\"Didacta\" \/>\n<meta property=\"article:modified_time\" content=\"2023-11-14T15:04:46+00:00\" \/>\n<meta property=\"og:image\" content=\"https:\/\/didacta.com.uy\/sitio\/wp-content\/uploads\/2023\/07\/36561.jpg\" \/>\n\t<meta property=\"og:image:width\" content=\"700\" \/>\n\t<meta property=\"og:image:height\" content=\"700\" \/>\n\t<meta property=\"og:image:type\" content=\"image\/jpeg\" \/>\n<meta name=\"twitter:card\" content=\"summary_large_image\" \/>\n<meta name=\"twitter:label1\" content=\"Tiempo de lectura\" \/>\n\t<meta name=\"twitter:data1\" content=\"1 minuto\" \/>\n<script type=\"application\/ld+json\" class=\"yoast-schema-graph\">{\"@context\":\"https:\/\/schema.org\",\"@graph\":[{\"@type\":\"WebPage\",\"@id\":\"https:\/\/didacta.com.uy\/sitio\/producto\/x-shot-skins-griefer-c-12-dardos\/\",\"url\":\"https:\/\/didacta.com.uy\/sitio\/producto\/x-shot-skins-griefer-c-12-dardos\/\",\"name\":\"X-SHOT-SKINS-GRIEFER C\/12 DARDOS - Didacta\",\"isPartOf\":{\"@id\":\"https:\/\/didacta.com.uy\/sitio\/#website\"},\"primaryImageOfPage\":{\"@id\":\"https:\/\/didacta.com.uy\/sitio\/producto\/x-shot-skins-griefer-c-12-dardos\/#primaryimage\"},\"image\":{\"@id\":\"https:\/\/didacta.com.uy\/sitio\/producto\/x-shot-skins-griefer-c-12-dardos\/#primaryimage\"},\"thumbnailUrl\":\"https:\/\/didacta.com.uy\/sitio\/wp-content\/uploads\/2023\/07\/36561.jpg\",\"datePublished\":\"2023-07-28T06:39:38+00:00\",\"dateModified\":\"2023-11-14T15:04:46+00:00\",\"breadcrumb\":{\"@id\":\"https:\/\/didacta.com.uy\/sitio\/producto\/x-shot-skins-griefer-c-12-dardos\/#breadcrumb\"},\"inLanguage\":\"es\",\"potentialAction\":[{\"@type\":\"ReadAction\",\"target\":[\"https:\/\/didacta.com.uy\/sitio\/producto\/x-shot-skins-griefer-c-12-dardos\/\"]}]},{\"@type\":\"ImageObject\",\"inLanguage\":\"es\",\"@id\":\"https:\/\/didacta.com.uy\/sitio\/producto\/x-shot-skins-griefer-c-12-dardos\/#primaryimage\",\"url\":\"https:\/\/didacta.com.uy\/sitio\/wp-content\/uploads\/2023\/07\/36561.jpg\",\"contentUrl\":\"https:\/\/didacta.com.uy\/sitio\/wp-content\/uploads\/2023\/07\/36561.jpg\",\"width\":700,\"height\":700},{\"@type\":\"BreadcrumbList\",\"@id\":\"https:\/\/didacta.com.uy\/sitio\/producto\/x-shot-skins-griefer-c-12-dardos\/#breadcrumb\",\"itemListElement\":[{\"@type\":\"ListItem\",\"position\":1,\"name\":\"Portada\",\"item\":\"https:\/\/didacta.com.uy\/sitio\/\"},{\"@type\":\"ListItem\",\"position\":2,\"name\":\"Inicio\",\"item\":\"https:\/\/didacta.com.uy\/sitio\/\"},{\"@type\":\"ListItem\",\"position\":3,\"name\":\"X-SHOT-SKINS-GRIEFER C\/12 DARDOS\"}]},{\"@type\":\"WebSite\",\"@id\":\"https:\/\/didacta.com.uy\/sitio\/#website\",\"url\":\"https:\/\/didacta.com.uy\/sitio\/\",\"name\":\"Didacta\",\"description\":\"Con m\u00e1s de 20 a\u00f1os de experiencia, DIDACTA es la marca l\u00edder en el mercado uruguayo de juegos de mesa.\",\"potentialAction\":[{\"@type\":\"SearchAction\",\"target\":{\"@type\":\"EntryPoint\",\"urlTemplate\":\"https:\/\/didacta.com.uy\/sitio\/?s={search_term_string}\"},\"query-input\":{\"@type\":\"PropertyValueSpecification\",\"valueRequired\":true,\"valueName\":\"search_term_string\"}}],\"inLanguage\":\"es\"}]}<\/script>\n<!-- \/ Yoast SEO plugin. -->","yoast_head_json":{"title":"X-SHOT-SKINS-GRIEFER C\/12 DARDOS - Didacta","robots":{"index":"index","follow":"follow","max-snippet":"max-snippet:-1","max-image-preview":"max-image-preview:large","max-video-preview":"max-video-preview:-1"},"canonical":"https:\/\/didacta.com.uy\/sitio\/producto\/x-shot-skins-griefer-c-12-dardos\/","og_locale":"es_ES","og_type":"article","og_title":"X-SHOT-SKINS-GRIEFER C\/12 DARDOS - Didacta","og_description":"Viv\u00ed una experiencia \u00fanica con el lanzador X-Shot Skins Griefer 12 Dardos! Puede alcanzar objetos de hasta 27 metros de distancia. Disparo r\u00e1pido de 6 dardos en menos de 30 segundos. Hay 6 dise\u00f1os para coleccionar!  C\u00f3digo:\u00a036561 C\u00f3digo de barras:\u00a07730549006517 Edad:\u00a08\u00a0a\u00f1os en adelante Medidas:\u00a042 x 6,5 x 26, 5 cm","og_url":"https:\/\/didacta.com.uy\/sitio\/producto\/x-shot-skins-griefer-c-12-dardos\/","og_site_name":"Didacta","article_modified_time":"2023-11-14T15:04:46+00:00","og_image":[{"width":700,"height":700,"url":"https:\/\/didacta.com.uy\/sitio\/wp-content\/uploads\/2023\/07\/36561.jpg","type":"image\/jpeg"}],"twitter_card":"summary_large_image","twitter_misc":{"Tiempo de lectura":"1 minuto"},"schema":{"@context":"https:\/\/schema.org","@graph":[{"@type":"WebPage","@id":"https:\/\/didacta.com.uy\/sitio\/producto\/x-shot-skins-griefer-c-12-dardos\/","url":"https:\/\/didacta.com.uy\/sitio\/producto\/x-shot-skins-griefer-c-12-dardos\/","name":"X-SHOT-SKINS-GRIEFER C\/12 DARDOS - Didacta","isPartOf":{"@id":"https:\/\/didacta.com.uy\/sitio\/#website"},"primaryImageOfPage":{"@id":"https:\/\/didacta.com.uy\/sitio\/producto\/x-shot-skins-griefer-c-12-dardos\/#primaryimage"},"image":{"@id":"https:\/\/didacta.com.uy\/sitio\/producto\/x-shot-skins-griefer-c-12-dardos\/#primaryimage"},"thumbnailUrl":"https:\/\/didacta.com.uy\/sitio\/wp-content\/uploads\/2023\/07\/36561.jpg","datePublished":"2023-07-28T06:39:38+00:00","dateModified":"2023-11-14T15:04:46+00:00","breadcrumb":{"@id":"https:\/\/didacta.com.uy\/sitio\/producto\/x-shot-skins-griefer-c-12-dardos\/#breadcrumb"},"inLanguage":"es","potentialAction":[{"@type":"ReadAction","target":["https:\/\/didacta.com.uy\/sitio\/producto\/x-shot-skins-griefer-c-12-dardos\/"]}]},{"@type":"ImageObject","inLanguage":"es","@id":"https:\/\/didacta.com.uy\/sitio\/producto\/x-shot-skins-griefer-c-12-dardos\/#primaryimage","url":"https:\/\/didacta.com.uy\/sitio\/wp-content\/uploads\/2023\/07\/36561.jpg","contentUrl":"https:\/\/didacta.com.uy\/sitio\/wp-content\/uploads\/2023\/07\/36561.jpg","width":700,"height":700},{"@type":"BreadcrumbList","@id":"https:\/\/didacta.com.uy\/sitio\/producto\/x-shot-skins-griefer-c-12-dardos\/#breadcrumb","itemListElement":[{"@type":"ListItem","position":1,"name":"Portada","item":"https:\/\/didacta.com.uy\/sitio\/"},{"@type":"ListItem","position":2,"name":"Inicio","item":"https:\/\/didacta.com.uy\/sitio\/"},{"@type":"ListItem","position":3,"name":"X-SHOT-SKINS-GRIEFER C\/12 DARDOS"}]},{"@type":"WebSite","@id":"https:\/\/didacta.com.uy\/sitio\/#website","url":"https:\/\/didacta.com.uy\/sitio\/","name":"Didacta","description":"Con m\u00e1s de 20 a\u00f1os de experiencia, DIDACTA es la marca l\u00edder en el mercado uruguayo de juegos de mesa.","potentialAction":[{"@type":"SearchAction","target":{"@type":"EntryPoint","urlTemplate":"https:\/\/didacta.com.uy\/sitio\/?s={search_term_string}"},"query-input":{"@type":"PropertyValueSpecification","valueRequired":true,"valueName":"search_term_string"}}],"inLanguage":"es"}]}},"_links":{"self":[{"href":"https:\/\/didacta.com.uy\/sitio\/wp-json\/wp\/v2\/product\/212494","targetHints":{"allow":["GET"]}}],"collection":[{"href":"https:\/\/didacta.com.uy\/sitio\/wp-json\/wp\/v2\/product"}],"about":[{"href":"https:\/\/didacta.com.uy\/sitio\/wp-json\/wp\/v2\/types\/product"}],"replies":[{"embeddable":true,"href":"https:\/\/didacta.com.uy\/sitio\/wp-json\/wp\/v2\/comments?post=212494"}],"wp:featuredmedia":[{"embeddable":true,"href":"https:\/\/didacta.com.uy\/sitio\/wp-json\/wp\/v2\/media\/213007"}],"wp:attachment":[{"href":"https:\/\/didacta.com.uy\/sitio\/wp-json\/wp\/v2\/media?parent=212494"}],"wp:term":[{"taxonomy":"product_brand","embeddable":true,"href":"https:\/\/didacta.com.uy\/sitio\/wp-json\/wp\/v2\/product_brand?post=212494"},{"taxonomy":"product_cat","embeddable":true,"href":"https:\/\/didacta.com.uy\/sitio\/wp-json\/wp\/v2\/product_cat?post=212494"},{"taxonomy":"product_tag","embeddable":true,"href":"https:\/\/didacta.com.uy\/sitio\/wp-json\/wp\/v2\/product_tag?post=212494"}],"curies":[{"name":"wp","href":"https:\/\/api.w.org\/{rel}","templated":true}]}}