{"id":212488,"date":"2023-07-28T06:33:37","date_gmt":"2023-07-28T06:33:37","guid":{"rendered":"https:\/\/didacta.com.uy\/sitio\/?post_type=product&#038;p=212488"},"modified":"2024-06-24T19:07:30","modified_gmt":"2024-06-24T19:07:30","slug":"pinguinazo-nuevo-diseno","status":"publish","type":"product","link":"https:\/\/didacta.com.uy\/sitio\/producto\/pinguinazo-nuevo-diseno\/","title":{"rendered":"PING\u00dcINAZO"},"content":{"rendered":"<p>Un entretenido juego para desarrollar la habilidad manual y el razonamiento adem\u00e1s de divertirse a lo grande.<\/p>\n<p><strong>C\u00f3digo:<\/strong>\u00a0200\/31<br \/>\n<strong>C\u00f3digo de barras:<\/strong>\u00a07730549002991<br \/>\n<strong>Edad:<\/strong>\u00a03 a\u00f1os en adelante<br \/>\n<strong>Cantidad de jugadores:<\/strong>\u00a02 a 4 jugadores<br \/>\n<strong>Contenido:<\/strong>\u00a038 cubos de \u00abhielo\u00bb celestes y blancos, 1 base grande hexagonal, 4 soportes, 1 ping\u00fcino, 1 ruleta, 2 martillos<br \/>\n<strong>Medidas:<\/strong> 25,5 x 25,5 x 6 cm<br \/>\n<strong>Instrucciones:\u00a0<\/strong><a href=\"https:\/\/didacta.com.uy\/sitio\/wp-content\/uploads\/2021\/02\/PINGUINAZO.pdf\">Descargar<\/a><\/p>\n","protected":false},"excerpt":{"rendered":"<p>Un entretenido juego para desarrollar la habilidad manual y el razonamiento adem\u00e1s de divertirse a lo grande.<\/p>\n<p><strong>C\u00f3digo:<\/strong>\u00a0200\/31<br \/>\n<strong>C\u00f3digo de barras:<\/strong>\u00a07730549002991<br \/>\n<strong>Edad:<\/strong>\u00a03 a\u00f1os en adelante<br \/>\n<strong>Cantidad de jugadores:<\/strong>\u00a02 a 4 jugadores<br \/>\n<strong>Contenido:<\/strong>\u00a038 cubos de \u00abhielo\u00bb celestes y blancos, 1 base grande hexagonal, 4 soportes, 1 ping\u00fcino, 1 ruleta, 2 martillos<br \/>\n<strong>Medidas:<\/strong> 25,5 x 25,5 x 6 cm<br \/>\n<strong>Instrucciones:\u00a0<\/strong><a href=\"https:\/\/didacta.com.uy\/sitio\/wp-content\/uploads\/2021\/02\/PINGUINAZO.pdf\">Descargar<\/a><\/p>\n","protected":false},"featured_media":212414,"comment_status":"closed","ping_status":"closed","template":"","meta":{"_et_pb_use_builder":"","_et_pb_old_content":"","_et_gb_content_width":"","_uf_show_specific_survey":0,"_uf_disable_surveys":false},"product_brand":[],"product_cat":[115],"product_tag":[],"class_list":{"0":"post-212488","1":"product","2":"type-product","3":"status-publish","4":"has-post-thumbnail","6":"product_cat-versus","8":"first","9":"instock","10":"taxable","11":"shipping-taxable","12":"purchasable","13":"product-type-simple"},"aioseo_notices":[],"yoast_head":"<!-- This site is optimized with the Yoast SEO plugin v24.8.1 - https:\/\/yoast.com\/wordpress\/plugins\/seo\/ -->\n<title>PING\u00dcINAZO - Didacta<\/title>\n<meta name=\"robots\" content=\"index, follow, max-snippet:-1, max-image-preview:large, max-video-preview:-1\" \/>\n<link rel=\"canonical\" href=\"https:\/\/didacta.com.uy\/sitio\/producto\/pinguinazo-nuevo-diseno\/\" \/>\n<meta property=\"og:locale\" content=\"es_ES\" \/>\n<meta property=\"og:type\" content=\"article\" \/>\n<meta property=\"og:title\" content=\"PING\u00dcINAZO - Didacta\" \/>\n<meta property=\"og:description\" content=\"Un entretenido juego para desarrollar la habilidad manual y el razonamiento adem\u00e1s de divertirse a lo grande.  C\u00f3digo:\u00a0200\/31 C\u00f3digo de barras:\u00a07730549002991 Edad:\u00a03 a\u00f1os en adelante Cantidad de jugadores:\u00a02 a 4 jugadores Contenido:\u00a038 cubos de \u00abhielo\u00bb celestes y blancos, 1 base grande hexagonal, 4 soportes, 1 ping\u00fcino, 1 ruleta, 2 martillos Medidas: 25,5 x 25,5 x 6 cm Instrucciones:\u00a0Descargar\" \/>\n<meta property=\"og:url\" content=\"https:\/\/didacta.com.uy\/sitio\/producto\/pinguinazo-nuevo-diseno\/\" \/>\n<meta property=\"og:site_name\" content=\"Didacta\" \/>\n<meta property=\"article:modified_time\" content=\"2024-06-24T19:07:30+00:00\" \/>\n<meta property=\"og:image\" content=\"https:\/\/didacta.com.uy\/sitio\/wp-content\/uploads\/2023\/07\/200-31.jpg\" \/>\n\t<meta property=\"og:image:width\" content=\"921\" \/>\n\t<meta property=\"og:image:height\" content=\"800\" \/>\n\t<meta property=\"og:image:type\" content=\"image\/jpeg\" \/>\n<meta name=\"twitter:card\" content=\"summary_large_image\" \/>\n<meta name=\"twitter:label1\" content=\"Tiempo de lectura\" \/>\n\t<meta name=\"twitter:data1\" content=\"1 minuto\" \/>\n<script type=\"application\/ld+json\" class=\"yoast-schema-graph\">{\"@context\":\"https:\/\/schema.org\",\"@graph\":[{\"@type\":\"WebPage\",\"@id\":\"https:\/\/didacta.com.uy\/sitio\/producto\/pinguinazo-nuevo-diseno\/\",\"url\":\"https:\/\/didacta.com.uy\/sitio\/producto\/pinguinazo-nuevo-diseno\/\",\"name\":\"PING\u00dcINAZO - Didacta\",\"isPartOf\":{\"@id\":\"https:\/\/didacta.com.uy\/sitio\/#website\"},\"primaryImageOfPage\":{\"@id\":\"https:\/\/didacta.com.uy\/sitio\/producto\/pinguinazo-nuevo-diseno\/#primaryimage\"},\"image\":{\"@id\":\"https:\/\/didacta.com.uy\/sitio\/producto\/pinguinazo-nuevo-diseno\/#primaryimage\"},\"thumbnailUrl\":\"https:\/\/didacta.com.uy\/sitio\/wp-content\/uploads\/2023\/07\/200-31.jpg\",\"datePublished\":\"2023-07-28T06:33:37+00:00\",\"dateModified\":\"2024-06-24T19:07:30+00:00\",\"breadcrumb\":{\"@id\":\"https:\/\/didacta.com.uy\/sitio\/producto\/pinguinazo-nuevo-diseno\/#breadcrumb\"},\"inLanguage\":\"es\",\"potentialAction\":[{\"@type\":\"ReadAction\",\"target\":[\"https:\/\/didacta.com.uy\/sitio\/producto\/pinguinazo-nuevo-diseno\/\"]}]},{\"@type\":\"ImageObject\",\"inLanguage\":\"es\",\"@id\":\"https:\/\/didacta.com.uy\/sitio\/producto\/pinguinazo-nuevo-diseno\/#primaryimage\",\"url\":\"https:\/\/didacta.com.uy\/sitio\/wp-content\/uploads\/2023\/07\/200-31.jpg\",\"contentUrl\":\"https:\/\/didacta.com.uy\/sitio\/wp-content\/uploads\/2023\/07\/200-31.jpg\",\"width\":921,\"height\":800},{\"@type\":\"BreadcrumbList\",\"@id\":\"https:\/\/didacta.com.uy\/sitio\/producto\/pinguinazo-nuevo-diseno\/#breadcrumb\",\"itemListElement\":[{\"@type\":\"ListItem\",\"position\":1,\"name\":\"Portada\",\"item\":\"https:\/\/didacta.com.uy\/sitio\/\"},{\"@type\":\"ListItem\",\"position\":2,\"name\":\"Inicio\",\"item\":\"https:\/\/didacta.com.uy\/sitio\/\"},{\"@type\":\"ListItem\",\"position\":3,\"name\":\"PING\u00dcINAZO\"}]},{\"@type\":\"WebSite\",\"@id\":\"https:\/\/didacta.com.uy\/sitio\/#website\",\"url\":\"https:\/\/didacta.com.uy\/sitio\/\",\"name\":\"Didacta\",\"description\":\"Con m\u00e1s de 20 a\u00f1os de experiencia, DIDACTA es la marca l\u00edder en el mercado uruguayo de juegos de mesa.\",\"potentialAction\":[{\"@type\":\"SearchAction\",\"target\":{\"@type\":\"EntryPoint\",\"urlTemplate\":\"https:\/\/didacta.com.uy\/sitio\/?s={search_term_string}\"},\"query-input\":{\"@type\":\"PropertyValueSpecification\",\"valueRequired\":true,\"valueName\":\"search_term_string\"}}],\"inLanguage\":\"es\"}]}<\/script>\n<!-- \/ Yoast SEO plugin. -->","yoast_head_json":{"title":"PING\u00dcINAZO - Didacta","robots":{"index":"index","follow":"follow","max-snippet":"max-snippet:-1","max-image-preview":"max-image-preview:large","max-video-preview":"max-video-preview:-1"},"canonical":"https:\/\/didacta.com.uy\/sitio\/producto\/pinguinazo-nuevo-diseno\/","og_locale":"es_ES","og_type":"article","og_title":"PING\u00dcINAZO - Didacta","og_description":"Un entretenido juego para desarrollar la habilidad manual y el razonamiento adem\u00e1s de divertirse a lo grande.  C\u00f3digo:\u00a0200\/31 C\u00f3digo de barras:\u00a07730549002991 Edad:\u00a03 a\u00f1os en adelante Cantidad de jugadores:\u00a02 a 4 jugadores Contenido:\u00a038 cubos de \u00abhielo\u00bb celestes y blancos, 1 base grande hexagonal, 4 soportes, 1 ping\u00fcino, 1 ruleta, 2 martillos Medidas: 25,5 x 25,5 x 6 cm Instrucciones:\u00a0Descargar","og_url":"https:\/\/didacta.com.uy\/sitio\/producto\/pinguinazo-nuevo-diseno\/","og_site_name":"Didacta","article_modified_time":"2024-06-24T19:07:30+00:00","og_image":[{"width":921,"height":800,"url":"https:\/\/didacta.com.uy\/sitio\/wp-content\/uploads\/2023\/07\/200-31.jpg","type":"image\/jpeg"}],"twitter_card":"summary_large_image","twitter_misc":{"Tiempo de lectura":"1 minuto"},"schema":{"@context":"https:\/\/schema.org","@graph":[{"@type":"WebPage","@id":"https:\/\/didacta.com.uy\/sitio\/producto\/pinguinazo-nuevo-diseno\/","url":"https:\/\/didacta.com.uy\/sitio\/producto\/pinguinazo-nuevo-diseno\/","name":"PING\u00dcINAZO - Didacta","isPartOf":{"@id":"https:\/\/didacta.com.uy\/sitio\/#website"},"primaryImageOfPage":{"@id":"https:\/\/didacta.com.uy\/sitio\/producto\/pinguinazo-nuevo-diseno\/#primaryimage"},"image":{"@id":"https:\/\/didacta.com.uy\/sitio\/producto\/pinguinazo-nuevo-diseno\/#primaryimage"},"thumbnailUrl":"https:\/\/didacta.com.uy\/sitio\/wp-content\/uploads\/2023\/07\/200-31.jpg","datePublished":"2023-07-28T06:33:37+00:00","dateModified":"2024-06-24T19:07:30+00:00","breadcrumb":{"@id":"https:\/\/didacta.com.uy\/sitio\/producto\/pinguinazo-nuevo-diseno\/#breadcrumb"},"inLanguage":"es","potentialAction":[{"@type":"ReadAction","target":["https:\/\/didacta.com.uy\/sitio\/producto\/pinguinazo-nuevo-diseno\/"]}]},{"@type":"ImageObject","inLanguage":"es","@id":"https:\/\/didacta.com.uy\/sitio\/producto\/pinguinazo-nuevo-diseno\/#primaryimage","url":"https:\/\/didacta.com.uy\/sitio\/wp-content\/uploads\/2023\/07\/200-31.jpg","contentUrl":"https:\/\/didacta.com.uy\/sitio\/wp-content\/uploads\/2023\/07\/200-31.jpg","width":921,"height":800},{"@type":"BreadcrumbList","@id":"https:\/\/didacta.com.uy\/sitio\/producto\/pinguinazo-nuevo-diseno\/#breadcrumb","itemListElement":[{"@type":"ListItem","position":1,"name":"Portada","item":"https:\/\/didacta.com.uy\/sitio\/"},{"@type":"ListItem","position":2,"name":"Inicio","item":"https:\/\/didacta.com.uy\/sitio\/"},{"@type":"ListItem","position":3,"name":"PING\u00dcINAZO"}]},{"@type":"WebSite","@id":"https:\/\/didacta.com.uy\/sitio\/#website","url":"https:\/\/didacta.com.uy\/sitio\/","name":"Didacta","description":"Con m\u00e1s de 20 a\u00f1os de experiencia, DIDACTA es la marca l\u00edder en el mercado uruguayo de juegos de mesa.","potentialAction":[{"@type":"SearchAction","target":{"@type":"EntryPoint","urlTemplate":"https:\/\/didacta.com.uy\/sitio\/?s={search_term_string}"},"query-input":{"@type":"PropertyValueSpecification","valueRequired":true,"valueName":"search_term_string"}}],"inLanguage":"es"}]}},"_links":{"self":[{"href":"https:\/\/didacta.com.uy\/sitio\/wp-json\/wp\/v2\/product\/212488","targetHints":{"allow":["GET"]}}],"collection":[{"href":"https:\/\/didacta.com.uy\/sitio\/wp-json\/wp\/v2\/product"}],"about":[{"href":"https:\/\/didacta.com.uy\/sitio\/wp-json\/wp\/v2\/types\/product"}],"replies":[{"embeddable":true,"href":"https:\/\/didacta.com.uy\/sitio\/wp-json\/wp\/v2\/comments?post=212488"}],"wp:featuredmedia":[{"embeddable":true,"href":"https:\/\/didacta.com.uy\/sitio\/wp-json\/wp\/v2\/media\/212414"}],"wp:attachment":[{"href":"https:\/\/didacta.com.uy\/sitio\/wp-json\/wp\/v2\/media?parent=212488"}],"wp:term":[{"taxonomy":"product_brand","embeddable":true,"href":"https:\/\/didacta.com.uy\/sitio\/wp-json\/wp\/v2\/product_brand?post=212488"},{"taxonomy":"product_cat","embeddable":true,"href":"https:\/\/didacta.com.uy\/sitio\/wp-json\/wp\/v2\/product_cat?post=212488"},{"taxonomy":"product_tag","embeddable":true,"href":"https:\/\/didacta.com.uy\/sitio\/wp-json\/wp\/v2\/product_tag?post=212488"}],"curies":[{"name":"wp","href":"https:\/\/api.w.org\/{rel}","templated":true}]}}