{"id":212487,"date":"2023-07-28T06:32:40","date_gmt":"2023-07-28T06:32:40","guid":{"rendered":"https:\/\/didacta.com.uy\/sitio\/?post_type=product&#038;p=212487"},"modified":"2024-06-24T19:13:01","modified_gmt":"2024-06-24T19:13:01","slug":"salta-pirata-nuevo-diseno","status":"publish","type":"product","link":"https:\/\/didacta.com.uy\/sitio\/producto\/salta-pirata-nuevo-diseno\/","title":{"rendered":"SALTA PIRATA"},"content":{"rendered":"<p>\u00a1Un juego s\u00faper divertido! Hay que pinchar el barril, con las espaditas, intentando no despertar al pirata. El que logra que el pirata salte pierde el juego.<\/p>\n<p><strong><span style=\"color: #ff0000;\">C\u00f3digo:<\/span><\/strong> 200\/20<br \/>\n<strong><span style=\"color: #ff0000;\">C\u00f3digo de barras:<\/span><\/strong> 7730549200205<br \/>\n<strong><span style=\"color: #ff0000;\">Edad:<\/span><\/strong>\u00a05 a\u00f1os en adelante<br \/>\n<strong><span style=\"color: #ff0000;\">Cantidad de jugadores:<\/span><\/strong> 2 o m\u00e1s jugadores<br \/>\n<strong><span style=\"color: #ff0000;\">Contenido:<\/span> <\/strong>24 espaditas, 1 pirata, 1 barril<br \/>\n<strong><span style=\"color: #ff0000;\">Medidas:<\/span><\/strong> 15 x 19 x 14 cm<br \/>\n<strong><span style=\"color: #ff0000;\">Instrucciones:<\/span><\/strong> <a href=\"http:\/\/didacta.com.uy\/sitio\/wp-content\/uploads\/2020\/06\/salta.pirata.pdf\" target=\"_blank\" rel=\"noopener\">Descargar<\/a><\/p>\n","protected":false},"excerpt":{"rendered":"<p>\u00a1Un juego s\u00faper divertido! Hay que pinchar el barril, con las espaditas, intentando no despertar al pirata. El que logra que el pirata salte pierde el juego.<\/p>\n<p><strong><span style=\"color: #ff0000;\">C\u00f3digo:<\/span><\/strong> 200\/20<br \/>\n<strong><span style=\"color: #ff0000;\">C\u00f3digo de barras:<\/span><\/strong> 7730549200205<br \/>\n<strong><span style=\"color: #ff0000;\">Edad:<\/span><\/strong>\u00a05 a\u00f1os en adelante<br \/>\n<strong><span style=\"color: #ff0000;\">Cantidad de jugadores:<\/span><\/strong> 2 o m\u00e1s jugadores<br \/>\n<strong><span style=\"color: #ff0000;\">Contenido:<\/span> <\/strong>24 espaditas, 1 pirata, 1 barril<br \/>\n<strong><span style=\"color: #ff0000;\">Medidas:<\/span><\/strong> 15 x 19 x 14 cm<br \/>\n<strong><span style=\"color: #ff0000;\">Instrucciones:<\/span><\/strong> <a href=\"http:\/\/didacta.com.uy\/sitio\/wp-content\/uploads\/2020\/06\/salta.pirata.pdf\" target=\"_blank\" rel=\"noopener\">Descargar<\/a><\/p>\n","protected":false},"featured_media":212413,"comment_status":"closed","ping_status":"closed","template":"","meta":{"_et_pb_use_builder":"","_et_pb_old_content":"","_et_gb_content_width":"","_uf_show_specific_survey":0,"_uf_disable_surveys":false},"product_brand":[],"product_cat":[115],"product_tag":[],"class_list":{"0":"post-212487","1":"product","2":"type-product","3":"status-publish","4":"has-post-thumbnail","6":"product_cat-versus","8":"first","9":"instock","10":"taxable","11":"shipping-taxable","12":"purchasable","13":"product-type-simple"},"aioseo_notices":[],"yoast_head":"<!-- This site is optimized with the Yoast SEO plugin v24.8.1 - https:\/\/yoast.com\/wordpress\/plugins\/seo\/ -->\n<title>SALTA PIRATA - Didacta<\/title>\n<meta name=\"robots\" content=\"index, follow, max-snippet:-1, max-image-preview:large, max-video-preview:-1\" \/>\n<link rel=\"canonical\" href=\"https:\/\/didacta.com.uy\/sitio\/producto\/salta-pirata-nuevo-diseno\/\" \/>\n<meta property=\"og:locale\" content=\"es_ES\" \/>\n<meta property=\"og:type\" content=\"article\" \/>\n<meta property=\"og:title\" content=\"SALTA PIRATA - Didacta\" \/>\n<meta property=\"og:description\" content=\"\u00a1Un juego s\u00faper divertido! Hay que pinchar el barril, con las espaditas, intentando no despertar al pirata. El que logra que el pirata salte pierde el juego.  C\u00f3digo: 200\/20 C\u00f3digo de barras: 7730549200205 Edad:\u00a05 a\u00f1os en adelante Cantidad de jugadores: 2 o m\u00e1s jugadores Contenido: 24 espaditas, 1 pirata, 1 barril Medidas: 15 x 19 x 14 cm Instrucciones: Descargar\" \/>\n<meta property=\"og:url\" content=\"https:\/\/didacta.com.uy\/sitio\/producto\/salta-pirata-nuevo-diseno\/\" \/>\n<meta property=\"og:site_name\" content=\"Didacta\" \/>\n<meta property=\"article:modified_time\" content=\"2024-06-24T19:13:01+00:00\" \/>\n<meta property=\"og:image\" content=\"https:\/\/didacta.com.uy\/sitio\/wp-content\/uploads\/2023\/07\/200-20.jpg\" \/>\n\t<meta property=\"og:image:width\" content=\"851\" \/>\n\t<meta property=\"og:image:height\" content=\"875\" \/>\n\t<meta property=\"og:image:type\" content=\"image\/jpeg\" \/>\n<meta name=\"twitter:card\" content=\"summary_large_image\" \/>\n<meta name=\"twitter:label1\" content=\"Tiempo de lectura\" \/>\n\t<meta name=\"twitter:data1\" content=\"1 minuto\" \/>\n<script type=\"application\/ld+json\" class=\"yoast-schema-graph\">{\"@context\":\"https:\/\/schema.org\",\"@graph\":[{\"@type\":\"WebPage\",\"@id\":\"https:\/\/didacta.com.uy\/sitio\/producto\/salta-pirata-nuevo-diseno\/\",\"url\":\"https:\/\/didacta.com.uy\/sitio\/producto\/salta-pirata-nuevo-diseno\/\",\"name\":\"SALTA PIRATA - Didacta\",\"isPartOf\":{\"@id\":\"https:\/\/didacta.com.uy\/sitio\/#website\"},\"primaryImageOfPage\":{\"@id\":\"https:\/\/didacta.com.uy\/sitio\/producto\/salta-pirata-nuevo-diseno\/#primaryimage\"},\"image\":{\"@id\":\"https:\/\/didacta.com.uy\/sitio\/producto\/salta-pirata-nuevo-diseno\/#primaryimage\"},\"thumbnailUrl\":\"https:\/\/didacta.com.uy\/sitio\/wp-content\/uploads\/2023\/07\/200-20.jpg\",\"datePublished\":\"2023-07-28T06:32:40+00:00\",\"dateModified\":\"2024-06-24T19:13:01+00:00\",\"breadcrumb\":{\"@id\":\"https:\/\/didacta.com.uy\/sitio\/producto\/salta-pirata-nuevo-diseno\/#breadcrumb\"},\"inLanguage\":\"es\",\"potentialAction\":[{\"@type\":\"ReadAction\",\"target\":[\"https:\/\/didacta.com.uy\/sitio\/producto\/salta-pirata-nuevo-diseno\/\"]}]},{\"@type\":\"ImageObject\",\"inLanguage\":\"es\",\"@id\":\"https:\/\/didacta.com.uy\/sitio\/producto\/salta-pirata-nuevo-diseno\/#primaryimage\",\"url\":\"https:\/\/didacta.com.uy\/sitio\/wp-content\/uploads\/2023\/07\/200-20.jpg\",\"contentUrl\":\"https:\/\/didacta.com.uy\/sitio\/wp-content\/uploads\/2023\/07\/200-20.jpg\",\"width\":851,\"height\":875},{\"@type\":\"BreadcrumbList\",\"@id\":\"https:\/\/didacta.com.uy\/sitio\/producto\/salta-pirata-nuevo-diseno\/#breadcrumb\",\"itemListElement\":[{\"@type\":\"ListItem\",\"position\":1,\"name\":\"Portada\",\"item\":\"https:\/\/didacta.com.uy\/sitio\/\"},{\"@type\":\"ListItem\",\"position\":2,\"name\":\"Inicio\",\"item\":\"https:\/\/didacta.com.uy\/sitio\/\"},{\"@type\":\"ListItem\",\"position\":3,\"name\":\"SALTA PIRATA\"}]},{\"@type\":\"WebSite\",\"@id\":\"https:\/\/didacta.com.uy\/sitio\/#website\",\"url\":\"https:\/\/didacta.com.uy\/sitio\/\",\"name\":\"Didacta\",\"description\":\"Con m\u00e1s de 20 a\u00f1os de experiencia, DIDACTA es la marca l\u00edder en el mercado uruguayo de juegos de mesa.\",\"potentialAction\":[{\"@type\":\"SearchAction\",\"target\":{\"@type\":\"EntryPoint\",\"urlTemplate\":\"https:\/\/didacta.com.uy\/sitio\/?s={search_term_string}\"},\"query-input\":{\"@type\":\"PropertyValueSpecification\",\"valueRequired\":true,\"valueName\":\"search_term_string\"}}],\"inLanguage\":\"es\"}]}<\/script>\n<!-- \/ Yoast SEO plugin. -->","yoast_head_json":{"title":"SALTA PIRATA - Didacta","robots":{"index":"index","follow":"follow","max-snippet":"max-snippet:-1","max-image-preview":"max-image-preview:large","max-video-preview":"max-video-preview:-1"},"canonical":"https:\/\/didacta.com.uy\/sitio\/producto\/salta-pirata-nuevo-diseno\/","og_locale":"es_ES","og_type":"article","og_title":"SALTA PIRATA - Didacta","og_description":"\u00a1Un juego s\u00faper divertido! Hay que pinchar el barril, con las espaditas, intentando no despertar al pirata. El que logra que el pirata salte pierde el juego.  C\u00f3digo: 200\/20 C\u00f3digo de barras: 7730549200205 Edad:\u00a05 a\u00f1os en adelante Cantidad de jugadores: 2 o m\u00e1s jugadores Contenido: 24 espaditas, 1 pirata, 1 barril Medidas: 15 x 19 x 14 cm Instrucciones: Descargar","og_url":"https:\/\/didacta.com.uy\/sitio\/producto\/salta-pirata-nuevo-diseno\/","og_site_name":"Didacta","article_modified_time":"2024-06-24T19:13:01+00:00","og_image":[{"width":851,"height":875,"url":"https:\/\/didacta.com.uy\/sitio\/wp-content\/uploads\/2023\/07\/200-20.jpg","type":"image\/jpeg"}],"twitter_card":"summary_large_image","twitter_misc":{"Tiempo de lectura":"1 minuto"},"schema":{"@context":"https:\/\/schema.org","@graph":[{"@type":"WebPage","@id":"https:\/\/didacta.com.uy\/sitio\/producto\/salta-pirata-nuevo-diseno\/","url":"https:\/\/didacta.com.uy\/sitio\/producto\/salta-pirata-nuevo-diseno\/","name":"SALTA PIRATA - Didacta","isPartOf":{"@id":"https:\/\/didacta.com.uy\/sitio\/#website"},"primaryImageOfPage":{"@id":"https:\/\/didacta.com.uy\/sitio\/producto\/salta-pirata-nuevo-diseno\/#primaryimage"},"image":{"@id":"https:\/\/didacta.com.uy\/sitio\/producto\/salta-pirata-nuevo-diseno\/#primaryimage"},"thumbnailUrl":"https:\/\/didacta.com.uy\/sitio\/wp-content\/uploads\/2023\/07\/200-20.jpg","datePublished":"2023-07-28T06:32:40+00:00","dateModified":"2024-06-24T19:13:01+00:00","breadcrumb":{"@id":"https:\/\/didacta.com.uy\/sitio\/producto\/salta-pirata-nuevo-diseno\/#breadcrumb"},"inLanguage":"es","potentialAction":[{"@type":"ReadAction","target":["https:\/\/didacta.com.uy\/sitio\/producto\/salta-pirata-nuevo-diseno\/"]}]},{"@type":"ImageObject","inLanguage":"es","@id":"https:\/\/didacta.com.uy\/sitio\/producto\/salta-pirata-nuevo-diseno\/#primaryimage","url":"https:\/\/didacta.com.uy\/sitio\/wp-content\/uploads\/2023\/07\/200-20.jpg","contentUrl":"https:\/\/didacta.com.uy\/sitio\/wp-content\/uploads\/2023\/07\/200-20.jpg","width":851,"height":875},{"@type":"BreadcrumbList","@id":"https:\/\/didacta.com.uy\/sitio\/producto\/salta-pirata-nuevo-diseno\/#breadcrumb","itemListElement":[{"@type":"ListItem","position":1,"name":"Portada","item":"https:\/\/didacta.com.uy\/sitio\/"},{"@type":"ListItem","position":2,"name":"Inicio","item":"https:\/\/didacta.com.uy\/sitio\/"},{"@type":"ListItem","position":3,"name":"SALTA PIRATA"}]},{"@type":"WebSite","@id":"https:\/\/didacta.com.uy\/sitio\/#website","url":"https:\/\/didacta.com.uy\/sitio\/","name":"Didacta","description":"Con m\u00e1s de 20 a\u00f1os de experiencia, DIDACTA es la marca l\u00edder en el mercado uruguayo de juegos de mesa.","potentialAction":[{"@type":"SearchAction","target":{"@type":"EntryPoint","urlTemplate":"https:\/\/didacta.com.uy\/sitio\/?s={search_term_string}"},"query-input":{"@type":"PropertyValueSpecification","valueRequired":true,"valueName":"search_term_string"}}],"inLanguage":"es"}]}},"_links":{"self":[{"href":"https:\/\/didacta.com.uy\/sitio\/wp-json\/wp\/v2\/product\/212487","targetHints":{"allow":["GET"]}}],"collection":[{"href":"https:\/\/didacta.com.uy\/sitio\/wp-json\/wp\/v2\/product"}],"about":[{"href":"https:\/\/didacta.com.uy\/sitio\/wp-json\/wp\/v2\/types\/product"}],"replies":[{"embeddable":true,"href":"https:\/\/didacta.com.uy\/sitio\/wp-json\/wp\/v2\/comments?post=212487"}],"wp:featuredmedia":[{"embeddable":true,"href":"https:\/\/didacta.com.uy\/sitio\/wp-json\/wp\/v2\/media\/212413"}],"wp:attachment":[{"href":"https:\/\/didacta.com.uy\/sitio\/wp-json\/wp\/v2\/media?parent=212487"}],"wp:term":[{"taxonomy":"product_brand","embeddable":true,"href":"https:\/\/didacta.com.uy\/sitio\/wp-json\/wp\/v2\/product_brand?post=212487"},{"taxonomy":"product_cat","embeddable":true,"href":"https:\/\/didacta.com.uy\/sitio\/wp-json\/wp\/v2\/product_cat?post=212487"},{"taxonomy":"product_tag","embeddable":true,"href":"https:\/\/didacta.com.uy\/sitio\/wp-json\/wp\/v2\/product_tag?post=212487"}],"curies":[{"name":"wp","href":"https:\/\/api.w.org\/{rel}","templated":true}]}}