{"id":212486,"date":"2023-07-28T06:31:46","date_gmt":"2023-07-28T06:31:46","guid":{"rendered":"https:\/\/didacta.com.uy\/sitio\/?post_type=product&#038;p=212486"},"modified":"2023-10-26T17:45:22","modified_gmt":"2023-10-26T17:45:22","slug":"castillo-encantado-zombies","status":"publish","type":"product","link":"https:\/\/didacta.com.uy\/sitio\/producto\/castillo-encantado-zombies\/","title":{"rendered":"CASTILLO ENCANTADO ZOMBIES"},"content":{"rendered":"<p>Divertite jugando en el Castillo Encantado Zombies!<br \/>\nReanim\u00e1 los zombies y viv\u00ed junto a ellos una aventura \u00fanica en un tablero 3D.<br \/>\nPero date prisa, que cuanto antes hagas el recorrido hasta el tesoro tu personaje ser\u00e1 el ganador!<br \/>\n<strong>C\u00f3digo:\u00a0<\/strong>156\/51<br \/>\n<strong>C\u00f3digo de barras:<\/strong>7730549006487<br \/>\n<strong>Edad:\u00a0<\/strong>3\u00a0a\u00f1os en adelante<br \/>\n<strong>Cantidad de jugadores:\u00a0<\/strong>2 a 6 jugadores<br \/>\n<strong>Contenido:\u00a0<\/strong>tablero 3D, 6 fichas y dados<br \/>\n<strong>Medidas:<\/strong>\u00a037 x 27 x 5 cm<\/p>\n","protected":false},"excerpt":{"rendered":"<p>Divertite jugando en el Castillo Encantado Zombies!<br \/>\nReanim\u00e1 los zombies y viv\u00ed junto a ellos una aventura \u00fanica en un tablero 3D.<br \/>\nPero date prisa, que cuanto antes hagas el recorrido hasta el tesoro tu personaje ser\u00e1 el ganador!<br \/>\n<strong>C\u00f3digo:\u00a0<\/strong>156\/51<br \/>\n<strong>C\u00f3digo de barras:<\/strong>7730549006487<br \/>\n<strong>Edad:\u00a0<\/strong>3\u00a0a\u00f1os en adelante<br \/>\n<strong>Cantidad de jugadores:\u00a0<\/strong>2 a 6 jugadores<br \/>\n<strong>Contenido:\u00a0<\/strong>tablero 3D, 6 fichas y dados<br \/>\n<strong>Medidas:<\/strong>\u00a037 x 27 x 5 cm<\/p>\n","protected":false},"featured_media":212410,"comment_status":"closed","ping_status":"closed","template":"","meta":{"_et_pb_use_builder":"","_et_pb_old_content":"","_et_gb_content_width":"","_uf_show_specific_survey":0,"_uf_disable_surveys":false},"product_brand":[],"product_cat":[79],"product_tag":[],"class_list":{"0":"post-212486","1":"product","2":"type-product","3":"status-publish","4":"has-post-thumbnail","6":"product_cat-juego-para-todos","8":"first","9":"instock","10":"taxable","11":"shipping-taxable","12":"purchasable","13":"product-type-simple"},"aioseo_notices":[],"yoast_head":"<!-- This site is optimized with the Yoast SEO plugin v24.8.1 - https:\/\/yoast.com\/wordpress\/plugins\/seo\/ -->\n<title>CASTILLO ENCANTADO ZOMBIES - Didacta<\/title>\n<meta name=\"robots\" content=\"index, follow, max-snippet:-1, max-image-preview:large, max-video-preview:-1\" \/>\n<link rel=\"canonical\" href=\"https:\/\/didacta.com.uy\/sitio\/producto\/castillo-encantado-zombies\/\" \/>\n<meta property=\"og:locale\" content=\"es_ES\" \/>\n<meta property=\"og:type\" content=\"article\" \/>\n<meta property=\"og:title\" content=\"CASTILLO ENCANTADO ZOMBIES - Didacta\" \/>\n<meta property=\"og:description\" content=\"Divertite jugando en el Castillo Encantado Zombies! Reanim\u00e1 los zombies y viv\u00ed junto a ellos una aventura \u00fanica en un tablero 3D. Pero date prisa, que cuanto antes hagas el recorrido hasta el tesoro tu personaje ser\u00e1 el ganador! C\u00f3digo:\u00a0156\/51 C\u00f3digo de barras:7730549006487 Edad:\u00a03\u00a0a\u00f1os en adelante Cantidad de jugadores:\u00a02 a 6 jugadores Contenido:\u00a0tablero 3D, 6 fichas y dados Medidas:\u00a037 x 27 x 5 cm\" \/>\n<meta property=\"og:url\" content=\"https:\/\/didacta.com.uy\/sitio\/producto\/castillo-encantado-zombies\/\" \/>\n<meta property=\"og:site_name\" content=\"Didacta\" \/>\n<meta property=\"article:modified_time\" content=\"2023-10-26T17:45:22+00:00\" \/>\n<meta property=\"og:image\" content=\"https:\/\/didacta.com.uy\/sitio\/wp-content\/uploads\/2023\/07\/156-51.jpg\" \/>\n\t<meta property=\"og:image:width\" content=\"800\" \/>\n\t<meta property=\"og:image:height\" content=\"579\" \/>\n\t<meta property=\"og:image:type\" content=\"image\/jpeg\" \/>\n<meta name=\"twitter:card\" content=\"summary_large_image\" \/>\n<meta name=\"twitter:label1\" content=\"Tiempo de lectura\" \/>\n\t<meta name=\"twitter:data1\" content=\"1 minuto\" \/>\n<script type=\"application\/ld+json\" class=\"yoast-schema-graph\">{\"@context\":\"https:\/\/schema.org\",\"@graph\":[{\"@type\":\"WebPage\",\"@id\":\"https:\/\/didacta.com.uy\/sitio\/producto\/castillo-encantado-zombies\/\",\"url\":\"https:\/\/didacta.com.uy\/sitio\/producto\/castillo-encantado-zombies\/\",\"name\":\"CASTILLO ENCANTADO ZOMBIES - Didacta\",\"isPartOf\":{\"@id\":\"https:\/\/didacta.com.uy\/sitio\/#website\"},\"primaryImageOfPage\":{\"@id\":\"https:\/\/didacta.com.uy\/sitio\/producto\/castillo-encantado-zombies\/#primaryimage\"},\"image\":{\"@id\":\"https:\/\/didacta.com.uy\/sitio\/producto\/castillo-encantado-zombies\/#primaryimage\"},\"thumbnailUrl\":\"https:\/\/didacta.com.uy\/sitio\/wp-content\/uploads\/2023\/07\/156-51.jpg\",\"datePublished\":\"2023-07-28T06:31:46+00:00\",\"dateModified\":\"2023-10-26T17:45:22+00:00\",\"breadcrumb\":{\"@id\":\"https:\/\/didacta.com.uy\/sitio\/producto\/castillo-encantado-zombies\/#breadcrumb\"},\"inLanguage\":\"es\",\"potentialAction\":[{\"@type\":\"ReadAction\",\"target\":[\"https:\/\/didacta.com.uy\/sitio\/producto\/castillo-encantado-zombies\/\"]}]},{\"@type\":\"ImageObject\",\"inLanguage\":\"es\",\"@id\":\"https:\/\/didacta.com.uy\/sitio\/producto\/castillo-encantado-zombies\/#primaryimage\",\"url\":\"https:\/\/didacta.com.uy\/sitio\/wp-content\/uploads\/2023\/07\/156-51.jpg\",\"contentUrl\":\"https:\/\/didacta.com.uy\/sitio\/wp-content\/uploads\/2023\/07\/156-51.jpg\",\"width\":800,\"height\":579},{\"@type\":\"BreadcrumbList\",\"@id\":\"https:\/\/didacta.com.uy\/sitio\/producto\/castillo-encantado-zombies\/#breadcrumb\",\"itemListElement\":[{\"@type\":\"ListItem\",\"position\":1,\"name\":\"Portada\",\"item\":\"https:\/\/didacta.com.uy\/sitio\/\"},{\"@type\":\"ListItem\",\"position\":2,\"name\":\"Inicio\",\"item\":\"https:\/\/didacta.com.uy\/sitio\/\"},{\"@type\":\"ListItem\",\"position\":3,\"name\":\"CASTILLO ENCANTADO ZOMBIES\"}]},{\"@type\":\"WebSite\",\"@id\":\"https:\/\/didacta.com.uy\/sitio\/#website\",\"url\":\"https:\/\/didacta.com.uy\/sitio\/\",\"name\":\"Didacta\",\"description\":\"Con m\u00e1s de 20 a\u00f1os de experiencia, DIDACTA es la marca l\u00edder en el mercado uruguayo de juegos de mesa.\",\"potentialAction\":[{\"@type\":\"SearchAction\",\"target\":{\"@type\":\"EntryPoint\",\"urlTemplate\":\"https:\/\/didacta.com.uy\/sitio\/?s={search_term_string}\"},\"query-input\":{\"@type\":\"PropertyValueSpecification\",\"valueRequired\":true,\"valueName\":\"search_term_string\"}}],\"inLanguage\":\"es\"}]}<\/script>\n<!-- \/ Yoast SEO plugin. -->","yoast_head_json":{"title":"CASTILLO ENCANTADO ZOMBIES - Didacta","robots":{"index":"index","follow":"follow","max-snippet":"max-snippet:-1","max-image-preview":"max-image-preview:large","max-video-preview":"max-video-preview:-1"},"canonical":"https:\/\/didacta.com.uy\/sitio\/producto\/castillo-encantado-zombies\/","og_locale":"es_ES","og_type":"article","og_title":"CASTILLO ENCANTADO ZOMBIES - Didacta","og_description":"Divertite jugando en el Castillo Encantado Zombies! Reanim\u00e1 los zombies y viv\u00ed junto a ellos una aventura \u00fanica en un tablero 3D. Pero date prisa, que cuanto antes hagas el recorrido hasta el tesoro tu personaje ser\u00e1 el ganador! C\u00f3digo:\u00a0156\/51 C\u00f3digo de barras:7730549006487 Edad:\u00a03\u00a0a\u00f1os en adelante Cantidad de jugadores:\u00a02 a 6 jugadores Contenido:\u00a0tablero 3D, 6 fichas y dados Medidas:\u00a037 x 27 x 5 cm","og_url":"https:\/\/didacta.com.uy\/sitio\/producto\/castillo-encantado-zombies\/","og_site_name":"Didacta","article_modified_time":"2023-10-26T17:45:22+00:00","og_image":[{"width":800,"height":579,"url":"https:\/\/didacta.com.uy\/sitio\/wp-content\/uploads\/2023\/07\/156-51.jpg","type":"image\/jpeg"}],"twitter_card":"summary_large_image","twitter_misc":{"Tiempo de lectura":"1 minuto"},"schema":{"@context":"https:\/\/schema.org","@graph":[{"@type":"WebPage","@id":"https:\/\/didacta.com.uy\/sitio\/producto\/castillo-encantado-zombies\/","url":"https:\/\/didacta.com.uy\/sitio\/producto\/castillo-encantado-zombies\/","name":"CASTILLO ENCANTADO ZOMBIES - Didacta","isPartOf":{"@id":"https:\/\/didacta.com.uy\/sitio\/#website"},"primaryImageOfPage":{"@id":"https:\/\/didacta.com.uy\/sitio\/producto\/castillo-encantado-zombies\/#primaryimage"},"image":{"@id":"https:\/\/didacta.com.uy\/sitio\/producto\/castillo-encantado-zombies\/#primaryimage"},"thumbnailUrl":"https:\/\/didacta.com.uy\/sitio\/wp-content\/uploads\/2023\/07\/156-51.jpg","datePublished":"2023-07-28T06:31:46+00:00","dateModified":"2023-10-26T17:45:22+00:00","breadcrumb":{"@id":"https:\/\/didacta.com.uy\/sitio\/producto\/castillo-encantado-zombies\/#breadcrumb"},"inLanguage":"es","potentialAction":[{"@type":"ReadAction","target":["https:\/\/didacta.com.uy\/sitio\/producto\/castillo-encantado-zombies\/"]}]},{"@type":"ImageObject","inLanguage":"es","@id":"https:\/\/didacta.com.uy\/sitio\/producto\/castillo-encantado-zombies\/#primaryimage","url":"https:\/\/didacta.com.uy\/sitio\/wp-content\/uploads\/2023\/07\/156-51.jpg","contentUrl":"https:\/\/didacta.com.uy\/sitio\/wp-content\/uploads\/2023\/07\/156-51.jpg","width":800,"height":579},{"@type":"BreadcrumbList","@id":"https:\/\/didacta.com.uy\/sitio\/producto\/castillo-encantado-zombies\/#breadcrumb","itemListElement":[{"@type":"ListItem","position":1,"name":"Portada","item":"https:\/\/didacta.com.uy\/sitio\/"},{"@type":"ListItem","position":2,"name":"Inicio","item":"https:\/\/didacta.com.uy\/sitio\/"},{"@type":"ListItem","position":3,"name":"CASTILLO ENCANTADO ZOMBIES"}]},{"@type":"WebSite","@id":"https:\/\/didacta.com.uy\/sitio\/#website","url":"https:\/\/didacta.com.uy\/sitio\/","name":"Didacta","description":"Con m\u00e1s de 20 a\u00f1os de experiencia, DIDACTA es la marca l\u00edder en el mercado uruguayo de juegos de mesa.","potentialAction":[{"@type":"SearchAction","target":{"@type":"EntryPoint","urlTemplate":"https:\/\/didacta.com.uy\/sitio\/?s={search_term_string}"},"query-input":{"@type":"PropertyValueSpecification","valueRequired":true,"valueName":"search_term_string"}}],"inLanguage":"es"}]}},"_links":{"self":[{"href":"https:\/\/didacta.com.uy\/sitio\/wp-json\/wp\/v2\/product\/212486","targetHints":{"allow":["GET"]}}],"collection":[{"href":"https:\/\/didacta.com.uy\/sitio\/wp-json\/wp\/v2\/product"}],"about":[{"href":"https:\/\/didacta.com.uy\/sitio\/wp-json\/wp\/v2\/types\/product"}],"replies":[{"embeddable":true,"href":"https:\/\/didacta.com.uy\/sitio\/wp-json\/wp\/v2\/comments?post=212486"}],"wp:featuredmedia":[{"embeddable":true,"href":"https:\/\/didacta.com.uy\/sitio\/wp-json\/wp\/v2\/media\/212410"}],"wp:attachment":[{"href":"https:\/\/didacta.com.uy\/sitio\/wp-json\/wp\/v2\/media?parent=212486"}],"wp:term":[{"taxonomy":"product_brand","embeddable":true,"href":"https:\/\/didacta.com.uy\/sitio\/wp-json\/wp\/v2\/product_brand?post=212486"},{"taxonomy":"product_cat","embeddable":true,"href":"https:\/\/didacta.com.uy\/sitio\/wp-json\/wp\/v2\/product_cat?post=212486"},{"taxonomy":"product_tag","embeddable":true,"href":"https:\/\/didacta.com.uy\/sitio\/wp-json\/wp\/v2\/product_tag?post=212486"}],"curies":[{"name":"wp","href":"https:\/\/api.w.org\/{rel}","templated":true}]}}