{"id":212482,"date":"2023-07-28T06:27:39","date_gmt":"2023-07-28T06:27:39","guid":{"rendered":"https:\/\/didacta.com.uy\/sitio\/?post_type=product&#038;p=212482"},"modified":"2024-02-19T18:09:07","modified_gmt":"2024-02-19T18:09:07","slug":"puzzle-12-pcs-la-granja","status":"publish","type":"product","link":"https:\/\/didacta.com.uy\/sitio\/producto\/puzzle-12-pcs-la-granja\/","title":{"rendered":"PUZZLE 12 Pcs. LA GRANJA"},"content":{"rendered":"<p>\u00bfTe has dado cuenta alguna vez todo lo que hay en una granja?<br \/>\nCon este incre\u00edble puzzle podr\u00e1s acercar a ni\u00f1as y ni\u00f1os al mundo de los animales de una granja con ilustraciones super amigables y divertidas!<\/p>\n<p><strong><span style=\"color: #ff0000;\">C\u00f3digo:<\/span><\/strong> 100\/010<br \/>\n<strong><span style=\"color: #ff0000;\">C\u00f3digo de barras: <\/span><\/strong>7730549006258<br \/>\n<strong><span style=\"color: #ff0000;\">Edad:<\/span><\/strong> 2 a\u00f1os en adelante<br \/>\n<strong><span style=\"color: #ff0000;\">Cantidad de jugadores:<\/span><\/strong> 1 o m\u00e1s jugadores<br \/>\n<strong><span style=\"color: #ff0000;\">Contenido:<\/span><\/strong> 1 puzzle de 12 piezas &#8211; 20 x 30 cm<br \/>\n<strong><span style=\"color: #ff0000;\">Medidas:<\/span><\/strong> 22 x 20 x 3.5 cm<\/p>\n<p>&nbsp;<\/p>\n<p>100\/10<\/p>\n","protected":false},"excerpt":{"rendered":"<p>\u00bfTe has dado cuenta alguna vez todo lo que hay en una granja?<br \/>\nCon este incre\u00edble puzzle podr\u00e1s acercar a ni\u00f1as y ni\u00f1os al mundo de los animales de una granja con ilustraciones super amigables y divertidas!<\/p>\n<p><strong><span style=\"color: #ff0000;\">C\u00f3digo:<\/span><\/strong> 100\/010<br \/>\n<strong><span style=\"color: #ff0000;\">C\u00f3digo de barras: <\/span><\/strong>7730549006258<br \/>\n<strong><span style=\"color: #ff0000;\">Edad:<\/span><\/strong> 2 a\u00f1os en adelante<br \/>\n<strong><span style=\"color: #ff0000;\">Cantidad de jugadores:<\/span><\/strong> 1 o m\u00e1s jugadores<br \/>\n<strong><span style=\"color: #ff0000;\">Contenido:<\/span><\/strong> 1 puzzle de 12 piezas &#8211; 20 x 30 cm<br \/>\n<strong><span style=\"color: #ff0000;\">Medidas:<\/span><\/strong> 22 x 20 x 3.5 cm<\/p>\n","protected":false},"featured_media":212406,"comment_status":"closed","ping_status":"closed","template":"","meta":{"_et_pb_use_builder":"","_et_pb_old_content":"","_et_gb_content_width":"","_uf_show_specific_survey":0,"_uf_disable_surveys":false},"product_brand":[],"product_cat":[126],"product_tag":[],"class_list":{"0":"post-212482","1":"product","2":"type-product","3":"status-publish","4":"has-post-thumbnail","6":"product_cat-granja","8":"first","9":"instock","10":"taxable","11":"shipping-taxable","12":"purchasable","13":"product-type-simple"},"aioseo_notices":[],"yoast_head":"<!-- This site is optimized with the Yoast SEO plugin v24.8.1 - https:\/\/yoast.com\/wordpress\/plugins\/seo\/ -->\n<title>PUZZLE 12 Pcs. LA GRANJA - Didacta<\/title>\n<meta name=\"robots\" content=\"index, follow, max-snippet:-1, max-image-preview:large, max-video-preview:-1\" \/>\n<link rel=\"canonical\" href=\"https:\/\/didacta.com.uy\/sitio\/producto\/puzzle-12-pcs-la-granja\/\" \/>\n<meta property=\"og:locale\" content=\"es_ES\" \/>\n<meta property=\"og:type\" content=\"article\" \/>\n<meta property=\"og:title\" content=\"PUZZLE 12 Pcs. LA GRANJA - Didacta\" \/>\n<meta property=\"og:description\" content=\"\u00bfTe has dado cuenta alguna vez todo lo que hay en una granja? Con este incre\u00edble puzzle podr\u00e1s acercar a ni\u00f1as y ni\u00f1os al mundo de los animales de una granja con ilustraciones super amigables y divertidas!  C\u00f3digo: 100\/010 C\u00f3digo de barras: 7730549006258 Edad: 2 a\u00f1os en adelante Cantidad de jugadores: 1 o m\u00e1s jugadores Contenido: 1 puzzle de 12 piezas - 20 x 30 cm Medidas: 22 x 20 x 3.5 cm\" \/>\n<meta property=\"og:url\" content=\"https:\/\/didacta.com.uy\/sitio\/producto\/puzzle-12-pcs-la-granja\/\" \/>\n<meta property=\"og:site_name\" content=\"Didacta\" \/>\n<meta property=\"article:modified_time\" content=\"2024-02-19T18:09:07+00:00\" \/>\n<meta property=\"og:image\" content=\"https:\/\/didacta.com.uy\/sitio\/wp-content\/uploads\/2023\/07\/100-10.jpg\" \/>\n\t<meta property=\"og:image:width\" content=\"800\" \/>\n\t<meta property=\"og:image:height\" content=\"735\" \/>\n\t<meta property=\"og:image:type\" content=\"image\/jpeg\" \/>\n<meta name=\"twitter:card\" content=\"summary_large_image\" \/>\n<meta name=\"twitter:label1\" content=\"Tiempo de lectura\" \/>\n\t<meta name=\"twitter:data1\" content=\"1 minuto\" \/>\n<script type=\"application\/ld+json\" class=\"yoast-schema-graph\">{\"@context\":\"https:\/\/schema.org\",\"@graph\":[{\"@type\":\"WebPage\",\"@id\":\"https:\/\/didacta.com.uy\/sitio\/producto\/puzzle-12-pcs-la-granja\/\",\"url\":\"https:\/\/didacta.com.uy\/sitio\/producto\/puzzle-12-pcs-la-granja\/\",\"name\":\"PUZZLE 12 Pcs. LA GRANJA - Didacta\",\"isPartOf\":{\"@id\":\"https:\/\/didacta.com.uy\/sitio\/#website\"},\"primaryImageOfPage\":{\"@id\":\"https:\/\/didacta.com.uy\/sitio\/producto\/puzzle-12-pcs-la-granja\/#primaryimage\"},\"image\":{\"@id\":\"https:\/\/didacta.com.uy\/sitio\/producto\/puzzle-12-pcs-la-granja\/#primaryimage\"},\"thumbnailUrl\":\"https:\/\/didacta.com.uy\/sitio\/wp-content\/uploads\/2023\/07\/100-10.jpg\",\"datePublished\":\"2023-07-28T06:27:39+00:00\",\"dateModified\":\"2024-02-19T18:09:07+00:00\",\"breadcrumb\":{\"@id\":\"https:\/\/didacta.com.uy\/sitio\/producto\/puzzle-12-pcs-la-granja\/#breadcrumb\"},\"inLanguage\":\"es\",\"potentialAction\":[{\"@type\":\"ReadAction\",\"target\":[\"https:\/\/didacta.com.uy\/sitio\/producto\/puzzle-12-pcs-la-granja\/\"]}]},{\"@type\":\"ImageObject\",\"inLanguage\":\"es\",\"@id\":\"https:\/\/didacta.com.uy\/sitio\/producto\/puzzle-12-pcs-la-granja\/#primaryimage\",\"url\":\"https:\/\/didacta.com.uy\/sitio\/wp-content\/uploads\/2023\/07\/100-10.jpg\",\"contentUrl\":\"https:\/\/didacta.com.uy\/sitio\/wp-content\/uploads\/2023\/07\/100-10.jpg\",\"width\":800,\"height\":735},{\"@type\":\"BreadcrumbList\",\"@id\":\"https:\/\/didacta.com.uy\/sitio\/producto\/puzzle-12-pcs-la-granja\/#breadcrumb\",\"itemListElement\":[{\"@type\":\"ListItem\",\"position\":1,\"name\":\"Portada\",\"item\":\"https:\/\/didacta.com.uy\/sitio\/\"},{\"@type\":\"ListItem\",\"position\":2,\"name\":\"Inicio\",\"item\":\"https:\/\/didacta.com.uy\/sitio\/\"},{\"@type\":\"ListItem\",\"position\":3,\"name\":\"PUZZLE 12 Pcs. LA GRANJA\"}]},{\"@type\":\"WebSite\",\"@id\":\"https:\/\/didacta.com.uy\/sitio\/#website\",\"url\":\"https:\/\/didacta.com.uy\/sitio\/\",\"name\":\"Didacta\",\"description\":\"Con m\u00e1s de 20 a\u00f1os de experiencia, DIDACTA es la marca l\u00edder en el mercado uruguayo de juegos de mesa.\",\"potentialAction\":[{\"@type\":\"SearchAction\",\"target\":{\"@type\":\"EntryPoint\",\"urlTemplate\":\"https:\/\/didacta.com.uy\/sitio\/?s={search_term_string}\"},\"query-input\":{\"@type\":\"PropertyValueSpecification\",\"valueRequired\":true,\"valueName\":\"search_term_string\"}}],\"inLanguage\":\"es\"}]}<\/script>\n<!-- \/ Yoast SEO plugin. -->","yoast_head_json":{"title":"PUZZLE 12 Pcs. LA GRANJA - Didacta","robots":{"index":"index","follow":"follow","max-snippet":"max-snippet:-1","max-image-preview":"max-image-preview:large","max-video-preview":"max-video-preview:-1"},"canonical":"https:\/\/didacta.com.uy\/sitio\/producto\/puzzle-12-pcs-la-granja\/","og_locale":"es_ES","og_type":"article","og_title":"PUZZLE 12 Pcs. LA GRANJA - Didacta","og_description":"\u00bfTe has dado cuenta alguna vez todo lo que hay en una granja? Con este incre\u00edble puzzle podr\u00e1s acercar a ni\u00f1as y ni\u00f1os al mundo de los animales de una granja con ilustraciones super amigables y divertidas!  C\u00f3digo: 100\/010 C\u00f3digo de barras: 7730549006258 Edad: 2 a\u00f1os en adelante Cantidad de jugadores: 1 o m\u00e1s jugadores Contenido: 1 puzzle de 12 piezas - 20 x 30 cm Medidas: 22 x 20 x 3.5 cm","og_url":"https:\/\/didacta.com.uy\/sitio\/producto\/puzzle-12-pcs-la-granja\/","og_site_name":"Didacta","article_modified_time":"2024-02-19T18:09:07+00:00","og_image":[{"width":800,"height":735,"url":"https:\/\/didacta.com.uy\/sitio\/wp-content\/uploads\/2023\/07\/100-10.jpg","type":"image\/jpeg"}],"twitter_card":"summary_large_image","twitter_misc":{"Tiempo de lectura":"1 minuto"},"schema":{"@context":"https:\/\/schema.org","@graph":[{"@type":"WebPage","@id":"https:\/\/didacta.com.uy\/sitio\/producto\/puzzle-12-pcs-la-granja\/","url":"https:\/\/didacta.com.uy\/sitio\/producto\/puzzle-12-pcs-la-granja\/","name":"PUZZLE 12 Pcs. LA GRANJA - Didacta","isPartOf":{"@id":"https:\/\/didacta.com.uy\/sitio\/#website"},"primaryImageOfPage":{"@id":"https:\/\/didacta.com.uy\/sitio\/producto\/puzzle-12-pcs-la-granja\/#primaryimage"},"image":{"@id":"https:\/\/didacta.com.uy\/sitio\/producto\/puzzle-12-pcs-la-granja\/#primaryimage"},"thumbnailUrl":"https:\/\/didacta.com.uy\/sitio\/wp-content\/uploads\/2023\/07\/100-10.jpg","datePublished":"2023-07-28T06:27:39+00:00","dateModified":"2024-02-19T18:09:07+00:00","breadcrumb":{"@id":"https:\/\/didacta.com.uy\/sitio\/producto\/puzzle-12-pcs-la-granja\/#breadcrumb"},"inLanguage":"es","potentialAction":[{"@type":"ReadAction","target":["https:\/\/didacta.com.uy\/sitio\/producto\/puzzle-12-pcs-la-granja\/"]}]},{"@type":"ImageObject","inLanguage":"es","@id":"https:\/\/didacta.com.uy\/sitio\/producto\/puzzle-12-pcs-la-granja\/#primaryimage","url":"https:\/\/didacta.com.uy\/sitio\/wp-content\/uploads\/2023\/07\/100-10.jpg","contentUrl":"https:\/\/didacta.com.uy\/sitio\/wp-content\/uploads\/2023\/07\/100-10.jpg","width":800,"height":735},{"@type":"BreadcrumbList","@id":"https:\/\/didacta.com.uy\/sitio\/producto\/puzzle-12-pcs-la-granja\/#breadcrumb","itemListElement":[{"@type":"ListItem","position":1,"name":"Portada","item":"https:\/\/didacta.com.uy\/sitio\/"},{"@type":"ListItem","position":2,"name":"Inicio","item":"https:\/\/didacta.com.uy\/sitio\/"},{"@type":"ListItem","position":3,"name":"PUZZLE 12 Pcs. LA GRANJA"}]},{"@type":"WebSite","@id":"https:\/\/didacta.com.uy\/sitio\/#website","url":"https:\/\/didacta.com.uy\/sitio\/","name":"Didacta","description":"Con m\u00e1s de 20 a\u00f1os de experiencia, DIDACTA es la marca l\u00edder en el mercado uruguayo de juegos de mesa.","potentialAction":[{"@type":"SearchAction","target":{"@type":"EntryPoint","urlTemplate":"https:\/\/didacta.com.uy\/sitio\/?s={search_term_string}"},"query-input":{"@type":"PropertyValueSpecification","valueRequired":true,"valueName":"search_term_string"}}],"inLanguage":"es"}]}},"_links":{"self":[{"href":"https:\/\/didacta.com.uy\/sitio\/wp-json\/wp\/v2\/product\/212482","targetHints":{"allow":["GET"]}}],"collection":[{"href":"https:\/\/didacta.com.uy\/sitio\/wp-json\/wp\/v2\/product"}],"about":[{"href":"https:\/\/didacta.com.uy\/sitio\/wp-json\/wp\/v2\/types\/product"}],"replies":[{"embeddable":true,"href":"https:\/\/didacta.com.uy\/sitio\/wp-json\/wp\/v2\/comments?post=212482"}],"wp:featuredmedia":[{"embeddable":true,"href":"https:\/\/didacta.com.uy\/sitio\/wp-json\/wp\/v2\/media\/212406"}],"wp:attachment":[{"href":"https:\/\/didacta.com.uy\/sitio\/wp-json\/wp\/v2\/media?parent=212482"}],"wp:term":[{"taxonomy":"product_brand","embeddable":true,"href":"https:\/\/didacta.com.uy\/sitio\/wp-json\/wp\/v2\/product_brand?post=212482"},{"taxonomy":"product_cat","embeddable":true,"href":"https:\/\/didacta.com.uy\/sitio\/wp-json\/wp\/v2\/product_cat?post=212482"},{"taxonomy":"product_tag","embeddable":true,"href":"https:\/\/didacta.com.uy\/sitio\/wp-json\/wp\/v2\/product_tag?post=212482"}],"curies":[{"name":"wp","href":"https:\/\/api.w.org\/{rel}","templated":true}]}}