{"id":212476,"date":"2023-07-28T06:21:23","date_gmt":"2023-07-28T06:21:23","guid":{"rendered":"https:\/\/didacta.com.uy\/sitio\/?post_type=product&#038;p=212476"},"modified":"2024-06-24T19:45:44","modified_gmt":"2024-06-24T19:45:44","slug":"diver-dino-braquiossauro","status":"publish","type":"product","link":"https:\/\/didacta.com.uy\/sitio\/producto\/diver-dino-braquiossauro\/","title":{"rendered":"DIVER DINO &#8211; BRAQUIOSSAURO"},"content":{"rendered":"<p>Ven\u00ed a vivir una aventura en un mundo donde vivieron Dinosaurios, una \u00e9poca donde sobrevivi\u00f3 el depredador m\u00e1s fuerte.<br \/>\n\u00a1Disfrut\u00e1 y jug\u00e1 con estos animales extintos!<br \/>\nColeccion\u00e1 varias especies de la era Mesozoica! Tiranosaurio Rex, Triceratops, Braquiosaurio, Pterosaurio.<\/p>\n<p><strong>Edad:<\/strong>\u00a0Mayores de 3 a\u00f1os<br \/>\n<strong>C\u00f3digo:\u00a0<\/strong>8194<br \/>\n<strong>C\u00f3digo de barras: <\/strong>7898639381941<br \/>\n<strong>Tama\u00f1o: <\/strong>31 x 11 x 29.5<\/p>\n<p>&nbsp;<\/p>\n<p><iframe loading=\"lazy\" title=\"YouTube video player\" src=\"https:\/\/www.youtube.com\/embed\/wS04oajy3L8?si=ajNrMxYLedl-Eh-v\" width=\"560\" height=\"315\" frameborder=\"0\" allowfullscreen=\"allowfullscreen\"><\/iframe><\/p>\n","protected":false},"excerpt":{"rendered":"<p>Ven\u00ed a vivir una aventura en un mundo donde vivieron Dinosaurios, una \u00e9poca donde sobrevivi\u00f3 el depredador m\u00e1s fuerte.<br \/>\n\u00a1Disfrut\u00e1 y jug\u00e1 con estos animales extintos!<br \/>\nColeccion\u00e1 varias especies de la era Mesozoica! Tiranosaurio Rex, Triceratops, Braquiosaurio, Pterosaurio.<\/p>\n<p><strong>Edad:<\/strong>\u00a0Mayores de 3 a\u00f1os<br \/>\n<strong>C\u00f3digo:\u00a0<\/strong>8194<br \/>\n<strong>C\u00f3digo de barras: <\/strong>7898639381941<br \/>\n<strong>Tama\u00f1o: <\/strong>31 x 11 x 29.5<\/p>\n<p>&nbsp;<\/p>\n<p><iframe loading=\"lazy\" title=\"YouTube video player\" src=\"https:\/\/www.youtube.com\/embed\/wS04oajy3L8?si=ajNrMxYLedl-Eh-v\" width=\"560\" height=\"315\" frameborder=\"0\" allowfullscreen=\"allowfullscreen\"><\/iframe><\/p>\n","protected":false},"featured_media":212617,"comment_status":"closed","ping_status":"closed","template":"","meta":{"_et_pb_use_builder":"","_et_pb_old_content":"","_et_gb_content_width":"","_uf_show_specific_survey":0,"_uf_disable_surveys":false},"product_brand":[],"product_cat":[241],"product_tag":[],"class_list":{"0":"post-212476","1":"product","2":"type-product","3":"status-publish","4":"has-post-thumbnail","6":"product_cat-diverdinos","8":"first","9":"instock","10":"taxable","11":"shipping-taxable","12":"purchasable","13":"product-type-simple"},"aioseo_notices":[],"yoast_head":"<!-- This site is optimized with the Yoast SEO plugin v24.8.1 - https:\/\/yoast.com\/wordpress\/plugins\/seo\/ -->\n<title>DIVER DINO - BRAQUIOSSAURO - Didacta<\/title>\n<meta name=\"robots\" content=\"index, follow, max-snippet:-1, max-image-preview:large, max-video-preview:-1\" \/>\n<link rel=\"canonical\" href=\"https:\/\/didacta.com.uy\/sitio\/producto\/diver-dino-braquiossauro\/\" \/>\n<meta property=\"og:locale\" content=\"es_ES\" \/>\n<meta property=\"og:type\" content=\"article\" \/>\n<meta property=\"og:title\" content=\"DIVER DINO - BRAQUIOSSAURO - Didacta\" \/>\n<meta property=\"og:description\" content=\"Ven\u00ed a vivir una aventura en un mundo donde vivieron Dinosaurios, una \u00e9poca donde sobrevivi\u00f3 el depredador m\u00e1s fuerte. \u00a1Disfrut\u00e1 y jug\u00e1 con estos animales extintos! Coleccion\u00e1 varias especies de la era Mesozoica! Tiranosaurio Rex, Triceratops, Braquiosaurio, Pterosaurio.  Edad:\u00a0Mayores de 3 a\u00f1os C\u00f3digo:\u00a08194 C\u00f3digo de barras: 7898639381941 Tama\u00f1o: 31 x 11 x 29.5  &nbsp;\" \/>\n<meta property=\"og:url\" content=\"https:\/\/didacta.com.uy\/sitio\/producto\/diver-dino-braquiossauro\/\" \/>\n<meta property=\"og:site_name\" content=\"Didacta\" \/>\n<meta property=\"article:modified_time\" content=\"2024-06-24T19:45:44+00:00\" \/>\n<meta property=\"og:image\" content=\"https:\/\/didacta.com.uy\/sitio\/wp-content\/uploads\/2023\/07\/Captura-de-Pantalla-2023-08-02-a-las-23.29.43.png\" \/>\n\t<meta property=\"og:image:width\" content=\"486\" \/>\n\t<meta property=\"og:image:height\" content=\"431\" \/>\n\t<meta property=\"og:image:type\" content=\"image\/png\" \/>\n<meta name=\"twitter:card\" content=\"summary_large_image\" \/>\n<meta name=\"twitter:label1\" content=\"Tiempo de lectura\" \/>\n\t<meta name=\"twitter:data1\" content=\"1 minuto\" \/>\n<script type=\"application\/ld+json\" class=\"yoast-schema-graph\">{\"@context\":\"https:\/\/schema.org\",\"@graph\":[{\"@type\":\"WebPage\",\"@id\":\"https:\/\/didacta.com.uy\/sitio\/producto\/diver-dino-braquiossauro\/\",\"url\":\"https:\/\/didacta.com.uy\/sitio\/producto\/diver-dino-braquiossauro\/\",\"name\":\"DIVER DINO - BRAQUIOSSAURO - Didacta\",\"isPartOf\":{\"@id\":\"https:\/\/didacta.com.uy\/sitio\/#website\"},\"primaryImageOfPage\":{\"@id\":\"https:\/\/didacta.com.uy\/sitio\/producto\/diver-dino-braquiossauro\/#primaryimage\"},\"image\":{\"@id\":\"https:\/\/didacta.com.uy\/sitio\/producto\/diver-dino-braquiossauro\/#primaryimage\"},\"thumbnailUrl\":\"https:\/\/didacta.com.uy\/sitio\/wp-content\/uploads\/2023\/07\/Captura-de-Pantalla-2023-08-02-a-las-23.29.43.png\",\"datePublished\":\"2023-07-28T06:21:23+00:00\",\"dateModified\":\"2024-06-24T19:45:44+00:00\",\"breadcrumb\":{\"@id\":\"https:\/\/didacta.com.uy\/sitio\/producto\/diver-dino-braquiossauro\/#breadcrumb\"},\"inLanguage\":\"es\",\"potentialAction\":[{\"@type\":\"ReadAction\",\"target\":[\"https:\/\/didacta.com.uy\/sitio\/producto\/diver-dino-braquiossauro\/\"]}]},{\"@type\":\"ImageObject\",\"inLanguage\":\"es\",\"@id\":\"https:\/\/didacta.com.uy\/sitio\/producto\/diver-dino-braquiossauro\/#primaryimage\",\"url\":\"https:\/\/didacta.com.uy\/sitio\/wp-content\/uploads\/2023\/07\/Captura-de-Pantalla-2023-08-02-a-las-23.29.43.png\",\"contentUrl\":\"https:\/\/didacta.com.uy\/sitio\/wp-content\/uploads\/2023\/07\/Captura-de-Pantalla-2023-08-02-a-las-23.29.43.png\",\"width\":486,\"height\":431},{\"@type\":\"BreadcrumbList\",\"@id\":\"https:\/\/didacta.com.uy\/sitio\/producto\/diver-dino-braquiossauro\/#breadcrumb\",\"itemListElement\":[{\"@type\":\"ListItem\",\"position\":1,\"name\":\"Portada\",\"item\":\"https:\/\/didacta.com.uy\/sitio\/\"},{\"@type\":\"ListItem\",\"position\":2,\"name\":\"Inicio\",\"item\":\"https:\/\/didacta.com.uy\/sitio\/\"},{\"@type\":\"ListItem\",\"position\":3,\"name\":\"DIVER DINO &#8211; BRAQUIOSSAURO\"}]},{\"@type\":\"WebSite\",\"@id\":\"https:\/\/didacta.com.uy\/sitio\/#website\",\"url\":\"https:\/\/didacta.com.uy\/sitio\/\",\"name\":\"Didacta\",\"description\":\"Con m\u00e1s de 20 a\u00f1os de experiencia, DIDACTA es la marca l\u00edder en el mercado uruguayo de juegos de mesa.\",\"potentialAction\":[{\"@type\":\"SearchAction\",\"target\":{\"@type\":\"EntryPoint\",\"urlTemplate\":\"https:\/\/didacta.com.uy\/sitio\/?s={search_term_string}\"},\"query-input\":{\"@type\":\"PropertyValueSpecification\",\"valueRequired\":true,\"valueName\":\"search_term_string\"}}],\"inLanguage\":\"es\"}]}<\/script>\n<!-- \/ Yoast SEO plugin. -->","yoast_head_json":{"title":"DIVER DINO - BRAQUIOSSAURO - Didacta","robots":{"index":"index","follow":"follow","max-snippet":"max-snippet:-1","max-image-preview":"max-image-preview:large","max-video-preview":"max-video-preview:-1"},"canonical":"https:\/\/didacta.com.uy\/sitio\/producto\/diver-dino-braquiossauro\/","og_locale":"es_ES","og_type":"article","og_title":"DIVER DINO - BRAQUIOSSAURO - Didacta","og_description":"Ven\u00ed a vivir una aventura en un mundo donde vivieron Dinosaurios, una \u00e9poca donde sobrevivi\u00f3 el depredador m\u00e1s fuerte. \u00a1Disfrut\u00e1 y jug\u00e1 con estos animales extintos! Coleccion\u00e1 varias especies de la era Mesozoica! Tiranosaurio Rex, Triceratops, Braquiosaurio, Pterosaurio.  Edad:\u00a0Mayores de 3 a\u00f1os C\u00f3digo:\u00a08194 C\u00f3digo de barras: 7898639381941 Tama\u00f1o: 31 x 11 x 29.5  &nbsp;","og_url":"https:\/\/didacta.com.uy\/sitio\/producto\/diver-dino-braquiossauro\/","og_site_name":"Didacta","article_modified_time":"2024-06-24T19:45:44+00:00","og_image":[{"width":486,"height":431,"url":"https:\/\/didacta.com.uy\/sitio\/wp-content\/uploads\/2023\/07\/Captura-de-Pantalla-2023-08-02-a-las-23.29.43.png","type":"image\/png"}],"twitter_card":"summary_large_image","twitter_misc":{"Tiempo de lectura":"1 minuto"},"schema":{"@context":"https:\/\/schema.org","@graph":[{"@type":"WebPage","@id":"https:\/\/didacta.com.uy\/sitio\/producto\/diver-dino-braquiossauro\/","url":"https:\/\/didacta.com.uy\/sitio\/producto\/diver-dino-braquiossauro\/","name":"DIVER DINO - BRAQUIOSSAURO - Didacta","isPartOf":{"@id":"https:\/\/didacta.com.uy\/sitio\/#website"},"primaryImageOfPage":{"@id":"https:\/\/didacta.com.uy\/sitio\/producto\/diver-dino-braquiossauro\/#primaryimage"},"image":{"@id":"https:\/\/didacta.com.uy\/sitio\/producto\/diver-dino-braquiossauro\/#primaryimage"},"thumbnailUrl":"https:\/\/didacta.com.uy\/sitio\/wp-content\/uploads\/2023\/07\/Captura-de-Pantalla-2023-08-02-a-las-23.29.43.png","datePublished":"2023-07-28T06:21:23+00:00","dateModified":"2024-06-24T19:45:44+00:00","breadcrumb":{"@id":"https:\/\/didacta.com.uy\/sitio\/producto\/diver-dino-braquiossauro\/#breadcrumb"},"inLanguage":"es","potentialAction":[{"@type":"ReadAction","target":["https:\/\/didacta.com.uy\/sitio\/producto\/diver-dino-braquiossauro\/"]}]},{"@type":"ImageObject","inLanguage":"es","@id":"https:\/\/didacta.com.uy\/sitio\/producto\/diver-dino-braquiossauro\/#primaryimage","url":"https:\/\/didacta.com.uy\/sitio\/wp-content\/uploads\/2023\/07\/Captura-de-Pantalla-2023-08-02-a-las-23.29.43.png","contentUrl":"https:\/\/didacta.com.uy\/sitio\/wp-content\/uploads\/2023\/07\/Captura-de-Pantalla-2023-08-02-a-las-23.29.43.png","width":486,"height":431},{"@type":"BreadcrumbList","@id":"https:\/\/didacta.com.uy\/sitio\/producto\/diver-dino-braquiossauro\/#breadcrumb","itemListElement":[{"@type":"ListItem","position":1,"name":"Portada","item":"https:\/\/didacta.com.uy\/sitio\/"},{"@type":"ListItem","position":2,"name":"Inicio","item":"https:\/\/didacta.com.uy\/sitio\/"},{"@type":"ListItem","position":3,"name":"DIVER DINO &#8211; BRAQUIOSSAURO"}]},{"@type":"WebSite","@id":"https:\/\/didacta.com.uy\/sitio\/#website","url":"https:\/\/didacta.com.uy\/sitio\/","name":"Didacta","description":"Con m\u00e1s de 20 a\u00f1os de experiencia, DIDACTA es la marca l\u00edder en el mercado uruguayo de juegos de mesa.","potentialAction":[{"@type":"SearchAction","target":{"@type":"EntryPoint","urlTemplate":"https:\/\/didacta.com.uy\/sitio\/?s={search_term_string}"},"query-input":{"@type":"PropertyValueSpecification","valueRequired":true,"valueName":"search_term_string"}}],"inLanguage":"es"}]}},"_links":{"self":[{"href":"https:\/\/didacta.com.uy\/sitio\/wp-json\/wp\/v2\/product\/212476","targetHints":{"allow":["GET"]}}],"collection":[{"href":"https:\/\/didacta.com.uy\/sitio\/wp-json\/wp\/v2\/product"}],"about":[{"href":"https:\/\/didacta.com.uy\/sitio\/wp-json\/wp\/v2\/types\/product"}],"replies":[{"embeddable":true,"href":"https:\/\/didacta.com.uy\/sitio\/wp-json\/wp\/v2\/comments?post=212476"}],"wp:featuredmedia":[{"embeddable":true,"href":"https:\/\/didacta.com.uy\/sitio\/wp-json\/wp\/v2\/media\/212617"}],"wp:attachment":[{"href":"https:\/\/didacta.com.uy\/sitio\/wp-json\/wp\/v2\/media?parent=212476"}],"wp:term":[{"taxonomy":"product_brand","embeddable":true,"href":"https:\/\/didacta.com.uy\/sitio\/wp-json\/wp\/v2\/product_brand?post=212476"},{"taxonomy":"product_cat","embeddable":true,"href":"https:\/\/didacta.com.uy\/sitio\/wp-json\/wp\/v2\/product_cat?post=212476"},{"taxonomy":"product_tag","embeddable":true,"href":"https:\/\/didacta.com.uy\/sitio\/wp-json\/wp\/v2\/product_tag?post=212476"}],"curies":[{"name":"wp","href":"https:\/\/api.w.org\/{rel}","templated":true}]}}