{"id":212475,"date":"2023-07-28T06:20:21","date_gmt":"2023-07-28T06:20:21","guid":{"rendered":"https:\/\/didacta.com.uy\/sitio\/?post_type=product&#038;p=212475"},"modified":"2023-09-29T18:46:36","modified_gmt":"2023-09-29T18:46:36","slug":"diver-dino-t-rex","status":"publish","type":"product","link":"https:\/\/didacta.com.uy\/sitio\/producto\/diver-dino-t-rex\/","title":{"rendered":"DIVER DINO &#8211; T REX"},"content":{"rendered":"<p>Ven\u00ed a vivir una aventura en un mundo donde vivieron Dinosaurios, una \u00e9poca donde sobrevivi\u00f3 el depredador m\u00e1s fuerte.<br \/>\n\u00a1Disfrut\u00e1 y jug\u00e1 con estos animales extintos!<br \/>\nColeccion\u00e1 varias especies de la era Mesozoica! Tiranosaurio Rex, Triceratops, Braquiosaurio, Pterosaurio.<br \/>\n<strong>Edad:<\/strong>\u00a0Mayores de 3 a\u00f1os<br \/>\n<strong>C\u00f3digo:\u00a0<\/strong>8193<br \/>\n<strong>C\u00f3digo de barras: <\/strong>7898639381934<br \/>\n<strong>Tama\u00f1o del producto:<\/strong> 215&#215;260 mm<br \/>\n<strong>Tama\u00f1o del empaque:<\/strong> 250x145x290 mm<\/p>\n","protected":false},"excerpt":{"rendered":"<p>Ven\u00ed a vivir una aventura en un mundo donde vivieron Dinosaurios, una \u00e9poca donde sobrevivi\u00f3 el depredador m\u00e1s fuerte.<br \/>\n\u00a1Disfrut\u00e1 y jug\u00e1 con estos animales extintos!<br \/>\nColeccion\u00e1 varias especies de la era Mesozoica! Tiranosaurio Rex, Triceratops, Braquiosaurio, Pterosaurio.<br \/>\n<strong>Edad:<\/strong>\u00a0Mayores de 3 a\u00f1os<br \/>\n<strong>C\u00f3digo:\u00a0<\/strong>8193<br \/>\n<strong>C\u00f3digo de barras: <\/strong>7898639381934<br \/>\n<strong>Tama\u00f1o del producto:<\/strong> 215&#215;260 mm<br \/>\n<strong>Tama\u00f1o del empaque:<\/strong> 250x145x290 mm<\/p>\n","protected":false},"featured_media":212618,"comment_status":"closed","ping_status":"closed","template":"","meta":{"_et_pb_use_builder":"","_et_pb_old_content":"","_et_gb_content_width":"","_uf_show_specific_survey":0,"_uf_disable_surveys":false},"product_brand":[],"product_cat":[241],"product_tag":[],"class_list":{"0":"post-212475","1":"product","2":"type-product","3":"status-publish","4":"has-post-thumbnail","6":"product_cat-diverdinos","8":"first","9":"instock","10":"taxable","11":"shipping-taxable","12":"purchasable","13":"product-type-simple"},"aioseo_notices":[],"yoast_head":"<!-- This site is optimized with the Yoast SEO plugin v24.8.1 - https:\/\/yoast.com\/wordpress\/plugins\/seo\/ -->\n<title>DIVER DINO - T REX - Didacta<\/title>\n<meta name=\"robots\" content=\"index, follow, max-snippet:-1, max-image-preview:large, max-video-preview:-1\" \/>\n<link rel=\"canonical\" href=\"https:\/\/didacta.com.uy\/sitio\/producto\/diver-dino-t-rex\/\" \/>\n<meta property=\"og:locale\" content=\"es_ES\" \/>\n<meta property=\"og:type\" content=\"article\" \/>\n<meta property=\"og:title\" content=\"DIVER DINO - T REX - Didacta\" \/>\n<meta property=\"og:description\" content=\"Ven\u00ed a vivir una aventura en un mundo donde vivieron Dinosaurios, una \u00e9poca donde sobrevivi\u00f3 el depredador m\u00e1s fuerte. \u00a1Disfrut\u00e1 y jug\u00e1 con estos animales extintos! Coleccion\u00e1 varias especies de la era Mesozoica! Tiranosaurio Rex, Triceratops, Braquiosaurio, Pterosaurio. Edad:\u00a0Mayores de 3 a\u00f1os C\u00f3digo:\u00a08193 C\u00f3digo de barras: 7898639381934 Tama\u00f1o del producto: 215x260 mm Tama\u00f1o del empaque: 250x145x290 mm\" \/>\n<meta property=\"og:url\" content=\"https:\/\/didacta.com.uy\/sitio\/producto\/diver-dino-t-rex\/\" \/>\n<meta property=\"og:site_name\" content=\"Didacta\" \/>\n<meta property=\"article:modified_time\" content=\"2023-09-29T18:46:36+00:00\" \/>\n<meta property=\"og:image\" content=\"https:\/\/didacta.com.uy\/sitio\/wp-content\/uploads\/2023\/07\/Captura-de-Pantalla-2023-08-02-a-las-23.30.37.png\" \/>\n\t<meta property=\"og:image:width\" content=\"445\" \/>\n\t<meta property=\"og:image:height\" content=\"430\" \/>\n\t<meta property=\"og:image:type\" content=\"image\/png\" \/>\n<meta name=\"twitter:card\" content=\"summary_large_image\" \/>\n<script type=\"application\/ld+json\" class=\"yoast-schema-graph\">{\"@context\":\"https:\/\/schema.org\",\"@graph\":[{\"@type\":\"WebPage\",\"@id\":\"https:\/\/didacta.com.uy\/sitio\/producto\/diver-dino-t-rex\/\",\"url\":\"https:\/\/didacta.com.uy\/sitio\/producto\/diver-dino-t-rex\/\",\"name\":\"DIVER DINO - T REX - Didacta\",\"isPartOf\":{\"@id\":\"https:\/\/didacta.com.uy\/sitio\/#website\"},\"primaryImageOfPage\":{\"@id\":\"https:\/\/didacta.com.uy\/sitio\/producto\/diver-dino-t-rex\/#primaryimage\"},\"image\":{\"@id\":\"https:\/\/didacta.com.uy\/sitio\/producto\/diver-dino-t-rex\/#primaryimage\"},\"thumbnailUrl\":\"https:\/\/didacta.com.uy\/sitio\/wp-content\/uploads\/2023\/07\/Captura-de-Pantalla-2023-08-02-a-las-23.30.37.png\",\"datePublished\":\"2023-07-28T06:20:21+00:00\",\"dateModified\":\"2023-09-29T18:46:36+00:00\",\"breadcrumb\":{\"@id\":\"https:\/\/didacta.com.uy\/sitio\/producto\/diver-dino-t-rex\/#breadcrumb\"},\"inLanguage\":\"es\",\"potentialAction\":[{\"@type\":\"ReadAction\",\"target\":[\"https:\/\/didacta.com.uy\/sitio\/producto\/diver-dino-t-rex\/\"]}]},{\"@type\":\"ImageObject\",\"inLanguage\":\"es\",\"@id\":\"https:\/\/didacta.com.uy\/sitio\/producto\/diver-dino-t-rex\/#primaryimage\",\"url\":\"https:\/\/didacta.com.uy\/sitio\/wp-content\/uploads\/2023\/07\/Captura-de-Pantalla-2023-08-02-a-las-23.30.37.png\",\"contentUrl\":\"https:\/\/didacta.com.uy\/sitio\/wp-content\/uploads\/2023\/07\/Captura-de-Pantalla-2023-08-02-a-las-23.30.37.png\",\"width\":445,\"height\":430},{\"@type\":\"BreadcrumbList\",\"@id\":\"https:\/\/didacta.com.uy\/sitio\/producto\/diver-dino-t-rex\/#breadcrumb\",\"itemListElement\":[{\"@type\":\"ListItem\",\"position\":1,\"name\":\"Portada\",\"item\":\"https:\/\/didacta.com.uy\/sitio\/\"},{\"@type\":\"ListItem\",\"position\":2,\"name\":\"Inicio\",\"item\":\"https:\/\/didacta.com.uy\/sitio\/\"},{\"@type\":\"ListItem\",\"position\":3,\"name\":\"DIVER DINO &#8211; T REX\"}]},{\"@type\":\"WebSite\",\"@id\":\"https:\/\/didacta.com.uy\/sitio\/#website\",\"url\":\"https:\/\/didacta.com.uy\/sitio\/\",\"name\":\"Didacta\",\"description\":\"Con m\u00e1s de 20 a\u00f1os de experiencia, DIDACTA es la marca l\u00edder en el mercado uruguayo de juegos de mesa.\",\"potentialAction\":[{\"@type\":\"SearchAction\",\"target\":{\"@type\":\"EntryPoint\",\"urlTemplate\":\"https:\/\/didacta.com.uy\/sitio\/?s={search_term_string}\"},\"query-input\":{\"@type\":\"PropertyValueSpecification\",\"valueRequired\":true,\"valueName\":\"search_term_string\"}}],\"inLanguage\":\"es\"}]}<\/script>\n<!-- \/ Yoast SEO plugin. -->","yoast_head_json":{"title":"DIVER DINO - T REX - Didacta","robots":{"index":"index","follow":"follow","max-snippet":"max-snippet:-1","max-image-preview":"max-image-preview:large","max-video-preview":"max-video-preview:-1"},"canonical":"https:\/\/didacta.com.uy\/sitio\/producto\/diver-dino-t-rex\/","og_locale":"es_ES","og_type":"article","og_title":"DIVER DINO - T REX - Didacta","og_description":"Ven\u00ed a vivir una aventura en un mundo donde vivieron Dinosaurios, una \u00e9poca donde sobrevivi\u00f3 el depredador m\u00e1s fuerte. \u00a1Disfrut\u00e1 y jug\u00e1 con estos animales extintos! Coleccion\u00e1 varias especies de la era Mesozoica! Tiranosaurio Rex, Triceratops, Braquiosaurio, Pterosaurio. Edad:\u00a0Mayores de 3 a\u00f1os C\u00f3digo:\u00a08193 C\u00f3digo de barras: 7898639381934 Tama\u00f1o del producto: 215x260 mm Tama\u00f1o del empaque: 250x145x290 mm","og_url":"https:\/\/didacta.com.uy\/sitio\/producto\/diver-dino-t-rex\/","og_site_name":"Didacta","article_modified_time":"2023-09-29T18:46:36+00:00","og_image":[{"width":445,"height":430,"url":"https:\/\/didacta.com.uy\/sitio\/wp-content\/uploads\/2023\/07\/Captura-de-Pantalla-2023-08-02-a-las-23.30.37.png","type":"image\/png"}],"twitter_card":"summary_large_image","schema":{"@context":"https:\/\/schema.org","@graph":[{"@type":"WebPage","@id":"https:\/\/didacta.com.uy\/sitio\/producto\/diver-dino-t-rex\/","url":"https:\/\/didacta.com.uy\/sitio\/producto\/diver-dino-t-rex\/","name":"DIVER DINO - T REX - Didacta","isPartOf":{"@id":"https:\/\/didacta.com.uy\/sitio\/#website"},"primaryImageOfPage":{"@id":"https:\/\/didacta.com.uy\/sitio\/producto\/diver-dino-t-rex\/#primaryimage"},"image":{"@id":"https:\/\/didacta.com.uy\/sitio\/producto\/diver-dino-t-rex\/#primaryimage"},"thumbnailUrl":"https:\/\/didacta.com.uy\/sitio\/wp-content\/uploads\/2023\/07\/Captura-de-Pantalla-2023-08-02-a-las-23.30.37.png","datePublished":"2023-07-28T06:20:21+00:00","dateModified":"2023-09-29T18:46:36+00:00","breadcrumb":{"@id":"https:\/\/didacta.com.uy\/sitio\/producto\/diver-dino-t-rex\/#breadcrumb"},"inLanguage":"es","potentialAction":[{"@type":"ReadAction","target":["https:\/\/didacta.com.uy\/sitio\/producto\/diver-dino-t-rex\/"]}]},{"@type":"ImageObject","inLanguage":"es","@id":"https:\/\/didacta.com.uy\/sitio\/producto\/diver-dino-t-rex\/#primaryimage","url":"https:\/\/didacta.com.uy\/sitio\/wp-content\/uploads\/2023\/07\/Captura-de-Pantalla-2023-08-02-a-las-23.30.37.png","contentUrl":"https:\/\/didacta.com.uy\/sitio\/wp-content\/uploads\/2023\/07\/Captura-de-Pantalla-2023-08-02-a-las-23.30.37.png","width":445,"height":430},{"@type":"BreadcrumbList","@id":"https:\/\/didacta.com.uy\/sitio\/producto\/diver-dino-t-rex\/#breadcrumb","itemListElement":[{"@type":"ListItem","position":1,"name":"Portada","item":"https:\/\/didacta.com.uy\/sitio\/"},{"@type":"ListItem","position":2,"name":"Inicio","item":"https:\/\/didacta.com.uy\/sitio\/"},{"@type":"ListItem","position":3,"name":"DIVER DINO &#8211; T REX"}]},{"@type":"WebSite","@id":"https:\/\/didacta.com.uy\/sitio\/#website","url":"https:\/\/didacta.com.uy\/sitio\/","name":"Didacta","description":"Con m\u00e1s de 20 a\u00f1os de experiencia, DIDACTA es la marca l\u00edder en el mercado uruguayo de juegos de mesa.","potentialAction":[{"@type":"SearchAction","target":{"@type":"EntryPoint","urlTemplate":"https:\/\/didacta.com.uy\/sitio\/?s={search_term_string}"},"query-input":{"@type":"PropertyValueSpecification","valueRequired":true,"valueName":"search_term_string"}}],"inLanguage":"es"}]}},"_links":{"self":[{"href":"https:\/\/didacta.com.uy\/sitio\/wp-json\/wp\/v2\/product\/212475","targetHints":{"allow":["GET"]}}],"collection":[{"href":"https:\/\/didacta.com.uy\/sitio\/wp-json\/wp\/v2\/product"}],"about":[{"href":"https:\/\/didacta.com.uy\/sitio\/wp-json\/wp\/v2\/types\/product"}],"replies":[{"embeddable":true,"href":"https:\/\/didacta.com.uy\/sitio\/wp-json\/wp\/v2\/comments?post=212475"}],"wp:featuredmedia":[{"embeddable":true,"href":"https:\/\/didacta.com.uy\/sitio\/wp-json\/wp\/v2\/media\/212618"}],"wp:attachment":[{"href":"https:\/\/didacta.com.uy\/sitio\/wp-json\/wp\/v2\/media?parent=212475"}],"wp:term":[{"taxonomy":"product_brand","embeddable":true,"href":"https:\/\/didacta.com.uy\/sitio\/wp-json\/wp\/v2\/product_brand?post=212475"},{"taxonomy":"product_cat","embeddable":true,"href":"https:\/\/didacta.com.uy\/sitio\/wp-json\/wp\/v2\/product_cat?post=212475"},{"taxonomy":"product_tag","embeddable":true,"href":"https:\/\/didacta.com.uy\/sitio\/wp-json\/wp\/v2\/product_tag?post=212475"}],"curies":[{"name":"wp","href":"https:\/\/api.w.org\/{rel}","templated":true}]}}