{"id":212471,"date":"2023-07-28T06:15:49","date_gmt":"2023-07-28T06:15:49","guid":{"rendered":"https:\/\/didacta.com.uy\/sitio\/?post_type=product&#038;p=212471"},"modified":"2024-06-24T19:46:04","modified_gmt":"2024-06-24T19:46:04","slug":"bebe-zizinha-toma-agua-y-hace-pis","status":"publish","type":"product","link":"https:\/\/didacta.com.uy\/sitio\/producto\/bebe-zizinha-toma-agua-y-hace-pis\/","title":{"rendered":"BEBE ZIZINHA &#8211; TOMA AGUA Y HACE PIS"},"content":{"rendered":"<p>Juego divertido e interactivo, d\u00f3nde le das el biber\u00f3n a la mu\u00f1eca y esta hace pis su pa\u00f1al.<br \/>\n<strong>Mu\u00f1eca:<\/strong> cabeza de vinilo, cuerpo de PE soplado.<br \/>\n<strong>Ropa:<\/strong> Vestido de malla estampado.<br \/>\n<strong>Accesorios:<\/strong> \u00a1Biber\u00f3n, chupete y pa\u00f1al desechable real!<br \/>\n<strong>Edad:<\/strong>\u00a0Mayores de 3 a\u00f1os<br \/>\n<strong>C\u00f3digo: <\/strong>8163<strong><br \/>\n<\/strong><strong>C\u00f3digo de barras: <\/strong>7898639381637<br \/>\n<strong>Tama\u00f1o del empaque:<\/strong> 23 x 10 cm<\/p>\n<p>&nbsp;<\/p>\n<p>&nbsp;<\/p>\n","protected":false},"excerpt":{"rendered":"<p>Juego divertido e interactivo, d\u00f3nde le das el biber\u00f3n a la mu\u00f1eca y esta hace pis su pa\u00f1al.<br \/>\n<strong>Mu\u00f1eca:<\/strong> cabeza de vinilo, cuerpo de PE soplado.<br \/>\n<strong>Ropa:<\/strong> Vestido de malla estampado.<br \/>\n<strong>Accesorios:<\/strong> \u00a1Biber\u00f3n, chupete y pa\u00f1al desechable real!<br \/>\n<strong>Edad:<\/strong>\u00a0Mayores de 3 a\u00f1os<br \/>\n<strong>C\u00f3digo: <\/strong>8163<strong><br \/>\n<\/strong><strong>C\u00f3digo de barras: <\/strong>7898639381637<br \/>\n<strong>Tama\u00f1o del empaque:<\/strong> 23 x 10 cm<\/p>\n<p>&nbsp;<\/p>\n","protected":false},"featured_media":212619,"comment_status":"closed","ping_status":"closed","template":"","meta":{"_et_pb_use_builder":"","_et_pb_old_content":"","_et_gb_content_width":"","_uf_show_specific_survey":0,"_uf_disable_surveys":false},"product_brand":[],"product_cat":[239],"product_tag":[],"class_list":{"0":"post-212471","1":"product","2":"type-product","3":"status-publish","4":"has-post-thumbnail","6":"product_cat-munecas-y-bebes","8":"first","9":"instock","10":"taxable","11":"shipping-taxable","12":"purchasable","13":"product-type-simple"},"aioseo_notices":[],"yoast_head":"<!-- This site is optimized with the Yoast SEO plugin v24.8.1 - https:\/\/yoast.com\/wordpress\/plugins\/seo\/ -->\n<title>BEBE ZIZINHA - TOMA AGUA Y HACE PIS - Didacta<\/title>\n<meta name=\"robots\" content=\"index, follow, max-snippet:-1, max-image-preview:large, max-video-preview:-1\" \/>\n<link rel=\"canonical\" href=\"https:\/\/didacta.com.uy\/sitio\/producto\/bebe-zizinha-toma-agua-y-hace-pis\/\" \/>\n<meta property=\"og:locale\" content=\"es_ES\" \/>\n<meta property=\"og:type\" content=\"article\" \/>\n<meta property=\"og:title\" content=\"BEBE ZIZINHA - TOMA AGUA Y HACE PIS - Didacta\" \/>\n<meta property=\"og:description\" content=\"Juego divertido e interactivo, d\u00f3nde le das el biber\u00f3n a la mu\u00f1eca y esta hace pis su pa\u00f1al. Mu\u00f1eca: cabeza de vinilo, cuerpo de PE soplado. Ropa: Vestido de malla estampado. Accesorios: \u00a1Biber\u00f3n, chupete y pa\u00f1al desechable real! Edad:\u00a0Mayores de 3 a\u00f1os C\u00f3digo: 8163 C\u00f3digo de barras: 7898639381637 Tama\u00f1o del empaque: 23 x 10 cm  &nbsp;\" \/>\n<meta property=\"og:url\" content=\"https:\/\/didacta.com.uy\/sitio\/producto\/bebe-zizinha-toma-agua-y-hace-pis\/\" \/>\n<meta property=\"og:site_name\" content=\"Didacta\" \/>\n<meta property=\"article:modified_time\" content=\"2024-06-24T19:46:04+00:00\" \/>\n<meta property=\"og:image\" content=\"https:\/\/didacta.com.uy\/sitio\/wp-content\/uploads\/2023\/07\/Captura-de-Pantalla-2023-08-02-a-las-23.33.22.png\" \/>\n\t<meta property=\"og:image:width\" content=\"421\" \/>\n\t<meta property=\"og:image:height\" content=\"433\" \/>\n\t<meta property=\"og:image:type\" content=\"image\/png\" \/>\n<meta name=\"twitter:card\" content=\"summary_large_image\" \/>\n<meta name=\"twitter:label1\" content=\"Tiempo de lectura\" \/>\n\t<meta name=\"twitter:data1\" content=\"1 minuto\" \/>\n<script type=\"application\/ld+json\" class=\"yoast-schema-graph\">{\"@context\":\"https:\/\/schema.org\",\"@graph\":[{\"@type\":\"WebPage\",\"@id\":\"https:\/\/didacta.com.uy\/sitio\/producto\/bebe-zizinha-toma-agua-y-hace-pis\/\",\"url\":\"https:\/\/didacta.com.uy\/sitio\/producto\/bebe-zizinha-toma-agua-y-hace-pis\/\",\"name\":\"BEBE ZIZINHA - TOMA AGUA Y HACE PIS - Didacta\",\"isPartOf\":{\"@id\":\"https:\/\/didacta.com.uy\/sitio\/#website\"},\"primaryImageOfPage\":{\"@id\":\"https:\/\/didacta.com.uy\/sitio\/producto\/bebe-zizinha-toma-agua-y-hace-pis\/#primaryimage\"},\"image\":{\"@id\":\"https:\/\/didacta.com.uy\/sitio\/producto\/bebe-zizinha-toma-agua-y-hace-pis\/#primaryimage\"},\"thumbnailUrl\":\"https:\/\/didacta.com.uy\/sitio\/wp-content\/uploads\/2023\/07\/Captura-de-Pantalla-2023-08-02-a-las-23.33.22.png\",\"datePublished\":\"2023-07-28T06:15:49+00:00\",\"dateModified\":\"2024-06-24T19:46:04+00:00\",\"breadcrumb\":{\"@id\":\"https:\/\/didacta.com.uy\/sitio\/producto\/bebe-zizinha-toma-agua-y-hace-pis\/#breadcrumb\"},\"inLanguage\":\"es\",\"potentialAction\":[{\"@type\":\"ReadAction\",\"target\":[\"https:\/\/didacta.com.uy\/sitio\/producto\/bebe-zizinha-toma-agua-y-hace-pis\/\"]}]},{\"@type\":\"ImageObject\",\"inLanguage\":\"es\",\"@id\":\"https:\/\/didacta.com.uy\/sitio\/producto\/bebe-zizinha-toma-agua-y-hace-pis\/#primaryimage\",\"url\":\"https:\/\/didacta.com.uy\/sitio\/wp-content\/uploads\/2023\/07\/Captura-de-Pantalla-2023-08-02-a-las-23.33.22.png\",\"contentUrl\":\"https:\/\/didacta.com.uy\/sitio\/wp-content\/uploads\/2023\/07\/Captura-de-Pantalla-2023-08-02-a-las-23.33.22.png\",\"width\":421,\"height\":433},{\"@type\":\"BreadcrumbList\",\"@id\":\"https:\/\/didacta.com.uy\/sitio\/producto\/bebe-zizinha-toma-agua-y-hace-pis\/#breadcrumb\",\"itemListElement\":[{\"@type\":\"ListItem\",\"position\":1,\"name\":\"Portada\",\"item\":\"https:\/\/didacta.com.uy\/sitio\/\"},{\"@type\":\"ListItem\",\"position\":2,\"name\":\"Inicio\",\"item\":\"https:\/\/didacta.com.uy\/sitio\/\"},{\"@type\":\"ListItem\",\"position\":3,\"name\":\"BEBE ZIZINHA &#8211; TOMA AGUA Y HACE PIS\"}]},{\"@type\":\"WebSite\",\"@id\":\"https:\/\/didacta.com.uy\/sitio\/#website\",\"url\":\"https:\/\/didacta.com.uy\/sitio\/\",\"name\":\"Didacta\",\"description\":\"Con m\u00e1s de 20 a\u00f1os de experiencia, DIDACTA es la marca l\u00edder en el mercado uruguayo de juegos de mesa.\",\"potentialAction\":[{\"@type\":\"SearchAction\",\"target\":{\"@type\":\"EntryPoint\",\"urlTemplate\":\"https:\/\/didacta.com.uy\/sitio\/?s={search_term_string}\"},\"query-input\":{\"@type\":\"PropertyValueSpecification\",\"valueRequired\":true,\"valueName\":\"search_term_string\"}}],\"inLanguage\":\"es\"}]}<\/script>\n<!-- \/ Yoast SEO plugin. -->","yoast_head_json":{"title":"BEBE ZIZINHA - TOMA AGUA Y HACE PIS - Didacta","robots":{"index":"index","follow":"follow","max-snippet":"max-snippet:-1","max-image-preview":"max-image-preview:large","max-video-preview":"max-video-preview:-1"},"canonical":"https:\/\/didacta.com.uy\/sitio\/producto\/bebe-zizinha-toma-agua-y-hace-pis\/","og_locale":"es_ES","og_type":"article","og_title":"BEBE ZIZINHA - TOMA AGUA Y HACE PIS - Didacta","og_description":"Juego divertido e interactivo, d\u00f3nde le das el biber\u00f3n a la mu\u00f1eca y esta hace pis su pa\u00f1al. Mu\u00f1eca: cabeza de vinilo, cuerpo de PE soplado. Ropa: Vestido de malla estampado. Accesorios: \u00a1Biber\u00f3n, chupete y pa\u00f1al desechable real! Edad:\u00a0Mayores de 3 a\u00f1os C\u00f3digo: 8163 C\u00f3digo de barras: 7898639381637 Tama\u00f1o del empaque: 23 x 10 cm  &nbsp;","og_url":"https:\/\/didacta.com.uy\/sitio\/producto\/bebe-zizinha-toma-agua-y-hace-pis\/","og_site_name":"Didacta","article_modified_time":"2024-06-24T19:46:04+00:00","og_image":[{"width":421,"height":433,"url":"https:\/\/didacta.com.uy\/sitio\/wp-content\/uploads\/2023\/07\/Captura-de-Pantalla-2023-08-02-a-las-23.33.22.png","type":"image\/png"}],"twitter_card":"summary_large_image","twitter_misc":{"Tiempo de lectura":"1 minuto"},"schema":{"@context":"https:\/\/schema.org","@graph":[{"@type":"WebPage","@id":"https:\/\/didacta.com.uy\/sitio\/producto\/bebe-zizinha-toma-agua-y-hace-pis\/","url":"https:\/\/didacta.com.uy\/sitio\/producto\/bebe-zizinha-toma-agua-y-hace-pis\/","name":"BEBE ZIZINHA - TOMA AGUA Y HACE PIS - Didacta","isPartOf":{"@id":"https:\/\/didacta.com.uy\/sitio\/#website"},"primaryImageOfPage":{"@id":"https:\/\/didacta.com.uy\/sitio\/producto\/bebe-zizinha-toma-agua-y-hace-pis\/#primaryimage"},"image":{"@id":"https:\/\/didacta.com.uy\/sitio\/producto\/bebe-zizinha-toma-agua-y-hace-pis\/#primaryimage"},"thumbnailUrl":"https:\/\/didacta.com.uy\/sitio\/wp-content\/uploads\/2023\/07\/Captura-de-Pantalla-2023-08-02-a-las-23.33.22.png","datePublished":"2023-07-28T06:15:49+00:00","dateModified":"2024-06-24T19:46:04+00:00","breadcrumb":{"@id":"https:\/\/didacta.com.uy\/sitio\/producto\/bebe-zizinha-toma-agua-y-hace-pis\/#breadcrumb"},"inLanguage":"es","potentialAction":[{"@type":"ReadAction","target":["https:\/\/didacta.com.uy\/sitio\/producto\/bebe-zizinha-toma-agua-y-hace-pis\/"]}]},{"@type":"ImageObject","inLanguage":"es","@id":"https:\/\/didacta.com.uy\/sitio\/producto\/bebe-zizinha-toma-agua-y-hace-pis\/#primaryimage","url":"https:\/\/didacta.com.uy\/sitio\/wp-content\/uploads\/2023\/07\/Captura-de-Pantalla-2023-08-02-a-las-23.33.22.png","contentUrl":"https:\/\/didacta.com.uy\/sitio\/wp-content\/uploads\/2023\/07\/Captura-de-Pantalla-2023-08-02-a-las-23.33.22.png","width":421,"height":433},{"@type":"BreadcrumbList","@id":"https:\/\/didacta.com.uy\/sitio\/producto\/bebe-zizinha-toma-agua-y-hace-pis\/#breadcrumb","itemListElement":[{"@type":"ListItem","position":1,"name":"Portada","item":"https:\/\/didacta.com.uy\/sitio\/"},{"@type":"ListItem","position":2,"name":"Inicio","item":"https:\/\/didacta.com.uy\/sitio\/"},{"@type":"ListItem","position":3,"name":"BEBE ZIZINHA &#8211; TOMA AGUA Y HACE PIS"}]},{"@type":"WebSite","@id":"https:\/\/didacta.com.uy\/sitio\/#website","url":"https:\/\/didacta.com.uy\/sitio\/","name":"Didacta","description":"Con m\u00e1s de 20 a\u00f1os de experiencia, DIDACTA es la marca l\u00edder en el mercado uruguayo de juegos de mesa.","potentialAction":[{"@type":"SearchAction","target":{"@type":"EntryPoint","urlTemplate":"https:\/\/didacta.com.uy\/sitio\/?s={search_term_string}"},"query-input":{"@type":"PropertyValueSpecification","valueRequired":true,"valueName":"search_term_string"}}],"inLanguage":"es"}]}},"_links":{"self":[{"href":"https:\/\/didacta.com.uy\/sitio\/wp-json\/wp\/v2\/product\/212471","targetHints":{"allow":["GET"]}}],"collection":[{"href":"https:\/\/didacta.com.uy\/sitio\/wp-json\/wp\/v2\/product"}],"about":[{"href":"https:\/\/didacta.com.uy\/sitio\/wp-json\/wp\/v2\/types\/product"}],"replies":[{"embeddable":true,"href":"https:\/\/didacta.com.uy\/sitio\/wp-json\/wp\/v2\/comments?post=212471"}],"wp:featuredmedia":[{"embeddable":true,"href":"https:\/\/didacta.com.uy\/sitio\/wp-json\/wp\/v2\/media\/212619"}],"wp:attachment":[{"href":"https:\/\/didacta.com.uy\/sitio\/wp-json\/wp\/v2\/media?parent=212471"}],"wp:term":[{"taxonomy":"product_brand","embeddable":true,"href":"https:\/\/didacta.com.uy\/sitio\/wp-json\/wp\/v2\/product_brand?post=212471"},{"taxonomy":"product_cat","embeddable":true,"href":"https:\/\/didacta.com.uy\/sitio\/wp-json\/wp\/v2\/product_cat?post=212471"},{"taxonomy":"product_tag","embeddable":true,"href":"https:\/\/didacta.com.uy\/sitio\/wp-json\/wp\/v2\/product_tag?post=212471"}],"curies":[{"name":"wp","href":"https:\/\/api.w.org\/{rel}","templated":true}]}}