{"id":212469,"date":"2023-07-28T06:13:19","date_gmt":"2023-07-28T06:13:19","guid":{"rendered":"https:\/\/didacta.com.uy\/sitio\/?post_type=product&#038;p=212469"},"modified":"2024-01-09T17:30:42","modified_gmt":"2024-01-09T17:30:42","slug":"my-little-collection-muneca-fashon-hace-pis","status":"publish","type":"product","link":"https:\/\/didacta.com.uy\/sitio\/producto\/my-little-collection-muneca-fashon-hace-pis\/","title":{"rendered":"MY LITTLE COLLECTION &#8211;  MU\u00d1ECA FASHON HACE PIS"},"content":{"rendered":"<p>Mezcla el polvo con agua, se pone azul, el otro se pone rosa y si se mezclan se pone morado!! \u00a1\u00a1Entonces d\u00e1selo a tu \u00abMi peque\u00f1a\u00bb y ella orinar\u00e1 en su pa\u00f1al!!<br \/>\n<strong>Mu\u00f1eca:<\/strong> Cabeza y extremidades de vinilo, cuerpo de ABS resistente a altos impactos con tubo digestivo.<br \/>\n<strong>Cabeza:<\/strong> pelo largo con ra\u00edces en PP rosa y azul.<br \/>\n<strong>Ropa:<\/strong> en punto acanalado con transfer de unicornio y falda en raso de resina rosa.<br \/>\n<strong>Accesorios:<\/strong> tel\u00e9fono m\u00f3vil y auricular para la mu\u00f1eca juguetona, cuchara retr\u00e1ctil, taza, pa\u00f1al y 4 bolsitas de polvo para preparar jugo.<br \/>\n<strong>Edad:<\/strong>\u00a0Mayores de 3 a\u00f1os<br \/>\n<strong>C\u00f3digo: <\/strong>8168<strong><br \/>\n<\/strong><strong>C\u00f3digo de barras:<\/strong>7898639381682<br \/>\n<strong>Tama\u00f1o del empaque:<\/strong>\u00a0410 x270x100 mm<\/p>\n<p>&nbsp;<\/p>\n<p><iframe loading=\"lazy\" width=\"560\" height=\"315\" src=\"https:\/\/www.youtube.com\/embed\/ByyqPOJzJEE?si=JVBb6GkToftbUqSN\" title=\"YouTube video player\" frameborder=\"0\" allow=\"accelerometer; autoplay; clipboard-write; encrypted-media; gyroscope; picture-in-picture; web-share\" allowfullscreen><\/iframe><\/p>\n","protected":false},"excerpt":{"rendered":"<p>Mezcla el polvo con agua, se pone azul, el otro se pone rosa y si se mezclan se pone morado!! \u00a1\u00a1Entonces d\u00e1selo a tu \u00abMi peque\u00f1a\u00bb y ella orinar\u00e1 en su pa\u00f1al!!<br \/>\n<strong>Mu\u00f1eca:<\/strong> Cabeza y extremidades de vinilo, cuerpo de ABS resistente a altos impactos con tubo digestivo.<br \/>\n<strong>Cabeza:<\/strong> pelo largo con ra\u00edces en PP rosa y azul.<br \/>\n<strong>Ropa:<\/strong> en punto acanalado con transfer de unicornio y falda en raso de resina rosa.<br \/>\n<strong>Accesorios:<\/strong> tel\u00e9fono m\u00f3vil y auricular para la mu\u00f1eca juguetona, cuchara retr\u00e1ctil, taza, pa\u00f1al y 4 bolsitas de polvo para preparar jugo.<br \/>\n<strong>Edad:<\/strong>\u00a0Mayores de 3 a\u00f1os<br \/>\n<strong>C\u00f3digo: <\/strong>8168<strong><br \/>\n<\/strong><strong>C\u00f3digo de barras:<\/strong>7898639381682<br \/>\n<strong>Tama\u00f1o del empaque:<\/strong>\u00a0410 x270x100 mm<\/p>\n<p>&nbsp;<\/p>\n<p><iframe loading=\"lazy\" width=\"560\" height=\"315\" src=\"https:\/\/www.youtube.com\/embed\/ByyqPOJzJEE?si=JVBb6GkToftbUqSN\" title=\"YouTube video player\" frameborder=\"0\" allow=\"accelerometer; autoplay; clipboard-write; encrypted-media; gyroscope; picture-in-picture; web-share\" allowfullscreen><\/iframe><\/p>\n","protected":false},"featured_media":212622,"comment_status":"closed","ping_status":"closed","template":"","meta":{"_et_pb_use_builder":"","_et_pb_old_content":"","_et_gb_content_width":"","_uf_show_specific_survey":0,"_uf_disable_surveys":false},"product_brand":[],"product_cat":[239],"product_tag":[],"class_list":{"0":"post-212469","1":"product","2":"type-product","3":"status-publish","4":"has-post-thumbnail","6":"product_cat-munecas-y-bebes","8":"first","9":"instock","10":"taxable","11":"shipping-taxable","12":"purchasable","13":"product-type-simple"},"aioseo_notices":[],"yoast_head":"<!-- This site is optimized with the Yoast SEO plugin v24.8.1 - https:\/\/yoast.com\/wordpress\/plugins\/seo\/ -->\n<title>MY LITTLE COLLECTION - MU\u00d1ECA FASHON HACE PIS - Didacta<\/title>\n<meta name=\"robots\" content=\"index, follow, max-snippet:-1, max-image-preview:large, max-video-preview:-1\" \/>\n<link rel=\"canonical\" href=\"https:\/\/didacta.com.uy\/sitio\/producto\/my-little-collection-muneca-fashon-hace-pis\/\" \/>\n<meta property=\"og:locale\" content=\"es_ES\" \/>\n<meta property=\"og:type\" content=\"article\" \/>\n<meta property=\"og:title\" content=\"MY LITTLE COLLECTION - MU\u00d1ECA FASHON HACE PIS - Didacta\" \/>\n<meta property=\"og:description\" content=\"Mezcla el polvo con agua, se pone azul, el otro se pone rosa y si se mezclan se pone morado!! \u00a1\u00a1Entonces d\u00e1selo a tu &quot;Mi peque\u00f1a&quot; y ella orinar\u00e1 en su pa\u00f1al!! Mu\u00f1eca: Cabeza y extremidades de vinilo, cuerpo de ABS resistente a altos impactos con tubo digestivo. Cabeza: pelo largo con ra\u00edces en PP rosa y azul. Ropa: en punto acanalado con transfer de unicornio y falda en raso de resina rosa. Accesorios: tel\u00e9fono m\u00f3vil y auricular para la mu\u00f1eca juguetona, cuchara retr\u00e1ctil, taza, pa\u00f1al y 4 bolsitas de polvo para preparar jugo. Edad:\u00a0Mayores de 3 a\u00f1os C\u00f3digo: 8168 C\u00f3digo de barras:7898639381682 Tama\u00f1o del empaque:\u00a0410 x270x100 mm  &nbsp;\" \/>\n<meta property=\"og:url\" content=\"https:\/\/didacta.com.uy\/sitio\/producto\/my-little-collection-muneca-fashon-hace-pis\/\" \/>\n<meta property=\"og:site_name\" content=\"Didacta\" \/>\n<meta property=\"article:modified_time\" content=\"2024-01-09T17:30:42+00:00\" \/>\n<meta property=\"og:image\" content=\"https:\/\/didacta.com.uy\/sitio\/wp-content\/uploads\/2023\/07\/Captura-de-Pantalla-2023-08-02-a-las-23.36.51.png\" \/>\n\t<meta property=\"og:image:width\" content=\"395\" \/>\n\t<meta property=\"og:image:height\" content=\"428\" \/>\n\t<meta property=\"og:image:type\" content=\"image\/png\" \/>\n<meta name=\"twitter:card\" content=\"summary_large_image\" \/>\n<meta name=\"twitter:label1\" content=\"Tiempo de lectura\" \/>\n\t<meta name=\"twitter:data1\" content=\"1 minuto\" \/>\n<script type=\"application\/ld+json\" class=\"yoast-schema-graph\">{\"@context\":\"https:\/\/schema.org\",\"@graph\":[{\"@type\":\"WebPage\",\"@id\":\"https:\/\/didacta.com.uy\/sitio\/producto\/my-little-collection-muneca-fashon-hace-pis\/\",\"url\":\"https:\/\/didacta.com.uy\/sitio\/producto\/my-little-collection-muneca-fashon-hace-pis\/\",\"name\":\"MY LITTLE COLLECTION - MU\u00d1ECA FASHON HACE PIS - Didacta\",\"isPartOf\":{\"@id\":\"https:\/\/didacta.com.uy\/sitio\/#website\"},\"primaryImageOfPage\":{\"@id\":\"https:\/\/didacta.com.uy\/sitio\/producto\/my-little-collection-muneca-fashon-hace-pis\/#primaryimage\"},\"image\":{\"@id\":\"https:\/\/didacta.com.uy\/sitio\/producto\/my-little-collection-muneca-fashon-hace-pis\/#primaryimage\"},\"thumbnailUrl\":\"https:\/\/didacta.com.uy\/sitio\/wp-content\/uploads\/2023\/07\/Captura-de-Pantalla-2023-08-02-a-las-23.36.51.png\",\"datePublished\":\"2023-07-28T06:13:19+00:00\",\"dateModified\":\"2024-01-09T17:30:42+00:00\",\"breadcrumb\":{\"@id\":\"https:\/\/didacta.com.uy\/sitio\/producto\/my-little-collection-muneca-fashon-hace-pis\/#breadcrumb\"},\"inLanguage\":\"es\",\"potentialAction\":[{\"@type\":\"ReadAction\",\"target\":[\"https:\/\/didacta.com.uy\/sitio\/producto\/my-little-collection-muneca-fashon-hace-pis\/\"]}]},{\"@type\":\"ImageObject\",\"inLanguage\":\"es\",\"@id\":\"https:\/\/didacta.com.uy\/sitio\/producto\/my-little-collection-muneca-fashon-hace-pis\/#primaryimage\",\"url\":\"https:\/\/didacta.com.uy\/sitio\/wp-content\/uploads\/2023\/07\/Captura-de-Pantalla-2023-08-02-a-las-23.36.51.png\",\"contentUrl\":\"https:\/\/didacta.com.uy\/sitio\/wp-content\/uploads\/2023\/07\/Captura-de-Pantalla-2023-08-02-a-las-23.36.51.png\",\"width\":395,\"height\":428},{\"@type\":\"BreadcrumbList\",\"@id\":\"https:\/\/didacta.com.uy\/sitio\/producto\/my-little-collection-muneca-fashon-hace-pis\/#breadcrumb\",\"itemListElement\":[{\"@type\":\"ListItem\",\"position\":1,\"name\":\"Portada\",\"item\":\"https:\/\/didacta.com.uy\/sitio\/\"},{\"@type\":\"ListItem\",\"position\":2,\"name\":\"Inicio\",\"item\":\"https:\/\/didacta.com.uy\/sitio\/\"},{\"@type\":\"ListItem\",\"position\":3,\"name\":\"MY LITTLE COLLECTION &#8211; MU\u00d1ECA FASHON HACE PIS\"}]},{\"@type\":\"WebSite\",\"@id\":\"https:\/\/didacta.com.uy\/sitio\/#website\",\"url\":\"https:\/\/didacta.com.uy\/sitio\/\",\"name\":\"Didacta\",\"description\":\"Con m\u00e1s de 20 a\u00f1os de experiencia, DIDACTA es la marca l\u00edder en el mercado uruguayo de juegos de mesa.\",\"potentialAction\":[{\"@type\":\"SearchAction\",\"target\":{\"@type\":\"EntryPoint\",\"urlTemplate\":\"https:\/\/didacta.com.uy\/sitio\/?s={search_term_string}\"},\"query-input\":{\"@type\":\"PropertyValueSpecification\",\"valueRequired\":true,\"valueName\":\"search_term_string\"}}],\"inLanguage\":\"es\"}]}<\/script>\n<!-- \/ Yoast SEO plugin. -->","yoast_head_json":{"title":"MY LITTLE COLLECTION - MU\u00d1ECA FASHON HACE PIS - Didacta","robots":{"index":"index","follow":"follow","max-snippet":"max-snippet:-1","max-image-preview":"max-image-preview:large","max-video-preview":"max-video-preview:-1"},"canonical":"https:\/\/didacta.com.uy\/sitio\/producto\/my-little-collection-muneca-fashon-hace-pis\/","og_locale":"es_ES","og_type":"article","og_title":"MY LITTLE COLLECTION - MU\u00d1ECA FASHON HACE PIS - Didacta","og_description":"Mezcla el polvo con agua, se pone azul, el otro se pone rosa y si se mezclan se pone morado!! \u00a1\u00a1Entonces d\u00e1selo a tu \"Mi peque\u00f1a\" y ella orinar\u00e1 en su pa\u00f1al!! Mu\u00f1eca: Cabeza y extremidades de vinilo, cuerpo de ABS resistente a altos impactos con tubo digestivo. Cabeza: pelo largo con ra\u00edces en PP rosa y azul. Ropa: en punto acanalado con transfer de unicornio y falda en raso de resina rosa. Accesorios: tel\u00e9fono m\u00f3vil y auricular para la mu\u00f1eca juguetona, cuchara retr\u00e1ctil, taza, pa\u00f1al y 4 bolsitas de polvo para preparar jugo. Edad:\u00a0Mayores de 3 a\u00f1os C\u00f3digo: 8168 C\u00f3digo de barras:7898639381682 Tama\u00f1o del empaque:\u00a0410 x270x100 mm  &nbsp;","og_url":"https:\/\/didacta.com.uy\/sitio\/producto\/my-little-collection-muneca-fashon-hace-pis\/","og_site_name":"Didacta","article_modified_time":"2024-01-09T17:30:42+00:00","og_image":[{"width":395,"height":428,"url":"https:\/\/didacta.com.uy\/sitio\/wp-content\/uploads\/2023\/07\/Captura-de-Pantalla-2023-08-02-a-las-23.36.51.png","type":"image\/png"}],"twitter_card":"summary_large_image","twitter_misc":{"Tiempo de lectura":"1 minuto"},"schema":{"@context":"https:\/\/schema.org","@graph":[{"@type":"WebPage","@id":"https:\/\/didacta.com.uy\/sitio\/producto\/my-little-collection-muneca-fashon-hace-pis\/","url":"https:\/\/didacta.com.uy\/sitio\/producto\/my-little-collection-muneca-fashon-hace-pis\/","name":"MY LITTLE COLLECTION - MU\u00d1ECA FASHON HACE PIS - Didacta","isPartOf":{"@id":"https:\/\/didacta.com.uy\/sitio\/#website"},"primaryImageOfPage":{"@id":"https:\/\/didacta.com.uy\/sitio\/producto\/my-little-collection-muneca-fashon-hace-pis\/#primaryimage"},"image":{"@id":"https:\/\/didacta.com.uy\/sitio\/producto\/my-little-collection-muneca-fashon-hace-pis\/#primaryimage"},"thumbnailUrl":"https:\/\/didacta.com.uy\/sitio\/wp-content\/uploads\/2023\/07\/Captura-de-Pantalla-2023-08-02-a-las-23.36.51.png","datePublished":"2023-07-28T06:13:19+00:00","dateModified":"2024-01-09T17:30:42+00:00","breadcrumb":{"@id":"https:\/\/didacta.com.uy\/sitio\/producto\/my-little-collection-muneca-fashon-hace-pis\/#breadcrumb"},"inLanguage":"es","potentialAction":[{"@type":"ReadAction","target":["https:\/\/didacta.com.uy\/sitio\/producto\/my-little-collection-muneca-fashon-hace-pis\/"]}]},{"@type":"ImageObject","inLanguage":"es","@id":"https:\/\/didacta.com.uy\/sitio\/producto\/my-little-collection-muneca-fashon-hace-pis\/#primaryimage","url":"https:\/\/didacta.com.uy\/sitio\/wp-content\/uploads\/2023\/07\/Captura-de-Pantalla-2023-08-02-a-las-23.36.51.png","contentUrl":"https:\/\/didacta.com.uy\/sitio\/wp-content\/uploads\/2023\/07\/Captura-de-Pantalla-2023-08-02-a-las-23.36.51.png","width":395,"height":428},{"@type":"BreadcrumbList","@id":"https:\/\/didacta.com.uy\/sitio\/producto\/my-little-collection-muneca-fashon-hace-pis\/#breadcrumb","itemListElement":[{"@type":"ListItem","position":1,"name":"Portada","item":"https:\/\/didacta.com.uy\/sitio\/"},{"@type":"ListItem","position":2,"name":"Inicio","item":"https:\/\/didacta.com.uy\/sitio\/"},{"@type":"ListItem","position":3,"name":"MY LITTLE COLLECTION &#8211; MU\u00d1ECA FASHON HACE PIS"}]},{"@type":"WebSite","@id":"https:\/\/didacta.com.uy\/sitio\/#website","url":"https:\/\/didacta.com.uy\/sitio\/","name":"Didacta","description":"Con m\u00e1s de 20 a\u00f1os de experiencia, DIDACTA es la marca l\u00edder en el mercado uruguayo de juegos de mesa.","potentialAction":[{"@type":"SearchAction","target":{"@type":"EntryPoint","urlTemplate":"https:\/\/didacta.com.uy\/sitio\/?s={search_term_string}"},"query-input":{"@type":"PropertyValueSpecification","valueRequired":true,"valueName":"search_term_string"}}],"inLanguage":"es"}]}},"_links":{"self":[{"href":"https:\/\/didacta.com.uy\/sitio\/wp-json\/wp\/v2\/product\/212469","targetHints":{"allow":["GET"]}}],"collection":[{"href":"https:\/\/didacta.com.uy\/sitio\/wp-json\/wp\/v2\/product"}],"about":[{"href":"https:\/\/didacta.com.uy\/sitio\/wp-json\/wp\/v2\/types\/product"}],"replies":[{"embeddable":true,"href":"https:\/\/didacta.com.uy\/sitio\/wp-json\/wp\/v2\/comments?post=212469"}],"wp:featuredmedia":[{"embeddable":true,"href":"https:\/\/didacta.com.uy\/sitio\/wp-json\/wp\/v2\/media\/212622"}],"wp:attachment":[{"href":"https:\/\/didacta.com.uy\/sitio\/wp-json\/wp\/v2\/media?parent=212469"}],"wp:term":[{"taxonomy":"product_brand","embeddable":true,"href":"https:\/\/didacta.com.uy\/sitio\/wp-json\/wp\/v2\/product_brand?post=212469"},{"taxonomy":"product_cat","embeddable":true,"href":"https:\/\/didacta.com.uy\/sitio\/wp-json\/wp\/v2\/product_cat?post=212469"},{"taxonomy":"product_tag","embeddable":true,"href":"https:\/\/didacta.com.uy\/sitio\/wp-json\/wp\/v2\/product_tag?post=212469"}],"curies":[{"name":"wp","href":"https:\/\/api.w.org\/{rel}","templated":true}]}}