{"id":212467,"date":"2023-07-28T06:09:24","date_gmt":"2023-07-28T06:09:24","guid":{"rendered":"https:\/\/didacta.com.uy\/sitio\/?post_type=product&#038;p=212467"},"modified":"2023-09-29T17:28:15","modified_gmt":"2023-09-29T17:28:15","slug":"my-little-collection-muneca-come-y-hace-caca","status":"publish","type":"product","link":"https:\/\/didacta.com.uy\/sitio\/producto\/my-little-collection-muneca-come-y-hace-caca\/","title":{"rendered":"MY LITTLE COLLECTION &#8211;  MU\u00d1ECA COME Y HACE CACA"},"content":{"rendered":"<p>Mu\u00f1eca de vinilo y accesorios. Prepara comida para tu \u00abMi peque\u00f1a\u00bb con sus accesorios, p\u00e9inala, v\u00edstela y lava sus dientes. Tu mu\u00f1eca hace caca en el orinal.<br \/>\n<strong>Accesorios:<\/strong><br \/>\nsart\u00e9n, orinal, tabla de cortar, cucharita, cepillo de dientes, 2 botes de plastilina.<br \/>\nRopa: vestido con estampados de colores en tejido de punto.<br \/>\n<strong>Edad:<\/strong>\u00a0Mayores de 3 a\u00f1os<br \/>\n<strong>C\u00f3digo: <\/strong>8079<br \/>\n<strong>C\u00f3digo de barras: <\/strong>7898639380791<br \/>\n<strong>Tama\u00f1o del producto:<\/strong>\u00a0\u00a0320mm<br \/>\n<strong>Tama\u00f1o del empaque:<\/strong>\u00a0\u00a0270x100x410mm<\/p>\n<p>&nbsp;<\/p>\n","protected":false},"excerpt":{"rendered":"<p>Mu\u00f1eca de vinilo y accesorios. Prepara comida para tu \u00abMi peque\u00f1a\u00bb con sus accesorios, p\u00e9inala, v\u00edstela y lava sus dientes. Tu mu\u00f1eca hace caca en el orinal.<br \/>\n<strong>Accesorios:<\/strong><br \/>\nsart\u00e9n, orinal, tabla de cortar, cucharita, cepillo de dientes, 2 botes de plastilina.<br \/>\nRopa: vestido con estampados de colores en tejido de punto.<br \/>\n<strong>Edad:<\/strong>\u00a0Mayores de 3 a\u00f1os<br \/>\n<strong>C\u00f3digo: <\/strong>8079<br \/>\n<strong>C\u00f3digo de barras: <\/strong>7898639380791<br \/>\n<strong>Tama\u00f1o del producto:<\/strong>\u00a0\u00a0320mm<br \/>\n<strong>Tama\u00f1o del empaque:<\/strong>\u00a0\u00a0270x100x410mm<\/p>\n","protected":false},"featured_media":212621,"comment_status":"closed","ping_status":"closed","template":"","meta":{"_et_pb_use_builder":"","_et_pb_old_content":"","_et_gb_content_width":"","_uf_show_specific_survey":0,"_uf_disable_surveys":false},"product_brand":[],"product_cat":[239],"product_tag":[],"class_list":{"0":"post-212467","1":"product","2":"type-product","3":"status-publish","4":"has-post-thumbnail","6":"product_cat-munecas-y-bebes","8":"first","9":"instock","10":"taxable","11":"shipping-taxable","12":"purchasable","13":"product-type-simple"},"aioseo_notices":[],"yoast_head":"<!-- This site is optimized with the Yoast SEO plugin v24.8.1 - https:\/\/yoast.com\/wordpress\/plugins\/seo\/ -->\n<title>MY LITTLE COLLECTION - MU\u00d1ECA COME Y HACE CACA - Didacta<\/title>\n<meta name=\"robots\" content=\"index, follow, max-snippet:-1, max-image-preview:large, max-video-preview:-1\" \/>\n<link rel=\"canonical\" href=\"https:\/\/didacta.com.uy\/sitio\/producto\/my-little-collection-muneca-come-y-hace-caca\/\" \/>\n<meta property=\"og:locale\" content=\"es_ES\" \/>\n<meta property=\"og:type\" content=\"article\" \/>\n<meta property=\"og:title\" content=\"MY LITTLE COLLECTION - MU\u00d1ECA COME Y HACE CACA - Didacta\" \/>\n<meta property=\"og:description\" content=\"Mu\u00f1eca de vinilo y accesorios. Prepara comida para tu &quot;Mi peque\u00f1a&quot; con sus accesorios, p\u00e9inala, v\u00edstela y lava sus dientes. Tu mu\u00f1eca hace caca en el orinal. Accesorios: sart\u00e9n, orinal, tabla de cortar, cucharita, cepillo de dientes, 2 botes de plastilina. Ropa: vestido con estampados de colores en tejido de punto. Edad:\u00a0Mayores de 3 a\u00f1os C\u00f3digo: 8079 C\u00f3digo de barras: 7898639380791 Tama\u00f1o del producto:\u00a0\u00a0320mm Tama\u00f1o del empaque:\u00a0\u00a0270x100x410mm\" \/>\n<meta property=\"og:url\" content=\"https:\/\/didacta.com.uy\/sitio\/producto\/my-little-collection-muneca-come-y-hace-caca\/\" \/>\n<meta property=\"og:site_name\" content=\"Didacta\" \/>\n<meta property=\"article:modified_time\" content=\"2023-09-29T17:28:15+00:00\" \/>\n<meta property=\"og:image\" content=\"https:\/\/didacta.com.uy\/sitio\/wp-content\/uploads\/2023\/07\/Captura-de-Pantalla-2023-08-02-a-las-23.35.51.png\" \/>\n\t<meta property=\"og:image:width\" content=\"403\" \/>\n\t<meta property=\"og:image:height\" content=\"431\" \/>\n\t<meta property=\"og:image:type\" content=\"image\/png\" \/>\n<meta name=\"twitter:card\" content=\"summary_large_image\" \/>\n<script type=\"application\/ld+json\" class=\"yoast-schema-graph\">{\"@context\":\"https:\/\/schema.org\",\"@graph\":[{\"@type\":\"WebPage\",\"@id\":\"https:\/\/didacta.com.uy\/sitio\/producto\/my-little-collection-muneca-come-y-hace-caca\/\",\"url\":\"https:\/\/didacta.com.uy\/sitio\/producto\/my-little-collection-muneca-come-y-hace-caca\/\",\"name\":\"MY LITTLE COLLECTION - MU\u00d1ECA COME Y HACE CACA - Didacta\",\"isPartOf\":{\"@id\":\"https:\/\/didacta.com.uy\/sitio\/#website\"},\"primaryImageOfPage\":{\"@id\":\"https:\/\/didacta.com.uy\/sitio\/producto\/my-little-collection-muneca-come-y-hace-caca\/#primaryimage\"},\"image\":{\"@id\":\"https:\/\/didacta.com.uy\/sitio\/producto\/my-little-collection-muneca-come-y-hace-caca\/#primaryimage\"},\"thumbnailUrl\":\"https:\/\/didacta.com.uy\/sitio\/wp-content\/uploads\/2023\/07\/Captura-de-Pantalla-2023-08-02-a-las-23.35.51.png\",\"datePublished\":\"2023-07-28T06:09:24+00:00\",\"dateModified\":\"2023-09-29T17:28:15+00:00\",\"breadcrumb\":{\"@id\":\"https:\/\/didacta.com.uy\/sitio\/producto\/my-little-collection-muneca-come-y-hace-caca\/#breadcrumb\"},\"inLanguage\":\"es\",\"potentialAction\":[{\"@type\":\"ReadAction\",\"target\":[\"https:\/\/didacta.com.uy\/sitio\/producto\/my-little-collection-muneca-come-y-hace-caca\/\"]}]},{\"@type\":\"ImageObject\",\"inLanguage\":\"es\",\"@id\":\"https:\/\/didacta.com.uy\/sitio\/producto\/my-little-collection-muneca-come-y-hace-caca\/#primaryimage\",\"url\":\"https:\/\/didacta.com.uy\/sitio\/wp-content\/uploads\/2023\/07\/Captura-de-Pantalla-2023-08-02-a-las-23.35.51.png\",\"contentUrl\":\"https:\/\/didacta.com.uy\/sitio\/wp-content\/uploads\/2023\/07\/Captura-de-Pantalla-2023-08-02-a-las-23.35.51.png\",\"width\":403,\"height\":431},{\"@type\":\"BreadcrumbList\",\"@id\":\"https:\/\/didacta.com.uy\/sitio\/producto\/my-little-collection-muneca-come-y-hace-caca\/#breadcrumb\",\"itemListElement\":[{\"@type\":\"ListItem\",\"position\":1,\"name\":\"Portada\",\"item\":\"https:\/\/didacta.com.uy\/sitio\/\"},{\"@type\":\"ListItem\",\"position\":2,\"name\":\"Inicio\",\"item\":\"https:\/\/didacta.com.uy\/sitio\/\"},{\"@type\":\"ListItem\",\"position\":3,\"name\":\"MY LITTLE COLLECTION &#8211; MU\u00d1ECA COME Y HACE CACA\"}]},{\"@type\":\"WebSite\",\"@id\":\"https:\/\/didacta.com.uy\/sitio\/#website\",\"url\":\"https:\/\/didacta.com.uy\/sitio\/\",\"name\":\"Didacta\",\"description\":\"Con m\u00e1s de 20 a\u00f1os de experiencia, DIDACTA es la marca l\u00edder en el mercado uruguayo de juegos de mesa.\",\"potentialAction\":[{\"@type\":\"SearchAction\",\"target\":{\"@type\":\"EntryPoint\",\"urlTemplate\":\"https:\/\/didacta.com.uy\/sitio\/?s={search_term_string}\"},\"query-input\":{\"@type\":\"PropertyValueSpecification\",\"valueRequired\":true,\"valueName\":\"search_term_string\"}}],\"inLanguage\":\"es\"}]}<\/script>\n<!-- \/ Yoast SEO plugin. -->","yoast_head_json":{"title":"MY LITTLE COLLECTION - MU\u00d1ECA COME Y HACE CACA - Didacta","robots":{"index":"index","follow":"follow","max-snippet":"max-snippet:-1","max-image-preview":"max-image-preview:large","max-video-preview":"max-video-preview:-1"},"canonical":"https:\/\/didacta.com.uy\/sitio\/producto\/my-little-collection-muneca-come-y-hace-caca\/","og_locale":"es_ES","og_type":"article","og_title":"MY LITTLE COLLECTION - MU\u00d1ECA COME Y HACE CACA - Didacta","og_description":"Mu\u00f1eca de vinilo y accesorios. Prepara comida para tu \"Mi peque\u00f1a\" con sus accesorios, p\u00e9inala, v\u00edstela y lava sus dientes. Tu mu\u00f1eca hace caca en el orinal. Accesorios: sart\u00e9n, orinal, tabla de cortar, cucharita, cepillo de dientes, 2 botes de plastilina. Ropa: vestido con estampados de colores en tejido de punto. Edad:\u00a0Mayores de 3 a\u00f1os C\u00f3digo: 8079 C\u00f3digo de barras: 7898639380791 Tama\u00f1o del producto:\u00a0\u00a0320mm Tama\u00f1o del empaque:\u00a0\u00a0270x100x410mm","og_url":"https:\/\/didacta.com.uy\/sitio\/producto\/my-little-collection-muneca-come-y-hace-caca\/","og_site_name":"Didacta","article_modified_time":"2023-09-29T17:28:15+00:00","og_image":[{"width":403,"height":431,"url":"https:\/\/didacta.com.uy\/sitio\/wp-content\/uploads\/2023\/07\/Captura-de-Pantalla-2023-08-02-a-las-23.35.51.png","type":"image\/png"}],"twitter_card":"summary_large_image","schema":{"@context":"https:\/\/schema.org","@graph":[{"@type":"WebPage","@id":"https:\/\/didacta.com.uy\/sitio\/producto\/my-little-collection-muneca-come-y-hace-caca\/","url":"https:\/\/didacta.com.uy\/sitio\/producto\/my-little-collection-muneca-come-y-hace-caca\/","name":"MY LITTLE COLLECTION - MU\u00d1ECA COME Y HACE CACA - Didacta","isPartOf":{"@id":"https:\/\/didacta.com.uy\/sitio\/#website"},"primaryImageOfPage":{"@id":"https:\/\/didacta.com.uy\/sitio\/producto\/my-little-collection-muneca-come-y-hace-caca\/#primaryimage"},"image":{"@id":"https:\/\/didacta.com.uy\/sitio\/producto\/my-little-collection-muneca-come-y-hace-caca\/#primaryimage"},"thumbnailUrl":"https:\/\/didacta.com.uy\/sitio\/wp-content\/uploads\/2023\/07\/Captura-de-Pantalla-2023-08-02-a-las-23.35.51.png","datePublished":"2023-07-28T06:09:24+00:00","dateModified":"2023-09-29T17:28:15+00:00","breadcrumb":{"@id":"https:\/\/didacta.com.uy\/sitio\/producto\/my-little-collection-muneca-come-y-hace-caca\/#breadcrumb"},"inLanguage":"es","potentialAction":[{"@type":"ReadAction","target":["https:\/\/didacta.com.uy\/sitio\/producto\/my-little-collection-muneca-come-y-hace-caca\/"]}]},{"@type":"ImageObject","inLanguage":"es","@id":"https:\/\/didacta.com.uy\/sitio\/producto\/my-little-collection-muneca-come-y-hace-caca\/#primaryimage","url":"https:\/\/didacta.com.uy\/sitio\/wp-content\/uploads\/2023\/07\/Captura-de-Pantalla-2023-08-02-a-las-23.35.51.png","contentUrl":"https:\/\/didacta.com.uy\/sitio\/wp-content\/uploads\/2023\/07\/Captura-de-Pantalla-2023-08-02-a-las-23.35.51.png","width":403,"height":431},{"@type":"BreadcrumbList","@id":"https:\/\/didacta.com.uy\/sitio\/producto\/my-little-collection-muneca-come-y-hace-caca\/#breadcrumb","itemListElement":[{"@type":"ListItem","position":1,"name":"Portada","item":"https:\/\/didacta.com.uy\/sitio\/"},{"@type":"ListItem","position":2,"name":"Inicio","item":"https:\/\/didacta.com.uy\/sitio\/"},{"@type":"ListItem","position":3,"name":"MY LITTLE COLLECTION &#8211; MU\u00d1ECA COME Y HACE CACA"}]},{"@type":"WebSite","@id":"https:\/\/didacta.com.uy\/sitio\/#website","url":"https:\/\/didacta.com.uy\/sitio\/","name":"Didacta","description":"Con m\u00e1s de 20 a\u00f1os de experiencia, DIDACTA es la marca l\u00edder en el mercado uruguayo de juegos de mesa.","potentialAction":[{"@type":"SearchAction","target":{"@type":"EntryPoint","urlTemplate":"https:\/\/didacta.com.uy\/sitio\/?s={search_term_string}"},"query-input":{"@type":"PropertyValueSpecification","valueRequired":true,"valueName":"search_term_string"}}],"inLanguage":"es"}]}},"_links":{"self":[{"href":"https:\/\/didacta.com.uy\/sitio\/wp-json\/wp\/v2\/product\/212467","targetHints":{"allow":["GET"]}}],"collection":[{"href":"https:\/\/didacta.com.uy\/sitio\/wp-json\/wp\/v2\/product"}],"about":[{"href":"https:\/\/didacta.com.uy\/sitio\/wp-json\/wp\/v2\/types\/product"}],"replies":[{"embeddable":true,"href":"https:\/\/didacta.com.uy\/sitio\/wp-json\/wp\/v2\/comments?post=212467"}],"wp:featuredmedia":[{"embeddable":true,"href":"https:\/\/didacta.com.uy\/sitio\/wp-json\/wp\/v2\/media\/212621"}],"wp:attachment":[{"href":"https:\/\/didacta.com.uy\/sitio\/wp-json\/wp\/v2\/media?parent=212467"}],"wp:term":[{"taxonomy":"product_brand","embeddable":true,"href":"https:\/\/didacta.com.uy\/sitio\/wp-json\/wp\/v2\/product_brand?post=212467"},{"taxonomy":"product_cat","embeddable":true,"href":"https:\/\/didacta.com.uy\/sitio\/wp-json\/wp\/v2\/product_cat?post=212467"},{"taxonomy":"product_tag","embeddable":true,"href":"https:\/\/didacta.com.uy\/sitio\/wp-json\/wp\/v2\/product_tag?post=212467"}],"curies":[{"name":"wp","href":"https:\/\/api.w.org\/{rel}","templated":true}]}}