{"id":212390,"date":"2023-07-28T04:39:12","date_gmt":"2023-07-28T04:39:12","guid":{"rendered":"https:\/\/didacta.com.uy\/sitio\/?post_type=product&#038;p=212390"},"modified":"2023-09-27T17:14:09","modified_gmt":"2023-09-27T17:14:09","slug":"diver-massa-haciendo-burgers-c-accesorios","status":"publish","type":"product","link":"https:\/\/didacta.com.uy\/sitio\/producto\/diver-massa-haciendo-burgers-c-accesorios\/","title":{"rendered":"DIVER MASSA &#8211; HACIENDO BURGERS C\/ACCESORIOS"},"content":{"rendered":"<p>Viene con 6 botes de 50g cada uno en marr\u00f3n\/verde\/blanco\/rojo y amarillo.<br \/>\n<strong>Accesorios:<\/strong> Parrilla de PP inyectado de colores, jeringa para modelar masa, pinzas, cuchillo y rollo.<br \/>\n<strong>Cart\u00f3n:<\/strong> Cajas para hamburguesas, papas fritas para hot dogs.<br \/>\n<strong>C\u00f3digo:<\/strong> 8057<br \/>\n<strong>C\u00f3digo de barras: <\/strong>7898639380579<br \/>\n<strong>Edad:<\/strong> Mayores de 3 a\u00f1os<br \/>\n<strong>Tama\u00f1o del producto:<\/strong> Parrilla 157&#215;50<br \/>\n<strong>Tama\u00f1o del empaque:<\/strong> 390x70x195<\/p>\n<p>&nbsp;<\/p>\n","protected":false},"excerpt":{"rendered":"<p>Viene con 6 botes de 50g cada uno en marr\u00f3n\/verde\/blanco\/rojo y amarillo.<br \/>\n<strong>Accesorios:<\/strong> Parrilla de PP inyectado de colores, jeringa para modelar masa, pinzas, cuchillo y rollo.<br \/>\n<strong>Cart\u00f3n:<\/strong> Cajas para hamburguesas, papas fritas para hot dogs.<br \/>\n<strong>C\u00f3digo:<\/strong> 8057<br \/>\n<strong>C\u00f3digo de barras: <\/strong>7898639380579<br \/>\n<strong>Edad:<\/strong> Mayores de 3 a\u00f1os<br \/>\n<strong>Tama\u00f1o del producto:<\/strong> Parrilla 157&#215;50<br \/>\n<strong>Tama\u00f1o del empaque:<\/strong> 390x70x195<\/p>\n<p>&nbsp;<\/p>\n<p>&nbsp;<\/p>\n","protected":false},"featured_media":212391,"comment_status":"closed","ping_status":"closed","template":"","meta":{"_et_pb_use_builder":"","_et_pb_old_content":"","_et_gb_content_width":"","_uf_show_specific_survey":0,"_uf_disable_surveys":false},"product_brand":[],"product_cat":[238],"product_tag":[],"class_list":{"0":"post-212390","1":"product","2":"type-product","3":"status-publish","4":"has-post-thumbnail","6":"product_cat-divermassas","8":"first","9":"instock","10":"taxable","11":"shipping-taxable","12":"purchasable","13":"product-type-simple"},"aioseo_notices":[],"yoast_head":"<!-- This site is optimized with the Yoast SEO plugin v24.8.1 - https:\/\/yoast.com\/wordpress\/plugins\/seo\/ -->\n<title>DIVER MASSA - HACIENDO BURGERS C\/ACCESORIOS - Didacta<\/title>\n<meta name=\"robots\" content=\"index, follow, max-snippet:-1, max-image-preview:large, max-video-preview:-1\" \/>\n<link rel=\"canonical\" href=\"https:\/\/didacta.com.uy\/sitio\/producto\/diver-massa-haciendo-burgers-c-accesorios\/\" \/>\n<meta property=\"og:locale\" content=\"es_ES\" \/>\n<meta property=\"og:type\" content=\"article\" \/>\n<meta property=\"og:title\" content=\"DIVER MASSA - HACIENDO BURGERS C\/ACCESORIOS - Didacta\" \/>\n<meta property=\"og:description\" content=\"Viene con 6 botes de 50g cada uno en marr\u00f3n\/verde\/blanco\/rojo y amarillo. Accesorios: Parrilla de PP inyectado de colores, jeringa para modelar masa, pinzas, cuchillo y rollo. Cart\u00f3n: Cajas para hamburguesas, papas fritas para hot dogs. C\u00f3digo: 8057 C\u00f3digo de barras: 7898639380579 Edad: Mayores de 3 a\u00f1os Tama\u00f1o del producto: Parrilla 157x50 Tama\u00f1o del empaque: 390x70x195  &nbsp;  &nbsp;\" \/>\n<meta property=\"og:url\" content=\"https:\/\/didacta.com.uy\/sitio\/producto\/diver-massa-haciendo-burgers-c-accesorios\/\" \/>\n<meta property=\"og:site_name\" content=\"Didacta\" \/>\n<meta property=\"article:modified_time\" content=\"2023-09-27T17:14:09+00:00\" \/>\n<meta property=\"og:image\" content=\"https:\/\/didacta.com.uy\/sitio\/wp-content\/uploads\/2023\/07\/8057.jpg\" \/>\n\t<meta property=\"og:image:width\" content=\"1772\" \/>\n\t<meta property=\"og:image:height\" content=\"1772\" \/>\n\t<meta property=\"og:image:type\" content=\"image\/jpeg\" \/>\n<meta name=\"twitter:card\" content=\"summary_large_image\" \/>\n<script type=\"application\/ld+json\" class=\"yoast-schema-graph\">{\"@context\":\"https:\/\/schema.org\",\"@graph\":[{\"@type\":\"WebPage\",\"@id\":\"https:\/\/didacta.com.uy\/sitio\/producto\/diver-massa-haciendo-burgers-c-accesorios\/\",\"url\":\"https:\/\/didacta.com.uy\/sitio\/producto\/diver-massa-haciendo-burgers-c-accesorios\/\",\"name\":\"DIVER MASSA - HACIENDO BURGERS C\/ACCESORIOS - Didacta\",\"isPartOf\":{\"@id\":\"https:\/\/didacta.com.uy\/sitio\/#website\"},\"primaryImageOfPage\":{\"@id\":\"https:\/\/didacta.com.uy\/sitio\/producto\/diver-massa-haciendo-burgers-c-accesorios\/#primaryimage\"},\"image\":{\"@id\":\"https:\/\/didacta.com.uy\/sitio\/producto\/diver-massa-haciendo-burgers-c-accesorios\/#primaryimage\"},\"thumbnailUrl\":\"https:\/\/didacta.com.uy\/sitio\/wp-content\/uploads\/2023\/07\/8057.jpg\",\"datePublished\":\"2023-07-28T04:39:12+00:00\",\"dateModified\":\"2023-09-27T17:14:09+00:00\",\"breadcrumb\":{\"@id\":\"https:\/\/didacta.com.uy\/sitio\/producto\/diver-massa-haciendo-burgers-c-accesorios\/#breadcrumb\"},\"inLanguage\":\"es\",\"potentialAction\":[{\"@type\":\"ReadAction\",\"target\":[\"https:\/\/didacta.com.uy\/sitio\/producto\/diver-massa-haciendo-burgers-c-accesorios\/\"]}]},{\"@type\":\"ImageObject\",\"inLanguage\":\"es\",\"@id\":\"https:\/\/didacta.com.uy\/sitio\/producto\/diver-massa-haciendo-burgers-c-accesorios\/#primaryimage\",\"url\":\"https:\/\/didacta.com.uy\/sitio\/wp-content\/uploads\/2023\/07\/8057.jpg\",\"contentUrl\":\"https:\/\/didacta.com.uy\/sitio\/wp-content\/uploads\/2023\/07\/8057.jpg\",\"width\":1772,\"height\":1772},{\"@type\":\"BreadcrumbList\",\"@id\":\"https:\/\/didacta.com.uy\/sitio\/producto\/diver-massa-haciendo-burgers-c-accesorios\/#breadcrumb\",\"itemListElement\":[{\"@type\":\"ListItem\",\"position\":1,\"name\":\"Portada\",\"item\":\"https:\/\/didacta.com.uy\/sitio\/\"},{\"@type\":\"ListItem\",\"position\":2,\"name\":\"Inicio\",\"item\":\"https:\/\/didacta.com.uy\/sitio\/\"},{\"@type\":\"ListItem\",\"position\":3,\"name\":\"DIVER MASSA &#8211; HACIENDO BURGERS C\/ACCESORIOS\"}]},{\"@type\":\"WebSite\",\"@id\":\"https:\/\/didacta.com.uy\/sitio\/#website\",\"url\":\"https:\/\/didacta.com.uy\/sitio\/\",\"name\":\"Didacta\",\"description\":\"Con m\u00e1s de 20 a\u00f1os de experiencia, DIDACTA es la marca l\u00edder en el mercado uruguayo de juegos de mesa.\",\"potentialAction\":[{\"@type\":\"SearchAction\",\"target\":{\"@type\":\"EntryPoint\",\"urlTemplate\":\"https:\/\/didacta.com.uy\/sitio\/?s={search_term_string}\"},\"query-input\":{\"@type\":\"PropertyValueSpecification\",\"valueRequired\":true,\"valueName\":\"search_term_string\"}}],\"inLanguage\":\"es\"}]}<\/script>\n<!-- \/ Yoast SEO plugin. -->","yoast_head_json":{"title":"DIVER MASSA - HACIENDO BURGERS C\/ACCESORIOS - Didacta","robots":{"index":"index","follow":"follow","max-snippet":"max-snippet:-1","max-image-preview":"max-image-preview:large","max-video-preview":"max-video-preview:-1"},"canonical":"https:\/\/didacta.com.uy\/sitio\/producto\/diver-massa-haciendo-burgers-c-accesorios\/","og_locale":"es_ES","og_type":"article","og_title":"DIVER MASSA - HACIENDO BURGERS C\/ACCESORIOS - Didacta","og_description":"Viene con 6 botes de 50g cada uno en marr\u00f3n\/verde\/blanco\/rojo y amarillo. Accesorios: Parrilla de PP inyectado de colores, jeringa para modelar masa, pinzas, cuchillo y rollo. Cart\u00f3n: Cajas para hamburguesas, papas fritas para hot dogs. C\u00f3digo: 8057 C\u00f3digo de barras: 7898639380579 Edad: Mayores de 3 a\u00f1os Tama\u00f1o del producto: Parrilla 157x50 Tama\u00f1o del empaque: 390x70x195  &nbsp;  &nbsp;","og_url":"https:\/\/didacta.com.uy\/sitio\/producto\/diver-massa-haciendo-burgers-c-accesorios\/","og_site_name":"Didacta","article_modified_time":"2023-09-27T17:14:09+00:00","og_image":[{"width":1772,"height":1772,"url":"https:\/\/didacta.com.uy\/sitio\/wp-content\/uploads\/2023\/07\/8057.jpg","type":"image\/jpeg"}],"twitter_card":"summary_large_image","schema":{"@context":"https:\/\/schema.org","@graph":[{"@type":"WebPage","@id":"https:\/\/didacta.com.uy\/sitio\/producto\/diver-massa-haciendo-burgers-c-accesorios\/","url":"https:\/\/didacta.com.uy\/sitio\/producto\/diver-massa-haciendo-burgers-c-accesorios\/","name":"DIVER MASSA - HACIENDO BURGERS C\/ACCESORIOS - Didacta","isPartOf":{"@id":"https:\/\/didacta.com.uy\/sitio\/#website"},"primaryImageOfPage":{"@id":"https:\/\/didacta.com.uy\/sitio\/producto\/diver-massa-haciendo-burgers-c-accesorios\/#primaryimage"},"image":{"@id":"https:\/\/didacta.com.uy\/sitio\/producto\/diver-massa-haciendo-burgers-c-accesorios\/#primaryimage"},"thumbnailUrl":"https:\/\/didacta.com.uy\/sitio\/wp-content\/uploads\/2023\/07\/8057.jpg","datePublished":"2023-07-28T04:39:12+00:00","dateModified":"2023-09-27T17:14:09+00:00","breadcrumb":{"@id":"https:\/\/didacta.com.uy\/sitio\/producto\/diver-massa-haciendo-burgers-c-accesorios\/#breadcrumb"},"inLanguage":"es","potentialAction":[{"@type":"ReadAction","target":["https:\/\/didacta.com.uy\/sitio\/producto\/diver-massa-haciendo-burgers-c-accesorios\/"]}]},{"@type":"ImageObject","inLanguage":"es","@id":"https:\/\/didacta.com.uy\/sitio\/producto\/diver-massa-haciendo-burgers-c-accesorios\/#primaryimage","url":"https:\/\/didacta.com.uy\/sitio\/wp-content\/uploads\/2023\/07\/8057.jpg","contentUrl":"https:\/\/didacta.com.uy\/sitio\/wp-content\/uploads\/2023\/07\/8057.jpg","width":1772,"height":1772},{"@type":"BreadcrumbList","@id":"https:\/\/didacta.com.uy\/sitio\/producto\/diver-massa-haciendo-burgers-c-accesorios\/#breadcrumb","itemListElement":[{"@type":"ListItem","position":1,"name":"Portada","item":"https:\/\/didacta.com.uy\/sitio\/"},{"@type":"ListItem","position":2,"name":"Inicio","item":"https:\/\/didacta.com.uy\/sitio\/"},{"@type":"ListItem","position":3,"name":"DIVER MASSA &#8211; HACIENDO BURGERS C\/ACCESORIOS"}]},{"@type":"WebSite","@id":"https:\/\/didacta.com.uy\/sitio\/#website","url":"https:\/\/didacta.com.uy\/sitio\/","name":"Didacta","description":"Con m\u00e1s de 20 a\u00f1os de experiencia, DIDACTA es la marca l\u00edder en el mercado uruguayo de juegos de mesa.","potentialAction":[{"@type":"SearchAction","target":{"@type":"EntryPoint","urlTemplate":"https:\/\/didacta.com.uy\/sitio\/?s={search_term_string}"},"query-input":{"@type":"PropertyValueSpecification","valueRequired":true,"valueName":"search_term_string"}}],"inLanguage":"es"}]}},"_links":{"self":[{"href":"https:\/\/didacta.com.uy\/sitio\/wp-json\/wp\/v2\/product\/212390","targetHints":{"allow":["GET"]}}],"collection":[{"href":"https:\/\/didacta.com.uy\/sitio\/wp-json\/wp\/v2\/product"}],"about":[{"href":"https:\/\/didacta.com.uy\/sitio\/wp-json\/wp\/v2\/types\/product"}],"replies":[{"embeddable":true,"href":"https:\/\/didacta.com.uy\/sitio\/wp-json\/wp\/v2\/comments?post=212390"}],"wp:featuredmedia":[{"embeddable":true,"href":"https:\/\/didacta.com.uy\/sitio\/wp-json\/wp\/v2\/media\/212391"}],"wp:attachment":[{"href":"https:\/\/didacta.com.uy\/sitio\/wp-json\/wp\/v2\/media?parent=212390"}],"wp:term":[{"taxonomy":"product_brand","embeddable":true,"href":"https:\/\/didacta.com.uy\/sitio\/wp-json\/wp\/v2\/product_brand?post=212390"},{"taxonomy":"product_cat","embeddable":true,"href":"https:\/\/didacta.com.uy\/sitio\/wp-json\/wp\/v2\/product_cat?post=212390"},{"taxonomy":"product_tag","embeddable":true,"href":"https:\/\/didacta.com.uy\/sitio\/wp-json\/wp\/v2\/product_tag?post=212390"}],"curies":[{"name":"wp","href":"https:\/\/api.w.org\/{rel}","templated":true}]}}