{"id":212377,"date":"2023-07-28T04:28:12","date_gmt":"2023-07-28T04:28:12","guid":{"rendered":"https:\/\/didacta.com.uy\/sitio\/?post_type=product&#038;p=212377"},"modified":"2024-02-14T13:54:56","modified_gmt":"2024-02-14T13:54:56","slug":"peppa-princesa-peppa-pig","status":"publish","type":"product","link":"https:\/\/didacta.com.uy\/sitio\/producto\/peppa-princesa-peppa-pig\/","title":{"rendered":"PEPPA PRINCESA &#8211; PEPPA PIG"},"content":{"rendered":"<p>\u00a1Jugar con Peppa y George es pura diversi\u00f3n!<br \/>\n\u00a1A Peppa y George les encanta jugar, sum\u00e9rgete en el mundo de Peppa y juega con tus personajes favoritos!<\/p>\n<p><strong>C\u00f3digo:<\/strong> 997<br \/>\n<strong>C\u00f3digo de barras: <\/strong>7896448199702<br \/>\n<strong>Edad:<\/strong>\u00a0Mayores de 2 a\u00f1os<br \/>\n<strong>Medidas:<\/strong> 13 x 9 x 21 cm<\/p>\n","protected":false},"excerpt":{"rendered":"<p>\u00a1Jugar con Peppa y George es pura diversi\u00f3n!<br \/>\n\u00a1A Peppa y George les encanta jugar, sum\u00e9rgete en el mundo de Peppa y juega con tus personajes favoritos!<\/p>\n<p><strong>C\u00f3digo:<\/strong> 997<br \/>\n<strong>C\u00f3digo de barras: <\/strong>7896448199702<br \/>\n<strong>Edad:<\/strong>\u00a0Mayores de 2 a\u00f1os<br \/>\n<strong>Medidas:<\/strong> 13 x 9 x 21 cm<\/p>\n","protected":false},"featured_media":212378,"comment_status":"closed","ping_status":"closed","template":"","meta":{"_et_pb_use_builder":"","_et_pb_old_content":"","_et_gb_content_width":"","_uf_show_specific_survey":0,"_uf_disable_surveys":false},"product_brand":[],"product_cat":[202],"product_tag":[],"class_list":{"0":"post-212377","1":"product","2":"type-product","3":"status-publish","4":"has-post-thumbnail","6":"product_cat-elka-personajes","8":"first","9":"instock","10":"taxable","11":"shipping-taxable","12":"purchasable","13":"product-type-simple"},"aioseo_notices":[],"yoast_head":"<!-- This site is optimized with the Yoast SEO plugin v24.8.1 - https:\/\/yoast.com\/wordpress\/plugins\/seo\/ -->\n<title>PEPPA PRINCESA - PEPPA PIG - Didacta<\/title>\n<meta name=\"robots\" content=\"index, follow, max-snippet:-1, max-image-preview:large, max-video-preview:-1\" \/>\n<link rel=\"canonical\" href=\"https:\/\/didacta.com.uy\/sitio\/producto\/peppa-princesa-peppa-pig\/\" \/>\n<meta property=\"og:locale\" content=\"es_ES\" \/>\n<meta property=\"og:type\" content=\"article\" \/>\n<meta property=\"og:title\" content=\"PEPPA PRINCESA - PEPPA PIG - Didacta\" \/>\n<meta property=\"og:description\" content=\"\u00a1Jugar con Peppa y George es pura diversi\u00f3n! \u00a1A Peppa y George les encanta jugar, sum\u00e9rgete en el mundo de Peppa y juega con tus personajes favoritos!  C\u00f3digo: 997 C\u00f3digo de barras: 7896448199702 Edad:\u00a0Mayores de 2 a\u00f1os Medidas: 13 x 9 x 21 cm\" \/>\n<meta property=\"og:url\" content=\"https:\/\/didacta.com.uy\/sitio\/producto\/peppa-princesa-peppa-pig\/\" \/>\n<meta property=\"og:site_name\" content=\"Didacta\" \/>\n<meta property=\"article:modified_time\" content=\"2024-02-14T13:54:56+00:00\" \/>\n<meta property=\"og:image\" content=\"https:\/\/didacta.com.uy\/sitio\/wp-content\/uploads\/2023\/07\/997.jpg\" \/>\n\t<meta property=\"og:image:width\" content=\"1000\" \/>\n\t<meta property=\"og:image:height\" content=\"1000\" \/>\n\t<meta property=\"og:image:type\" content=\"image\/jpeg\" \/>\n<meta name=\"twitter:card\" content=\"summary_large_image\" \/>\n<meta name=\"twitter:label1\" content=\"Tiempo de lectura\" \/>\n\t<meta name=\"twitter:data1\" content=\"1 minuto\" \/>\n<script type=\"application\/ld+json\" class=\"yoast-schema-graph\">{\"@context\":\"https:\/\/schema.org\",\"@graph\":[{\"@type\":\"WebPage\",\"@id\":\"https:\/\/didacta.com.uy\/sitio\/producto\/peppa-princesa-peppa-pig\/\",\"url\":\"https:\/\/didacta.com.uy\/sitio\/producto\/peppa-princesa-peppa-pig\/\",\"name\":\"PEPPA PRINCESA - PEPPA PIG - Didacta\",\"isPartOf\":{\"@id\":\"https:\/\/didacta.com.uy\/sitio\/#website\"},\"primaryImageOfPage\":{\"@id\":\"https:\/\/didacta.com.uy\/sitio\/producto\/peppa-princesa-peppa-pig\/#primaryimage\"},\"image\":{\"@id\":\"https:\/\/didacta.com.uy\/sitio\/producto\/peppa-princesa-peppa-pig\/#primaryimage\"},\"thumbnailUrl\":\"https:\/\/didacta.com.uy\/sitio\/wp-content\/uploads\/2023\/07\/997.jpg\",\"datePublished\":\"2023-07-28T04:28:12+00:00\",\"dateModified\":\"2024-02-14T13:54:56+00:00\",\"breadcrumb\":{\"@id\":\"https:\/\/didacta.com.uy\/sitio\/producto\/peppa-princesa-peppa-pig\/#breadcrumb\"},\"inLanguage\":\"es\",\"potentialAction\":[{\"@type\":\"ReadAction\",\"target\":[\"https:\/\/didacta.com.uy\/sitio\/producto\/peppa-princesa-peppa-pig\/\"]}]},{\"@type\":\"ImageObject\",\"inLanguage\":\"es\",\"@id\":\"https:\/\/didacta.com.uy\/sitio\/producto\/peppa-princesa-peppa-pig\/#primaryimage\",\"url\":\"https:\/\/didacta.com.uy\/sitio\/wp-content\/uploads\/2023\/07\/997.jpg\",\"contentUrl\":\"https:\/\/didacta.com.uy\/sitio\/wp-content\/uploads\/2023\/07\/997.jpg\",\"width\":1000,\"height\":1000},{\"@type\":\"BreadcrumbList\",\"@id\":\"https:\/\/didacta.com.uy\/sitio\/producto\/peppa-princesa-peppa-pig\/#breadcrumb\",\"itemListElement\":[{\"@type\":\"ListItem\",\"position\":1,\"name\":\"Portada\",\"item\":\"https:\/\/didacta.com.uy\/sitio\/\"},{\"@type\":\"ListItem\",\"position\":2,\"name\":\"Inicio\",\"item\":\"https:\/\/didacta.com.uy\/sitio\/\"},{\"@type\":\"ListItem\",\"position\":3,\"name\":\"PEPPA PRINCESA &#8211; PEPPA PIG\"}]},{\"@type\":\"WebSite\",\"@id\":\"https:\/\/didacta.com.uy\/sitio\/#website\",\"url\":\"https:\/\/didacta.com.uy\/sitio\/\",\"name\":\"Didacta\",\"description\":\"Con m\u00e1s de 20 a\u00f1os de experiencia, DIDACTA es la marca l\u00edder en el mercado uruguayo de juegos de mesa.\",\"potentialAction\":[{\"@type\":\"SearchAction\",\"target\":{\"@type\":\"EntryPoint\",\"urlTemplate\":\"https:\/\/didacta.com.uy\/sitio\/?s={search_term_string}\"},\"query-input\":{\"@type\":\"PropertyValueSpecification\",\"valueRequired\":true,\"valueName\":\"search_term_string\"}}],\"inLanguage\":\"es\"}]}<\/script>\n<!-- \/ Yoast SEO plugin. -->","yoast_head_json":{"title":"PEPPA PRINCESA - PEPPA PIG - Didacta","robots":{"index":"index","follow":"follow","max-snippet":"max-snippet:-1","max-image-preview":"max-image-preview:large","max-video-preview":"max-video-preview:-1"},"canonical":"https:\/\/didacta.com.uy\/sitio\/producto\/peppa-princesa-peppa-pig\/","og_locale":"es_ES","og_type":"article","og_title":"PEPPA PRINCESA - PEPPA PIG - Didacta","og_description":"\u00a1Jugar con Peppa y George es pura diversi\u00f3n! \u00a1A Peppa y George les encanta jugar, sum\u00e9rgete en el mundo de Peppa y juega con tus personajes favoritos!  C\u00f3digo: 997 C\u00f3digo de barras: 7896448199702 Edad:\u00a0Mayores de 2 a\u00f1os Medidas: 13 x 9 x 21 cm","og_url":"https:\/\/didacta.com.uy\/sitio\/producto\/peppa-princesa-peppa-pig\/","og_site_name":"Didacta","article_modified_time":"2024-02-14T13:54:56+00:00","og_image":[{"width":1000,"height":1000,"url":"https:\/\/didacta.com.uy\/sitio\/wp-content\/uploads\/2023\/07\/997.jpg","type":"image\/jpeg"}],"twitter_card":"summary_large_image","twitter_misc":{"Tiempo de lectura":"1 minuto"},"schema":{"@context":"https:\/\/schema.org","@graph":[{"@type":"WebPage","@id":"https:\/\/didacta.com.uy\/sitio\/producto\/peppa-princesa-peppa-pig\/","url":"https:\/\/didacta.com.uy\/sitio\/producto\/peppa-princesa-peppa-pig\/","name":"PEPPA PRINCESA - PEPPA PIG - Didacta","isPartOf":{"@id":"https:\/\/didacta.com.uy\/sitio\/#website"},"primaryImageOfPage":{"@id":"https:\/\/didacta.com.uy\/sitio\/producto\/peppa-princesa-peppa-pig\/#primaryimage"},"image":{"@id":"https:\/\/didacta.com.uy\/sitio\/producto\/peppa-princesa-peppa-pig\/#primaryimage"},"thumbnailUrl":"https:\/\/didacta.com.uy\/sitio\/wp-content\/uploads\/2023\/07\/997.jpg","datePublished":"2023-07-28T04:28:12+00:00","dateModified":"2024-02-14T13:54:56+00:00","breadcrumb":{"@id":"https:\/\/didacta.com.uy\/sitio\/producto\/peppa-princesa-peppa-pig\/#breadcrumb"},"inLanguage":"es","potentialAction":[{"@type":"ReadAction","target":["https:\/\/didacta.com.uy\/sitio\/producto\/peppa-princesa-peppa-pig\/"]}]},{"@type":"ImageObject","inLanguage":"es","@id":"https:\/\/didacta.com.uy\/sitio\/producto\/peppa-princesa-peppa-pig\/#primaryimage","url":"https:\/\/didacta.com.uy\/sitio\/wp-content\/uploads\/2023\/07\/997.jpg","contentUrl":"https:\/\/didacta.com.uy\/sitio\/wp-content\/uploads\/2023\/07\/997.jpg","width":1000,"height":1000},{"@type":"BreadcrumbList","@id":"https:\/\/didacta.com.uy\/sitio\/producto\/peppa-princesa-peppa-pig\/#breadcrumb","itemListElement":[{"@type":"ListItem","position":1,"name":"Portada","item":"https:\/\/didacta.com.uy\/sitio\/"},{"@type":"ListItem","position":2,"name":"Inicio","item":"https:\/\/didacta.com.uy\/sitio\/"},{"@type":"ListItem","position":3,"name":"PEPPA PRINCESA &#8211; PEPPA PIG"}]},{"@type":"WebSite","@id":"https:\/\/didacta.com.uy\/sitio\/#website","url":"https:\/\/didacta.com.uy\/sitio\/","name":"Didacta","description":"Con m\u00e1s de 20 a\u00f1os de experiencia, DIDACTA es la marca l\u00edder en el mercado uruguayo de juegos de mesa.","potentialAction":[{"@type":"SearchAction","target":{"@type":"EntryPoint","urlTemplate":"https:\/\/didacta.com.uy\/sitio\/?s={search_term_string}"},"query-input":{"@type":"PropertyValueSpecification","valueRequired":true,"valueName":"search_term_string"}}],"inLanguage":"es"}]}},"_links":{"self":[{"href":"https:\/\/didacta.com.uy\/sitio\/wp-json\/wp\/v2\/product\/212377","targetHints":{"allow":["GET"]}}],"collection":[{"href":"https:\/\/didacta.com.uy\/sitio\/wp-json\/wp\/v2\/product"}],"about":[{"href":"https:\/\/didacta.com.uy\/sitio\/wp-json\/wp\/v2\/types\/product"}],"replies":[{"embeddable":true,"href":"https:\/\/didacta.com.uy\/sitio\/wp-json\/wp\/v2\/comments?post=212377"}],"wp:featuredmedia":[{"embeddable":true,"href":"https:\/\/didacta.com.uy\/sitio\/wp-json\/wp\/v2\/media\/212378"}],"wp:attachment":[{"href":"https:\/\/didacta.com.uy\/sitio\/wp-json\/wp\/v2\/media?parent=212377"}],"wp:term":[{"taxonomy":"product_brand","embeddable":true,"href":"https:\/\/didacta.com.uy\/sitio\/wp-json\/wp\/v2\/product_brand?post=212377"},{"taxonomy":"product_cat","embeddable":true,"href":"https:\/\/didacta.com.uy\/sitio\/wp-json\/wp\/v2\/product_cat?post=212377"},{"taxonomy":"product_tag","embeddable":true,"href":"https:\/\/didacta.com.uy\/sitio\/wp-json\/wp\/v2\/product_tag?post=212377"}],"curies":[{"name":"wp","href":"https:\/\/api.w.org\/{rel}","templated":true}]}}