{"id":212373,"date":"2023-07-28T01:36:20","date_gmt":"2023-07-28T01:36:20","guid":{"rendered":"https:\/\/didacta.com.uy\/sitio\/?post_type=product&#038;p=212373"},"modified":"2024-02-14T13:01:37","modified_gmt":"2024-02-14T13:01:37","slug":"sonajero-mordedor-dino","status":"publish","type":"product","link":"https:\/\/didacta.com.uy\/sitio\/producto\/sonajero-mordedor-dino\/","title":{"rendered":"SONAJERO MORDEDOR DINO"},"content":{"rendered":"<p>MUCHA DIVERSI\u00d3N!<br \/>\n\u00a1Se sacude y hace un ruido de traqueteo!<br \/>\n\u00a1Cabeza hecha de vinilo no t\u00f3xico!<\/p>\n<p><strong>C\u00f3digo:<\/strong> 8173<br \/>\n<strong>C\u00f3digo de barras:<\/strong> 7898639381736<br \/>\n<strong>Tama\u00f1o del producto:<\/strong>\u00a0 164 x 258 mm<\/p>\n","protected":false},"excerpt":{"rendered":"<p>MUCHA DIVERSI\u00d3N!<br \/>\n\u00a1Se sacude y hace un ruido de traqueteo!<br \/>\n\u00a1Cabeza hecha de vinilo no t\u00f3xico!<\/p>\n<p><strong>C\u00f3digo:<\/strong> 8173<br \/>\n<strong>C\u00f3digo de barras:<\/strong> 7898639381736<br \/>\n<strong>Tama\u00f1o del producto:<\/strong>\u00a0 164 x 258 mm<\/p>\n","protected":false},"featured_media":212570,"comment_status":"closed","ping_status":"closed","template":"","meta":{"_et_pb_use_builder":"","_et_pb_old_content":"","_et_gb_content_width":"","_uf_show_specific_survey":0,"_uf_disable_surveys":false},"product_brand":[],"product_cat":[203],"product_tag":[],"class_list":{"0":"post-212373","1":"product","2":"type-product","3":"status-publish","4":"has-post-thumbnail","6":"product_cat-elka-primer-infancia","8":"first","9":"instock","10":"taxable","11":"shipping-taxable","12":"purchasable","13":"product-type-simple"},"aioseo_notices":[],"yoast_head":"<!-- This site is optimized with the Yoast SEO plugin v24.8.1 - https:\/\/yoast.com\/wordpress\/plugins\/seo\/ -->\n<title>SONAJERO MORDEDOR DINO - Didacta<\/title>\n<meta name=\"robots\" content=\"index, follow, max-snippet:-1, max-image-preview:large, max-video-preview:-1\" \/>\n<link rel=\"canonical\" href=\"https:\/\/didacta.com.uy\/sitio\/producto\/sonajero-mordedor-dino\/\" \/>\n<meta property=\"og:locale\" content=\"es_ES\" \/>\n<meta property=\"og:type\" content=\"article\" \/>\n<meta property=\"og:title\" content=\"SONAJERO MORDEDOR DINO - Didacta\" \/>\n<meta property=\"og:description\" content=\"MUCHA DIVERSI\u00d3N! \u00a1Se sacude y hace un ruido de traqueteo! \u00a1Cabeza hecha de vinilo no t\u00f3xico!  C\u00f3digo: 8173 C\u00f3digo de barras: 7898639381736 Tama\u00f1o del producto:\u00a0 164 x 258 mm\" \/>\n<meta property=\"og:url\" content=\"https:\/\/didacta.com.uy\/sitio\/producto\/sonajero-mordedor-dino\/\" \/>\n<meta property=\"og:site_name\" content=\"Didacta\" \/>\n<meta property=\"article:modified_time\" content=\"2024-02-14T13:01:37+00:00\" \/>\n<meta property=\"og:image\" content=\"https:\/\/didacta.com.uy\/sitio\/wp-content\/uploads\/2023\/07\/Captura-de-Pantalla-2023-08-01-a-las-22.55.07.png\" \/>\n\t<meta property=\"og:image:width\" content=\"406\" \/>\n\t<meta property=\"og:image:height\" content=\"452\" \/>\n\t<meta property=\"og:image:type\" content=\"image\/png\" \/>\n<meta name=\"twitter:card\" content=\"summary_large_image\" \/>\n<meta name=\"twitter:label1\" content=\"Tiempo de lectura\" \/>\n\t<meta name=\"twitter:data1\" content=\"1 minuto\" \/>\n<script type=\"application\/ld+json\" class=\"yoast-schema-graph\">{\"@context\":\"https:\/\/schema.org\",\"@graph\":[{\"@type\":\"WebPage\",\"@id\":\"https:\/\/didacta.com.uy\/sitio\/producto\/sonajero-mordedor-dino\/\",\"url\":\"https:\/\/didacta.com.uy\/sitio\/producto\/sonajero-mordedor-dino\/\",\"name\":\"SONAJERO MORDEDOR DINO - Didacta\",\"isPartOf\":{\"@id\":\"https:\/\/didacta.com.uy\/sitio\/#website\"},\"primaryImageOfPage\":{\"@id\":\"https:\/\/didacta.com.uy\/sitio\/producto\/sonajero-mordedor-dino\/#primaryimage\"},\"image\":{\"@id\":\"https:\/\/didacta.com.uy\/sitio\/producto\/sonajero-mordedor-dino\/#primaryimage\"},\"thumbnailUrl\":\"https:\/\/didacta.com.uy\/sitio\/wp-content\/uploads\/2023\/07\/Captura-de-Pantalla-2023-08-01-a-las-22.55.07.png\",\"datePublished\":\"2023-07-28T01:36:20+00:00\",\"dateModified\":\"2024-02-14T13:01:37+00:00\",\"breadcrumb\":{\"@id\":\"https:\/\/didacta.com.uy\/sitio\/producto\/sonajero-mordedor-dino\/#breadcrumb\"},\"inLanguage\":\"es\",\"potentialAction\":[{\"@type\":\"ReadAction\",\"target\":[\"https:\/\/didacta.com.uy\/sitio\/producto\/sonajero-mordedor-dino\/\"]}]},{\"@type\":\"ImageObject\",\"inLanguage\":\"es\",\"@id\":\"https:\/\/didacta.com.uy\/sitio\/producto\/sonajero-mordedor-dino\/#primaryimage\",\"url\":\"https:\/\/didacta.com.uy\/sitio\/wp-content\/uploads\/2023\/07\/Captura-de-Pantalla-2023-08-01-a-las-22.55.07.png\",\"contentUrl\":\"https:\/\/didacta.com.uy\/sitio\/wp-content\/uploads\/2023\/07\/Captura-de-Pantalla-2023-08-01-a-las-22.55.07.png\",\"width\":406,\"height\":452},{\"@type\":\"BreadcrumbList\",\"@id\":\"https:\/\/didacta.com.uy\/sitio\/producto\/sonajero-mordedor-dino\/#breadcrumb\",\"itemListElement\":[{\"@type\":\"ListItem\",\"position\":1,\"name\":\"Portada\",\"item\":\"https:\/\/didacta.com.uy\/sitio\/\"},{\"@type\":\"ListItem\",\"position\":2,\"name\":\"Inicio\",\"item\":\"https:\/\/didacta.com.uy\/sitio\/\"},{\"@type\":\"ListItem\",\"position\":3,\"name\":\"SONAJERO MORDEDOR DINO\"}]},{\"@type\":\"WebSite\",\"@id\":\"https:\/\/didacta.com.uy\/sitio\/#website\",\"url\":\"https:\/\/didacta.com.uy\/sitio\/\",\"name\":\"Didacta\",\"description\":\"Con m\u00e1s de 20 a\u00f1os de experiencia, DIDACTA es la marca l\u00edder en el mercado uruguayo de juegos de mesa.\",\"potentialAction\":[{\"@type\":\"SearchAction\",\"target\":{\"@type\":\"EntryPoint\",\"urlTemplate\":\"https:\/\/didacta.com.uy\/sitio\/?s={search_term_string}\"},\"query-input\":{\"@type\":\"PropertyValueSpecification\",\"valueRequired\":true,\"valueName\":\"search_term_string\"}}],\"inLanguage\":\"es\"}]}<\/script>\n<!-- \/ Yoast SEO plugin. -->","yoast_head_json":{"title":"SONAJERO MORDEDOR DINO - Didacta","robots":{"index":"index","follow":"follow","max-snippet":"max-snippet:-1","max-image-preview":"max-image-preview:large","max-video-preview":"max-video-preview:-1"},"canonical":"https:\/\/didacta.com.uy\/sitio\/producto\/sonajero-mordedor-dino\/","og_locale":"es_ES","og_type":"article","og_title":"SONAJERO MORDEDOR DINO - Didacta","og_description":"MUCHA DIVERSI\u00d3N! \u00a1Se sacude y hace un ruido de traqueteo! \u00a1Cabeza hecha de vinilo no t\u00f3xico!  C\u00f3digo: 8173 C\u00f3digo de barras: 7898639381736 Tama\u00f1o del producto:\u00a0 164 x 258 mm","og_url":"https:\/\/didacta.com.uy\/sitio\/producto\/sonajero-mordedor-dino\/","og_site_name":"Didacta","article_modified_time":"2024-02-14T13:01:37+00:00","og_image":[{"width":406,"height":452,"url":"https:\/\/didacta.com.uy\/sitio\/wp-content\/uploads\/2023\/07\/Captura-de-Pantalla-2023-08-01-a-las-22.55.07.png","type":"image\/png"}],"twitter_card":"summary_large_image","twitter_misc":{"Tiempo de lectura":"1 minuto"},"schema":{"@context":"https:\/\/schema.org","@graph":[{"@type":"WebPage","@id":"https:\/\/didacta.com.uy\/sitio\/producto\/sonajero-mordedor-dino\/","url":"https:\/\/didacta.com.uy\/sitio\/producto\/sonajero-mordedor-dino\/","name":"SONAJERO MORDEDOR DINO - Didacta","isPartOf":{"@id":"https:\/\/didacta.com.uy\/sitio\/#website"},"primaryImageOfPage":{"@id":"https:\/\/didacta.com.uy\/sitio\/producto\/sonajero-mordedor-dino\/#primaryimage"},"image":{"@id":"https:\/\/didacta.com.uy\/sitio\/producto\/sonajero-mordedor-dino\/#primaryimage"},"thumbnailUrl":"https:\/\/didacta.com.uy\/sitio\/wp-content\/uploads\/2023\/07\/Captura-de-Pantalla-2023-08-01-a-las-22.55.07.png","datePublished":"2023-07-28T01:36:20+00:00","dateModified":"2024-02-14T13:01:37+00:00","breadcrumb":{"@id":"https:\/\/didacta.com.uy\/sitio\/producto\/sonajero-mordedor-dino\/#breadcrumb"},"inLanguage":"es","potentialAction":[{"@type":"ReadAction","target":["https:\/\/didacta.com.uy\/sitio\/producto\/sonajero-mordedor-dino\/"]}]},{"@type":"ImageObject","inLanguage":"es","@id":"https:\/\/didacta.com.uy\/sitio\/producto\/sonajero-mordedor-dino\/#primaryimage","url":"https:\/\/didacta.com.uy\/sitio\/wp-content\/uploads\/2023\/07\/Captura-de-Pantalla-2023-08-01-a-las-22.55.07.png","contentUrl":"https:\/\/didacta.com.uy\/sitio\/wp-content\/uploads\/2023\/07\/Captura-de-Pantalla-2023-08-01-a-las-22.55.07.png","width":406,"height":452},{"@type":"BreadcrumbList","@id":"https:\/\/didacta.com.uy\/sitio\/producto\/sonajero-mordedor-dino\/#breadcrumb","itemListElement":[{"@type":"ListItem","position":1,"name":"Portada","item":"https:\/\/didacta.com.uy\/sitio\/"},{"@type":"ListItem","position":2,"name":"Inicio","item":"https:\/\/didacta.com.uy\/sitio\/"},{"@type":"ListItem","position":3,"name":"SONAJERO MORDEDOR DINO"}]},{"@type":"WebSite","@id":"https:\/\/didacta.com.uy\/sitio\/#website","url":"https:\/\/didacta.com.uy\/sitio\/","name":"Didacta","description":"Con m\u00e1s de 20 a\u00f1os de experiencia, DIDACTA es la marca l\u00edder en el mercado uruguayo de juegos de mesa.","potentialAction":[{"@type":"SearchAction","target":{"@type":"EntryPoint","urlTemplate":"https:\/\/didacta.com.uy\/sitio\/?s={search_term_string}"},"query-input":{"@type":"PropertyValueSpecification","valueRequired":true,"valueName":"search_term_string"}}],"inLanguage":"es"}]}},"_links":{"self":[{"href":"https:\/\/didacta.com.uy\/sitio\/wp-json\/wp\/v2\/product\/212373","targetHints":{"allow":["GET"]}}],"collection":[{"href":"https:\/\/didacta.com.uy\/sitio\/wp-json\/wp\/v2\/product"}],"about":[{"href":"https:\/\/didacta.com.uy\/sitio\/wp-json\/wp\/v2\/types\/product"}],"replies":[{"embeddable":true,"href":"https:\/\/didacta.com.uy\/sitio\/wp-json\/wp\/v2\/comments?post=212373"}],"wp:featuredmedia":[{"embeddable":true,"href":"https:\/\/didacta.com.uy\/sitio\/wp-json\/wp\/v2\/media\/212570"}],"wp:attachment":[{"href":"https:\/\/didacta.com.uy\/sitio\/wp-json\/wp\/v2\/media?parent=212373"}],"wp:term":[{"taxonomy":"product_brand","embeddable":true,"href":"https:\/\/didacta.com.uy\/sitio\/wp-json\/wp\/v2\/product_brand?post=212373"},{"taxonomy":"product_cat","embeddable":true,"href":"https:\/\/didacta.com.uy\/sitio\/wp-json\/wp\/v2\/product_cat?post=212373"},{"taxonomy":"product_tag","embeddable":true,"href":"https:\/\/didacta.com.uy\/sitio\/wp-json\/wp\/v2\/product_tag?post=212373"}],"curies":[{"name":"wp","href":"https:\/\/api.w.org\/{rel}","templated":true}]}}