{"id":212363,"date":"2023-07-28T01:33:45","date_gmt":"2023-07-28T01:33:45","guid":{"rendered":"https:\/\/didacta.com.uy\/sitio\/?post_type=product&#038;p=212363"},"modified":"2024-02-14T04:46:41","modified_gmt":"2024-02-14T04:46:41","slug":"casa-de-arbol","status":"publish","type":"product","link":"https:\/\/didacta.com.uy\/sitio\/producto\/casa-de-arbol\/","title":{"rendered":"CASA DE \u00c1RBOL"},"content":{"rendered":"<p>\u00c1rbol lleno de actividades para explorar, se abre y se cierra con ascensor y tobog\u00e1n, para jugar y contar historias!<\/p>\n<p><strong>C\u00f3digo:<\/strong> 1214<br \/>\n<strong>C\u00f3digo de barras: <\/strong>7896448112145<strong><br \/>\n<\/strong><strong>Edad:<\/strong>\u00a0M\u00e1s de 3 a\u00f1os<br \/>\n<strong>Color:<\/strong>\u00a0Tronco marr\u00f3n, base y c\u00fapula verdes, accesorios amarillos y rojos<\/p>\n","protected":false},"excerpt":{"rendered":"<p>\u00c1rbol lleno de actividades para explorar, se abre y se cierra con ascensor y tobog\u00e1n, para jugar y contar historias!<\/p>\n<p><strong>C\u00f3digo:<\/strong> 1214<br \/>\n<strong>C\u00f3digo de barras: <\/strong>7896448112145<br \/>\n<strong>Edad:<\/strong>\u00a0M\u00e1s de 3 a\u00f1os<br \/>\n<strong>Color:<\/strong>\u00a0Tronco marr\u00f3n, base y c\u00fapula verdes, accesorios amarillos y rojos<\/p>\n","protected":false},"featured_media":213320,"comment_status":"closed","ping_status":"closed","template":"","meta":{"_et_pb_use_builder":"","_et_pb_old_content":"","_et_gb_content_width":"","_uf_show_specific_survey":0,"_uf_disable_surveys":false},"product_brand":[],"product_cat":[203],"product_tag":[],"class_list":{"0":"post-212363","1":"product","2":"type-product","3":"status-publish","4":"has-post-thumbnail","6":"product_cat-elka-primer-infancia","8":"first","9":"instock","10":"taxable","11":"shipping-taxable","12":"purchasable","13":"product-type-simple"},"aioseo_notices":[],"yoast_head":"<!-- This site is optimized with the Yoast SEO plugin v24.8.1 - https:\/\/yoast.com\/wordpress\/plugins\/seo\/ -->\n<title>CASA DE \u00c1RBOL - Didacta<\/title>\n<meta name=\"robots\" content=\"index, follow, max-snippet:-1, max-image-preview:large, max-video-preview:-1\" \/>\n<link rel=\"canonical\" href=\"https:\/\/didacta.com.uy\/sitio\/producto\/casa-de-arbol\/\" \/>\n<meta property=\"og:locale\" content=\"es_ES\" \/>\n<meta property=\"og:type\" content=\"article\" \/>\n<meta property=\"og:title\" content=\"CASA DE \u00c1RBOL - Didacta\" \/>\n<meta property=\"og:description\" content=\"\u00c1rbol lleno de actividades para explorar, se abre y se cierra con ascensor y tobog\u00e1n, para jugar y contar historias!  C\u00f3digo: 1214 C\u00f3digo de barras: 7896448112145 Edad:\u00a0M\u00e1s de 3 a\u00f1os Color:\u00a0Tronco marr\u00f3n, base y c\u00fapula verdes, accesorios amarillos y rojos\" \/>\n<meta property=\"og:url\" content=\"https:\/\/didacta.com.uy\/sitio\/producto\/casa-de-arbol\/\" \/>\n<meta property=\"og:site_name\" content=\"Didacta\" \/>\n<meta property=\"article:modified_time\" content=\"2024-02-14T04:46:41+00:00\" \/>\n<meta property=\"og:image\" content=\"https:\/\/didacta.com.uy\/sitio\/wp-content\/uploads\/2023\/07\/1214-1.jpg\" \/>\n\t<meta property=\"og:image:width\" content=\"500\" \/>\n\t<meta property=\"og:image:height\" content=\"500\" \/>\n\t<meta property=\"og:image:type\" content=\"image\/jpeg\" \/>\n<meta name=\"twitter:card\" content=\"summary_large_image\" \/>\n<meta name=\"twitter:label1\" content=\"Tiempo de lectura\" \/>\n\t<meta name=\"twitter:data1\" content=\"1 minuto\" \/>\n<script type=\"application\/ld+json\" class=\"yoast-schema-graph\">{\"@context\":\"https:\/\/schema.org\",\"@graph\":[{\"@type\":\"WebPage\",\"@id\":\"https:\/\/didacta.com.uy\/sitio\/producto\/casa-de-arbol\/\",\"url\":\"https:\/\/didacta.com.uy\/sitio\/producto\/casa-de-arbol\/\",\"name\":\"CASA DE \u00c1RBOL - Didacta\",\"isPartOf\":{\"@id\":\"https:\/\/didacta.com.uy\/sitio\/#website\"},\"primaryImageOfPage\":{\"@id\":\"https:\/\/didacta.com.uy\/sitio\/producto\/casa-de-arbol\/#primaryimage\"},\"image\":{\"@id\":\"https:\/\/didacta.com.uy\/sitio\/producto\/casa-de-arbol\/#primaryimage\"},\"thumbnailUrl\":\"https:\/\/didacta.com.uy\/sitio\/wp-content\/uploads\/2023\/07\/1214-1.jpg\",\"datePublished\":\"2023-07-28T01:33:45+00:00\",\"dateModified\":\"2024-02-14T04:46:41+00:00\",\"breadcrumb\":{\"@id\":\"https:\/\/didacta.com.uy\/sitio\/producto\/casa-de-arbol\/#breadcrumb\"},\"inLanguage\":\"es\",\"potentialAction\":[{\"@type\":\"ReadAction\",\"target\":[\"https:\/\/didacta.com.uy\/sitio\/producto\/casa-de-arbol\/\"]}]},{\"@type\":\"ImageObject\",\"inLanguage\":\"es\",\"@id\":\"https:\/\/didacta.com.uy\/sitio\/producto\/casa-de-arbol\/#primaryimage\",\"url\":\"https:\/\/didacta.com.uy\/sitio\/wp-content\/uploads\/2023\/07\/1214-1.jpg\",\"contentUrl\":\"https:\/\/didacta.com.uy\/sitio\/wp-content\/uploads\/2023\/07\/1214-1.jpg\",\"width\":500,\"height\":500},{\"@type\":\"BreadcrumbList\",\"@id\":\"https:\/\/didacta.com.uy\/sitio\/producto\/casa-de-arbol\/#breadcrumb\",\"itemListElement\":[{\"@type\":\"ListItem\",\"position\":1,\"name\":\"Portada\",\"item\":\"https:\/\/didacta.com.uy\/sitio\/\"},{\"@type\":\"ListItem\",\"position\":2,\"name\":\"Inicio\",\"item\":\"https:\/\/didacta.com.uy\/sitio\/\"},{\"@type\":\"ListItem\",\"position\":3,\"name\":\"CASA DE \u00c1RBOL\"}]},{\"@type\":\"WebSite\",\"@id\":\"https:\/\/didacta.com.uy\/sitio\/#website\",\"url\":\"https:\/\/didacta.com.uy\/sitio\/\",\"name\":\"Didacta\",\"description\":\"Con m\u00e1s de 20 a\u00f1os de experiencia, DIDACTA es la marca l\u00edder en el mercado uruguayo de juegos de mesa.\",\"potentialAction\":[{\"@type\":\"SearchAction\",\"target\":{\"@type\":\"EntryPoint\",\"urlTemplate\":\"https:\/\/didacta.com.uy\/sitio\/?s={search_term_string}\"},\"query-input\":{\"@type\":\"PropertyValueSpecification\",\"valueRequired\":true,\"valueName\":\"search_term_string\"}}],\"inLanguage\":\"es\"}]}<\/script>\n<!-- \/ Yoast SEO plugin. -->","yoast_head_json":{"title":"CASA DE \u00c1RBOL - Didacta","robots":{"index":"index","follow":"follow","max-snippet":"max-snippet:-1","max-image-preview":"max-image-preview:large","max-video-preview":"max-video-preview:-1"},"canonical":"https:\/\/didacta.com.uy\/sitio\/producto\/casa-de-arbol\/","og_locale":"es_ES","og_type":"article","og_title":"CASA DE \u00c1RBOL - Didacta","og_description":"\u00c1rbol lleno de actividades para explorar, se abre y se cierra con ascensor y tobog\u00e1n, para jugar y contar historias!  C\u00f3digo: 1214 C\u00f3digo de barras: 7896448112145 Edad:\u00a0M\u00e1s de 3 a\u00f1os Color:\u00a0Tronco marr\u00f3n, base y c\u00fapula verdes, accesorios amarillos y rojos","og_url":"https:\/\/didacta.com.uy\/sitio\/producto\/casa-de-arbol\/","og_site_name":"Didacta","article_modified_time":"2024-02-14T04:46:41+00:00","og_image":[{"width":500,"height":500,"url":"https:\/\/didacta.com.uy\/sitio\/wp-content\/uploads\/2023\/07\/1214-1.jpg","type":"image\/jpeg"}],"twitter_card":"summary_large_image","twitter_misc":{"Tiempo de lectura":"1 minuto"},"schema":{"@context":"https:\/\/schema.org","@graph":[{"@type":"WebPage","@id":"https:\/\/didacta.com.uy\/sitio\/producto\/casa-de-arbol\/","url":"https:\/\/didacta.com.uy\/sitio\/producto\/casa-de-arbol\/","name":"CASA DE \u00c1RBOL - Didacta","isPartOf":{"@id":"https:\/\/didacta.com.uy\/sitio\/#website"},"primaryImageOfPage":{"@id":"https:\/\/didacta.com.uy\/sitio\/producto\/casa-de-arbol\/#primaryimage"},"image":{"@id":"https:\/\/didacta.com.uy\/sitio\/producto\/casa-de-arbol\/#primaryimage"},"thumbnailUrl":"https:\/\/didacta.com.uy\/sitio\/wp-content\/uploads\/2023\/07\/1214-1.jpg","datePublished":"2023-07-28T01:33:45+00:00","dateModified":"2024-02-14T04:46:41+00:00","breadcrumb":{"@id":"https:\/\/didacta.com.uy\/sitio\/producto\/casa-de-arbol\/#breadcrumb"},"inLanguage":"es","potentialAction":[{"@type":"ReadAction","target":["https:\/\/didacta.com.uy\/sitio\/producto\/casa-de-arbol\/"]}]},{"@type":"ImageObject","inLanguage":"es","@id":"https:\/\/didacta.com.uy\/sitio\/producto\/casa-de-arbol\/#primaryimage","url":"https:\/\/didacta.com.uy\/sitio\/wp-content\/uploads\/2023\/07\/1214-1.jpg","contentUrl":"https:\/\/didacta.com.uy\/sitio\/wp-content\/uploads\/2023\/07\/1214-1.jpg","width":500,"height":500},{"@type":"BreadcrumbList","@id":"https:\/\/didacta.com.uy\/sitio\/producto\/casa-de-arbol\/#breadcrumb","itemListElement":[{"@type":"ListItem","position":1,"name":"Portada","item":"https:\/\/didacta.com.uy\/sitio\/"},{"@type":"ListItem","position":2,"name":"Inicio","item":"https:\/\/didacta.com.uy\/sitio\/"},{"@type":"ListItem","position":3,"name":"CASA DE \u00c1RBOL"}]},{"@type":"WebSite","@id":"https:\/\/didacta.com.uy\/sitio\/#website","url":"https:\/\/didacta.com.uy\/sitio\/","name":"Didacta","description":"Con m\u00e1s de 20 a\u00f1os de experiencia, DIDACTA es la marca l\u00edder en el mercado uruguayo de juegos de mesa.","potentialAction":[{"@type":"SearchAction","target":{"@type":"EntryPoint","urlTemplate":"https:\/\/didacta.com.uy\/sitio\/?s={search_term_string}"},"query-input":{"@type":"PropertyValueSpecification","valueRequired":true,"valueName":"search_term_string"}}],"inLanguage":"es"}]}},"_links":{"self":[{"href":"https:\/\/didacta.com.uy\/sitio\/wp-json\/wp\/v2\/product\/212363","targetHints":{"allow":["GET"]}}],"collection":[{"href":"https:\/\/didacta.com.uy\/sitio\/wp-json\/wp\/v2\/product"}],"about":[{"href":"https:\/\/didacta.com.uy\/sitio\/wp-json\/wp\/v2\/types\/product"}],"replies":[{"embeddable":true,"href":"https:\/\/didacta.com.uy\/sitio\/wp-json\/wp\/v2\/comments?post=212363"}],"wp:featuredmedia":[{"embeddable":true,"href":"https:\/\/didacta.com.uy\/sitio\/wp-json\/wp\/v2\/media\/213320"}],"wp:attachment":[{"href":"https:\/\/didacta.com.uy\/sitio\/wp-json\/wp\/v2\/media?parent=212363"}],"wp:term":[{"taxonomy":"product_brand","embeddable":true,"href":"https:\/\/didacta.com.uy\/sitio\/wp-json\/wp\/v2\/product_brand?post=212363"},{"taxonomy":"product_cat","embeddable":true,"href":"https:\/\/didacta.com.uy\/sitio\/wp-json\/wp\/v2\/product_cat?post=212363"},{"taxonomy":"product_tag","embeddable":true,"href":"https:\/\/didacta.com.uy\/sitio\/wp-json\/wp\/v2\/product_tag?post=212363"}],"curies":[{"name":"wp","href":"https:\/\/api.w.org\/{rel}","templated":true}]}}