{"id":211066,"date":"2023-01-05T18:19:18","date_gmt":"2023-01-05T18:19:18","guid":{"rendered":"https:\/\/didacta.com.uy\/sitio\/?post_type=product&#038;p=211066"},"modified":"2024-06-24T17:14:08","modified_gmt":"2024-06-24T17:14:08","slug":"zuquinha","status":"publish","type":"product","link":"https:\/\/didacta.com.uy\/sitio\/producto\/zuquinha\/","title":{"rendered":"ZUQUINHA COLOCA LAS BOLAS Y SORPRESA!!"},"content":{"rendered":"<p>Pon Las Bolas En La Cabeza De Zuquinha Y&#8230; \u00a1sorpresa! \u00bfpor D\u00f3nde Saldr\u00e1?<br \/>\nSus Orejas Giran, \u00a1al Beb\u00e9 Le Encantar\u00e1!<\/p>\n<p><strong><span style=\"color: #ff0000;\">C\u00f3digo:<\/span> 1006<\/strong><br \/>\n<span style=\"color: #ff0000;\"><strong>C\u00f3digo de barras:<\/strong>\u00a0<span style=\"color: #808080;\">7896448110066<\/span><\/span><br \/>\n<strong><span style=\"color: #ff0000;\">Cantidad de jugadores:<\/span><\/strong> 1 o m\u00e1s jugadores<br \/>\n<strong><span style=\"color: #ff0000;\">Edad:<\/span><\/strong> 6 meses en adelante<br \/>\n<strong><span style=\"color: #ff0000;\">Medidas:<\/span><\/strong> 33 x 26 x 35 cm<\/p>\n","protected":false},"excerpt":{"rendered":"<p>Pon Las Bolas En La Cabeza De Zuquinha Y&#8230; \u00a1sorpresa! \u00bfpor D\u00f3nde Saldr\u00e1?<br \/>\nSus Orejas Giran, \u00a1al Beb\u00e9 Le Encantar\u00e1!<\/p>\n<p><strong><span style=\"color: #ff0000;\">C\u00f3digo:<\/span> 1006<\/strong><br \/>\n<span style=\"color: #ff0000;\"><strong>C\u00f3digo de barras:<\/strong>\u00a0<span style=\"color: #808080;\">7896448110066<\/span><\/span><br \/>\n<strong><span style=\"color: #ff0000;\">Cantidad de jugadores:<\/span><\/strong> 1 o m\u00e1s jugadores<br \/>\n<strong><span style=\"color: #ff0000;\">Edad:<\/span><\/strong> 6 meses en adelante<br \/>\n<strong><span style=\"color: #ff0000;\">Medidas:<\/span><\/strong> 33 x 26 x 35 cm<\/p>\n","protected":false},"featured_media":211067,"comment_status":"closed","ping_status":"closed","template":"","meta":{"_et_pb_use_builder":"","_et_pb_old_content":"","_et_gb_content_width":"","_uf_show_specific_survey":0,"_uf_disable_surveys":false},"product_brand":[],"product_cat":[69,203],"product_tag":[],"class_list":{"0":"post-211066","1":"product","2":"type-product","3":"status-publish","4":"has-post-thumbnail","6":"product_cat-0-a-1-ano","7":"product_cat-elka-primer-infancia","9":"first","10":"instock","11":"purchasable","12":"product-type-simple"},"aioseo_notices":[],"yoast_head":"<!-- This site is optimized with the Yoast SEO plugin v24.8.1 - https:\/\/yoast.com\/wordpress\/plugins\/seo\/ -->\n<title>ZUQUINHA COLOCA LAS BOLAS Y SORPRESA!! - Didacta<\/title>\n<meta name=\"robots\" content=\"index, follow, max-snippet:-1, max-image-preview:large, max-video-preview:-1\" \/>\n<link rel=\"canonical\" href=\"https:\/\/didacta.com.uy\/sitio\/producto\/zuquinha\/\" \/>\n<meta property=\"og:locale\" content=\"es_ES\" \/>\n<meta property=\"og:type\" content=\"article\" \/>\n<meta property=\"og:title\" content=\"ZUQUINHA COLOCA LAS BOLAS Y SORPRESA!! - Didacta\" \/>\n<meta property=\"og:description\" content=\"Pon Las Bolas En La Cabeza De Zuquinha Y... \u00a1sorpresa! \u00bfpor D\u00f3nde Saldr\u00e1? Sus Orejas Giran, \u00a1al Beb\u00e9 Le Encantar\u00e1!  C\u00f3digo: 1006 C\u00f3digo de barras:\u00a07896448110066 Cantidad de jugadores: 1 o m\u00e1s jugadores Edad: 6 meses en adelante Medidas: 33 x 26 x 35 cm\" \/>\n<meta property=\"og:url\" content=\"https:\/\/didacta.com.uy\/sitio\/producto\/zuquinha\/\" \/>\n<meta property=\"og:site_name\" content=\"Didacta\" \/>\n<meta property=\"article:modified_time\" content=\"2024-06-24T17:14:08+00:00\" \/>\n<meta property=\"og:image\" content=\"https:\/\/didacta.com.uy\/sitio\/wp-content\/uploads\/2023\/01\/1006-1.jpg\" \/>\n\t<meta property=\"og:image:width\" content=\"1000\" \/>\n\t<meta property=\"og:image:height\" content=\"1000\" \/>\n\t<meta property=\"og:image:type\" content=\"image\/jpeg\" \/>\n<meta name=\"twitter:card\" content=\"summary_large_image\" \/>\n<meta name=\"twitter:label1\" content=\"Tiempo de lectura\" \/>\n\t<meta name=\"twitter:data1\" content=\"1 minuto\" \/>\n<script type=\"application\/ld+json\" class=\"yoast-schema-graph\">{\"@context\":\"https:\/\/schema.org\",\"@graph\":[{\"@type\":\"WebPage\",\"@id\":\"https:\/\/didacta.com.uy\/sitio\/producto\/zuquinha\/\",\"url\":\"https:\/\/didacta.com.uy\/sitio\/producto\/zuquinha\/\",\"name\":\"ZUQUINHA COLOCA LAS BOLAS Y SORPRESA!! - Didacta\",\"isPartOf\":{\"@id\":\"https:\/\/didacta.com.uy\/sitio\/#website\"},\"primaryImageOfPage\":{\"@id\":\"https:\/\/didacta.com.uy\/sitio\/producto\/zuquinha\/#primaryimage\"},\"image\":{\"@id\":\"https:\/\/didacta.com.uy\/sitio\/producto\/zuquinha\/#primaryimage\"},\"thumbnailUrl\":\"https:\/\/didacta.com.uy\/sitio\/wp-content\/uploads\/2023\/01\/1006-1.jpg\",\"datePublished\":\"2023-01-05T18:19:18+00:00\",\"dateModified\":\"2024-06-24T17:14:08+00:00\",\"breadcrumb\":{\"@id\":\"https:\/\/didacta.com.uy\/sitio\/producto\/zuquinha\/#breadcrumb\"},\"inLanguage\":\"es\",\"potentialAction\":[{\"@type\":\"ReadAction\",\"target\":[\"https:\/\/didacta.com.uy\/sitio\/producto\/zuquinha\/\"]}]},{\"@type\":\"ImageObject\",\"inLanguage\":\"es\",\"@id\":\"https:\/\/didacta.com.uy\/sitio\/producto\/zuquinha\/#primaryimage\",\"url\":\"https:\/\/didacta.com.uy\/sitio\/wp-content\/uploads\/2023\/01\/1006-1.jpg\",\"contentUrl\":\"https:\/\/didacta.com.uy\/sitio\/wp-content\/uploads\/2023\/01\/1006-1.jpg\",\"width\":1000,\"height\":1000},{\"@type\":\"BreadcrumbList\",\"@id\":\"https:\/\/didacta.com.uy\/sitio\/producto\/zuquinha\/#breadcrumb\",\"itemListElement\":[{\"@type\":\"ListItem\",\"position\":1,\"name\":\"Portada\",\"item\":\"https:\/\/didacta.com.uy\/sitio\/\"},{\"@type\":\"ListItem\",\"position\":2,\"name\":\"Inicio\",\"item\":\"https:\/\/didacta.com.uy\/sitio\/\"},{\"@type\":\"ListItem\",\"position\":3,\"name\":\"ZUQUINHA COLOCA LAS BOLAS Y SORPRESA!!\"}]},{\"@type\":\"WebSite\",\"@id\":\"https:\/\/didacta.com.uy\/sitio\/#website\",\"url\":\"https:\/\/didacta.com.uy\/sitio\/\",\"name\":\"Didacta\",\"description\":\"Con m\u00e1s de 20 a\u00f1os de experiencia, DIDACTA es la marca l\u00edder en el mercado uruguayo de juegos de mesa.\",\"potentialAction\":[{\"@type\":\"SearchAction\",\"target\":{\"@type\":\"EntryPoint\",\"urlTemplate\":\"https:\/\/didacta.com.uy\/sitio\/?s={search_term_string}\"},\"query-input\":{\"@type\":\"PropertyValueSpecification\",\"valueRequired\":true,\"valueName\":\"search_term_string\"}}],\"inLanguage\":\"es\"}]}<\/script>\n<!-- \/ Yoast SEO plugin. -->","yoast_head_json":{"title":"ZUQUINHA COLOCA LAS BOLAS Y SORPRESA!! - Didacta","robots":{"index":"index","follow":"follow","max-snippet":"max-snippet:-1","max-image-preview":"max-image-preview:large","max-video-preview":"max-video-preview:-1"},"canonical":"https:\/\/didacta.com.uy\/sitio\/producto\/zuquinha\/","og_locale":"es_ES","og_type":"article","og_title":"ZUQUINHA COLOCA LAS BOLAS Y SORPRESA!! - Didacta","og_description":"Pon Las Bolas En La Cabeza De Zuquinha Y... \u00a1sorpresa! \u00bfpor D\u00f3nde Saldr\u00e1? Sus Orejas Giran, \u00a1al Beb\u00e9 Le Encantar\u00e1!  C\u00f3digo: 1006 C\u00f3digo de barras:\u00a07896448110066 Cantidad de jugadores: 1 o m\u00e1s jugadores Edad: 6 meses en adelante Medidas: 33 x 26 x 35 cm","og_url":"https:\/\/didacta.com.uy\/sitio\/producto\/zuquinha\/","og_site_name":"Didacta","article_modified_time":"2024-06-24T17:14:08+00:00","og_image":[{"width":1000,"height":1000,"url":"https:\/\/didacta.com.uy\/sitio\/wp-content\/uploads\/2023\/01\/1006-1.jpg","type":"image\/jpeg"}],"twitter_card":"summary_large_image","twitter_misc":{"Tiempo de lectura":"1 minuto"},"schema":{"@context":"https:\/\/schema.org","@graph":[{"@type":"WebPage","@id":"https:\/\/didacta.com.uy\/sitio\/producto\/zuquinha\/","url":"https:\/\/didacta.com.uy\/sitio\/producto\/zuquinha\/","name":"ZUQUINHA COLOCA LAS BOLAS Y SORPRESA!! - Didacta","isPartOf":{"@id":"https:\/\/didacta.com.uy\/sitio\/#website"},"primaryImageOfPage":{"@id":"https:\/\/didacta.com.uy\/sitio\/producto\/zuquinha\/#primaryimage"},"image":{"@id":"https:\/\/didacta.com.uy\/sitio\/producto\/zuquinha\/#primaryimage"},"thumbnailUrl":"https:\/\/didacta.com.uy\/sitio\/wp-content\/uploads\/2023\/01\/1006-1.jpg","datePublished":"2023-01-05T18:19:18+00:00","dateModified":"2024-06-24T17:14:08+00:00","breadcrumb":{"@id":"https:\/\/didacta.com.uy\/sitio\/producto\/zuquinha\/#breadcrumb"},"inLanguage":"es","potentialAction":[{"@type":"ReadAction","target":["https:\/\/didacta.com.uy\/sitio\/producto\/zuquinha\/"]}]},{"@type":"ImageObject","inLanguage":"es","@id":"https:\/\/didacta.com.uy\/sitio\/producto\/zuquinha\/#primaryimage","url":"https:\/\/didacta.com.uy\/sitio\/wp-content\/uploads\/2023\/01\/1006-1.jpg","contentUrl":"https:\/\/didacta.com.uy\/sitio\/wp-content\/uploads\/2023\/01\/1006-1.jpg","width":1000,"height":1000},{"@type":"BreadcrumbList","@id":"https:\/\/didacta.com.uy\/sitio\/producto\/zuquinha\/#breadcrumb","itemListElement":[{"@type":"ListItem","position":1,"name":"Portada","item":"https:\/\/didacta.com.uy\/sitio\/"},{"@type":"ListItem","position":2,"name":"Inicio","item":"https:\/\/didacta.com.uy\/sitio\/"},{"@type":"ListItem","position":3,"name":"ZUQUINHA COLOCA LAS BOLAS Y SORPRESA!!"}]},{"@type":"WebSite","@id":"https:\/\/didacta.com.uy\/sitio\/#website","url":"https:\/\/didacta.com.uy\/sitio\/","name":"Didacta","description":"Con m\u00e1s de 20 a\u00f1os de experiencia, DIDACTA es la marca l\u00edder en el mercado uruguayo de juegos de mesa.","potentialAction":[{"@type":"SearchAction","target":{"@type":"EntryPoint","urlTemplate":"https:\/\/didacta.com.uy\/sitio\/?s={search_term_string}"},"query-input":{"@type":"PropertyValueSpecification","valueRequired":true,"valueName":"search_term_string"}}],"inLanguage":"es"}]}},"_links":{"self":[{"href":"https:\/\/didacta.com.uy\/sitio\/wp-json\/wp\/v2\/product\/211066","targetHints":{"allow":["GET"]}}],"collection":[{"href":"https:\/\/didacta.com.uy\/sitio\/wp-json\/wp\/v2\/product"}],"about":[{"href":"https:\/\/didacta.com.uy\/sitio\/wp-json\/wp\/v2\/types\/product"}],"replies":[{"embeddable":true,"href":"https:\/\/didacta.com.uy\/sitio\/wp-json\/wp\/v2\/comments?post=211066"}],"wp:featuredmedia":[{"embeddable":true,"href":"https:\/\/didacta.com.uy\/sitio\/wp-json\/wp\/v2\/media\/211067"}],"wp:attachment":[{"href":"https:\/\/didacta.com.uy\/sitio\/wp-json\/wp\/v2\/media?parent=211066"}],"wp:term":[{"taxonomy":"product_brand","embeddable":true,"href":"https:\/\/didacta.com.uy\/sitio\/wp-json\/wp\/v2\/product_brand?post=211066"},{"taxonomy":"product_cat","embeddable":true,"href":"https:\/\/didacta.com.uy\/sitio\/wp-json\/wp\/v2\/product_cat?post=211066"},{"taxonomy":"product_tag","embeddable":true,"href":"https:\/\/didacta.com.uy\/sitio\/wp-json\/wp\/v2\/product_tag?post=211066"}],"curies":[{"name":"wp","href":"https:\/\/api.w.org\/{rel}","templated":true}]}}