{"id":211042,"date":"2023-01-05T16:44:57","date_gmt":"2023-01-05T16:44:57","guid":{"rendered":"https:\/\/didacta.com.uy\/sitio\/?post_type=product&#038;p=211042"},"modified":"2024-06-24T15:11:39","modified_gmt":"2024-06-24T15:11:39","slug":"cubo-didactico","status":"publish","type":"product","link":"https:\/\/didacta.com.uy\/sitio\/producto\/cubo-didactico\/","title":{"rendered":"CUBO DID\u00c1CTICO"},"content":{"rendered":"<p>\u00a1Con la l\u00ednea Topa Topa jug\u00e1 y aprend\u00e9!<br \/>\nIntroduc\u00ed los cubos en los agujeros seg\u00fan su forma e identific\u00e1 tambi\u00e9n los colores.<br \/>\nFomenta el desarrollo cognitivo y motriz. La coordinaci\u00f3n, concentraci\u00f3n e imitaci\u00f3n.<\/p>\n<p><strong><span style=\"color: #ff0000;\">C\u00f3digo:<\/span><\/strong> 600\/38<br \/>\n<strong><span style=\"color: #ff0000;\">C\u00f3digo de barras:<\/span><\/strong> 7730549006043<br \/>\n<strong><span style=\"color: #ff0000;\">Edad:<\/span><\/strong>\u00a01 a\u00f1os en adelante<br \/>\n<strong><span style=\"color: #ff0000;\">Cantidad de jugadores:<\/span> <\/strong>1<br \/>\n<strong><span style=\"color: #ff0000;\">Contenido:<\/span><\/strong> un martillo y cubos para encastrar<br \/>\n<strong><span style=\"color: #ff0000;\">Medidas:<\/span><\/strong> 15 x 21 x 15 cm<\/p>\n<p><iframe loading=\"lazy\" title=\"YouTube video player\" src=\"https:\/\/www.youtube.com\/embed\/Jn3ZfzL4pfQ?si=pK2gflDxKYyCfNHu\" width=\"560\" height=\"315\" frameborder=\"0\" allowfullscreen=\"allowfullscreen\"><\/iframe><\/p>\n","protected":false},"excerpt":{"rendered":"<p>\u00a1Con la l\u00ednea Topa Topa jug\u00e1 y aprend\u00e9!<br \/>\nIntroduc\u00ed los cubos en los agujeros seg\u00fan su forma e identific\u00e1 tambi\u00e9n los colores.<br \/>\nFomenta el desarrollo cognitivo y motriz. La coordinaci\u00f3n, concentraci\u00f3n e imitaci\u00f3n.<\/p>\n<p><strong><span style=\"color: #ff0000;\">C\u00f3digo:<\/span><\/strong> 600\/38<br \/>\n<strong><span style=\"color: #ff0000;\">C\u00f3digo de barras:<\/span><\/strong> 7730549006043<br \/>\n<strong><span style=\"color: #ff0000;\">Edad:<\/span><\/strong>\u00a01 a\u00f1os en adelante<br \/>\n<strong><span style=\"color: #ff0000;\">Cantidad de jugadores:<\/span> <\/strong>1<br \/>\n<strong><span style=\"color: #ff0000;\">Contenido:<\/span><\/strong> un martillo y cubos para encastrar<br \/>\n<strong><span style=\"color: #ff0000;\">Medidas:<\/span><\/strong> 15 x 21 x 15 cm<\/p>\n<p><iframe loading=\"lazy\" title=\"YouTube video player\" src=\"https:\/\/www.youtube.com\/embed\/Jn3ZfzL4pfQ?si=pK2gflDxKYyCfNHu\" width=\"560\" height=\"315\" frameborder=\"0\" allowfullscreen=\"allowfullscreen\"><\/iframe><\/p>\n<p>&nbsp;<\/p>\n","protected":false},"featured_media":213287,"comment_status":"closed","ping_status":"closed","template":"","meta":{"_et_pb_use_builder":"","_et_pb_old_content":"","_et_gb_content_width":"","_uf_show_specific_survey":0,"_uf_disable_surveys":false},"product_brand":[],"product_cat":[69,70,27],"product_tag":[],"class_list":{"0":"post-211042","1":"product","2":"type-product","3":"status-publish","4":"has-post-thumbnail","6":"product_cat-0-a-1-ano","7":"product_cat-1-a-3-anos","8":"product_cat-topa-topa","10":"first","11":"instock","12":"taxable","13":"shipping-taxable","14":"purchasable","15":"product-type-simple"},"aioseo_notices":[],"yoast_head":"<!-- This site is optimized with the Yoast SEO plugin v24.8.1 - https:\/\/yoast.com\/wordpress\/plugins\/seo\/ -->\n<title>CUBO DID\u00c1CTICO - Didacta<\/title>\n<meta name=\"robots\" content=\"index, follow, max-snippet:-1, max-image-preview:large, max-video-preview:-1\" \/>\n<link rel=\"canonical\" href=\"https:\/\/didacta.com.uy\/sitio\/producto\/cubo-didactico\/\" \/>\n<meta property=\"og:locale\" content=\"es_ES\" \/>\n<meta property=\"og:type\" content=\"article\" \/>\n<meta property=\"og:title\" content=\"CUBO DID\u00c1CTICO - Didacta\" \/>\n<meta property=\"og:description\" content=\"\u00a1Con la l\u00ednea Topa Topa jug\u00e1 y aprend\u00e9! Introduc\u00ed los cubos en los agujeros seg\u00fan su forma e identific\u00e1 tambi\u00e9n los colores. Fomenta el desarrollo cognitivo y motriz. La coordinaci\u00f3n, concentraci\u00f3n e imitaci\u00f3n.  C\u00f3digo: 600\/38 C\u00f3digo de barras: 7730549006043 Edad:\u00a01 a\u00f1os en adelante Cantidad de jugadores: 1 Contenido: un martillo y cubos para encastrar Medidas: 15 x 21 x 15 cm    &nbsp;\" \/>\n<meta property=\"og:url\" content=\"https:\/\/didacta.com.uy\/sitio\/producto\/cubo-didactico\/\" \/>\n<meta property=\"og:site_name\" content=\"Didacta\" \/>\n<meta property=\"article:modified_time\" content=\"2024-06-24T15:11:39+00:00\" \/>\n<meta property=\"og:image\" content=\"https:\/\/didacta.com.uy\/sitio\/wp-content\/uploads\/2023\/01\/cubo-did.jpg\" \/>\n\t<meta property=\"og:image:width\" content=\"700\" \/>\n\t<meta property=\"og:image:height\" content=\"700\" \/>\n\t<meta property=\"og:image:type\" content=\"image\/jpeg\" \/>\n<meta name=\"twitter:card\" content=\"summary_large_image\" \/>\n<meta name=\"twitter:label1\" content=\"Tiempo de lectura\" \/>\n\t<meta name=\"twitter:data1\" content=\"1 minuto\" \/>\n<script type=\"application\/ld+json\" class=\"yoast-schema-graph\">{\"@context\":\"https:\/\/schema.org\",\"@graph\":[{\"@type\":\"WebPage\",\"@id\":\"https:\/\/didacta.com.uy\/sitio\/producto\/cubo-didactico\/\",\"url\":\"https:\/\/didacta.com.uy\/sitio\/producto\/cubo-didactico\/\",\"name\":\"CUBO DID\u00c1CTICO - Didacta\",\"isPartOf\":{\"@id\":\"https:\/\/didacta.com.uy\/sitio\/#website\"},\"primaryImageOfPage\":{\"@id\":\"https:\/\/didacta.com.uy\/sitio\/producto\/cubo-didactico\/#primaryimage\"},\"image\":{\"@id\":\"https:\/\/didacta.com.uy\/sitio\/producto\/cubo-didactico\/#primaryimage\"},\"thumbnailUrl\":\"https:\/\/didacta.com.uy\/sitio\/wp-content\/uploads\/2023\/01\/cubo-did.jpg\",\"datePublished\":\"2023-01-05T16:44:57+00:00\",\"dateModified\":\"2024-06-24T15:11:39+00:00\",\"breadcrumb\":{\"@id\":\"https:\/\/didacta.com.uy\/sitio\/producto\/cubo-didactico\/#breadcrumb\"},\"inLanguage\":\"es\",\"potentialAction\":[{\"@type\":\"ReadAction\",\"target\":[\"https:\/\/didacta.com.uy\/sitio\/producto\/cubo-didactico\/\"]}]},{\"@type\":\"ImageObject\",\"inLanguage\":\"es\",\"@id\":\"https:\/\/didacta.com.uy\/sitio\/producto\/cubo-didactico\/#primaryimage\",\"url\":\"https:\/\/didacta.com.uy\/sitio\/wp-content\/uploads\/2023\/01\/cubo-did.jpg\",\"contentUrl\":\"https:\/\/didacta.com.uy\/sitio\/wp-content\/uploads\/2023\/01\/cubo-did.jpg\",\"width\":700,\"height\":700},{\"@type\":\"BreadcrumbList\",\"@id\":\"https:\/\/didacta.com.uy\/sitio\/producto\/cubo-didactico\/#breadcrumb\",\"itemListElement\":[{\"@type\":\"ListItem\",\"position\":1,\"name\":\"Portada\",\"item\":\"https:\/\/didacta.com.uy\/sitio\/\"},{\"@type\":\"ListItem\",\"position\":2,\"name\":\"Inicio\",\"item\":\"https:\/\/didacta.com.uy\/sitio\/\"},{\"@type\":\"ListItem\",\"position\":3,\"name\":\"CUBO DID\u00c1CTICO\"}]},{\"@type\":\"WebSite\",\"@id\":\"https:\/\/didacta.com.uy\/sitio\/#website\",\"url\":\"https:\/\/didacta.com.uy\/sitio\/\",\"name\":\"Didacta\",\"description\":\"Con m\u00e1s de 20 a\u00f1os de experiencia, DIDACTA es la marca l\u00edder en el mercado uruguayo de juegos de mesa.\",\"potentialAction\":[{\"@type\":\"SearchAction\",\"target\":{\"@type\":\"EntryPoint\",\"urlTemplate\":\"https:\/\/didacta.com.uy\/sitio\/?s={search_term_string}\"},\"query-input\":{\"@type\":\"PropertyValueSpecification\",\"valueRequired\":true,\"valueName\":\"search_term_string\"}}],\"inLanguage\":\"es\"}]}<\/script>\n<!-- \/ Yoast SEO plugin. -->","yoast_head_json":{"title":"CUBO DID\u00c1CTICO - Didacta","robots":{"index":"index","follow":"follow","max-snippet":"max-snippet:-1","max-image-preview":"max-image-preview:large","max-video-preview":"max-video-preview:-1"},"canonical":"https:\/\/didacta.com.uy\/sitio\/producto\/cubo-didactico\/","og_locale":"es_ES","og_type":"article","og_title":"CUBO DID\u00c1CTICO - Didacta","og_description":"\u00a1Con la l\u00ednea Topa Topa jug\u00e1 y aprend\u00e9! Introduc\u00ed los cubos en los agujeros seg\u00fan su forma e identific\u00e1 tambi\u00e9n los colores. Fomenta el desarrollo cognitivo y motriz. La coordinaci\u00f3n, concentraci\u00f3n e imitaci\u00f3n.  C\u00f3digo: 600\/38 C\u00f3digo de barras: 7730549006043 Edad:\u00a01 a\u00f1os en adelante Cantidad de jugadores: 1 Contenido: un martillo y cubos para encastrar Medidas: 15 x 21 x 15 cm    &nbsp;","og_url":"https:\/\/didacta.com.uy\/sitio\/producto\/cubo-didactico\/","og_site_name":"Didacta","article_modified_time":"2024-06-24T15:11:39+00:00","og_image":[{"url":"https:\/\/didacta.com.uy\/sitio\/wp-content\/uploads\/2023\/01\/cubo-did.jpg","width":700,"height":700,"type":"image\/jpeg"}],"twitter_card":"summary_large_image","twitter_misc":{"Tiempo de lectura":"1 minuto"},"schema":{"@context":"https:\/\/schema.org","@graph":[{"@type":"WebPage","@id":"https:\/\/didacta.com.uy\/sitio\/producto\/cubo-didactico\/","url":"https:\/\/didacta.com.uy\/sitio\/producto\/cubo-didactico\/","name":"CUBO DID\u00c1CTICO - Didacta","isPartOf":{"@id":"https:\/\/didacta.com.uy\/sitio\/#website"},"primaryImageOfPage":{"@id":"https:\/\/didacta.com.uy\/sitio\/producto\/cubo-didactico\/#primaryimage"},"image":{"@id":"https:\/\/didacta.com.uy\/sitio\/producto\/cubo-didactico\/#primaryimage"},"thumbnailUrl":"https:\/\/didacta.com.uy\/sitio\/wp-content\/uploads\/2023\/01\/cubo-did.jpg","datePublished":"2023-01-05T16:44:57+00:00","dateModified":"2024-06-24T15:11:39+00:00","breadcrumb":{"@id":"https:\/\/didacta.com.uy\/sitio\/producto\/cubo-didactico\/#breadcrumb"},"inLanguage":"es","potentialAction":[{"@type":"ReadAction","target":["https:\/\/didacta.com.uy\/sitio\/producto\/cubo-didactico\/"]}]},{"@type":"ImageObject","inLanguage":"es","@id":"https:\/\/didacta.com.uy\/sitio\/producto\/cubo-didactico\/#primaryimage","url":"https:\/\/didacta.com.uy\/sitio\/wp-content\/uploads\/2023\/01\/cubo-did.jpg","contentUrl":"https:\/\/didacta.com.uy\/sitio\/wp-content\/uploads\/2023\/01\/cubo-did.jpg","width":700,"height":700},{"@type":"BreadcrumbList","@id":"https:\/\/didacta.com.uy\/sitio\/producto\/cubo-didactico\/#breadcrumb","itemListElement":[{"@type":"ListItem","position":1,"name":"Portada","item":"https:\/\/didacta.com.uy\/sitio\/"},{"@type":"ListItem","position":2,"name":"Inicio","item":"https:\/\/didacta.com.uy\/sitio\/"},{"@type":"ListItem","position":3,"name":"CUBO DID\u00c1CTICO"}]},{"@type":"WebSite","@id":"https:\/\/didacta.com.uy\/sitio\/#website","url":"https:\/\/didacta.com.uy\/sitio\/","name":"Didacta","description":"Con m\u00e1s de 20 a\u00f1os de experiencia, DIDACTA es la marca l\u00edder en el mercado uruguayo de juegos de mesa.","potentialAction":[{"@type":"SearchAction","target":{"@type":"EntryPoint","urlTemplate":"https:\/\/didacta.com.uy\/sitio\/?s={search_term_string}"},"query-input":{"@type":"PropertyValueSpecification","valueRequired":true,"valueName":"search_term_string"}}],"inLanguage":"es"}]}},"_links":{"self":[{"href":"https:\/\/didacta.com.uy\/sitio\/wp-json\/wp\/v2\/product\/211042","targetHints":{"allow":["GET"]}}],"collection":[{"href":"https:\/\/didacta.com.uy\/sitio\/wp-json\/wp\/v2\/product"}],"about":[{"href":"https:\/\/didacta.com.uy\/sitio\/wp-json\/wp\/v2\/types\/product"}],"replies":[{"embeddable":true,"href":"https:\/\/didacta.com.uy\/sitio\/wp-json\/wp\/v2\/comments?post=211042"}],"wp:featuredmedia":[{"embeddable":true,"href":"https:\/\/didacta.com.uy\/sitio\/wp-json\/wp\/v2\/media\/213287"}],"wp:attachment":[{"href":"https:\/\/didacta.com.uy\/sitio\/wp-json\/wp\/v2\/media?parent=211042"}],"wp:term":[{"taxonomy":"product_brand","embeddable":true,"href":"https:\/\/didacta.com.uy\/sitio\/wp-json\/wp\/v2\/product_brand?post=211042"},{"taxonomy":"product_cat","embeddable":true,"href":"https:\/\/didacta.com.uy\/sitio\/wp-json\/wp\/v2\/product_cat?post=211042"},{"taxonomy":"product_tag","embeddable":true,"href":"https:\/\/didacta.com.uy\/sitio\/wp-json\/wp\/v2\/product_tag?post=211042"}],"curies":[{"name":"wp","href":"https:\/\/api.w.org\/{rel}","templated":true}]}}