{"id":210516,"date":"2022-11-14T16:57:03","date_gmt":"2022-11-14T16:57:03","guid":{"rendered":"https:\/\/didacta.com.uy\/sitio\/?post_type=product&#038;p=210516"},"modified":"2023-11-14T19:38:50","modified_gmt":"2023-11-14T19:38:50","slug":"x-shot-skins-last-stand-16-dardos-copia","status":"publish","type":"product","link":"https:\/\/didacta.com.uy\/sitio\/producto\/x-shot-skins-last-stand-16-dardos-copia\/","title":{"rendered":"X-SHOT SKINS LAST STAND C\/16 DARDOS"},"content":{"rendered":"<p>Viv\u00ed una experiencia \u00fanica con el lanzador m\u00e1s grande de la gama X-Shot Skin: Last Stand. Hay 4 dise\u00f1os para coleccionar!<br \/>\nPuede alcanzar objetos de hasta 27 metros de distancia.<br \/>\nBarril giratorio autom\u00e1tico con capacidad de 16 dardos.<\/p>\n<p><strong>C\u00f3digo:\u00a0<\/strong>36518<br \/>\n<strong>C\u00f3digo de barras:<\/strong> 7730549006302<br \/>\n<strong>Edad:<\/strong>\u00a08 a\u00f1os en adelante<br \/>\n<strong>Medidas:<\/strong>60 x 9,7 x 29 cm<\/p>\n<p><iframe loading=\"lazy\" width=\"560\" height=\"315\" src=\"https:\/\/www.youtube.com\/embed\/Y7zucXOMcMw?si=flwLaWzoG4opbpyR\" title=\"YouTube video player\" frameborder=\"0\" allow=\"accelerometer; autoplay; clipboard-write; encrypted-media; gyroscope; picture-in-picture; web-share\" allowfullscreen><\/iframe><\/p>\n","protected":false},"excerpt":{"rendered":"<p>Viv\u00ed una experiencia \u00fanica con el lanzador m\u00e1s grande de la gama X-Shot Skin: Last Stand. Hay 4 dise\u00f1os para coleccionar!<br \/>\nPuede alcanzar objetos de hasta 27 metros de distancia.<br \/>\nBarril giratorio autom\u00e1tico con capacidad de 16 dardos.<\/p>\n<p><strong>C\u00f3digo:\u00a0<\/strong>36518<br \/>\n<strong>C\u00f3digo de barras:<\/strong> 7730549006302<br \/>\n<strong>Edad:<\/strong>\u00a08 a\u00f1os en adelante<br \/>\n<strong>Medidas:<\/strong>60 x 9,7 x 29 cm<\/p>\n<p><strong><span style=\"color: #ff0000;\">Medidas:<\/span> 39.5 x 5 x 22<\/strong>\u00a0cm<\/p>\n<p><iframe loading=\"lazy\" width=\"560\" height=\"315\" src=\"https:\/\/www.youtube.com\/embed\/Y7zucXOMcMw?si=flwLaWzoG4opbpyR\" title=\"YouTube video player\" frameborder=\"0\" allow=\"accelerometer; autoplay; clipboard-write; encrypted-media; gyroscope; picture-in-picture; web-share\" allowfullscreen><\/iframe><\/p>\n","protected":false},"featured_media":210517,"comment_status":"closed","ping_status":"closed","template":"","meta":{"_et_pb_use_builder":"","_et_pb_old_content":"","_et_gb_content_width":"","_uf_show_specific_survey":0,"_uf_disable_surveys":false},"product_brand":[],"product_cat":[235],"product_tag":[],"class_list":{"0":"post-210516","1":"product","2":"type-product","3":"status-publish","4":"has-post-thumbnail","6":"product_cat-x-shot-skins","8":"first","9":"instock","10":"purchasable","11":"product-type-simple"},"aioseo_notices":[],"yoast_head":"<!-- This site is optimized with the Yoast SEO plugin v24.8.1 - https:\/\/yoast.com\/wordpress\/plugins\/seo\/ -->\n<title>X-SHOT SKINS LAST STAND C\/16 DARDOS - Didacta<\/title>\n<meta name=\"robots\" content=\"index, follow, max-snippet:-1, max-image-preview:large, max-video-preview:-1\" \/>\n<link rel=\"canonical\" href=\"https:\/\/didacta.com.uy\/sitio\/producto\/x-shot-skins-last-stand-16-dardos-copia\/\" \/>\n<meta property=\"og:locale\" content=\"es_ES\" \/>\n<meta property=\"og:type\" content=\"article\" \/>\n<meta property=\"og:title\" content=\"X-SHOT SKINS LAST STAND C\/16 DARDOS - Didacta\" \/>\n<meta property=\"og:description\" content=\"Viv\u00ed una experiencia \u00fanica con el lanzador m\u00e1s grande de la gama X-Shot Skin: Last Stand. Hay 4 dise\u00f1os para coleccionar! Puede alcanzar objetos de hasta 27 metros de distancia. Barril giratorio autom\u00e1tico con capacidad de 16 dardos.  C\u00f3digo:\u00a036518 C\u00f3digo de barras: 7730549006302 Edad:\u00a08 a\u00f1os en adelante Medidas:60 x 9,7 x 29 cm  Medidas: 39.5 x 5 x 22\u00a0cm\" \/>\n<meta property=\"og:url\" content=\"https:\/\/didacta.com.uy\/sitio\/producto\/x-shot-skins-last-stand-16-dardos-copia\/\" \/>\n<meta property=\"og:site_name\" content=\"Didacta\" \/>\n<meta property=\"article:modified_time\" content=\"2023-11-14T19:38:50+00:00\" \/>\n<meta property=\"og:image\" content=\"https:\/\/didacta.com.uy\/sitio\/wp-content\/uploads\/2022\/11\/36518.jpg\" \/>\n\t<meta property=\"og:image:width\" content=\"425\" \/>\n\t<meta property=\"og:image:height\" content=\"447\" \/>\n\t<meta property=\"og:image:type\" content=\"image\/jpeg\" \/>\n<meta name=\"twitter:card\" content=\"summary_large_image\" \/>\n<meta name=\"twitter:label1\" content=\"Tiempo de lectura\" \/>\n\t<meta name=\"twitter:data1\" content=\"1 minuto\" \/>\n<script type=\"application\/ld+json\" class=\"yoast-schema-graph\">{\"@context\":\"https:\/\/schema.org\",\"@graph\":[{\"@type\":\"WebPage\",\"@id\":\"https:\/\/didacta.com.uy\/sitio\/producto\/x-shot-skins-last-stand-16-dardos-copia\/\",\"url\":\"https:\/\/didacta.com.uy\/sitio\/producto\/x-shot-skins-last-stand-16-dardos-copia\/\",\"name\":\"X-SHOT SKINS LAST STAND C\/16 DARDOS - Didacta\",\"isPartOf\":{\"@id\":\"https:\/\/didacta.com.uy\/sitio\/#website\"},\"primaryImageOfPage\":{\"@id\":\"https:\/\/didacta.com.uy\/sitio\/producto\/x-shot-skins-last-stand-16-dardos-copia\/#primaryimage\"},\"image\":{\"@id\":\"https:\/\/didacta.com.uy\/sitio\/producto\/x-shot-skins-last-stand-16-dardos-copia\/#primaryimage\"},\"thumbnailUrl\":\"https:\/\/didacta.com.uy\/sitio\/wp-content\/uploads\/2022\/11\/36518.jpg\",\"datePublished\":\"2022-11-14T16:57:03+00:00\",\"dateModified\":\"2023-11-14T19:38:50+00:00\",\"breadcrumb\":{\"@id\":\"https:\/\/didacta.com.uy\/sitio\/producto\/x-shot-skins-last-stand-16-dardos-copia\/#breadcrumb\"},\"inLanguage\":\"es\",\"potentialAction\":[{\"@type\":\"ReadAction\",\"target\":[\"https:\/\/didacta.com.uy\/sitio\/producto\/x-shot-skins-last-stand-16-dardos-copia\/\"]}]},{\"@type\":\"ImageObject\",\"inLanguage\":\"es\",\"@id\":\"https:\/\/didacta.com.uy\/sitio\/producto\/x-shot-skins-last-stand-16-dardos-copia\/#primaryimage\",\"url\":\"https:\/\/didacta.com.uy\/sitio\/wp-content\/uploads\/2022\/11\/36518.jpg\",\"contentUrl\":\"https:\/\/didacta.com.uy\/sitio\/wp-content\/uploads\/2022\/11\/36518.jpg\",\"width\":425,\"height\":447},{\"@type\":\"BreadcrumbList\",\"@id\":\"https:\/\/didacta.com.uy\/sitio\/producto\/x-shot-skins-last-stand-16-dardos-copia\/#breadcrumb\",\"itemListElement\":[{\"@type\":\"ListItem\",\"position\":1,\"name\":\"Portada\",\"item\":\"https:\/\/didacta.com.uy\/sitio\/\"},{\"@type\":\"ListItem\",\"position\":2,\"name\":\"Inicio\",\"item\":\"https:\/\/didacta.com.uy\/sitio\/\"},{\"@type\":\"ListItem\",\"position\":3,\"name\":\"X-SHOT SKINS LAST STAND C\/16 DARDOS\"}]},{\"@type\":\"WebSite\",\"@id\":\"https:\/\/didacta.com.uy\/sitio\/#website\",\"url\":\"https:\/\/didacta.com.uy\/sitio\/\",\"name\":\"Didacta\",\"description\":\"Con m\u00e1s de 20 a\u00f1os de experiencia, DIDACTA es la marca l\u00edder en el mercado uruguayo de juegos de mesa.\",\"potentialAction\":[{\"@type\":\"SearchAction\",\"target\":{\"@type\":\"EntryPoint\",\"urlTemplate\":\"https:\/\/didacta.com.uy\/sitio\/?s={search_term_string}\"},\"query-input\":{\"@type\":\"PropertyValueSpecification\",\"valueRequired\":true,\"valueName\":\"search_term_string\"}}],\"inLanguage\":\"es\"}]}<\/script>\n<!-- \/ Yoast SEO plugin. -->","yoast_head_json":{"title":"X-SHOT SKINS LAST STAND C\/16 DARDOS - Didacta","robots":{"index":"index","follow":"follow","max-snippet":"max-snippet:-1","max-image-preview":"max-image-preview:large","max-video-preview":"max-video-preview:-1"},"canonical":"https:\/\/didacta.com.uy\/sitio\/producto\/x-shot-skins-last-stand-16-dardos-copia\/","og_locale":"es_ES","og_type":"article","og_title":"X-SHOT SKINS LAST STAND C\/16 DARDOS - Didacta","og_description":"Viv\u00ed una experiencia \u00fanica con el lanzador m\u00e1s grande de la gama X-Shot Skin: Last Stand. Hay 4 dise\u00f1os para coleccionar! Puede alcanzar objetos de hasta 27 metros de distancia. Barril giratorio autom\u00e1tico con capacidad de 16 dardos.  C\u00f3digo:\u00a036518 C\u00f3digo de barras: 7730549006302 Edad:\u00a08 a\u00f1os en adelante Medidas:60 x 9,7 x 29 cm  Medidas: 39.5 x 5 x 22\u00a0cm","og_url":"https:\/\/didacta.com.uy\/sitio\/producto\/x-shot-skins-last-stand-16-dardos-copia\/","og_site_name":"Didacta","article_modified_time":"2023-11-14T19:38:50+00:00","og_image":[{"width":425,"height":447,"url":"https:\/\/didacta.com.uy\/sitio\/wp-content\/uploads\/2022\/11\/36518.jpg","type":"image\/jpeg"}],"twitter_card":"summary_large_image","twitter_misc":{"Tiempo de lectura":"1 minuto"},"schema":{"@context":"https:\/\/schema.org","@graph":[{"@type":"WebPage","@id":"https:\/\/didacta.com.uy\/sitio\/producto\/x-shot-skins-last-stand-16-dardos-copia\/","url":"https:\/\/didacta.com.uy\/sitio\/producto\/x-shot-skins-last-stand-16-dardos-copia\/","name":"X-SHOT SKINS LAST STAND C\/16 DARDOS - Didacta","isPartOf":{"@id":"https:\/\/didacta.com.uy\/sitio\/#website"},"primaryImageOfPage":{"@id":"https:\/\/didacta.com.uy\/sitio\/producto\/x-shot-skins-last-stand-16-dardos-copia\/#primaryimage"},"image":{"@id":"https:\/\/didacta.com.uy\/sitio\/producto\/x-shot-skins-last-stand-16-dardos-copia\/#primaryimage"},"thumbnailUrl":"https:\/\/didacta.com.uy\/sitio\/wp-content\/uploads\/2022\/11\/36518.jpg","datePublished":"2022-11-14T16:57:03+00:00","dateModified":"2023-11-14T19:38:50+00:00","breadcrumb":{"@id":"https:\/\/didacta.com.uy\/sitio\/producto\/x-shot-skins-last-stand-16-dardos-copia\/#breadcrumb"},"inLanguage":"es","potentialAction":[{"@type":"ReadAction","target":["https:\/\/didacta.com.uy\/sitio\/producto\/x-shot-skins-last-stand-16-dardos-copia\/"]}]},{"@type":"ImageObject","inLanguage":"es","@id":"https:\/\/didacta.com.uy\/sitio\/producto\/x-shot-skins-last-stand-16-dardos-copia\/#primaryimage","url":"https:\/\/didacta.com.uy\/sitio\/wp-content\/uploads\/2022\/11\/36518.jpg","contentUrl":"https:\/\/didacta.com.uy\/sitio\/wp-content\/uploads\/2022\/11\/36518.jpg","width":425,"height":447},{"@type":"BreadcrumbList","@id":"https:\/\/didacta.com.uy\/sitio\/producto\/x-shot-skins-last-stand-16-dardos-copia\/#breadcrumb","itemListElement":[{"@type":"ListItem","position":1,"name":"Portada","item":"https:\/\/didacta.com.uy\/sitio\/"},{"@type":"ListItem","position":2,"name":"Inicio","item":"https:\/\/didacta.com.uy\/sitio\/"},{"@type":"ListItem","position":3,"name":"X-SHOT SKINS LAST STAND C\/16 DARDOS"}]},{"@type":"WebSite","@id":"https:\/\/didacta.com.uy\/sitio\/#website","url":"https:\/\/didacta.com.uy\/sitio\/","name":"Didacta","description":"Con m\u00e1s de 20 a\u00f1os de experiencia, DIDACTA es la marca l\u00edder en el mercado uruguayo de juegos de mesa.","potentialAction":[{"@type":"SearchAction","target":{"@type":"EntryPoint","urlTemplate":"https:\/\/didacta.com.uy\/sitio\/?s={search_term_string}"},"query-input":{"@type":"PropertyValueSpecification","valueRequired":true,"valueName":"search_term_string"}}],"inLanguage":"es"}]}},"_links":{"self":[{"href":"https:\/\/didacta.com.uy\/sitio\/wp-json\/wp\/v2\/product\/210516","targetHints":{"allow":["GET"]}}],"collection":[{"href":"https:\/\/didacta.com.uy\/sitio\/wp-json\/wp\/v2\/product"}],"about":[{"href":"https:\/\/didacta.com.uy\/sitio\/wp-json\/wp\/v2\/types\/product"}],"replies":[{"embeddable":true,"href":"https:\/\/didacta.com.uy\/sitio\/wp-json\/wp\/v2\/comments?post=210516"}],"wp:featuredmedia":[{"embeddable":true,"href":"https:\/\/didacta.com.uy\/sitio\/wp-json\/wp\/v2\/media\/210517"}],"wp:attachment":[{"href":"https:\/\/didacta.com.uy\/sitio\/wp-json\/wp\/v2\/media?parent=210516"}],"wp:term":[{"taxonomy":"product_brand","embeddable":true,"href":"https:\/\/didacta.com.uy\/sitio\/wp-json\/wp\/v2\/product_brand?post=210516"},{"taxonomy":"product_cat","embeddable":true,"href":"https:\/\/didacta.com.uy\/sitio\/wp-json\/wp\/v2\/product_cat?post=210516"},{"taxonomy":"product_tag","embeddable":true,"href":"https:\/\/didacta.com.uy\/sitio\/wp-json\/wp\/v2\/product_tag?post=210516"}],"curies":[{"name":"wp","href":"https:\/\/api.w.org\/{rel}","templated":true}]}}