{"id":210457,"date":"2022-11-04T18:44:34","date_gmt":"2022-11-04T18:44:34","guid":{"rendered":"https:\/\/didacta.com.uy\/sitio\/?post_type=product&#038;p=210457"},"modified":"2023-11-16T18:27:13","modified_gmt":"2023-11-16T18:27:13","slug":"hot-wheels-vehiculo-aventura-114-3","status":"publish","type":"product","link":"https:\/\/didacta.com.uy\/sitio\/producto\/hot-wheels-vehiculo-aventura-114-3\/","title":{"rendered":"HOT WHEELS &#8211; VEHICULO AMAZING TRUCK ESCALA 1:14"},"content":{"rendered":"<p>Sumergite en esta acelerada aventura que solo te puede brindar tu Hot Wheels Amazing Truck escala 1:14<br \/>\nVeh\u00edculo a control remoto multidireccional.<\/p>\n<p><strong>C\u00f3digo: <\/strong>69850<br \/>\n<strong>C\u00f3digo de barras: <\/strong>4895184012781<br \/>\n<strong>Edad:<\/strong>\u00a04 a\u00f1os en adelante<br \/>\n<strong>Medidas: <\/strong>38 x 20,5 x 19,5 cm<\/p>\n","protected":false},"excerpt":{"rendered":"<p>Sumergite en esta acelerada aventura que solo te puede brindar tu Hot Wheels Amazing Truck escala 1:14<br \/>\nVeh\u00edculo a control remoto multidireccional.<\/p>\n<p><strong>C\u00f3digo: <\/strong>69850<br \/>\n<strong>C\u00f3digo de barras: <\/strong>4895184012781<br \/>\n<strong>Edad:<\/strong>\u00a04 a\u00f1os en adelante<br \/>\n<strong>Medidas: <\/strong>38 x 20,5 x 19,5 cm<\/p>\n","protected":false},"featured_media":213181,"comment_status":"closed","ping_status":"closed","template":"","meta":{"_et_pb_use_builder":"","_et_pb_old_content":"","_et_gb_content_width":"","_uf_show_specific_survey":0,"_uf_disable_surveys":false},"product_brand":[],"product_cat":[233,71],"product_tag":[],"class_list":{"0":"post-210457","1":"product","2":"type-product","3":"status-publish","4":"has-post-thumbnail","6":"product_cat-hot-wheels","7":"product_cat-3-a-5-anos","9":"first","10":"instock","11":"purchasable","12":"product-type-simple"},"aioseo_notices":[],"yoast_head":"<!-- This site is optimized with the Yoast SEO plugin v24.8.1 - https:\/\/yoast.com\/wordpress\/plugins\/seo\/ -->\n<title>HOT WHEELS - VEHICULO AMAZING TRUCK ESCALA 1:14 - Didacta<\/title>\n<meta name=\"robots\" content=\"index, follow, max-snippet:-1, max-image-preview:large, max-video-preview:-1\" \/>\n<link rel=\"canonical\" href=\"https:\/\/didacta.com.uy\/sitio\/producto\/hot-wheels-vehiculo-aventura-114-3\/\" \/>\n<meta property=\"og:locale\" content=\"es_ES\" \/>\n<meta property=\"og:type\" content=\"article\" \/>\n<meta property=\"og:title\" content=\"HOT WHEELS - VEHICULO AMAZING TRUCK ESCALA 1:14 - Didacta\" \/>\n<meta property=\"og:description\" content=\"Sumergite en esta acelerada aventura que solo te puede brindar tu Hot Wheels Amazing Truck escala 1:14 Veh\u00edculo a control remoto multidireccional.  C\u00f3digo: 69850 C\u00f3digo de barras: 4895184012781 Edad:\u00a04 a\u00f1os en adelante Medidas: 38 x 20,5 x 19,5 cm\" \/>\n<meta property=\"og:url\" content=\"https:\/\/didacta.com.uy\/sitio\/producto\/hot-wheels-vehiculo-aventura-114-3\/\" \/>\n<meta property=\"og:site_name\" content=\"Didacta\" \/>\n<meta property=\"article:modified_time\" content=\"2023-11-16T18:27:13+00:00\" \/>\n<meta property=\"og:image\" content=\"https:\/\/didacta.com.uy\/sitio\/wp-content\/uploads\/2022\/11\/69850.jpg\" \/>\n\t<meta property=\"og:image:width\" content=\"700\" \/>\n\t<meta property=\"og:image:height\" content=\"700\" \/>\n\t<meta property=\"og:image:type\" content=\"image\/jpeg\" \/>\n<meta name=\"twitter:card\" content=\"summary_large_image\" \/>\n<meta name=\"twitter:label1\" content=\"Tiempo de lectura\" \/>\n\t<meta name=\"twitter:data1\" content=\"1 minuto\" \/>\n<script type=\"application\/ld+json\" class=\"yoast-schema-graph\">{\"@context\":\"https:\/\/schema.org\",\"@graph\":[{\"@type\":\"WebPage\",\"@id\":\"https:\/\/didacta.com.uy\/sitio\/producto\/hot-wheels-vehiculo-aventura-114-3\/\",\"url\":\"https:\/\/didacta.com.uy\/sitio\/producto\/hot-wheels-vehiculo-aventura-114-3\/\",\"name\":\"HOT WHEELS - VEHICULO AMAZING TRUCK ESCALA 1:14 - Didacta\",\"isPartOf\":{\"@id\":\"https:\/\/didacta.com.uy\/sitio\/#website\"},\"primaryImageOfPage\":{\"@id\":\"https:\/\/didacta.com.uy\/sitio\/producto\/hot-wheels-vehiculo-aventura-114-3\/#primaryimage\"},\"image\":{\"@id\":\"https:\/\/didacta.com.uy\/sitio\/producto\/hot-wheels-vehiculo-aventura-114-3\/#primaryimage\"},\"thumbnailUrl\":\"https:\/\/didacta.com.uy\/sitio\/wp-content\/uploads\/2022\/11\/69850.jpg\",\"datePublished\":\"2022-11-04T18:44:34+00:00\",\"dateModified\":\"2023-11-16T18:27:13+00:00\",\"breadcrumb\":{\"@id\":\"https:\/\/didacta.com.uy\/sitio\/producto\/hot-wheels-vehiculo-aventura-114-3\/#breadcrumb\"},\"inLanguage\":\"es\",\"potentialAction\":[{\"@type\":\"ReadAction\",\"target\":[\"https:\/\/didacta.com.uy\/sitio\/producto\/hot-wheels-vehiculo-aventura-114-3\/\"]}]},{\"@type\":\"ImageObject\",\"inLanguage\":\"es\",\"@id\":\"https:\/\/didacta.com.uy\/sitio\/producto\/hot-wheels-vehiculo-aventura-114-3\/#primaryimage\",\"url\":\"https:\/\/didacta.com.uy\/sitio\/wp-content\/uploads\/2022\/11\/69850.jpg\",\"contentUrl\":\"https:\/\/didacta.com.uy\/sitio\/wp-content\/uploads\/2022\/11\/69850.jpg\",\"width\":700,\"height\":700},{\"@type\":\"BreadcrumbList\",\"@id\":\"https:\/\/didacta.com.uy\/sitio\/producto\/hot-wheels-vehiculo-aventura-114-3\/#breadcrumb\",\"itemListElement\":[{\"@type\":\"ListItem\",\"position\":1,\"name\":\"Portada\",\"item\":\"https:\/\/didacta.com.uy\/sitio\/\"},{\"@type\":\"ListItem\",\"position\":2,\"name\":\"Inicio\",\"item\":\"https:\/\/didacta.com.uy\/sitio\/\"},{\"@type\":\"ListItem\",\"position\":3,\"name\":\"HOT WHEELS &#8211; VEHICULO AMAZING TRUCK ESCALA 1:14\"}]},{\"@type\":\"WebSite\",\"@id\":\"https:\/\/didacta.com.uy\/sitio\/#website\",\"url\":\"https:\/\/didacta.com.uy\/sitio\/\",\"name\":\"Didacta\",\"description\":\"Con m\u00e1s de 20 a\u00f1os de experiencia, DIDACTA es la marca l\u00edder en el mercado uruguayo de juegos de mesa.\",\"potentialAction\":[{\"@type\":\"SearchAction\",\"target\":{\"@type\":\"EntryPoint\",\"urlTemplate\":\"https:\/\/didacta.com.uy\/sitio\/?s={search_term_string}\"},\"query-input\":{\"@type\":\"PropertyValueSpecification\",\"valueRequired\":true,\"valueName\":\"search_term_string\"}}],\"inLanguage\":\"es\"}]}<\/script>\n<!-- \/ Yoast SEO plugin. -->","yoast_head_json":{"title":"HOT WHEELS - VEHICULO AMAZING TRUCK ESCALA 1:14 - Didacta","robots":{"index":"index","follow":"follow","max-snippet":"max-snippet:-1","max-image-preview":"max-image-preview:large","max-video-preview":"max-video-preview:-1"},"canonical":"https:\/\/didacta.com.uy\/sitio\/producto\/hot-wheels-vehiculo-aventura-114-3\/","og_locale":"es_ES","og_type":"article","og_title":"HOT WHEELS - VEHICULO AMAZING TRUCK ESCALA 1:14 - Didacta","og_description":"Sumergite en esta acelerada aventura que solo te puede brindar tu Hot Wheels Amazing Truck escala 1:14 Veh\u00edculo a control remoto multidireccional.  C\u00f3digo: 69850 C\u00f3digo de barras: 4895184012781 Edad:\u00a04 a\u00f1os en adelante Medidas: 38 x 20,5 x 19,5 cm","og_url":"https:\/\/didacta.com.uy\/sitio\/producto\/hot-wheels-vehiculo-aventura-114-3\/","og_site_name":"Didacta","article_modified_time":"2023-11-16T18:27:13+00:00","og_image":[{"url":"https:\/\/didacta.com.uy\/sitio\/wp-content\/uploads\/2022\/11\/69850.jpg","width":700,"height":700,"type":"image\/jpeg"}],"twitter_card":"summary_large_image","twitter_misc":{"Tiempo de lectura":"1 minuto"},"schema":{"@context":"https:\/\/schema.org","@graph":[{"@type":"WebPage","@id":"https:\/\/didacta.com.uy\/sitio\/producto\/hot-wheels-vehiculo-aventura-114-3\/","url":"https:\/\/didacta.com.uy\/sitio\/producto\/hot-wheels-vehiculo-aventura-114-3\/","name":"HOT WHEELS - VEHICULO AMAZING TRUCK ESCALA 1:14 - Didacta","isPartOf":{"@id":"https:\/\/didacta.com.uy\/sitio\/#website"},"primaryImageOfPage":{"@id":"https:\/\/didacta.com.uy\/sitio\/producto\/hot-wheels-vehiculo-aventura-114-3\/#primaryimage"},"image":{"@id":"https:\/\/didacta.com.uy\/sitio\/producto\/hot-wheels-vehiculo-aventura-114-3\/#primaryimage"},"thumbnailUrl":"https:\/\/didacta.com.uy\/sitio\/wp-content\/uploads\/2022\/11\/69850.jpg","datePublished":"2022-11-04T18:44:34+00:00","dateModified":"2023-11-16T18:27:13+00:00","breadcrumb":{"@id":"https:\/\/didacta.com.uy\/sitio\/producto\/hot-wheels-vehiculo-aventura-114-3\/#breadcrumb"},"inLanguage":"es","potentialAction":[{"@type":"ReadAction","target":["https:\/\/didacta.com.uy\/sitio\/producto\/hot-wheels-vehiculo-aventura-114-3\/"]}]},{"@type":"ImageObject","inLanguage":"es","@id":"https:\/\/didacta.com.uy\/sitio\/producto\/hot-wheels-vehiculo-aventura-114-3\/#primaryimage","url":"https:\/\/didacta.com.uy\/sitio\/wp-content\/uploads\/2022\/11\/69850.jpg","contentUrl":"https:\/\/didacta.com.uy\/sitio\/wp-content\/uploads\/2022\/11\/69850.jpg","width":700,"height":700},{"@type":"BreadcrumbList","@id":"https:\/\/didacta.com.uy\/sitio\/producto\/hot-wheels-vehiculo-aventura-114-3\/#breadcrumb","itemListElement":[{"@type":"ListItem","position":1,"name":"Portada","item":"https:\/\/didacta.com.uy\/sitio\/"},{"@type":"ListItem","position":2,"name":"Inicio","item":"https:\/\/didacta.com.uy\/sitio\/"},{"@type":"ListItem","position":3,"name":"HOT WHEELS &#8211; VEHICULO AMAZING TRUCK ESCALA 1:14"}]},{"@type":"WebSite","@id":"https:\/\/didacta.com.uy\/sitio\/#website","url":"https:\/\/didacta.com.uy\/sitio\/","name":"Didacta","description":"Con m\u00e1s de 20 a\u00f1os de experiencia, DIDACTA es la marca l\u00edder en el mercado uruguayo de juegos de mesa.","potentialAction":[{"@type":"SearchAction","target":{"@type":"EntryPoint","urlTemplate":"https:\/\/didacta.com.uy\/sitio\/?s={search_term_string}"},"query-input":{"@type":"PropertyValueSpecification","valueRequired":true,"valueName":"search_term_string"}}],"inLanguage":"es"}]}},"_links":{"self":[{"href":"https:\/\/didacta.com.uy\/sitio\/wp-json\/wp\/v2\/product\/210457","targetHints":{"allow":["GET"]}}],"collection":[{"href":"https:\/\/didacta.com.uy\/sitio\/wp-json\/wp\/v2\/product"}],"about":[{"href":"https:\/\/didacta.com.uy\/sitio\/wp-json\/wp\/v2\/types\/product"}],"replies":[{"embeddable":true,"href":"https:\/\/didacta.com.uy\/sitio\/wp-json\/wp\/v2\/comments?post=210457"}],"wp:featuredmedia":[{"embeddable":true,"href":"https:\/\/didacta.com.uy\/sitio\/wp-json\/wp\/v2\/media\/213181"}],"wp:attachment":[{"href":"https:\/\/didacta.com.uy\/sitio\/wp-json\/wp\/v2\/media?parent=210457"}],"wp:term":[{"taxonomy":"product_brand","embeddable":true,"href":"https:\/\/didacta.com.uy\/sitio\/wp-json\/wp\/v2\/product_brand?post=210457"},{"taxonomy":"product_cat","embeddable":true,"href":"https:\/\/didacta.com.uy\/sitio\/wp-json\/wp\/v2\/product_cat?post=210457"},{"taxonomy":"product_tag","embeddable":true,"href":"https:\/\/didacta.com.uy\/sitio\/wp-json\/wp\/v2\/product_tag?post=210457"}],"curies":[{"name":"wp","href":"https:\/\/api.w.org\/{rel}","templated":true}]}}