{"id":210424,"date":"2022-11-04T17:14:47","date_gmt":"2022-11-04T17:14:47","guid":{"rendered":"https:\/\/didacta.com.uy\/sitio\/?post_type=product&#038;p=210424"},"modified":"2023-11-22T18:40:04","modified_gmt":"2023-11-22T18:40:04","slug":"matchbox-camionesta-34cm","status":"publish","type":"product","link":"https:\/\/didacta.com.uy\/sitio\/producto\/matchbox-camionesta-34cm\/","title":{"rendered":"MATCHBOX CAMIONETA 34 CM"},"content":{"rendered":"<p>Camioneta Matchbox a fricci\u00f3n Rock Climber 34 cm &#8211; 2 Modelos.<\/p>\n<p><strong>C\u00f3digo:<\/strong> ESD88-88A<br \/>\n<strong>C\u00f3digo de barras:<\/strong> 4895184026931<br \/>\n<strong>Edad:<\/strong> De 3 a\u00f1os en adelante<br \/>\n<strong>Medidas:<\/strong> 37.5 x 22 x 23 cm<\/p>\n<p>&nbsp;<\/p>\n","protected":false},"excerpt":{"rendered":"<p>Camioneta Matchbox a fricci\u00f3n Rock Climber 34 cm &#8211; 2 Modelos.<\/p>\n<p><strong>C\u00f3digo:<\/strong> ESD88-88A<br \/>\n<strong>C\u00f3digo de barras:<\/strong> 4895184026931<br \/>\n<strong>Edad:<\/strong> De 3 a\u00f1os en adelante<br \/>\n<strong>Medidas:<\/strong> 37.5 x 22 x 23 cm<\/p>\n<p>&nbsp;<\/p>\n","protected":false},"featured_media":213270,"comment_status":"closed","ping_status":"closed","template":"","meta":{"_et_pb_use_builder":"","_et_pb_old_content":"","_et_gb_content_width":"","_uf_show_specific_survey":0,"_uf_disable_surveys":false},"product_brand":[],"product_cat":[232],"product_tag":[],"class_list":{"0":"post-210424","1":"product","2":"type-product","3":"status-publish","4":"has-post-thumbnail","6":"product_cat-matchbox","8":"first","9":"instock","10":"purchasable","11":"product-type-variable"},"aioseo_notices":[],"yoast_head":"<!-- This site is optimized with the Yoast SEO plugin v24.8.1 - https:\/\/yoast.com\/wordpress\/plugins\/seo\/ -->\n<title>MATCHBOX CAMIONETA 34 CM - Didacta<\/title>\n<meta name=\"robots\" content=\"index, follow, max-snippet:-1, max-image-preview:large, max-video-preview:-1\" \/>\n<link rel=\"canonical\" href=\"https:\/\/didacta.com.uy\/sitio\/producto\/matchbox-camionesta-34cm\/\" \/>\n<meta property=\"og:locale\" content=\"es_ES\" \/>\n<meta property=\"og:type\" content=\"article\" \/>\n<meta property=\"og:title\" content=\"MATCHBOX CAMIONETA 34 CM - Didacta\" \/>\n<meta property=\"og:description\" content=\"Camioneta Matchbox a fricci\u00f3n Rock Climber 34 cm - 2 Modelos.  C\u00f3digo: ESD88-88A C\u00f3digo de barras: 4895184026931 Edad: De 3 a\u00f1os en adelante Medidas: 37.5 x 22 x 23 cm  &nbsp;\" \/>\n<meta property=\"og:url\" content=\"https:\/\/didacta.com.uy\/sitio\/producto\/matchbox-camionesta-34cm\/\" \/>\n<meta property=\"og:site_name\" content=\"Didacta\" \/>\n<meta property=\"article:modified_time\" content=\"2023-11-22T18:40:04+00:00\" \/>\n<meta property=\"og:image\" content=\"https:\/\/didacta.com.uy\/sitio\/wp-content\/uploads\/2022\/11\/mtchbx-1.jpg\" \/>\n\t<meta property=\"og:image:width\" content=\"700\" \/>\n\t<meta property=\"og:image:height\" content=\"700\" \/>\n\t<meta property=\"og:image:type\" content=\"image\/jpeg\" \/>\n<meta name=\"twitter:card\" content=\"summary_large_image\" \/>\n<meta name=\"twitter:label1\" content=\"Tiempo de lectura\" \/>\n\t<meta name=\"twitter:data1\" content=\"1 minuto\" \/>\n<script type=\"application\/ld+json\" class=\"yoast-schema-graph\">{\"@context\":\"https:\/\/schema.org\",\"@graph\":[{\"@type\":\"WebPage\",\"@id\":\"https:\/\/didacta.com.uy\/sitio\/producto\/matchbox-camionesta-34cm\/\",\"url\":\"https:\/\/didacta.com.uy\/sitio\/producto\/matchbox-camionesta-34cm\/\",\"name\":\"MATCHBOX CAMIONETA 34 CM - Didacta\",\"isPartOf\":{\"@id\":\"https:\/\/didacta.com.uy\/sitio\/#website\"},\"primaryImageOfPage\":{\"@id\":\"https:\/\/didacta.com.uy\/sitio\/producto\/matchbox-camionesta-34cm\/#primaryimage\"},\"image\":{\"@id\":\"https:\/\/didacta.com.uy\/sitio\/producto\/matchbox-camionesta-34cm\/#primaryimage\"},\"thumbnailUrl\":\"https:\/\/didacta.com.uy\/sitio\/wp-content\/uploads\/2022\/11\/mtchbx-1.jpg\",\"datePublished\":\"2022-11-04T17:14:47+00:00\",\"dateModified\":\"2023-11-22T18:40:04+00:00\",\"breadcrumb\":{\"@id\":\"https:\/\/didacta.com.uy\/sitio\/producto\/matchbox-camionesta-34cm\/#breadcrumb\"},\"inLanguage\":\"es\",\"potentialAction\":[{\"@type\":\"ReadAction\",\"target\":[\"https:\/\/didacta.com.uy\/sitio\/producto\/matchbox-camionesta-34cm\/\"]}]},{\"@type\":\"ImageObject\",\"inLanguage\":\"es\",\"@id\":\"https:\/\/didacta.com.uy\/sitio\/producto\/matchbox-camionesta-34cm\/#primaryimage\",\"url\":\"https:\/\/didacta.com.uy\/sitio\/wp-content\/uploads\/2022\/11\/mtchbx-1.jpg\",\"contentUrl\":\"https:\/\/didacta.com.uy\/sitio\/wp-content\/uploads\/2022\/11\/mtchbx-1.jpg\",\"width\":700,\"height\":700},{\"@type\":\"BreadcrumbList\",\"@id\":\"https:\/\/didacta.com.uy\/sitio\/producto\/matchbox-camionesta-34cm\/#breadcrumb\",\"itemListElement\":[{\"@type\":\"ListItem\",\"position\":1,\"name\":\"Portada\",\"item\":\"https:\/\/didacta.com.uy\/sitio\/\"},{\"@type\":\"ListItem\",\"position\":2,\"name\":\"Inicio\",\"item\":\"https:\/\/didacta.com.uy\/sitio\/\"},{\"@type\":\"ListItem\",\"position\":3,\"name\":\"MATCHBOX CAMIONETA 34 CM\"}]},{\"@type\":\"WebSite\",\"@id\":\"https:\/\/didacta.com.uy\/sitio\/#website\",\"url\":\"https:\/\/didacta.com.uy\/sitio\/\",\"name\":\"Didacta\",\"description\":\"Con m\u00e1s de 20 a\u00f1os de experiencia, DIDACTA es la marca l\u00edder en el mercado uruguayo de juegos de mesa.\",\"potentialAction\":[{\"@type\":\"SearchAction\",\"target\":{\"@type\":\"EntryPoint\",\"urlTemplate\":\"https:\/\/didacta.com.uy\/sitio\/?s={search_term_string}\"},\"query-input\":{\"@type\":\"PropertyValueSpecification\",\"valueRequired\":true,\"valueName\":\"search_term_string\"}}],\"inLanguage\":\"es\"}]}<\/script>\n<!-- \/ Yoast SEO plugin. -->","yoast_head_json":{"title":"MATCHBOX CAMIONETA 34 CM - Didacta","robots":{"index":"index","follow":"follow","max-snippet":"max-snippet:-1","max-image-preview":"max-image-preview:large","max-video-preview":"max-video-preview:-1"},"canonical":"https:\/\/didacta.com.uy\/sitio\/producto\/matchbox-camionesta-34cm\/","og_locale":"es_ES","og_type":"article","og_title":"MATCHBOX CAMIONETA 34 CM - Didacta","og_description":"Camioneta Matchbox a fricci\u00f3n Rock Climber 34 cm - 2 Modelos.  C\u00f3digo: ESD88-88A C\u00f3digo de barras: 4895184026931 Edad: De 3 a\u00f1os en adelante Medidas: 37.5 x 22 x 23 cm  &nbsp;","og_url":"https:\/\/didacta.com.uy\/sitio\/producto\/matchbox-camionesta-34cm\/","og_site_name":"Didacta","article_modified_time":"2023-11-22T18:40:04+00:00","og_image":[{"url":"https:\/\/didacta.com.uy\/sitio\/wp-content\/uploads\/2022\/11\/mtchbx-1.jpg","width":700,"height":700,"type":"image\/jpeg"}],"twitter_card":"summary_large_image","twitter_misc":{"Tiempo de lectura":"1 minuto"},"schema":{"@context":"https:\/\/schema.org","@graph":[{"@type":"WebPage","@id":"https:\/\/didacta.com.uy\/sitio\/producto\/matchbox-camionesta-34cm\/","url":"https:\/\/didacta.com.uy\/sitio\/producto\/matchbox-camionesta-34cm\/","name":"MATCHBOX CAMIONETA 34 CM - Didacta","isPartOf":{"@id":"https:\/\/didacta.com.uy\/sitio\/#website"},"primaryImageOfPage":{"@id":"https:\/\/didacta.com.uy\/sitio\/producto\/matchbox-camionesta-34cm\/#primaryimage"},"image":{"@id":"https:\/\/didacta.com.uy\/sitio\/producto\/matchbox-camionesta-34cm\/#primaryimage"},"thumbnailUrl":"https:\/\/didacta.com.uy\/sitio\/wp-content\/uploads\/2022\/11\/mtchbx-1.jpg","datePublished":"2022-11-04T17:14:47+00:00","dateModified":"2023-11-22T18:40:04+00:00","breadcrumb":{"@id":"https:\/\/didacta.com.uy\/sitio\/producto\/matchbox-camionesta-34cm\/#breadcrumb"},"inLanguage":"es","potentialAction":[{"@type":"ReadAction","target":["https:\/\/didacta.com.uy\/sitio\/producto\/matchbox-camionesta-34cm\/"]}]},{"@type":"ImageObject","inLanguage":"es","@id":"https:\/\/didacta.com.uy\/sitio\/producto\/matchbox-camionesta-34cm\/#primaryimage","url":"https:\/\/didacta.com.uy\/sitio\/wp-content\/uploads\/2022\/11\/mtchbx-1.jpg","contentUrl":"https:\/\/didacta.com.uy\/sitio\/wp-content\/uploads\/2022\/11\/mtchbx-1.jpg","width":700,"height":700},{"@type":"BreadcrumbList","@id":"https:\/\/didacta.com.uy\/sitio\/producto\/matchbox-camionesta-34cm\/#breadcrumb","itemListElement":[{"@type":"ListItem","position":1,"name":"Portada","item":"https:\/\/didacta.com.uy\/sitio\/"},{"@type":"ListItem","position":2,"name":"Inicio","item":"https:\/\/didacta.com.uy\/sitio\/"},{"@type":"ListItem","position":3,"name":"MATCHBOX CAMIONETA 34 CM"}]},{"@type":"WebSite","@id":"https:\/\/didacta.com.uy\/sitio\/#website","url":"https:\/\/didacta.com.uy\/sitio\/","name":"Didacta","description":"Con m\u00e1s de 20 a\u00f1os de experiencia, DIDACTA es la marca l\u00edder en el mercado uruguayo de juegos de mesa.","potentialAction":[{"@type":"SearchAction","target":{"@type":"EntryPoint","urlTemplate":"https:\/\/didacta.com.uy\/sitio\/?s={search_term_string}"},"query-input":{"@type":"PropertyValueSpecification","valueRequired":true,"valueName":"search_term_string"}}],"inLanguage":"es"}]}},"_links":{"self":[{"href":"https:\/\/didacta.com.uy\/sitio\/wp-json\/wp\/v2\/product\/210424","targetHints":{"allow":["GET"]}}],"collection":[{"href":"https:\/\/didacta.com.uy\/sitio\/wp-json\/wp\/v2\/product"}],"about":[{"href":"https:\/\/didacta.com.uy\/sitio\/wp-json\/wp\/v2\/types\/product"}],"replies":[{"embeddable":true,"href":"https:\/\/didacta.com.uy\/sitio\/wp-json\/wp\/v2\/comments?post=210424"}],"wp:featuredmedia":[{"embeddable":true,"href":"https:\/\/didacta.com.uy\/sitio\/wp-json\/wp\/v2\/media\/213270"}],"wp:attachment":[{"href":"https:\/\/didacta.com.uy\/sitio\/wp-json\/wp\/v2\/media?parent=210424"}],"wp:term":[{"taxonomy":"product_brand","embeddable":true,"href":"https:\/\/didacta.com.uy\/sitio\/wp-json\/wp\/v2\/product_brand?post=210424"},{"taxonomy":"product_cat","embeddable":true,"href":"https:\/\/didacta.com.uy\/sitio\/wp-json\/wp\/v2\/product_cat?post=210424"},{"taxonomy":"product_tag","embeddable":true,"href":"https:\/\/didacta.com.uy\/sitio\/wp-json\/wp\/v2\/product_tag?post=210424"}],"curies":[{"name":"wp","href":"https:\/\/api.w.org\/{rel}","templated":true}]}}