{"id":210413,"date":"2022-11-04T16:46:29","date_gmt":"2022-11-04T16:46:29","guid":{"rendered":"https:\/\/didacta.com.uy\/sitio\/?post_type=product&#038;p=210413"},"modified":"2023-11-22T19:04:11","modified_gmt":"2023-11-22T19:04:11","slug":"matbox-camion-de-emergencia","status":"publish","type":"product","link":"https:\/\/didacta.com.uy\/sitio\/producto\/matbox-camion-de-emergencia\/","title":{"rendered":"MATCHBOX CAMION DE EMERGENCIA"},"content":{"rendered":"<p>Cami\u00f3n de emergencia Matchbox, bombero, polic\u00eda y ambulancia con luz y sonido.<\/p>\n<p><strong>C\u00f3digo:<\/strong> GY711\/714<br \/>\n<strong>C\u00f3digo de barras:<\/strong> 4895184019612<br \/>\n<strong>Edad:<\/strong>\u00a0De 3 a\u00f1os en adelante<br \/>\n<strong>Medidas:<\/strong> 15.5 x 7.6 x 13.5 cm<\/p>\n<p>&nbsp;<\/p>\n","protected":false},"excerpt":{"rendered":"<p>Cami\u00f3n de emergencia Matchbox, bombero, polic\u00eda y ambulancia con luz y sonido.<\/p>\n<p><strong>C\u00f3digo:<\/strong> GY711\/714<br \/>\n<strong>C\u00f3digo de barras:<\/strong> 4895184019612<br \/>\n<strong>Edad:<\/strong>\u00a0De 3 a\u00f1os en adelante<br \/>\n<strong>Medidas:<\/strong> 15.5 x 7.6 x 13.5 cm<\/p>\n<p>&nbsp;<\/p>\n","protected":false},"featured_media":213276,"comment_status":"closed","ping_status":"closed","template":"","meta":{"_et_pb_use_builder":"","_et_pb_old_content":"","_et_gb_content_width":"","_uf_show_specific_survey":0,"_uf_disable_surveys":false},"product_brand":[],"product_cat":[232,72],"product_tag":[],"class_list":{"0":"post-210413","1":"product","2":"type-product","3":"status-publish","4":"has-post-thumbnail","6":"product_cat-matchbox","7":"product_cat-6-a-9-anos","9":"first","10":"instock","11":"purchasable","12":"product-type-variable"},"aioseo_notices":[],"yoast_head":"<!-- This site is optimized with the Yoast SEO plugin v24.8.1 - https:\/\/yoast.com\/wordpress\/plugins\/seo\/ -->\n<title>MATCHBOX CAMION DE EMERGENCIA - Didacta<\/title>\n<meta name=\"robots\" content=\"index, follow, max-snippet:-1, max-image-preview:large, max-video-preview:-1\" \/>\n<link rel=\"canonical\" href=\"https:\/\/didacta.com.uy\/sitio\/producto\/matbox-camion-de-emergencia\/\" \/>\n<meta property=\"og:locale\" content=\"es_ES\" \/>\n<meta property=\"og:type\" content=\"article\" \/>\n<meta property=\"og:title\" content=\"MATCHBOX CAMION DE EMERGENCIA - Didacta\" \/>\n<meta property=\"og:description\" content=\"Cami\u00f3n de emergencia Matchbox, bombero, polic\u00eda y ambulancia con luz y sonido.  C\u00f3digo: GY711\/714 C\u00f3digo de barras: 4895184019612 Edad:\u00a0De 3 a\u00f1os en adelante Medidas: 15.5 x 7.6 x 13.5 cm  &nbsp;\" \/>\n<meta property=\"og:url\" content=\"https:\/\/didacta.com.uy\/sitio\/producto\/matbox-camion-de-emergencia\/\" \/>\n<meta property=\"og:site_name\" content=\"Didacta\" \/>\n<meta property=\"article:modified_time\" content=\"2023-11-22T19:04:11+00:00\" \/>\n<meta property=\"og:image\" content=\"https:\/\/didacta.com.uy\/sitio\/wp-content\/uploads\/2022\/11\/mtchbx-x-3.jpg\" \/>\n\t<meta property=\"og:image:width\" content=\"700\" \/>\n\t<meta property=\"og:image:height\" content=\"700\" \/>\n\t<meta property=\"og:image:type\" content=\"image\/jpeg\" \/>\n<meta name=\"twitter:card\" content=\"summary_large_image\" \/>\n<meta name=\"twitter:label1\" content=\"Tiempo de lectura\" \/>\n\t<meta name=\"twitter:data1\" content=\"1 minuto\" \/>\n<script type=\"application\/ld+json\" class=\"yoast-schema-graph\">{\"@context\":\"https:\/\/schema.org\",\"@graph\":[{\"@type\":\"WebPage\",\"@id\":\"https:\/\/didacta.com.uy\/sitio\/producto\/matbox-camion-de-emergencia\/\",\"url\":\"https:\/\/didacta.com.uy\/sitio\/producto\/matbox-camion-de-emergencia\/\",\"name\":\"MATCHBOX CAMION DE EMERGENCIA - Didacta\",\"isPartOf\":{\"@id\":\"https:\/\/didacta.com.uy\/sitio\/#website\"},\"primaryImageOfPage\":{\"@id\":\"https:\/\/didacta.com.uy\/sitio\/producto\/matbox-camion-de-emergencia\/#primaryimage\"},\"image\":{\"@id\":\"https:\/\/didacta.com.uy\/sitio\/producto\/matbox-camion-de-emergencia\/#primaryimage\"},\"thumbnailUrl\":\"https:\/\/didacta.com.uy\/sitio\/wp-content\/uploads\/2022\/11\/mtchbx-x-3.jpg\",\"datePublished\":\"2022-11-04T16:46:29+00:00\",\"dateModified\":\"2023-11-22T19:04:11+00:00\",\"breadcrumb\":{\"@id\":\"https:\/\/didacta.com.uy\/sitio\/producto\/matbox-camion-de-emergencia\/#breadcrumb\"},\"inLanguage\":\"es\",\"potentialAction\":[{\"@type\":\"ReadAction\",\"target\":[\"https:\/\/didacta.com.uy\/sitio\/producto\/matbox-camion-de-emergencia\/\"]}]},{\"@type\":\"ImageObject\",\"inLanguage\":\"es\",\"@id\":\"https:\/\/didacta.com.uy\/sitio\/producto\/matbox-camion-de-emergencia\/#primaryimage\",\"url\":\"https:\/\/didacta.com.uy\/sitio\/wp-content\/uploads\/2022\/11\/mtchbx-x-3.jpg\",\"contentUrl\":\"https:\/\/didacta.com.uy\/sitio\/wp-content\/uploads\/2022\/11\/mtchbx-x-3.jpg\",\"width\":700,\"height\":700},{\"@type\":\"BreadcrumbList\",\"@id\":\"https:\/\/didacta.com.uy\/sitio\/producto\/matbox-camion-de-emergencia\/#breadcrumb\",\"itemListElement\":[{\"@type\":\"ListItem\",\"position\":1,\"name\":\"Portada\",\"item\":\"https:\/\/didacta.com.uy\/sitio\/\"},{\"@type\":\"ListItem\",\"position\":2,\"name\":\"Inicio\",\"item\":\"https:\/\/didacta.com.uy\/sitio\/\"},{\"@type\":\"ListItem\",\"position\":3,\"name\":\"MATCHBOX CAMION DE EMERGENCIA\"}]},{\"@type\":\"WebSite\",\"@id\":\"https:\/\/didacta.com.uy\/sitio\/#website\",\"url\":\"https:\/\/didacta.com.uy\/sitio\/\",\"name\":\"Didacta\",\"description\":\"Con m\u00e1s de 20 a\u00f1os de experiencia, DIDACTA es la marca l\u00edder en el mercado uruguayo de juegos de mesa.\",\"potentialAction\":[{\"@type\":\"SearchAction\",\"target\":{\"@type\":\"EntryPoint\",\"urlTemplate\":\"https:\/\/didacta.com.uy\/sitio\/?s={search_term_string}\"},\"query-input\":{\"@type\":\"PropertyValueSpecification\",\"valueRequired\":true,\"valueName\":\"search_term_string\"}}],\"inLanguage\":\"es\"}]}<\/script>\n<!-- \/ Yoast SEO plugin. -->","yoast_head_json":{"title":"MATCHBOX CAMION DE EMERGENCIA - Didacta","robots":{"index":"index","follow":"follow","max-snippet":"max-snippet:-1","max-image-preview":"max-image-preview:large","max-video-preview":"max-video-preview:-1"},"canonical":"https:\/\/didacta.com.uy\/sitio\/producto\/matbox-camion-de-emergencia\/","og_locale":"es_ES","og_type":"article","og_title":"MATCHBOX CAMION DE EMERGENCIA - Didacta","og_description":"Cami\u00f3n de emergencia Matchbox, bombero, polic\u00eda y ambulancia con luz y sonido.  C\u00f3digo: GY711\/714 C\u00f3digo de barras: 4895184019612 Edad:\u00a0De 3 a\u00f1os en adelante Medidas: 15.5 x 7.6 x 13.5 cm  &nbsp;","og_url":"https:\/\/didacta.com.uy\/sitio\/producto\/matbox-camion-de-emergencia\/","og_site_name":"Didacta","article_modified_time":"2023-11-22T19:04:11+00:00","og_image":[{"url":"https:\/\/didacta.com.uy\/sitio\/wp-content\/uploads\/2022\/11\/mtchbx-x-3.jpg","width":700,"height":700,"type":"image\/jpeg"}],"twitter_card":"summary_large_image","twitter_misc":{"Tiempo de lectura":"1 minuto"},"schema":{"@context":"https:\/\/schema.org","@graph":[{"@type":"WebPage","@id":"https:\/\/didacta.com.uy\/sitio\/producto\/matbox-camion-de-emergencia\/","url":"https:\/\/didacta.com.uy\/sitio\/producto\/matbox-camion-de-emergencia\/","name":"MATCHBOX CAMION DE EMERGENCIA - Didacta","isPartOf":{"@id":"https:\/\/didacta.com.uy\/sitio\/#website"},"primaryImageOfPage":{"@id":"https:\/\/didacta.com.uy\/sitio\/producto\/matbox-camion-de-emergencia\/#primaryimage"},"image":{"@id":"https:\/\/didacta.com.uy\/sitio\/producto\/matbox-camion-de-emergencia\/#primaryimage"},"thumbnailUrl":"https:\/\/didacta.com.uy\/sitio\/wp-content\/uploads\/2022\/11\/mtchbx-x-3.jpg","datePublished":"2022-11-04T16:46:29+00:00","dateModified":"2023-11-22T19:04:11+00:00","breadcrumb":{"@id":"https:\/\/didacta.com.uy\/sitio\/producto\/matbox-camion-de-emergencia\/#breadcrumb"},"inLanguage":"es","potentialAction":[{"@type":"ReadAction","target":["https:\/\/didacta.com.uy\/sitio\/producto\/matbox-camion-de-emergencia\/"]}]},{"@type":"ImageObject","inLanguage":"es","@id":"https:\/\/didacta.com.uy\/sitio\/producto\/matbox-camion-de-emergencia\/#primaryimage","url":"https:\/\/didacta.com.uy\/sitio\/wp-content\/uploads\/2022\/11\/mtchbx-x-3.jpg","contentUrl":"https:\/\/didacta.com.uy\/sitio\/wp-content\/uploads\/2022\/11\/mtchbx-x-3.jpg","width":700,"height":700},{"@type":"BreadcrumbList","@id":"https:\/\/didacta.com.uy\/sitio\/producto\/matbox-camion-de-emergencia\/#breadcrumb","itemListElement":[{"@type":"ListItem","position":1,"name":"Portada","item":"https:\/\/didacta.com.uy\/sitio\/"},{"@type":"ListItem","position":2,"name":"Inicio","item":"https:\/\/didacta.com.uy\/sitio\/"},{"@type":"ListItem","position":3,"name":"MATCHBOX CAMION DE EMERGENCIA"}]},{"@type":"WebSite","@id":"https:\/\/didacta.com.uy\/sitio\/#website","url":"https:\/\/didacta.com.uy\/sitio\/","name":"Didacta","description":"Con m\u00e1s de 20 a\u00f1os de experiencia, DIDACTA es la marca l\u00edder en el mercado uruguayo de juegos de mesa.","potentialAction":[{"@type":"SearchAction","target":{"@type":"EntryPoint","urlTemplate":"https:\/\/didacta.com.uy\/sitio\/?s={search_term_string}"},"query-input":{"@type":"PropertyValueSpecification","valueRequired":true,"valueName":"search_term_string"}}],"inLanguage":"es"}]}},"_links":{"self":[{"href":"https:\/\/didacta.com.uy\/sitio\/wp-json\/wp\/v2\/product\/210413","targetHints":{"allow":["GET"]}}],"collection":[{"href":"https:\/\/didacta.com.uy\/sitio\/wp-json\/wp\/v2\/product"}],"about":[{"href":"https:\/\/didacta.com.uy\/sitio\/wp-json\/wp\/v2\/types\/product"}],"replies":[{"embeddable":true,"href":"https:\/\/didacta.com.uy\/sitio\/wp-json\/wp\/v2\/comments?post=210413"}],"wp:featuredmedia":[{"embeddable":true,"href":"https:\/\/didacta.com.uy\/sitio\/wp-json\/wp\/v2\/media\/213276"}],"wp:attachment":[{"href":"https:\/\/didacta.com.uy\/sitio\/wp-json\/wp\/v2\/media?parent=210413"}],"wp:term":[{"taxonomy":"product_brand","embeddable":true,"href":"https:\/\/didacta.com.uy\/sitio\/wp-json\/wp\/v2\/product_brand?post=210413"},{"taxonomy":"product_cat","embeddable":true,"href":"https:\/\/didacta.com.uy\/sitio\/wp-json\/wp\/v2\/product_cat?post=210413"},{"taxonomy":"product_tag","embeddable":true,"href":"https:\/\/didacta.com.uy\/sitio\/wp-json\/wp\/v2\/product_tag?post=210413"}],"curies":[{"name":"wp","href":"https:\/\/api.w.org\/{rel}","templated":true}]}}