{"id":210363,"date":"2022-10-31T13:23:06","date_gmt":"2022-10-31T13:23:06","guid":{"rendered":"https:\/\/didacta.com.uy\/sitio\/?post_type=product&#038;p=210363"},"modified":"2023-11-20T14:55:30","modified_gmt":"2023-11-20T14:55:30","slug":"metal-machines-pista-gorilla","status":"publish","type":"product","link":"https:\/\/didacta.com.uy\/sitio\/producto\/metal-machines-pista-gorilla\/","title":{"rendered":"METAL MACHINES PISTA GORILLA"},"content":{"rendered":"<p><span class=\"a-list-item\">Lucha contra el monstruoso ataque Gorila, el juego de m\u00e1quinas de metal m\u00e1s grandes ha visto.<br \/>\nEste juego incluye un gorila masivo, cuando conduces sobre el brazo, ten cuidado ya que puede agarrarte y llevar tu coche al suelo.<br \/>\n<\/span><span class=\"a-list-item\">Diversi\u00f3n de interacci\u00f3n: ascensor de 2 coches operado manualmente. Como un coche se levanta hasta la segunda o tercera inundaci\u00f3n, el segundo ascensor baja tu coche al suelo.<br \/>\nEn el primer piso utiliza las estaciones de reparaci\u00f3n para fijar tus coches o mostrarlos en el brazo giratorio de gorila.<br \/>\nCuando las cosas se ponen peligrosas, el helic\u00f3ptero de rescate para llevar tus m\u00e1quinas de metal a seguridad.<\/span><\/p>\n<p><strong>C\u00f3digo:<\/strong> 6726<br \/>\n<strong>C\u00f3digo de barras:<\/strong>730549006340<br \/>\n<strong>Edad:<\/strong>\u00a0De 4 a\u00f1os en adelante<br \/>\n<strong>Medidas:<\/strong> 90 x 13 x 60 cm<\/p>\n<p>&nbsp;<\/p>\n<p>&nbsp;<\/p>\n<p><iframe loading=\"lazy\" width=\"560\" height=\"315\" src=\"https:\/\/www.youtube.com\/embed\/heZYXr3TDh4?si=0shhM24jO8g4aVdK\" title=\"YouTube video player\" frameborder=\"0\" allow=\"accelerometer; autoplay; clipboard-write; encrypted-media; gyroscope; picture-in-picture; web-share\" allowfullscreen><\/iframe><\/p>\n","protected":false},"excerpt":{"rendered":"<p><span class=\"a-list-item\">Lucha contra el monstruoso ataque Gorila, el juego de m\u00e1quinas de metal m\u00e1s grandes ha visto.<br \/>\nEste juego incluye un gorila masivo, cuando conduces sobre el brazo, ten cuidado ya que puede agarrarte y llevar tu coche al suelo.<br \/>\n<\/span><span class=\"a-list-item\">Diversi\u00f3n de interacci\u00f3n: ascensor de 2 coches operado manualmente. Como un coche se levanta hasta la segunda o tercera inundaci\u00f3n, el segundo ascensor baja tu coche al suelo.<br \/>\nEn el primer piso utiliza las estaciones de reparaci\u00f3n para fijar tus coches o mostrarlos en el brazo giratorio de gorila.<br \/>\nCuando las cosas se ponen peligrosas, el helic\u00f3ptero de rescate para llevar tus m\u00e1quinas de metal a seguridad.<\/span><\/p>\n<p><strong>C\u00f3digo:<\/strong> 6726<br \/>\n<strong>C\u00f3digo de barras:<\/strong>730549006340<br \/>\n<strong>Edad:<\/strong>\u00a0De 4 a\u00f1os en adelante<br \/>\n<strong>Medidas:<\/strong> 90 x 13 x 60 cm<\/p>\n<p>&nbsp;<\/p>\n<p><iframe loading=\"lazy\" width=\"560\" height=\"315\" src=\"https:\/\/www.youtube.com\/embed\/heZYXr3TDh4?si=0shhM24jO8g4aVdK\" title=\"YouTube video player\" frameborder=\"0\" allow=\"accelerometer; autoplay; clipboard-write; encrypted-media; gyroscope; picture-in-picture; web-share\" allowfullscreen><\/iframe><\/p>\n","protected":false},"featured_media":213206,"comment_status":"closed","ping_status":"closed","template":"","meta":{"_et_pb_use_builder":"","_et_pb_old_content":"","_et_gb_content_width":"","_uf_show_specific_survey":0,"_uf_disable_surveys":false},"product_brand":[],"product_cat":[231,72],"product_tag":[],"class_list":{"0":"post-210363","1":"product","2":"type-product","3":"status-publish","4":"has-post-thumbnail","6":"product_cat-metal-machines","7":"product_cat-6-a-9-anos","9":"first","10":"instock","11":"purchasable","12":"product-type-simple"},"aioseo_notices":[],"yoast_head":"<!-- This site is optimized with the Yoast SEO plugin v24.8.1 - https:\/\/yoast.com\/wordpress\/plugins\/seo\/ -->\n<title>METAL MACHINES PISTA GORILLA - Didacta<\/title>\n<meta name=\"robots\" content=\"index, follow, max-snippet:-1, max-image-preview:large, max-video-preview:-1\" \/>\n<link rel=\"canonical\" href=\"https:\/\/didacta.com.uy\/sitio\/producto\/metal-machines-pista-gorilla\/\" \/>\n<meta property=\"og:locale\" content=\"es_ES\" \/>\n<meta property=\"og:type\" content=\"article\" \/>\n<meta property=\"og:title\" content=\"METAL MACHINES PISTA GORILLA - Didacta\" \/>\n<meta property=\"og:description\" content=\"Lucha contra el monstruoso ataque Gorila, el juego de m\u00e1quinas de metal m\u00e1s grandes ha visto. Este juego incluye un gorila masivo, cuando conduces sobre el brazo, ten cuidado ya que puede agarrarte y llevar tu coche al suelo. Diversi\u00f3n de interacci\u00f3n: ascensor de 2 coches operado manualmente. Como un coche se levanta hasta la segunda o tercera inundaci\u00f3n, el segundo ascensor baja tu coche al suelo. En el primer piso utiliza las estaciones de reparaci\u00f3n para fijar tus coches o mostrarlos en el brazo giratorio de gorila. Cuando las cosas se ponen peligrosas, el helic\u00f3ptero de rescate para llevar tus m\u00e1quinas de metal a seguridad.  C\u00f3digo: 6726 C\u00f3digo de barras:730549006340 Edad:\u00a0De 4 a\u00f1os en adelante Medidas: 90 x 13 x 60 cm  &nbsp;\" \/>\n<meta property=\"og:url\" content=\"https:\/\/didacta.com.uy\/sitio\/producto\/metal-machines-pista-gorilla\/\" \/>\n<meta property=\"og:site_name\" content=\"Didacta\" \/>\n<meta property=\"article:modified_time\" content=\"2023-11-20T14:55:30+00:00\" \/>\n<meta property=\"og:image\" content=\"https:\/\/didacta.com.uy\/sitio\/wp-content\/uploads\/2022\/10\/6726.jpg\" \/>\n\t<meta property=\"og:image:width\" content=\"700\" \/>\n\t<meta property=\"og:image:height\" content=\"700\" \/>\n\t<meta property=\"og:image:type\" content=\"image\/jpeg\" \/>\n<meta name=\"twitter:card\" content=\"summary_large_image\" \/>\n<meta name=\"twitter:label1\" content=\"Tiempo de lectura\" \/>\n\t<meta name=\"twitter:data1\" content=\"1 minuto\" \/>\n<script type=\"application\/ld+json\" class=\"yoast-schema-graph\">{\"@context\":\"https:\/\/schema.org\",\"@graph\":[{\"@type\":\"WebPage\",\"@id\":\"https:\/\/didacta.com.uy\/sitio\/producto\/metal-machines-pista-gorilla\/\",\"url\":\"https:\/\/didacta.com.uy\/sitio\/producto\/metal-machines-pista-gorilla\/\",\"name\":\"METAL MACHINES PISTA GORILLA - Didacta\",\"isPartOf\":{\"@id\":\"https:\/\/didacta.com.uy\/sitio\/#website\"},\"primaryImageOfPage\":{\"@id\":\"https:\/\/didacta.com.uy\/sitio\/producto\/metal-machines-pista-gorilla\/#primaryimage\"},\"image\":{\"@id\":\"https:\/\/didacta.com.uy\/sitio\/producto\/metal-machines-pista-gorilla\/#primaryimage\"},\"thumbnailUrl\":\"https:\/\/didacta.com.uy\/sitio\/wp-content\/uploads\/2022\/10\/6726.jpg\",\"datePublished\":\"2022-10-31T13:23:06+00:00\",\"dateModified\":\"2023-11-20T14:55:30+00:00\",\"breadcrumb\":{\"@id\":\"https:\/\/didacta.com.uy\/sitio\/producto\/metal-machines-pista-gorilla\/#breadcrumb\"},\"inLanguage\":\"es\",\"potentialAction\":[{\"@type\":\"ReadAction\",\"target\":[\"https:\/\/didacta.com.uy\/sitio\/producto\/metal-machines-pista-gorilla\/\"]}]},{\"@type\":\"ImageObject\",\"inLanguage\":\"es\",\"@id\":\"https:\/\/didacta.com.uy\/sitio\/producto\/metal-machines-pista-gorilla\/#primaryimage\",\"url\":\"https:\/\/didacta.com.uy\/sitio\/wp-content\/uploads\/2022\/10\/6726.jpg\",\"contentUrl\":\"https:\/\/didacta.com.uy\/sitio\/wp-content\/uploads\/2022\/10\/6726.jpg\",\"width\":700,\"height\":700},{\"@type\":\"BreadcrumbList\",\"@id\":\"https:\/\/didacta.com.uy\/sitio\/producto\/metal-machines-pista-gorilla\/#breadcrumb\",\"itemListElement\":[{\"@type\":\"ListItem\",\"position\":1,\"name\":\"Portada\",\"item\":\"https:\/\/didacta.com.uy\/sitio\/\"},{\"@type\":\"ListItem\",\"position\":2,\"name\":\"Inicio\",\"item\":\"https:\/\/didacta.com.uy\/sitio\/\"},{\"@type\":\"ListItem\",\"position\":3,\"name\":\"METAL MACHINES PISTA GORILLA\"}]},{\"@type\":\"WebSite\",\"@id\":\"https:\/\/didacta.com.uy\/sitio\/#website\",\"url\":\"https:\/\/didacta.com.uy\/sitio\/\",\"name\":\"Didacta\",\"description\":\"Con m\u00e1s de 20 a\u00f1os de experiencia, DIDACTA es la marca l\u00edder en el mercado uruguayo de juegos de mesa.\",\"potentialAction\":[{\"@type\":\"SearchAction\",\"target\":{\"@type\":\"EntryPoint\",\"urlTemplate\":\"https:\/\/didacta.com.uy\/sitio\/?s={search_term_string}\"},\"query-input\":{\"@type\":\"PropertyValueSpecification\",\"valueRequired\":true,\"valueName\":\"search_term_string\"}}],\"inLanguage\":\"es\"}]}<\/script>\n<!-- \/ Yoast SEO plugin. -->","yoast_head_json":{"title":"METAL MACHINES PISTA GORILLA - Didacta","robots":{"index":"index","follow":"follow","max-snippet":"max-snippet:-1","max-image-preview":"max-image-preview:large","max-video-preview":"max-video-preview:-1"},"canonical":"https:\/\/didacta.com.uy\/sitio\/producto\/metal-machines-pista-gorilla\/","og_locale":"es_ES","og_type":"article","og_title":"METAL MACHINES PISTA GORILLA - Didacta","og_description":"Lucha contra el monstruoso ataque Gorila, el juego de m\u00e1quinas de metal m\u00e1s grandes ha visto. Este juego incluye un gorila masivo, cuando conduces sobre el brazo, ten cuidado ya que puede agarrarte y llevar tu coche al suelo. Diversi\u00f3n de interacci\u00f3n: ascensor de 2 coches operado manualmente. Como un coche se levanta hasta la segunda o tercera inundaci\u00f3n, el segundo ascensor baja tu coche al suelo. En el primer piso utiliza las estaciones de reparaci\u00f3n para fijar tus coches o mostrarlos en el brazo giratorio de gorila. Cuando las cosas se ponen peligrosas, el helic\u00f3ptero de rescate para llevar tus m\u00e1quinas de metal a seguridad.  C\u00f3digo: 6726 C\u00f3digo de barras:730549006340 Edad:\u00a0De 4 a\u00f1os en adelante Medidas: 90 x 13 x 60 cm  &nbsp;","og_url":"https:\/\/didacta.com.uy\/sitio\/producto\/metal-machines-pista-gorilla\/","og_site_name":"Didacta","article_modified_time":"2023-11-20T14:55:30+00:00","og_image":[{"url":"https:\/\/didacta.com.uy\/sitio\/wp-content\/uploads\/2022\/10\/6726.jpg","width":700,"height":700,"type":"image\/jpeg"}],"twitter_card":"summary_large_image","twitter_misc":{"Tiempo de lectura":"1 minuto"},"schema":{"@context":"https:\/\/schema.org","@graph":[{"@type":"WebPage","@id":"https:\/\/didacta.com.uy\/sitio\/producto\/metal-machines-pista-gorilla\/","url":"https:\/\/didacta.com.uy\/sitio\/producto\/metal-machines-pista-gorilla\/","name":"METAL MACHINES PISTA GORILLA - Didacta","isPartOf":{"@id":"https:\/\/didacta.com.uy\/sitio\/#website"},"primaryImageOfPage":{"@id":"https:\/\/didacta.com.uy\/sitio\/producto\/metal-machines-pista-gorilla\/#primaryimage"},"image":{"@id":"https:\/\/didacta.com.uy\/sitio\/producto\/metal-machines-pista-gorilla\/#primaryimage"},"thumbnailUrl":"https:\/\/didacta.com.uy\/sitio\/wp-content\/uploads\/2022\/10\/6726.jpg","datePublished":"2022-10-31T13:23:06+00:00","dateModified":"2023-11-20T14:55:30+00:00","breadcrumb":{"@id":"https:\/\/didacta.com.uy\/sitio\/producto\/metal-machines-pista-gorilla\/#breadcrumb"},"inLanguage":"es","potentialAction":[{"@type":"ReadAction","target":["https:\/\/didacta.com.uy\/sitio\/producto\/metal-machines-pista-gorilla\/"]}]},{"@type":"ImageObject","inLanguage":"es","@id":"https:\/\/didacta.com.uy\/sitio\/producto\/metal-machines-pista-gorilla\/#primaryimage","url":"https:\/\/didacta.com.uy\/sitio\/wp-content\/uploads\/2022\/10\/6726.jpg","contentUrl":"https:\/\/didacta.com.uy\/sitio\/wp-content\/uploads\/2022\/10\/6726.jpg","width":700,"height":700},{"@type":"BreadcrumbList","@id":"https:\/\/didacta.com.uy\/sitio\/producto\/metal-machines-pista-gorilla\/#breadcrumb","itemListElement":[{"@type":"ListItem","position":1,"name":"Portada","item":"https:\/\/didacta.com.uy\/sitio\/"},{"@type":"ListItem","position":2,"name":"Inicio","item":"https:\/\/didacta.com.uy\/sitio\/"},{"@type":"ListItem","position":3,"name":"METAL MACHINES PISTA GORILLA"}]},{"@type":"WebSite","@id":"https:\/\/didacta.com.uy\/sitio\/#website","url":"https:\/\/didacta.com.uy\/sitio\/","name":"Didacta","description":"Con m\u00e1s de 20 a\u00f1os de experiencia, DIDACTA es la marca l\u00edder en el mercado uruguayo de juegos de mesa.","potentialAction":[{"@type":"SearchAction","target":{"@type":"EntryPoint","urlTemplate":"https:\/\/didacta.com.uy\/sitio\/?s={search_term_string}"},"query-input":{"@type":"PropertyValueSpecification","valueRequired":true,"valueName":"search_term_string"}}],"inLanguage":"es"}]}},"_links":{"self":[{"href":"https:\/\/didacta.com.uy\/sitio\/wp-json\/wp\/v2\/product\/210363","targetHints":{"allow":["GET"]}}],"collection":[{"href":"https:\/\/didacta.com.uy\/sitio\/wp-json\/wp\/v2\/product"}],"about":[{"href":"https:\/\/didacta.com.uy\/sitio\/wp-json\/wp\/v2\/types\/product"}],"replies":[{"embeddable":true,"href":"https:\/\/didacta.com.uy\/sitio\/wp-json\/wp\/v2\/comments?post=210363"}],"wp:featuredmedia":[{"embeddable":true,"href":"https:\/\/didacta.com.uy\/sitio\/wp-json\/wp\/v2\/media\/213206"}],"wp:attachment":[{"href":"https:\/\/didacta.com.uy\/sitio\/wp-json\/wp\/v2\/media?parent=210363"}],"wp:term":[{"taxonomy":"product_brand","embeddable":true,"href":"https:\/\/didacta.com.uy\/sitio\/wp-json\/wp\/v2\/product_brand?post=210363"},{"taxonomy":"product_cat","embeddable":true,"href":"https:\/\/didacta.com.uy\/sitio\/wp-json\/wp\/v2\/product_cat?post=210363"},{"taxonomy":"product_tag","embeddable":true,"href":"https:\/\/didacta.com.uy\/sitio\/wp-json\/wp\/v2\/product_tag?post=210363"}],"curies":[{"name":"wp","href":"https:\/\/api.w.org\/{rel}","templated":true}]}}