{"id":210310,"date":"2022-10-28T17:26:23","date_gmt":"2022-10-28T17:26:23","guid":{"rendered":"https:\/\/didacta.com.uy\/sitio\/?post_type=product&#038;p=210310"},"modified":"2023-11-13T19:01:04","modified_gmt":"2023-11-13T19:01:04","slug":"robo-alive-dinosaurio-raptor-war","status":"publish","type":"product","link":"https:\/\/didacta.com.uy\/sitio\/producto\/robo-alive-dinosaurio-raptor-war\/","title":{"rendered":"ROBO ALIVE DINOSAURIO RAPTOR WAR"},"content":{"rendered":"<p>Dinosaurio Raptor War Robo Alive Zuru \u00a1Prep\u00e1rate para una Batalla \u00e9Pica de Dinosaurios! Ponte la Armadura Defensiva, Carga el Dino Blaster y Lucha. con Rugidos Realistas y Movimientos Comprobamos Que Esta No es una Mascota Com\u00fan. Con un Dise\u00f1o Super Realista, Armadura Defensiva y Tecnolog\u00eda Rob\u00f3tica Avanzada, Este Raptor Supera a Todos los Dem\u00e1s Depredadores. Todas las Nuevas Funciones de Iluminaci\u00f3n Permiten Que Este Rapaz Corra y Cace en la Oscuridad. Esta M\u00e1s Que Vivo, \u00a1es Robo Alive!<\/p>\n<p><strong><span style=\"color: #ff0000;\">C\u00f3digo:<\/span><\/strong> 7133<br \/>\n<strong><span style=\"color: #ff0000;\">C\u00f3digo de barras:<\/span> <\/strong>7730549005954<br \/>\n<strong><span style=\"color: #ff0000;\">Cantidad de jugadores:<\/span> <\/strong>1 a mas<br \/>\n<strong><span style=\"color: #ff0000;\">Edad:<\/span><\/strong> De 3 a\u00f1os en adelante<br \/>\n<strong><span style=\"color: #ff0000;\">Cantidad de piezas:<\/span> <\/strong>1 Dinosaurio Raptor War<br \/>\n<strong><span style=\"color: #ff0000;\">Medidas:<\/span> <\/strong>30 x 9 x 20 cm<\/p>\n<p>&nbsp;<\/p>\n<p>&nbsp;<\/p>\n<p><iframe loading=\"lazy\" width=\"560\" height=\"315\" src=\"https:\/\/www.youtube.com\/embed\/SUWFXjAMxko?si=oGLyaoVI8wzBtDmS\" title=\"YouTube video player\" frameborder=\"0\" allow=\"accelerometer; autoplay; clipboard-write; encrypted-media; gyroscope; picture-in-picture; web-share\" allowfullscreen><\/iframe><\/p>\n","protected":false},"excerpt":{"rendered":"<p>Dinosaurio Raptor War Robo Alive Zuru \u00a1Prep\u00e1rate para una Batalla \u00e9Pica de Dinosaurios! Ponte la Armadura Defensiva, Carga el Dino Blaster y Lucha. con Rugidos Realistas y Movimientos Comprobamos Que Esta No es una Mascota Com\u00fan. Con un Dise\u00f1o Super Realista, Armadura Defensiva y Tecnolog\u00eda Rob\u00f3tica Avanzada, Este Raptor Supera a Todos los Dem\u00e1s Depredadores. Todas las Nuevas Funciones de Iluminaci\u00f3n Permiten Que Este Rapaz Corra y Cace en la Oscuridad. Esta M\u00e1s Que Vivo, \u00a1es Robo Alive!<\/p>\n<p><strong><span style=\"color: #ff0000;\">C\u00f3digo:<\/span><\/strong> 7133<br \/>\n<strong><span style=\"color: #ff0000;\">C\u00f3digo de barras:<\/span> <\/strong>7730549005954<br \/>\n<strong><span style=\"color: #ff0000;\">Cantidad de jugadores:<\/span> <\/strong>1 a mas<br \/>\n<strong><span style=\"color: #ff0000;\">Edad:<\/span><\/strong> De 3 a\u00f1os en adelante<br \/>\n<strong><span style=\"color: #ff0000;\">Cantidad de piezas:<\/span> <\/strong>1 Dinosaurio Raptor War<br \/>\n<strong><span style=\"color: #ff0000;\">Medidas:<\/span> <\/strong>30 x 9 x 20 cm<\/p>\n<p><iframe loading=\"lazy\" width=\"560\" height=\"315\" src=\"https:\/\/www.youtube.com\/embed\/SUWFXjAMxko?si=oGLyaoVI8wzBtDmS\" title=\"YouTube video player\" frameborder=\"0\" allow=\"accelerometer; autoplay; clipboard-write; encrypted-media; gyroscope; picture-in-picture; web-share\" allowfullscreen><\/iframe><\/p>\n","protected":false},"featured_media":210311,"comment_status":"closed","ping_status":"closed","template":"","meta":{"_et_pb_use_builder":"off","_et_pb_old_content":"<span class=\"a-list-item\">Lil' Paw Paw Paw es perfecto para cepillar y abrazar por su pelo suave con\u00a0<\/span><span class=\"a-list-item\">Hermosos detalles: la pata de pata de Lil' como sus ojos azules brillantes, que brillan casi tanto como su lazo y cuello perfectamente rosados. Sus <\/span><span class=\"a-list-item\">Movimientos realista camina hacia adelante y para mostrarla a todos tus amigos y ver su ladrido como un cachorro real controlandola con su correa.\u00a0<\/span>\r\n\r\n<strong><span style=\"color: #ff0000\">C\u00f3digo:<\/span><\/strong> 9531\r\n<strong><span style=\"color: #ff0000\">C\u00f3digo de barras:<\/span> <\/strong>7730549006401\r\n<strong><span style=\"color: #ff0000\">Cantidad de jugadores:<\/span> <\/strong>1 a mas\r\n<strong><span style=\"color: #ff0000\">Edad:<\/span><\/strong> De 3 a\u00f1os en adelante\r\n<strong><span style=\"color: #ff0000\">Cantidad de piezas:<\/span> <\/strong>1 Perrito con correa\r\n<strong><span style=\"color: #ff0000\">Medidas:<\/span> <\/strong>29 x 14 x 29 cm","_et_gb_content_width":"","_uf_show_specific_survey":0,"_uf_disable_surveys":false},"product_brand":[],"product_cat":[230],"product_tag":[],"class_list":{"0":"post-210310","1":"product","2":"type-product","3":"status-publish","4":"has-post-thumbnail","6":"product_cat-robo-alive","8":"first","9":"instock","10":"purchasable","11":"product-type-simple"},"aioseo_notices":[],"yoast_head":"<!-- This site is optimized with the Yoast SEO plugin v24.8.1 - https:\/\/yoast.com\/wordpress\/plugins\/seo\/ -->\n<title>ROBO ALIVE DINOSAURIO RAPTOR WAR - Didacta<\/title>\n<meta name=\"robots\" content=\"index, follow, max-snippet:-1, max-image-preview:large, max-video-preview:-1\" \/>\n<link rel=\"canonical\" href=\"https:\/\/didacta.com.uy\/sitio\/producto\/robo-alive-dinosaurio-raptor-war\/\" \/>\n<meta property=\"og:locale\" content=\"es_ES\" \/>\n<meta property=\"og:type\" content=\"article\" \/>\n<meta property=\"og:title\" content=\"ROBO ALIVE DINOSAURIO RAPTOR WAR - Didacta\" \/>\n<meta property=\"og:description\" content=\"Dinosaurio Raptor War Robo Alive Zuru \u00a1Prep\u00e1rate para una Batalla \u00e9Pica de Dinosaurios! Ponte la Armadura Defensiva, Carga el Dino Blaster y Lucha. con Rugidos Realistas y Movimientos Comprobamos Que Esta No es una Mascota Com\u00fan. Con un Dise\u00f1o Super Realista, Armadura Defensiva y Tecnolog\u00eda Rob\u00f3tica Avanzada, Este Raptor Supera a Todos los Dem\u00e1s Depredadores. Todas las Nuevas Funciones de Iluminaci\u00f3n Permiten Que Este Rapaz Corra y Cace en la Oscuridad. Esta M\u00e1s Que Vivo, \u00a1es Robo Alive!  C\u00f3digo: 7133 C\u00f3digo de barras: 7730549005954 Cantidad de jugadores: 1 a mas Edad: De 3 a\u00f1os en adelante Cantidad de piezas: 1 Dinosaurio Raptor War Medidas: 30 x 9 x 20 cm\" \/>\n<meta property=\"og:url\" content=\"https:\/\/didacta.com.uy\/sitio\/producto\/robo-alive-dinosaurio-raptor-war\/\" \/>\n<meta property=\"og:site_name\" content=\"Didacta\" \/>\n<meta property=\"article:modified_time\" content=\"2023-11-13T19:01:04+00:00\" \/>\n<meta property=\"og:image\" content=\"https:\/\/didacta.com.uy\/sitio\/wp-content\/uploads\/2022\/10\/7133-ZURU-ROBO-ALIVE-DINO-WARS-SERIES-1-Raptor-02-scaled.webp\" \/>\n\t<meta property=\"og:image:width\" content=\"2560\" \/>\n\t<meta property=\"og:image:height\" content=\"2560\" \/>\n\t<meta property=\"og:image:type\" content=\"image\/webp\" \/>\n<meta name=\"twitter:card\" content=\"summary_large_image\" \/>\n<meta name=\"twitter:label1\" content=\"Tiempo de lectura\" \/>\n\t<meta name=\"twitter:data1\" content=\"1 minuto\" \/>\n<script type=\"application\/ld+json\" class=\"yoast-schema-graph\">{\"@context\":\"https:\/\/schema.org\",\"@graph\":[{\"@type\":\"WebPage\",\"@id\":\"https:\/\/didacta.com.uy\/sitio\/producto\/robo-alive-dinosaurio-raptor-war\/\",\"url\":\"https:\/\/didacta.com.uy\/sitio\/producto\/robo-alive-dinosaurio-raptor-war\/\",\"name\":\"ROBO ALIVE DINOSAURIO RAPTOR WAR - Didacta\",\"isPartOf\":{\"@id\":\"https:\/\/didacta.com.uy\/sitio\/#website\"},\"primaryImageOfPage\":{\"@id\":\"https:\/\/didacta.com.uy\/sitio\/producto\/robo-alive-dinosaurio-raptor-war\/#primaryimage\"},\"image\":{\"@id\":\"https:\/\/didacta.com.uy\/sitio\/producto\/robo-alive-dinosaurio-raptor-war\/#primaryimage\"},\"thumbnailUrl\":\"https:\/\/didacta.com.uy\/sitio\/wp-content\/uploads\/2022\/10\/7133-ZURU-ROBO-ALIVE-DINO-WARS-SERIES-1-Raptor-02-scaled.webp\",\"datePublished\":\"2022-10-28T17:26:23+00:00\",\"dateModified\":\"2023-11-13T19:01:04+00:00\",\"breadcrumb\":{\"@id\":\"https:\/\/didacta.com.uy\/sitio\/producto\/robo-alive-dinosaurio-raptor-war\/#breadcrumb\"},\"inLanguage\":\"es\",\"potentialAction\":[{\"@type\":\"ReadAction\",\"target\":[\"https:\/\/didacta.com.uy\/sitio\/producto\/robo-alive-dinosaurio-raptor-war\/\"]}]},{\"@type\":\"ImageObject\",\"inLanguage\":\"es\",\"@id\":\"https:\/\/didacta.com.uy\/sitio\/producto\/robo-alive-dinosaurio-raptor-war\/#primaryimage\",\"url\":\"https:\/\/didacta.com.uy\/sitio\/wp-content\/uploads\/2022\/10\/7133-ZURU-ROBO-ALIVE-DINO-WARS-SERIES-1-Raptor-02-scaled.webp\",\"contentUrl\":\"https:\/\/didacta.com.uy\/sitio\/wp-content\/uploads\/2022\/10\/7133-ZURU-ROBO-ALIVE-DINO-WARS-SERIES-1-Raptor-02-scaled.webp\",\"width\":2560,\"height\":2560},{\"@type\":\"BreadcrumbList\",\"@id\":\"https:\/\/didacta.com.uy\/sitio\/producto\/robo-alive-dinosaurio-raptor-war\/#breadcrumb\",\"itemListElement\":[{\"@type\":\"ListItem\",\"position\":1,\"name\":\"Portada\",\"item\":\"https:\/\/didacta.com.uy\/sitio\/\"},{\"@type\":\"ListItem\",\"position\":2,\"name\":\"Inicio\",\"item\":\"https:\/\/didacta.com.uy\/sitio\/\"},{\"@type\":\"ListItem\",\"position\":3,\"name\":\"ROBO ALIVE DINOSAURIO RAPTOR WAR\"}]},{\"@type\":\"WebSite\",\"@id\":\"https:\/\/didacta.com.uy\/sitio\/#website\",\"url\":\"https:\/\/didacta.com.uy\/sitio\/\",\"name\":\"Didacta\",\"description\":\"Con m\u00e1s de 20 a\u00f1os de experiencia, DIDACTA es la marca l\u00edder en el mercado uruguayo de juegos de mesa.\",\"potentialAction\":[{\"@type\":\"SearchAction\",\"target\":{\"@type\":\"EntryPoint\",\"urlTemplate\":\"https:\/\/didacta.com.uy\/sitio\/?s={search_term_string}\"},\"query-input\":{\"@type\":\"PropertyValueSpecification\",\"valueRequired\":true,\"valueName\":\"search_term_string\"}}],\"inLanguage\":\"es\"}]}<\/script>\n<!-- \/ Yoast SEO plugin. -->","yoast_head_json":{"title":"ROBO ALIVE DINOSAURIO RAPTOR WAR - Didacta","robots":{"index":"index","follow":"follow","max-snippet":"max-snippet:-1","max-image-preview":"max-image-preview:large","max-video-preview":"max-video-preview:-1"},"canonical":"https:\/\/didacta.com.uy\/sitio\/producto\/robo-alive-dinosaurio-raptor-war\/","og_locale":"es_ES","og_type":"article","og_title":"ROBO ALIVE DINOSAURIO RAPTOR WAR - Didacta","og_description":"Dinosaurio Raptor War Robo Alive Zuru \u00a1Prep\u00e1rate para una Batalla \u00e9Pica de Dinosaurios! Ponte la Armadura Defensiva, Carga el Dino Blaster y Lucha. con Rugidos Realistas y Movimientos Comprobamos Que Esta No es una Mascota Com\u00fan. Con un Dise\u00f1o Super Realista, Armadura Defensiva y Tecnolog\u00eda Rob\u00f3tica Avanzada, Este Raptor Supera a Todos los Dem\u00e1s Depredadores. Todas las Nuevas Funciones de Iluminaci\u00f3n Permiten Que Este Rapaz Corra y Cace en la Oscuridad. Esta M\u00e1s Que Vivo, \u00a1es Robo Alive!  C\u00f3digo: 7133 C\u00f3digo de barras: 7730549005954 Cantidad de jugadores: 1 a mas Edad: De 3 a\u00f1os en adelante Cantidad de piezas: 1 Dinosaurio Raptor War Medidas: 30 x 9 x 20 cm","og_url":"https:\/\/didacta.com.uy\/sitio\/producto\/robo-alive-dinosaurio-raptor-war\/","og_site_name":"Didacta","article_modified_time":"2023-11-13T19:01:04+00:00","og_image":[{"width":2560,"height":2560,"url":"https:\/\/didacta.com.uy\/sitio\/wp-content\/uploads\/2022\/10\/7133-ZURU-ROBO-ALIVE-DINO-WARS-SERIES-1-Raptor-02-scaled.webp","type":"image\/webp"}],"twitter_card":"summary_large_image","twitter_misc":{"Tiempo de lectura":"1 minuto"},"schema":{"@context":"https:\/\/schema.org","@graph":[{"@type":"WebPage","@id":"https:\/\/didacta.com.uy\/sitio\/producto\/robo-alive-dinosaurio-raptor-war\/","url":"https:\/\/didacta.com.uy\/sitio\/producto\/robo-alive-dinosaurio-raptor-war\/","name":"ROBO ALIVE DINOSAURIO RAPTOR WAR - Didacta","isPartOf":{"@id":"https:\/\/didacta.com.uy\/sitio\/#website"},"primaryImageOfPage":{"@id":"https:\/\/didacta.com.uy\/sitio\/producto\/robo-alive-dinosaurio-raptor-war\/#primaryimage"},"image":{"@id":"https:\/\/didacta.com.uy\/sitio\/producto\/robo-alive-dinosaurio-raptor-war\/#primaryimage"},"thumbnailUrl":"https:\/\/didacta.com.uy\/sitio\/wp-content\/uploads\/2022\/10\/7133-ZURU-ROBO-ALIVE-DINO-WARS-SERIES-1-Raptor-02-scaled.webp","datePublished":"2022-10-28T17:26:23+00:00","dateModified":"2023-11-13T19:01:04+00:00","breadcrumb":{"@id":"https:\/\/didacta.com.uy\/sitio\/producto\/robo-alive-dinosaurio-raptor-war\/#breadcrumb"},"inLanguage":"es","potentialAction":[{"@type":"ReadAction","target":["https:\/\/didacta.com.uy\/sitio\/producto\/robo-alive-dinosaurio-raptor-war\/"]}]},{"@type":"ImageObject","inLanguage":"es","@id":"https:\/\/didacta.com.uy\/sitio\/producto\/robo-alive-dinosaurio-raptor-war\/#primaryimage","url":"https:\/\/didacta.com.uy\/sitio\/wp-content\/uploads\/2022\/10\/7133-ZURU-ROBO-ALIVE-DINO-WARS-SERIES-1-Raptor-02-scaled.webp","contentUrl":"https:\/\/didacta.com.uy\/sitio\/wp-content\/uploads\/2022\/10\/7133-ZURU-ROBO-ALIVE-DINO-WARS-SERIES-1-Raptor-02-scaled.webp","width":2560,"height":2560},{"@type":"BreadcrumbList","@id":"https:\/\/didacta.com.uy\/sitio\/producto\/robo-alive-dinosaurio-raptor-war\/#breadcrumb","itemListElement":[{"@type":"ListItem","position":1,"name":"Portada","item":"https:\/\/didacta.com.uy\/sitio\/"},{"@type":"ListItem","position":2,"name":"Inicio","item":"https:\/\/didacta.com.uy\/sitio\/"},{"@type":"ListItem","position":3,"name":"ROBO ALIVE DINOSAURIO RAPTOR WAR"}]},{"@type":"WebSite","@id":"https:\/\/didacta.com.uy\/sitio\/#website","url":"https:\/\/didacta.com.uy\/sitio\/","name":"Didacta","description":"Con m\u00e1s de 20 a\u00f1os de experiencia, DIDACTA es la marca l\u00edder en el mercado uruguayo de juegos de mesa.","potentialAction":[{"@type":"SearchAction","target":{"@type":"EntryPoint","urlTemplate":"https:\/\/didacta.com.uy\/sitio\/?s={search_term_string}"},"query-input":{"@type":"PropertyValueSpecification","valueRequired":true,"valueName":"search_term_string"}}],"inLanguage":"es"}]}},"_links":{"self":[{"href":"https:\/\/didacta.com.uy\/sitio\/wp-json\/wp\/v2\/product\/210310","targetHints":{"allow":["GET"]}}],"collection":[{"href":"https:\/\/didacta.com.uy\/sitio\/wp-json\/wp\/v2\/product"}],"about":[{"href":"https:\/\/didacta.com.uy\/sitio\/wp-json\/wp\/v2\/types\/product"}],"replies":[{"embeddable":true,"href":"https:\/\/didacta.com.uy\/sitio\/wp-json\/wp\/v2\/comments?post=210310"}],"wp:featuredmedia":[{"embeddable":true,"href":"https:\/\/didacta.com.uy\/sitio\/wp-json\/wp\/v2\/media\/210311"}],"wp:attachment":[{"href":"https:\/\/didacta.com.uy\/sitio\/wp-json\/wp\/v2\/media?parent=210310"}],"wp:term":[{"taxonomy":"product_brand","embeddable":true,"href":"https:\/\/didacta.com.uy\/sitio\/wp-json\/wp\/v2\/product_brand?post=210310"},{"taxonomy":"product_cat","embeddable":true,"href":"https:\/\/didacta.com.uy\/sitio\/wp-json\/wp\/v2\/product_cat?post=210310"},{"taxonomy":"product_tag","embeddable":true,"href":"https:\/\/didacta.com.uy\/sitio\/wp-json\/wp\/v2\/product_tag?post=210310"}],"curies":[{"name":"wp","href":"https:\/\/api.w.org\/{rel}","templated":true}]}}