{"id":210299,"date":"2022-10-28T16:53:10","date_gmt":"2022-10-28T16:53:10","guid":{"rendered":"https:\/\/didacta.com.uy\/sitio\/?post_type=product&#038;p=210299"},"modified":"2024-02-14T14:42:22","modified_gmt":"2024-02-14T14:42:22","slug":"muneco-baby-shark","status":"publish","type":"product","link":"https:\/\/didacta.com.uy\/sitio\/producto\/muneco-baby-shark\/","title":{"rendered":"Mu\u00f1eco Baby Shark"},"content":{"rendered":"<p>\u00a1Juega con tu personaje favorito, el tibur\u00f3n beb\u00e9 m\u00e1s lindo de todos!<br \/>\nSum\u00e9rgete en el mundo de Baby Shark y juega con tus personajes favoritos!<\/p>\n<p><strong>C\u00f3digo:<\/strong> 1120<br \/>\n<strong>C\u00f3digo de barras:<\/strong> 7896448111209<br \/>\n<strong>Edad:<\/strong> 18 meses en adelante<br \/>\n<strong>Medidas:<\/strong> 15 x 5 x 17 cm<\/p>\n<p>&nbsp;<\/p>\n<p>&nbsp;<\/p>\n","protected":false},"excerpt":{"rendered":"<p>\u00a1Juega con tu personaje favorito, el tibur\u00f3n beb\u00e9 m\u00e1s lindo de todos!<br \/>\nSum\u00e9rgete en el mundo de Baby Shark y juega con tus personajes favoritos!<\/p>\n<p><strong>C\u00f3digo:<\/strong> 1120<br \/>\n<strong>C\u00f3digo de barras:<\/strong> 7896448111209<br \/>\n<strong>Edad:<\/strong> 18 meses en adelante<br \/>\n<strong>Medidas:<\/strong> 15 x 5 x 17 cm<\/p>\n<p>&nbsp;<\/p>\n","protected":false},"featured_media":210300,"comment_status":"closed","ping_status":"closed","template":"","meta":{"_et_pb_use_builder":"","_et_pb_old_content":"","_et_gb_content_width":"","_uf_show_specific_survey":0,"_uf_disable_surveys":false},"product_brand":[],"product_cat":[70,202],"product_tag":[],"class_list":{"0":"post-210299","1":"product","2":"type-product","3":"status-publish","4":"has-post-thumbnail","6":"product_cat-1-a-3-anos","7":"product_cat-elka-personajes","9":"first","10":"instock","11":"purchasable","12":"product-type-simple"},"aioseo_notices":[],"yoast_head":"<!-- This site is optimized with the Yoast SEO plugin v24.8.1 - https:\/\/yoast.com\/wordpress\/plugins\/seo\/ -->\n<title>Mu\u00f1eco Baby Shark - Didacta<\/title>\n<meta name=\"robots\" content=\"index, follow, max-snippet:-1, max-image-preview:large, max-video-preview:-1\" \/>\n<link rel=\"canonical\" href=\"https:\/\/didacta.com.uy\/sitio\/producto\/muneco-baby-shark\/\" \/>\n<meta property=\"og:locale\" content=\"es_ES\" \/>\n<meta property=\"og:type\" content=\"article\" \/>\n<meta property=\"og:title\" content=\"Mu\u00f1eco Baby Shark - Didacta\" \/>\n<meta property=\"og:description\" content=\"\u00a1Juega con tu personaje favorito, el tibur\u00f3n beb\u00e9 m\u00e1s lindo de todos! Sum\u00e9rgete en el mundo de Baby Shark y juega con tus personajes favoritos!  C\u00f3digo: 1120 C\u00f3digo de barras: 7896448111209 Edad: 18 meses en adelante Medidas: 15 x 5 x 17 cm  &nbsp;\" \/>\n<meta property=\"og:url\" content=\"https:\/\/didacta.com.uy\/sitio\/producto\/muneco-baby-shark\/\" \/>\n<meta property=\"og:site_name\" content=\"Didacta\" \/>\n<meta property=\"article:modified_time\" content=\"2024-02-14T14:42:22+00:00\" \/>\n<meta property=\"og:image\" content=\"https:\/\/didacta.com.uy\/sitio\/wp-content\/uploads\/2022\/10\/1120-1-e1690942695914.jpg\" \/>\n\t<meta property=\"og:image:width\" content=\"200\" \/>\n\t<meta property=\"og:image:height\" content=\"200\" \/>\n\t<meta property=\"og:image:type\" content=\"image\/jpeg\" \/>\n<meta name=\"twitter:card\" content=\"summary_large_image\" \/>\n<meta name=\"twitter:label1\" content=\"Tiempo de lectura\" \/>\n\t<meta name=\"twitter:data1\" content=\"1 minuto\" \/>\n<script type=\"application\/ld+json\" class=\"yoast-schema-graph\">{\"@context\":\"https:\/\/schema.org\",\"@graph\":[{\"@type\":\"WebPage\",\"@id\":\"https:\/\/didacta.com.uy\/sitio\/producto\/muneco-baby-shark\/\",\"url\":\"https:\/\/didacta.com.uy\/sitio\/producto\/muneco-baby-shark\/\",\"name\":\"Mu\u00f1eco Baby Shark - Didacta\",\"isPartOf\":{\"@id\":\"https:\/\/didacta.com.uy\/sitio\/#website\"},\"primaryImageOfPage\":{\"@id\":\"https:\/\/didacta.com.uy\/sitio\/producto\/muneco-baby-shark\/#primaryimage\"},\"image\":{\"@id\":\"https:\/\/didacta.com.uy\/sitio\/producto\/muneco-baby-shark\/#primaryimage\"},\"thumbnailUrl\":\"https:\/\/didacta.com.uy\/sitio\/wp-content\/uploads\/2022\/10\/1120-1-e1690942695914.jpg\",\"datePublished\":\"2022-10-28T16:53:10+00:00\",\"dateModified\":\"2024-02-14T14:42:22+00:00\",\"breadcrumb\":{\"@id\":\"https:\/\/didacta.com.uy\/sitio\/producto\/muneco-baby-shark\/#breadcrumb\"},\"inLanguage\":\"es\",\"potentialAction\":[{\"@type\":\"ReadAction\",\"target\":[\"https:\/\/didacta.com.uy\/sitio\/producto\/muneco-baby-shark\/\"]}]},{\"@type\":\"ImageObject\",\"inLanguage\":\"es\",\"@id\":\"https:\/\/didacta.com.uy\/sitio\/producto\/muneco-baby-shark\/#primaryimage\",\"url\":\"https:\/\/didacta.com.uy\/sitio\/wp-content\/uploads\/2022\/10\/1120-1-e1690942695914.jpg\",\"contentUrl\":\"https:\/\/didacta.com.uy\/sitio\/wp-content\/uploads\/2022\/10\/1120-1-e1690942695914.jpg\",\"width\":200,\"height\":200},{\"@type\":\"BreadcrumbList\",\"@id\":\"https:\/\/didacta.com.uy\/sitio\/producto\/muneco-baby-shark\/#breadcrumb\",\"itemListElement\":[{\"@type\":\"ListItem\",\"position\":1,\"name\":\"Portada\",\"item\":\"https:\/\/didacta.com.uy\/sitio\/\"},{\"@type\":\"ListItem\",\"position\":2,\"name\":\"Inicio\",\"item\":\"https:\/\/didacta.com.uy\/sitio\/\"},{\"@type\":\"ListItem\",\"position\":3,\"name\":\"Mu\u00f1eco Baby Shark\"}]},{\"@type\":\"WebSite\",\"@id\":\"https:\/\/didacta.com.uy\/sitio\/#website\",\"url\":\"https:\/\/didacta.com.uy\/sitio\/\",\"name\":\"Didacta\",\"description\":\"Con m\u00e1s de 20 a\u00f1os de experiencia, DIDACTA es la marca l\u00edder en el mercado uruguayo de juegos de mesa.\",\"potentialAction\":[{\"@type\":\"SearchAction\",\"target\":{\"@type\":\"EntryPoint\",\"urlTemplate\":\"https:\/\/didacta.com.uy\/sitio\/?s={search_term_string}\"},\"query-input\":{\"@type\":\"PropertyValueSpecification\",\"valueRequired\":true,\"valueName\":\"search_term_string\"}}],\"inLanguage\":\"es\"}]}<\/script>\n<!-- \/ Yoast SEO plugin. -->","yoast_head_json":{"title":"Mu\u00f1eco Baby Shark - Didacta","robots":{"index":"index","follow":"follow","max-snippet":"max-snippet:-1","max-image-preview":"max-image-preview:large","max-video-preview":"max-video-preview:-1"},"canonical":"https:\/\/didacta.com.uy\/sitio\/producto\/muneco-baby-shark\/","og_locale":"es_ES","og_type":"article","og_title":"Mu\u00f1eco Baby Shark - Didacta","og_description":"\u00a1Juega con tu personaje favorito, el tibur\u00f3n beb\u00e9 m\u00e1s lindo de todos! Sum\u00e9rgete en el mundo de Baby Shark y juega con tus personajes favoritos!  C\u00f3digo: 1120 C\u00f3digo de barras: 7896448111209 Edad: 18 meses en adelante Medidas: 15 x 5 x 17 cm  &nbsp;","og_url":"https:\/\/didacta.com.uy\/sitio\/producto\/muneco-baby-shark\/","og_site_name":"Didacta","article_modified_time":"2024-02-14T14:42:22+00:00","og_image":[{"width":200,"height":200,"url":"https:\/\/didacta.com.uy\/sitio\/wp-content\/uploads\/2022\/10\/1120-1-e1690942695914.jpg","type":"image\/jpeg"}],"twitter_card":"summary_large_image","twitter_misc":{"Tiempo de lectura":"1 minuto"},"schema":{"@context":"https:\/\/schema.org","@graph":[{"@type":"WebPage","@id":"https:\/\/didacta.com.uy\/sitio\/producto\/muneco-baby-shark\/","url":"https:\/\/didacta.com.uy\/sitio\/producto\/muneco-baby-shark\/","name":"Mu\u00f1eco Baby Shark - Didacta","isPartOf":{"@id":"https:\/\/didacta.com.uy\/sitio\/#website"},"primaryImageOfPage":{"@id":"https:\/\/didacta.com.uy\/sitio\/producto\/muneco-baby-shark\/#primaryimage"},"image":{"@id":"https:\/\/didacta.com.uy\/sitio\/producto\/muneco-baby-shark\/#primaryimage"},"thumbnailUrl":"https:\/\/didacta.com.uy\/sitio\/wp-content\/uploads\/2022\/10\/1120-1-e1690942695914.jpg","datePublished":"2022-10-28T16:53:10+00:00","dateModified":"2024-02-14T14:42:22+00:00","breadcrumb":{"@id":"https:\/\/didacta.com.uy\/sitio\/producto\/muneco-baby-shark\/#breadcrumb"},"inLanguage":"es","potentialAction":[{"@type":"ReadAction","target":["https:\/\/didacta.com.uy\/sitio\/producto\/muneco-baby-shark\/"]}]},{"@type":"ImageObject","inLanguage":"es","@id":"https:\/\/didacta.com.uy\/sitio\/producto\/muneco-baby-shark\/#primaryimage","url":"https:\/\/didacta.com.uy\/sitio\/wp-content\/uploads\/2022\/10\/1120-1-e1690942695914.jpg","contentUrl":"https:\/\/didacta.com.uy\/sitio\/wp-content\/uploads\/2022\/10\/1120-1-e1690942695914.jpg","width":200,"height":200},{"@type":"BreadcrumbList","@id":"https:\/\/didacta.com.uy\/sitio\/producto\/muneco-baby-shark\/#breadcrumb","itemListElement":[{"@type":"ListItem","position":1,"name":"Portada","item":"https:\/\/didacta.com.uy\/sitio\/"},{"@type":"ListItem","position":2,"name":"Inicio","item":"https:\/\/didacta.com.uy\/sitio\/"},{"@type":"ListItem","position":3,"name":"Mu\u00f1eco Baby Shark"}]},{"@type":"WebSite","@id":"https:\/\/didacta.com.uy\/sitio\/#website","url":"https:\/\/didacta.com.uy\/sitio\/","name":"Didacta","description":"Con m\u00e1s de 20 a\u00f1os de experiencia, DIDACTA es la marca l\u00edder en el mercado uruguayo de juegos de mesa.","potentialAction":[{"@type":"SearchAction","target":{"@type":"EntryPoint","urlTemplate":"https:\/\/didacta.com.uy\/sitio\/?s={search_term_string}"},"query-input":{"@type":"PropertyValueSpecification","valueRequired":true,"valueName":"search_term_string"}}],"inLanguage":"es"}]}},"_links":{"self":[{"href":"https:\/\/didacta.com.uy\/sitio\/wp-json\/wp\/v2\/product\/210299","targetHints":{"allow":["GET"]}}],"collection":[{"href":"https:\/\/didacta.com.uy\/sitio\/wp-json\/wp\/v2\/product"}],"about":[{"href":"https:\/\/didacta.com.uy\/sitio\/wp-json\/wp\/v2\/types\/product"}],"replies":[{"embeddable":true,"href":"https:\/\/didacta.com.uy\/sitio\/wp-json\/wp\/v2\/comments?post=210299"}],"wp:featuredmedia":[{"embeddable":true,"href":"https:\/\/didacta.com.uy\/sitio\/wp-json\/wp\/v2\/media\/210300"}],"wp:attachment":[{"href":"https:\/\/didacta.com.uy\/sitio\/wp-json\/wp\/v2\/media?parent=210299"}],"wp:term":[{"taxonomy":"product_brand","embeddable":true,"href":"https:\/\/didacta.com.uy\/sitio\/wp-json\/wp\/v2\/product_brand?post=210299"},{"taxonomy":"product_cat","embeddable":true,"href":"https:\/\/didacta.com.uy\/sitio\/wp-json\/wp\/v2\/product_cat?post=210299"},{"taxonomy":"product_tag","embeddable":true,"href":"https:\/\/didacta.com.uy\/sitio\/wp-json\/wp\/v2\/product_tag?post=210299"}],"curies":[{"name":"wp","href":"https:\/\/api.w.org\/{rel}","templated":true}]}}