{"id":210295,"date":"2022-10-28T16:43:24","date_gmt":"2022-10-28T16:43:24","guid":{"rendered":"https:\/\/didacta.com.uy\/sitio\/?post_type=product&#038;p=210295"},"modified":"2024-02-14T13:38:41","modified_gmt":"2024-02-14T13:38:41","slug":"george-pig-con-actividades-copia","status":"publish","type":"product","link":"https:\/\/didacta.com.uy\/sitio\/producto\/george-pig-con-actividades-copia\/","title":{"rendered":"George Pig con Actividades"},"content":{"rendered":"<p>Jugar con George es pura diversi\u00f3n! Sum\u00e9rgete en su mundo y juega con tus personajes favoritos!<\/p>\n<p><strong><span style=\"color: #ff0000;\">C\u00f3digo:<\/span><\/strong> 1098<br \/>\n<strong><span style=\"color: #ff0000;\">C\u00f3digo de barras:<\/span><\/strong> 7896448110981<br \/>\n<strong><span style=\"color: #ff0000;\">Edad:<\/span><\/strong> 2 a\u00f1os en Adelante<br \/>\n<strong><span style=\"color: #ff0000;\">Contenido:<\/span><\/strong>\u00a01 George Pig<br \/>\n<strong><span style=\"color: #ff0000;\">Medidas:\u00a0<\/span><\/strong>23 x 16 x 29 cm<\/p>\n<p>&nbsp;<\/p>\n","protected":false},"excerpt":{"rendered":"<p>Jugar con George es pura diversi\u00f3n! Sum\u00e9rgete en su mundo y juega con tus personajes favoritos!<\/p>\n<p><strong><span style=\"color: #ff0000;\">C\u00f3digo:<\/span><\/strong> 1098<br \/>\n<strong><span style=\"color: #ff0000;\">C\u00f3digo de barras:<\/span><\/strong> 7896448110981<br \/>\n<strong><span style=\"color: #ff0000;\">Edad:<\/span><\/strong> 2 a\u00f1os en Adelante<br \/>\n<strong><span style=\"color: #ff0000;\">Contenido:<\/span><\/strong>\u00a01 George Pig<br \/>\n<strong><span style=\"color: #ff0000;\">Medidas:\u00a0<\/span><\/strong>23 x 16 x 29 cm<\/p>\n<p>&nbsp;<\/p>\n","protected":false},"featured_media":210293,"comment_status":"closed","ping_status":"closed","template":"","meta":{"_et_pb_use_builder":"","_et_pb_old_content":"","_et_gb_content_width":"","_uf_show_specific_survey":0,"_uf_disable_surveys":false},"product_brand":[],"product_cat":[70,202],"product_tag":[],"class_list":{"0":"post-210295","1":"product","2":"type-product","3":"status-publish","4":"has-post-thumbnail","6":"product_cat-1-a-3-anos","7":"product_cat-elka-personajes","9":"first","10":"instock","11":"purchasable","12":"product-type-simple"},"aioseo_notices":[],"yoast_head":"<!-- This site is optimized with the Yoast SEO plugin v24.8.1 - https:\/\/yoast.com\/wordpress\/plugins\/seo\/ -->\n<title>George Pig con Actividades - Didacta<\/title>\n<meta name=\"robots\" content=\"index, follow, max-snippet:-1, max-image-preview:large, max-video-preview:-1\" \/>\n<link rel=\"canonical\" href=\"https:\/\/didacta.com.uy\/sitio\/producto\/george-pig-con-actividades-copia\/\" \/>\n<meta property=\"og:locale\" content=\"es_ES\" \/>\n<meta property=\"og:type\" content=\"article\" \/>\n<meta property=\"og:title\" content=\"George Pig con Actividades - Didacta\" \/>\n<meta property=\"og:description\" content=\"Jugar con George es pura diversi\u00f3n! Sum\u00e9rgete en su mundo y juega con tus personajes favoritos!  C\u00f3digo: 1098 C\u00f3digo de barras: 7896448110981 Edad: 2 a\u00f1os en Adelante Contenido:\u00a01 George Pig Medidas:\u00a023 x 16 x 29 cm  &nbsp;\" \/>\n<meta property=\"og:url\" content=\"https:\/\/didacta.com.uy\/sitio\/producto\/george-pig-con-actividades-copia\/\" \/>\n<meta property=\"og:site_name\" content=\"Didacta\" \/>\n<meta property=\"article:modified_time\" content=\"2024-02-14T13:38:41+00:00\" \/>\n<meta property=\"og:image\" content=\"https:\/\/didacta.com.uy\/sitio\/wp-content\/uploads\/2022\/10\/1098-1-e1690942098481.jpg\" \/>\n\t<meta property=\"og:image:width\" content=\"120\" \/>\n\t<meta property=\"og:image:height\" content=\"120\" \/>\n\t<meta property=\"og:image:type\" content=\"image\/jpeg\" \/>\n<meta name=\"twitter:card\" content=\"summary_large_image\" \/>\n<meta name=\"twitter:label1\" content=\"Tiempo de lectura\" \/>\n\t<meta name=\"twitter:data1\" content=\"1 minuto\" \/>\n<script type=\"application\/ld+json\" class=\"yoast-schema-graph\">{\"@context\":\"https:\/\/schema.org\",\"@graph\":[{\"@type\":\"WebPage\",\"@id\":\"https:\/\/didacta.com.uy\/sitio\/producto\/george-pig-con-actividades-copia\/\",\"url\":\"https:\/\/didacta.com.uy\/sitio\/producto\/george-pig-con-actividades-copia\/\",\"name\":\"George Pig con Actividades - Didacta\",\"isPartOf\":{\"@id\":\"https:\/\/didacta.com.uy\/sitio\/#website\"},\"primaryImageOfPage\":{\"@id\":\"https:\/\/didacta.com.uy\/sitio\/producto\/george-pig-con-actividades-copia\/#primaryimage\"},\"image\":{\"@id\":\"https:\/\/didacta.com.uy\/sitio\/producto\/george-pig-con-actividades-copia\/#primaryimage\"},\"thumbnailUrl\":\"https:\/\/didacta.com.uy\/sitio\/wp-content\/uploads\/2022\/10\/1098-1-e1690942098481.jpg\",\"datePublished\":\"2022-10-28T16:43:24+00:00\",\"dateModified\":\"2024-02-14T13:38:41+00:00\",\"breadcrumb\":{\"@id\":\"https:\/\/didacta.com.uy\/sitio\/producto\/george-pig-con-actividades-copia\/#breadcrumb\"},\"inLanguage\":\"es\",\"potentialAction\":[{\"@type\":\"ReadAction\",\"target\":[\"https:\/\/didacta.com.uy\/sitio\/producto\/george-pig-con-actividades-copia\/\"]}]},{\"@type\":\"ImageObject\",\"inLanguage\":\"es\",\"@id\":\"https:\/\/didacta.com.uy\/sitio\/producto\/george-pig-con-actividades-copia\/#primaryimage\",\"url\":\"https:\/\/didacta.com.uy\/sitio\/wp-content\/uploads\/2022\/10\/1098-1-e1690942098481.jpg\",\"contentUrl\":\"https:\/\/didacta.com.uy\/sitio\/wp-content\/uploads\/2022\/10\/1098-1-e1690942098481.jpg\",\"width\":120,\"height\":120},{\"@type\":\"BreadcrumbList\",\"@id\":\"https:\/\/didacta.com.uy\/sitio\/producto\/george-pig-con-actividades-copia\/#breadcrumb\",\"itemListElement\":[{\"@type\":\"ListItem\",\"position\":1,\"name\":\"Portada\",\"item\":\"https:\/\/didacta.com.uy\/sitio\/\"},{\"@type\":\"ListItem\",\"position\":2,\"name\":\"Inicio\",\"item\":\"https:\/\/didacta.com.uy\/sitio\/\"},{\"@type\":\"ListItem\",\"position\":3,\"name\":\"George Pig con Actividades\"}]},{\"@type\":\"WebSite\",\"@id\":\"https:\/\/didacta.com.uy\/sitio\/#website\",\"url\":\"https:\/\/didacta.com.uy\/sitio\/\",\"name\":\"Didacta\",\"description\":\"Con m\u00e1s de 20 a\u00f1os de experiencia, DIDACTA es la marca l\u00edder en el mercado uruguayo de juegos de mesa.\",\"potentialAction\":[{\"@type\":\"SearchAction\",\"target\":{\"@type\":\"EntryPoint\",\"urlTemplate\":\"https:\/\/didacta.com.uy\/sitio\/?s={search_term_string}\"},\"query-input\":{\"@type\":\"PropertyValueSpecification\",\"valueRequired\":true,\"valueName\":\"search_term_string\"}}],\"inLanguage\":\"es\"}]}<\/script>\n<!-- \/ Yoast SEO plugin. -->","yoast_head_json":{"title":"George Pig con Actividades - Didacta","robots":{"index":"index","follow":"follow","max-snippet":"max-snippet:-1","max-image-preview":"max-image-preview:large","max-video-preview":"max-video-preview:-1"},"canonical":"https:\/\/didacta.com.uy\/sitio\/producto\/george-pig-con-actividades-copia\/","og_locale":"es_ES","og_type":"article","og_title":"George Pig con Actividades - Didacta","og_description":"Jugar con George es pura diversi\u00f3n! Sum\u00e9rgete en su mundo y juega con tus personajes favoritos!  C\u00f3digo: 1098 C\u00f3digo de barras: 7896448110981 Edad: 2 a\u00f1os en Adelante Contenido:\u00a01 George Pig Medidas:\u00a023 x 16 x 29 cm  &nbsp;","og_url":"https:\/\/didacta.com.uy\/sitio\/producto\/george-pig-con-actividades-copia\/","og_site_name":"Didacta","article_modified_time":"2024-02-14T13:38:41+00:00","og_image":[{"width":120,"height":120,"url":"https:\/\/didacta.com.uy\/sitio\/wp-content\/uploads\/2022\/10\/1098-1-e1690942098481.jpg","type":"image\/jpeg"}],"twitter_card":"summary_large_image","twitter_misc":{"Tiempo de lectura":"1 minuto"},"schema":{"@context":"https:\/\/schema.org","@graph":[{"@type":"WebPage","@id":"https:\/\/didacta.com.uy\/sitio\/producto\/george-pig-con-actividades-copia\/","url":"https:\/\/didacta.com.uy\/sitio\/producto\/george-pig-con-actividades-copia\/","name":"George Pig con Actividades - Didacta","isPartOf":{"@id":"https:\/\/didacta.com.uy\/sitio\/#website"},"primaryImageOfPage":{"@id":"https:\/\/didacta.com.uy\/sitio\/producto\/george-pig-con-actividades-copia\/#primaryimage"},"image":{"@id":"https:\/\/didacta.com.uy\/sitio\/producto\/george-pig-con-actividades-copia\/#primaryimage"},"thumbnailUrl":"https:\/\/didacta.com.uy\/sitio\/wp-content\/uploads\/2022\/10\/1098-1-e1690942098481.jpg","datePublished":"2022-10-28T16:43:24+00:00","dateModified":"2024-02-14T13:38:41+00:00","breadcrumb":{"@id":"https:\/\/didacta.com.uy\/sitio\/producto\/george-pig-con-actividades-copia\/#breadcrumb"},"inLanguage":"es","potentialAction":[{"@type":"ReadAction","target":["https:\/\/didacta.com.uy\/sitio\/producto\/george-pig-con-actividades-copia\/"]}]},{"@type":"ImageObject","inLanguage":"es","@id":"https:\/\/didacta.com.uy\/sitio\/producto\/george-pig-con-actividades-copia\/#primaryimage","url":"https:\/\/didacta.com.uy\/sitio\/wp-content\/uploads\/2022\/10\/1098-1-e1690942098481.jpg","contentUrl":"https:\/\/didacta.com.uy\/sitio\/wp-content\/uploads\/2022\/10\/1098-1-e1690942098481.jpg","width":120,"height":120},{"@type":"BreadcrumbList","@id":"https:\/\/didacta.com.uy\/sitio\/producto\/george-pig-con-actividades-copia\/#breadcrumb","itemListElement":[{"@type":"ListItem","position":1,"name":"Portada","item":"https:\/\/didacta.com.uy\/sitio\/"},{"@type":"ListItem","position":2,"name":"Inicio","item":"https:\/\/didacta.com.uy\/sitio\/"},{"@type":"ListItem","position":3,"name":"George Pig con Actividades"}]},{"@type":"WebSite","@id":"https:\/\/didacta.com.uy\/sitio\/#website","url":"https:\/\/didacta.com.uy\/sitio\/","name":"Didacta","description":"Con m\u00e1s de 20 a\u00f1os de experiencia, DIDACTA es la marca l\u00edder en el mercado uruguayo de juegos de mesa.","potentialAction":[{"@type":"SearchAction","target":{"@type":"EntryPoint","urlTemplate":"https:\/\/didacta.com.uy\/sitio\/?s={search_term_string}"},"query-input":{"@type":"PropertyValueSpecification","valueRequired":true,"valueName":"search_term_string"}}],"inLanguage":"es"}]}},"_links":{"self":[{"href":"https:\/\/didacta.com.uy\/sitio\/wp-json\/wp\/v2\/product\/210295","targetHints":{"allow":["GET"]}}],"collection":[{"href":"https:\/\/didacta.com.uy\/sitio\/wp-json\/wp\/v2\/product"}],"about":[{"href":"https:\/\/didacta.com.uy\/sitio\/wp-json\/wp\/v2\/types\/product"}],"replies":[{"embeddable":true,"href":"https:\/\/didacta.com.uy\/sitio\/wp-json\/wp\/v2\/comments?post=210295"}],"wp:featuredmedia":[{"embeddable":true,"href":"https:\/\/didacta.com.uy\/sitio\/wp-json\/wp\/v2\/media\/210293"}],"wp:attachment":[{"href":"https:\/\/didacta.com.uy\/sitio\/wp-json\/wp\/v2\/media?parent=210295"}],"wp:term":[{"taxonomy":"product_brand","embeddable":true,"href":"https:\/\/didacta.com.uy\/sitio\/wp-json\/wp\/v2\/product_brand?post=210295"},{"taxonomy":"product_cat","embeddable":true,"href":"https:\/\/didacta.com.uy\/sitio\/wp-json\/wp\/v2\/product_cat?post=210295"},{"taxonomy":"product_tag","embeddable":true,"href":"https:\/\/didacta.com.uy\/sitio\/wp-json\/wp\/v2\/product_tag?post=210295"}],"curies":[{"name":"wp","href":"https:\/\/api.w.org\/{rel}","templated":true}]}}