{"id":210226,"date":"2022-10-27T17:59:59","date_gmt":"2022-10-27T17:59:59","guid":{"rendered":"https:\/\/didacta.com.uy\/sitio\/?post_type=product&#038;p=210226"},"modified":"2022-10-27T18:05:21","modified_gmt":"2022-10-27T18:05:21","slug":"x-shot-excel-hawk-eye","status":"publish","type":"product","link":"https:\/\/didacta.com.uy\/sitio\/producto\/x-shot-excel-hawk-eye\/","title":{"rendered":"X-SHOT EXCEL HAWK EYE 16 DARDOS"},"content":{"rendered":"<p>Pistola X- Shot Excel Hawk Eye 16 dardos.<\/p>\n<p><strong><span style=\"color: #ff0000;\">C\u00f3digo:<\/span><\/strong> 36435<br \/>\n<strong><span style=\"color: #ff0000;\">C\u00f3digo de barras:<\/span> <\/strong>7730549005459<br \/>\n<strong><span style=\"color: #ff0000;\">Cantidad de jugadores:<\/span> <\/strong>1 a mas<br \/>\n<strong><span style=\"color: #ff0000;\">Edad:<\/span><\/strong> De 8 a\u00f1os en adelante<br \/>\n<strong><span style=\"color: #ff0000;\">Cantidad de piezas:<\/span> <\/strong>1 Pistola, 16 dardos<br \/>\n<strong><span style=\"color: #ff0000;\">Medidas:<\/span> 60 x 6 x 24<\/strong>\u00a0cm<\/p>\n","protected":false},"excerpt":{"rendered":"<p>Pistola X- Shot Excel Hawk Eye 16 dardos.<\/p>\n<p><strong><span style=\"color: #ff0000;\">C\u00f3digo:<\/span><\/strong> 36435<br \/>\n<strong><span style=\"color: #ff0000;\">C\u00f3digo de barras:<\/span> <\/strong>7730549005459<br \/>\n<strong><span style=\"color: #ff0000;\">Cantidad de jugadores:<\/span> <\/strong>1 a mas<br \/>\n<strong><span style=\"color: #ff0000;\">Edad:<\/span><\/strong> De 8 a\u00f1os en adelante<br \/>\n<strong><span style=\"color: #ff0000;\">Cantidad de piezas:<\/span> <\/strong>1 Pistola, 16 dardos<br \/>\n<strong><span style=\"color: #ff0000;\">Medidas:<\/span> 60 x 6 x 24<\/strong>\u00a0cm<\/p>\n","protected":false},"featured_media":210227,"comment_status":"closed","ping_status":"closed","template":"","meta":{"_et_pb_use_builder":"","_et_pb_old_content":"","_et_gb_content_width":"","_uf_show_specific_survey":0,"_uf_disable_surveys":false},"product_brand":[],"product_cat":[211,72],"product_tag":[],"class_list":{"0":"post-210226","1":"product","2":"type-product","3":"status-publish","4":"has-post-thumbnail","6":"product_cat-x-shot-excel","7":"product_cat-6-a-9-anos","9":"first","10":"instock","11":"purchasable","12":"product-type-simple"},"aioseo_notices":[],"yoast_head":"<!-- This site is optimized with the Yoast SEO plugin v24.8.1 - https:\/\/yoast.com\/wordpress\/plugins\/seo\/ -->\n<title>X-SHOT EXCEL HAWK EYE 16 DARDOS - Didacta<\/title>\n<meta name=\"robots\" content=\"index, follow, max-snippet:-1, max-image-preview:large, max-video-preview:-1\" \/>\n<link rel=\"canonical\" href=\"https:\/\/didacta.com.uy\/sitio\/producto\/x-shot-excel-hawk-eye\/\" \/>\n<meta property=\"og:locale\" content=\"es_ES\" \/>\n<meta property=\"og:type\" content=\"article\" \/>\n<meta property=\"og:title\" content=\"X-SHOT EXCEL HAWK EYE 16 DARDOS - Didacta\" \/>\n<meta property=\"og:description\" content=\"Pistola X- Shot Excel Hawk Eye 16 dardos.  C\u00f3digo: 36435 C\u00f3digo de barras: 7730549005459 Cantidad de jugadores: 1 a mas Edad: De 8 a\u00f1os en adelante Cantidad de piezas: 1 Pistola, 16 dardos Medidas: 60 x 6 x 24\u00a0cm\" \/>\n<meta property=\"og:url\" content=\"https:\/\/didacta.com.uy\/sitio\/producto\/x-shot-excel-hawk-eye\/\" \/>\n<meta property=\"og:site_name\" content=\"Didacta\" \/>\n<meta property=\"article:modified_time\" content=\"2022-10-27T18:05:21+00:00\" \/>\n<meta property=\"og:image\" content=\"https:\/\/didacta.com.uy\/sitio\/wp-content\/uploads\/2022\/10\/36435C.webp\" \/>\n\t<meta property=\"og:image:width\" content=\"800\" \/>\n\t<meta property=\"og:image:height\" content=\"800\" \/>\n\t<meta property=\"og:image:type\" content=\"image\/webp\" \/>\n<meta name=\"twitter:card\" content=\"summary_large_image\" \/>\n<script type=\"application\/ld+json\" class=\"yoast-schema-graph\">{\"@context\":\"https:\/\/schema.org\",\"@graph\":[{\"@type\":\"WebPage\",\"@id\":\"https:\/\/didacta.com.uy\/sitio\/producto\/x-shot-excel-hawk-eye\/\",\"url\":\"https:\/\/didacta.com.uy\/sitio\/producto\/x-shot-excel-hawk-eye\/\",\"name\":\"X-SHOT EXCEL HAWK EYE 16 DARDOS - Didacta\",\"isPartOf\":{\"@id\":\"https:\/\/didacta.com.uy\/sitio\/#website\"},\"primaryImageOfPage\":{\"@id\":\"https:\/\/didacta.com.uy\/sitio\/producto\/x-shot-excel-hawk-eye\/#primaryimage\"},\"image\":{\"@id\":\"https:\/\/didacta.com.uy\/sitio\/producto\/x-shot-excel-hawk-eye\/#primaryimage\"},\"thumbnailUrl\":\"https:\/\/didacta.com.uy\/sitio\/wp-content\/uploads\/2022\/10\/36435C.webp\",\"datePublished\":\"2022-10-27T17:59:59+00:00\",\"dateModified\":\"2022-10-27T18:05:21+00:00\",\"breadcrumb\":{\"@id\":\"https:\/\/didacta.com.uy\/sitio\/producto\/x-shot-excel-hawk-eye\/#breadcrumb\"},\"inLanguage\":\"es\",\"potentialAction\":[{\"@type\":\"ReadAction\",\"target\":[\"https:\/\/didacta.com.uy\/sitio\/producto\/x-shot-excel-hawk-eye\/\"]}]},{\"@type\":\"ImageObject\",\"inLanguage\":\"es\",\"@id\":\"https:\/\/didacta.com.uy\/sitio\/producto\/x-shot-excel-hawk-eye\/#primaryimage\",\"url\":\"https:\/\/didacta.com.uy\/sitio\/wp-content\/uploads\/2022\/10\/36435C.webp\",\"contentUrl\":\"https:\/\/didacta.com.uy\/sitio\/wp-content\/uploads\/2022\/10\/36435C.webp\",\"width\":800,\"height\":800},{\"@type\":\"BreadcrumbList\",\"@id\":\"https:\/\/didacta.com.uy\/sitio\/producto\/x-shot-excel-hawk-eye\/#breadcrumb\",\"itemListElement\":[{\"@type\":\"ListItem\",\"position\":1,\"name\":\"Portada\",\"item\":\"https:\/\/didacta.com.uy\/sitio\/\"},{\"@type\":\"ListItem\",\"position\":2,\"name\":\"Inicio\",\"item\":\"https:\/\/didacta.com.uy\/sitio\/\"},{\"@type\":\"ListItem\",\"position\":3,\"name\":\"X-SHOT EXCEL HAWK EYE 16 DARDOS\"}]},{\"@type\":\"WebSite\",\"@id\":\"https:\/\/didacta.com.uy\/sitio\/#website\",\"url\":\"https:\/\/didacta.com.uy\/sitio\/\",\"name\":\"Didacta\",\"description\":\"Con m\u00e1s de 20 a\u00f1os de experiencia, DIDACTA es la marca l\u00edder en el mercado uruguayo de juegos de mesa.\",\"potentialAction\":[{\"@type\":\"SearchAction\",\"target\":{\"@type\":\"EntryPoint\",\"urlTemplate\":\"https:\/\/didacta.com.uy\/sitio\/?s={search_term_string}\"},\"query-input\":{\"@type\":\"PropertyValueSpecification\",\"valueRequired\":true,\"valueName\":\"search_term_string\"}}],\"inLanguage\":\"es\"}]}<\/script>\n<!-- \/ Yoast SEO plugin. -->","yoast_head_json":{"title":"X-SHOT EXCEL HAWK EYE 16 DARDOS - Didacta","robots":{"index":"index","follow":"follow","max-snippet":"max-snippet:-1","max-image-preview":"max-image-preview:large","max-video-preview":"max-video-preview:-1"},"canonical":"https:\/\/didacta.com.uy\/sitio\/producto\/x-shot-excel-hawk-eye\/","og_locale":"es_ES","og_type":"article","og_title":"X-SHOT EXCEL HAWK EYE 16 DARDOS - Didacta","og_description":"Pistola X- Shot Excel Hawk Eye 16 dardos.  C\u00f3digo: 36435 C\u00f3digo de barras: 7730549005459 Cantidad de jugadores: 1 a mas Edad: De 8 a\u00f1os en adelante Cantidad de piezas: 1 Pistola, 16 dardos Medidas: 60 x 6 x 24\u00a0cm","og_url":"https:\/\/didacta.com.uy\/sitio\/producto\/x-shot-excel-hawk-eye\/","og_site_name":"Didacta","article_modified_time":"2022-10-27T18:05:21+00:00","og_image":[{"width":800,"height":800,"url":"https:\/\/didacta.com.uy\/sitio\/wp-content\/uploads\/2022\/10\/36435C.webp","type":"image\/webp"}],"twitter_card":"summary_large_image","schema":{"@context":"https:\/\/schema.org","@graph":[{"@type":"WebPage","@id":"https:\/\/didacta.com.uy\/sitio\/producto\/x-shot-excel-hawk-eye\/","url":"https:\/\/didacta.com.uy\/sitio\/producto\/x-shot-excel-hawk-eye\/","name":"X-SHOT EXCEL HAWK EYE 16 DARDOS - Didacta","isPartOf":{"@id":"https:\/\/didacta.com.uy\/sitio\/#website"},"primaryImageOfPage":{"@id":"https:\/\/didacta.com.uy\/sitio\/producto\/x-shot-excel-hawk-eye\/#primaryimage"},"image":{"@id":"https:\/\/didacta.com.uy\/sitio\/producto\/x-shot-excel-hawk-eye\/#primaryimage"},"thumbnailUrl":"https:\/\/didacta.com.uy\/sitio\/wp-content\/uploads\/2022\/10\/36435C.webp","datePublished":"2022-10-27T17:59:59+00:00","dateModified":"2022-10-27T18:05:21+00:00","breadcrumb":{"@id":"https:\/\/didacta.com.uy\/sitio\/producto\/x-shot-excel-hawk-eye\/#breadcrumb"},"inLanguage":"es","potentialAction":[{"@type":"ReadAction","target":["https:\/\/didacta.com.uy\/sitio\/producto\/x-shot-excel-hawk-eye\/"]}]},{"@type":"ImageObject","inLanguage":"es","@id":"https:\/\/didacta.com.uy\/sitio\/producto\/x-shot-excel-hawk-eye\/#primaryimage","url":"https:\/\/didacta.com.uy\/sitio\/wp-content\/uploads\/2022\/10\/36435C.webp","contentUrl":"https:\/\/didacta.com.uy\/sitio\/wp-content\/uploads\/2022\/10\/36435C.webp","width":800,"height":800},{"@type":"BreadcrumbList","@id":"https:\/\/didacta.com.uy\/sitio\/producto\/x-shot-excel-hawk-eye\/#breadcrumb","itemListElement":[{"@type":"ListItem","position":1,"name":"Portada","item":"https:\/\/didacta.com.uy\/sitio\/"},{"@type":"ListItem","position":2,"name":"Inicio","item":"https:\/\/didacta.com.uy\/sitio\/"},{"@type":"ListItem","position":3,"name":"X-SHOT EXCEL HAWK EYE 16 DARDOS"}]},{"@type":"WebSite","@id":"https:\/\/didacta.com.uy\/sitio\/#website","url":"https:\/\/didacta.com.uy\/sitio\/","name":"Didacta","description":"Con m\u00e1s de 20 a\u00f1os de experiencia, DIDACTA es la marca l\u00edder en el mercado uruguayo de juegos de mesa.","potentialAction":[{"@type":"SearchAction","target":{"@type":"EntryPoint","urlTemplate":"https:\/\/didacta.com.uy\/sitio\/?s={search_term_string}"},"query-input":{"@type":"PropertyValueSpecification","valueRequired":true,"valueName":"search_term_string"}}],"inLanguage":"es"}]}},"_links":{"self":[{"href":"https:\/\/didacta.com.uy\/sitio\/wp-json\/wp\/v2\/product\/210226","targetHints":{"allow":["GET"]}}],"collection":[{"href":"https:\/\/didacta.com.uy\/sitio\/wp-json\/wp\/v2\/product"}],"about":[{"href":"https:\/\/didacta.com.uy\/sitio\/wp-json\/wp\/v2\/types\/product"}],"replies":[{"embeddable":true,"href":"https:\/\/didacta.com.uy\/sitio\/wp-json\/wp\/v2\/comments?post=210226"}],"wp:featuredmedia":[{"embeddable":true,"href":"https:\/\/didacta.com.uy\/sitio\/wp-json\/wp\/v2\/media\/210227"}],"wp:attachment":[{"href":"https:\/\/didacta.com.uy\/sitio\/wp-json\/wp\/v2\/media?parent=210226"}],"wp:term":[{"taxonomy":"product_brand","embeddable":true,"href":"https:\/\/didacta.com.uy\/sitio\/wp-json\/wp\/v2\/product_brand?post=210226"},{"taxonomy":"product_cat","embeddable":true,"href":"https:\/\/didacta.com.uy\/sitio\/wp-json\/wp\/v2\/product_cat?post=210226"},{"taxonomy":"product_tag","embeddable":true,"href":"https:\/\/didacta.com.uy\/sitio\/wp-json\/wp\/v2\/product_tag?post=210226"}],"curies":[{"name":"wp","href":"https:\/\/api.w.org\/{rel}","templated":true}]}}