{"id":210080,"date":"2022-10-27T12:51:13","date_gmt":"2022-10-27T12:51:13","guid":{"rendered":"https:\/\/didacta.com.uy\/sitio\/?post_type=product&#038;p=210080"},"modified":"2022-10-27T13:08:37","modified_gmt":"2022-10-27T13:08:37","slug":"kickback","status":"publish","type":"product","link":"https:\/\/didacta.com.uy\/sitio\/producto\/kickback\/","title":{"rendered":"X-SHOT EXCEL KICKBACK C\/8 DARDOS"},"content":{"rendered":"<p>Pistola X- Shot Excel Kickback con 8 dardos<\/p>\n<p><strong><span style=\"color: #ff0000;\">C\u00f3digo:<\/span><\/strong> 36184<br \/>\n<strong><span style=\"color: #ff0000;\">C\u00f3digo de barras:<\/span> <\/strong>7730549005428<br \/>\n<strong><span style=\"color: #ff0000;\">Cantidad de jugadores:<\/span> <\/strong>1 a mas<br \/>\n<strong><span style=\"color: #ff0000;\">Edad:<\/span><\/strong> De 8 a\u00f1os en adelante<br \/>\n<strong><span style=\"color: #ff0000;\">Cantidad de piezas:<\/span> <\/strong>1 Pistola y 8 Dardos<br \/>\n<strong><span style=\"color: #ff0000;\">Medidas:<\/span> 25 x 5.1 x 17.4<\/strong>\u00a0cm<\/p>\n","protected":false},"excerpt":{"rendered":"<p>Pistola X- Shot Excel Kickback con 8 dardos<\/p>\n<p><strong><span style=\"color: #ff0000;\">C\u00f3digo:<\/span><\/strong> 36184<br \/>\n<strong><span style=\"color: #ff0000;\">C\u00f3digo de barras:<\/span> <\/strong>7730549005428<br \/>\n<strong><span style=\"color: #ff0000;\">Cantidad de jugadores:<\/span> <\/strong>1 a mas<br \/>\n<strong><span style=\"color: #ff0000;\">Edad:<\/span><\/strong> De 8 a\u00f1os en adelante<br \/>\n<strong><span style=\"color: #ff0000;\">Cantidad de piezas:<\/span> <\/strong>1 Pistola y 8 Dardos<br \/>\n<strong><span style=\"color: #ff0000;\">Medidas:<\/span> 25 x 5.1 x 17.4<\/strong>\u00a0cm<\/p>\n","protected":false},"featured_media":210082,"comment_status":"closed","ping_status":"closed","template":"","meta":{"_et_pb_use_builder":"","_et_pb_old_content":"","_et_gb_content_width":"","_uf_show_specific_survey":0,"_uf_disable_surveys":false},"product_brand":[],"product_cat":[211,72],"product_tag":[],"class_list":{"0":"post-210080","1":"product","2":"type-product","3":"status-publish","4":"has-post-thumbnail","6":"product_cat-x-shot-excel","7":"product_cat-6-a-9-anos","9":"first","10":"instock","11":"purchasable","12":"product-type-simple"},"aioseo_notices":[],"yoast_head":"<!-- This site is optimized with the Yoast SEO plugin v24.8.1 - https:\/\/yoast.com\/wordpress\/plugins\/seo\/ -->\n<title>X-SHOT EXCEL KICKBACK C\/8 DARDOS - Didacta<\/title>\n<meta name=\"robots\" content=\"index, follow, max-snippet:-1, max-image-preview:large, max-video-preview:-1\" \/>\n<link rel=\"canonical\" href=\"https:\/\/didacta.com.uy\/sitio\/producto\/kickback\/\" \/>\n<meta property=\"og:locale\" content=\"es_ES\" \/>\n<meta property=\"og:type\" content=\"article\" \/>\n<meta property=\"og:title\" content=\"X-SHOT EXCEL KICKBACK C\/8 DARDOS - Didacta\" \/>\n<meta property=\"og:description\" content=\"Pistola X- Shot Excel Kickback con 8 dardos  C\u00f3digo: 36184 C\u00f3digo de barras: 7730549005428 Cantidad de jugadores: 1 a mas Edad: De 8 a\u00f1os en adelante Cantidad de piezas: 1 Pistola y 8 Dardos Medidas: 25 x 5.1 x 17.4\u00a0cm\" \/>\n<meta property=\"og:url\" content=\"https:\/\/didacta.com.uy\/sitio\/producto\/kickback\/\" \/>\n<meta property=\"og:site_name\" content=\"Didacta\" \/>\n<meta property=\"article:modified_time\" content=\"2022-10-27T13:08:37+00:00\" \/>\n<meta property=\"og:image\" content=\"https:\/\/didacta.com.uy\/sitio\/wp-content\/uploads\/2022\/10\/36184C-scaled.webp\" \/>\n\t<meta property=\"og:image:width\" content=\"2560\" \/>\n\t<meta property=\"og:image:height\" content=\"2560\" \/>\n\t<meta property=\"og:image:type\" content=\"image\/webp\" \/>\n<meta name=\"twitter:card\" content=\"summary_large_image\" \/>\n<script type=\"application\/ld+json\" class=\"yoast-schema-graph\">{\"@context\":\"https:\/\/schema.org\",\"@graph\":[{\"@type\":\"WebPage\",\"@id\":\"https:\/\/didacta.com.uy\/sitio\/producto\/kickback\/\",\"url\":\"https:\/\/didacta.com.uy\/sitio\/producto\/kickback\/\",\"name\":\"X-SHOT EXCEL KICKBACK C\/8 DARDOS - Didacta\",\"isPartOf\":{\"@id\":\"https:\/\/didacta.com.uy\/sitio\/#website\"},\"primaryImageOfPage\":{\"@id\":\"https:\/\/didacta.com.uy\/sitio\/producto\/kickback\/#primaryimage\"},\"image\":{\"@id\":\"https:\/\/didacta.com.uy\/sitio\/producto\/kickback\/#primaryimage\"},\"thumbnailUrl\":\"https:\/\/didacta.com.uy\/sitio\/wp-content\/uploads\/2022\/10\/36184C-scaled.webp\",\"datePublished\":\"2022-10-27T12:51:13+00:00\",\"dateModified\":\"2022-10-27T13:08:37+00:00\",\"breadcrumb\":{\"@id\":\"https:\/\/didacta.com.uy\/sitio\/producto\/kickback\/#breadcrumb\"},\"inLanguage\":\"es\",\"potentialAction\":[{\"@type\":\"ReadAction\",\"target\":[\"https:\/\/didacta.com.uy\/sitio\/producto\/kickback\/\"]}]},{\"@type\":\"ImageObject\",\"inLanguage\":\"es\",\"@id\":\"https:\/\/didacta.com.uy\/sitio\/producto\/kickback\/#primaryimage\",\"url\":\"https:\/\/didacta.com.uy\/sitio\/wp-content\/uploads\/2022\/10\/36184C-scaled.webp\",\"contentUrl\":\"https:\/\/didacta.com.uy\/sitio\/wp-content\/uploads\/2022\/10\/36184C-scaled.webp\",\"width\":2560,\"height\":2560},{\"@type\":\"BreadcrumbList\",\"@id\":\"https:\/\/didacta.com.uy\/sitio\/producto\/kickback\/#breadcrumb\",\"itemListElement\":[{\"@type\":\"ListItem\",\"position\":1,\"name\":\"Portada\",\"item\":\"https:\/\/didacta.com.uy\/sitio\/\"},{\"@type\":\"ListItem\",\"position\":2,\"name\":\"Inicio\",\"item\":\"https:\/\/didacta.com.uy\/sitio\/\"},{\"@type\":\"ListItem\",\"position\":3,\"name\":\"X-SHOT EXCEL KICKBACK C\/8 DARDOS\"}]},{\"@type\":\"WebSite\",\"@id\":\"https:\/\/didacta.com.uy\/sitio\/#website\",\"url\":\"https:\/\/didacta.com.uy\/sitio\/\",\"name\":\"Didacta\",\"description\":\"Con m\u00e1s de 20 a\u00f1os de experiencia, DIDACTA es la marca l\u00edder en el mercado uruguayo de juegos de mesa.\",\"potentialAction\":[{\"@type\":\"SearchAction\",\"target\":{\"@type\":\"EntryPoint\",\"urlTemplate\":\"https:\/\/didacta.com.uy\/sitio\/?s={search_term_string}\"},\"query-input\":{\"@type\":\"PropertyValueSpecification\",\"valueRequired\":true,\"valueName\":\"search_term_string\"}}],\"inLanguage\":\"es\"}]}<\/script>\n<!-- \/ Yoast SEO plugin. -->","yoast_head_json":{"title":"X-SHOT EXCEL KICKBACK C\/8 DARDOS - Didacta","robots":{"index":"index","follow":"follow","max-snippet":"max-snippet:-1","max-image-preview":"max-image-preview:large","max-video-preview":"max-video-preview:-1"},"canonical":"https:\/\/didacta.com.uy\/sitio\/producto\/kickback\/","og_locale":"es_ES","og_type":"article","og_title":"X-SHOT EXCEL KICKBACK C\/8 DARDOS - Didacta","og_description":"Pistola X- Shot Excel Kickback con 8 dardos  C\u00f3digo: 36184 C\u00f3digo de barras: 7730549005428 Cantidad de jugadores: 1 a mas Edad: De 8 a\u00f1os en adelante Cantidad de piezas: 1 Pistola y 8 Dardos Medidas: 25 x 5.1 x 17.4\u00a0cm","og_url":"https:\/\/didacta.com.uy\/sitio\/producto\/kickback\/","og_site_name":"Didacta","article_modified_time":"2022-10-27T13:08:37+00:00","og_image":[{"width":2560,"height":2560,"url":"https:\/\/didacta.com.uy\/sitio\/wp-content\/uploads\/2022\/10\/36184C-scaled.webp","type":"image\/webp"}],"twitter_card":"summary_large_image","schema":{"@context":"https:\/\/schema.org","@graph":[{"@type":"WebPage","@id":"https:\/\/didacta.com.uy\/sitio\/producto\/kickback\/","url":"https:\/\/didacta.com.uy\/sitio\/producto\/kickback\/","name":"X-SHOT EXCEL KICKBACK C\/8 DARDOS - Didacta","isPartOf":{"@id":"https:\/\/didacta.com.uy\/sitio\/#website"},"primaryImageOfPage":{"@id":"https:\/\/didacta.com.uy\/sitio\/producto\/kickback\/#primaryimage"},"image":{"@id":"https:\/\/didacta.com.uy\/sitio\/producto\/kickback\/#primaryimage"},"thumbnailUrl":"https:\/\/didacta.com.uy\/sitio\/wp-content\/uploads\/2022\/10\/36184C-scaled.webp","datePublished":"2022-10-27T12:51:13+00:00","dateModified":"2022-10-27T13:08:37+00:00","breadcrumb":{"@id":"https:\/\/didacta.com.uy\/sitio\/producto\/kickback\/#breadcrumb"},"inLanguage":"es","potentialAction":[{"@type":"ReadAction","target":["https:\/\/didacta.com.uy\/sitio\/producto\/kickback\/"]}]},{"@type":"ImageObject","inLanguage":"es","@id":"https:\/\/didacta.com.uy\/sitio\/producto\/kickback\/#primaryimage","url":"https:\/\/didacta.com.uy\/sitio\/wp-content\/uploads\/2022\/10\/36184C-scaled.webp","contentUrl":"https:\/\/didacta.com.uy\/sitio\/wp-content\/uploads\/2022\/10\/36184C-scaled.webp","width":2560,"height":2560},{"@type":"BreadcrumbList","@id":"https:\/\/didacta.com.uy\/sitio\/producto\/kickback\/#breadcrumb","itemListElement":[{"@type":"ListItem","position":1,"name":"Portada","item":"https:\/\/didacta.com.uy\/sitio\/"},{"@type":"ListItem","position":2,"name":"Inicio","item":"https:\/\/didacta.com.uy\/sitio\/"},{"@type":"ListItem","position":3,"name":"X-SHOT EXCEL KICKBACK C\/8 DARDOS"}]},{"@type":"WebSite","@id":"https:\/\/didacta.com.uy\/sitio\/#website","url":"https:\/\/didacta.com.uy\/sitio\/","name":"Didacta","description":"Con m\u00e1s de 20 a\u00f1os de experiencia, DIDACTA es la marca l\u00edder en el mercado uruguayo de juegos de mesa.","potentialAction":[{"@type":"SearchAction","target":{"@type":"EntryPoint","urlTemplate":"https:\/\/didacta.com.uy\/sitio\/?s={search_term_string}"},"query-input":{"@type":"PropertyValueSpecification","valueRequired":true,"valueName":"search_term_string"}}],"inLanguage":"es"}]}},"_links":{"self":[{"href":"https:\/\/didacta.com.uy\/sitio\/wp-json\/wp\/v2\/product\/210080","targetHints":{"allow":["GET"]}}],"collection":[{"href":"https:\/\/didacta.com.uy\/sitio\/wp-json\/wp\/v2\/product"}],"about":[{"href":"https:\/\/didacta.com.uy\/sitio\/wp-json\/wp\/v2\/types\/product"}],"replies":[{"embeddable":true,"href":"https:\/\/didacta.com.uy\/sitio\/wp-json\/wp\/v2\/comments?post=210080"}],"wp:featuredmedia":[{"embeddable":true,"href":"https:\/\/didacta.com.uy\/sitio\/wp-json\/wp\/v2\/media\/210082"}],"wp:attachment":[{"href":"https:\/\/didacta.com.uy\/sitio\/wp-json\/wp\/v2\/media?parent=210080"}],"wp:term":[{"taxonomy":"product_brand","embeddable":true,"href":"https:\/\/didacta.com.uy\/sitio\/wp-json\/wp\/v2\/product_brand?post=210080"},{"taxonomy":"product_cat","embeddable":true,"href":"https:\/\/didacta.com.uy\/sitio\/wp-json\/wp\/v2\/product_cat?post=210080"},{"taxonomy":"product_tag","embeddable":true,"href":"https:\/\/didacta.com.uy\/sitio\/wp-json\/wp\/v2\/product_tag?post=210080"}],"curies":[{"name":"wp","href":"https:\/\/api.w.org\/{rel}","templated":true}]}}