{"id":210062,"date":"2022-10-26T17:42:34","date_gmt":"2022-10-26T17:42:34","guid":{"rendered":"https:\/\/didacta.com.uy\/sitio\/?post_type=product&#038;p=210062"},"modified":"2023-11-27T20:33:35","modified_gmt":"2023-11-27T20:33:35","slug":"dino-isla-con-10-sorpresas","status":"publish","type":"product","link":"https:\/\/didacta.com.uy\/sitio\/producto\/dino-isla-con-10-sorpresas\/","title":{"rendered":"SMASHERS- DINO ISLA C\/30 SORPRESAS"},"content":{"rendered":"<p><span class=\"a-list-item\">Abr\u00ed camino a una aventura prehist\u00f3rica con Smashers Dino Island.<br \/>\nAplast\u00e1 el cr\u00e1neo en pedazos y descubr\u00ed las 30 sorpresas escondidas en su interior!<br \/>\n<\/span><\/p>\n<p><strong>C\u00f3digo:<\/strong> 7488<br \/>\n<strong>C\u00f3digo de barras:<\/strong> 7730549006395<br \/>\n<strong>Edad:<\/strong>\u00a0De 3 a\u00f1os en adelante<br \/>\n<strong>Medidas: <\/strong>22.5 x 24.3 x 30.8 cm<\/p>\n<p>&nbsp;<\/p>\n<p>&nbsp;<\/p>\n<p><iframe loading=\"lazy\" title=\"YouTube video player\" src=\"https:\/\/www.youtube.com\/embed\/FbFbWHPHAWw?si=W96sdWzOtrR3dUZX\" width=\"560\" height=\"315\" frameborder=\"0\" allowfullscreen=\"allowfullscreen\"><\/iframe><\/p>\n","protected":false},"excerpt":{"rendered":"<p><span class=\"a-list-item\"><span style=\"vertical-align: inherit;\"><span style=\"vertical-align: inherit;\">Abr\u00ed camino a una aventura prehist\u00f3rica con Smashers Dino Island.<\/span><\/span><br \/>\n<span style=\"vertical-align: inherit;\"><span style=\"vertical-align: inherit;\">Aplast\u00e1 el cr\u00e1neo en pedazos y descubr\u00ed las 30 sorpresas escondidas en su interior!<\/span><\/span><br \/>\n<\/span><\/p>\n<p><strong><span style=\"vertical-align: inherit;\"><span style=\"vertical-align: inherit;\">C\u00f3digo:<\/span><\/span><\/strong><span style=\"vertical-align: inherit;\"><span style=\"vertical-align: inherit;\"> 7488<\/span><\/span><br \/>\n<strong><span style=\"vertical-align: inherit;\"><span style=\"vertical-align: inherit;\">C\u00f3digo de barras:<\/span><\/span><\/strong><span style=\"vertical-align: inherit;\"><span style=\"vertical-align: inherit;\"> 7730549006395<\/span><\/span><br \/>\n<strong><span style=\"vertical-align: inherit;\"><span style=\"vertical-align: inherit;\">Edad:<\/span><\/span><\/strong><span style=\"vertical-align: inherit;\"><span style=\"vertical-align: inherit;\">\u00a0De 3 a\u00f1os en adelante<\/span><\/span><br \/>\n<strong><span style=\"vertical-align: inherit;\"><span style=\"vertical-align: inherit;\">Medidas: <\/span><\/span><\/strong><span style=\"vertical-align: inherit;\"><span style=\"vertical-align: inherit;\">22.5 x 24.3 x 30.8 cm<\/span><\/span><\/p>\n<p>&nbsp;<\/p>\n<p>&nbsp;<\/p>\n<p><iframe loading=\"lazy\" title=\"YouTube video player\" src=\"https:\/\/www.youtube.com\/embed\/FbFbWHPHAWw?si=W96sdWzOtrR3dUZX\" width=\"560\" height=\"315\" frameborder=\"0\" allowfullscreen=\"allowfullscreen\"><\/iframe><\/p>\n","protected":false},"featured_media":213159,"comment_status":"closed","ping_status":"closed","template":"","meta":{"_et_pb_use_builder":"off","_et_pb_old_content":"<span class=\"a-list-item\">Lil' Paw Paw Paw es perfecto para cepillar y abrazar por su pelo suave con\u00a0<\/span><span class=\"a-list-item\">Hermosos detalles: la pata de pata de Lil' como sus ojos azules brillantes, que brillan casi tanto como su lazo y cuello perfectamente rosados. Sus <\/span><span class=\"a-list-item\">Movimientos realista camina hacia adelante y para mostrarla a todos tus amigos y ver su ladrido como un cachorro real controlandola con su correa.\u00a0<\/span>\r\n\r\n<strong><span style=\"color: #ff0000\">C\u00f3digo:<\/span><\/strong> 9531\r\n<strong><span style=\"color: #ff0000\">C\u00f3digo de barras:<\/span> <\/strong>7730549006401\r\n<strong><span style=\"color: #ff0000\">Cantidad de jugadores:<\/span> <\/strong>1 a mas\r\n<strong><span style=\"color: #ff0000\">Edad:<\/span><\/strong> De 3 a\u00f1os en adelante\r\n<strong><span style=\"color: #ff0000\">Cantidad de piezas:<\/span> <\/strong>1 Perrito con correa\r\n<strong><span style=\"color: #ff0000\">Medidas:<\/span> <\/strong>29 x 14 x 29 cm","_et_gb_content_width":"","_uf_show_specific_survey":0,"_uf_disable_surveys":false},"product_brand":[],"product_cat":[229],"product_tag":[],"class_list":{"0":"post-210062","1":"product","2":"type-product","3":"status-publish","4":"has-post-thumbnail","6":"product_cat-smashers","8":"first","9":"instock","10":"purchasable","11":"product-type-simple"},"aioseo_notices":[],"yoast_head":"<!-- This site is optimized with the Yoast SEO plugin v24.8.1 - https:\/\/yoast.com\/wordpress\/plugins\/seo\/ -->\n<title>SMASHERS- DINO ISLA C\/30 SORPRESAS - Didacta<\/title>\n<meta name=\"robots\" content=\"index, follow, max-snippet:-1, max-image-preview:large, max-video-preview:-1\" \/>\n<link rel=\"canonical\" href=\"https:\/\/didacta.com.uy\/sitio\/producto\/dino-isla-con-10-sorpresas\/\" \/>\n<meta property=\"og:locale\" content=\"es_ES\" \/>\n<meta property=\"og:type\" content=\"article\" \/>\n<meta property=\"og:title\" content=\"SMASHERS- DINO ISLA C\/30 SORPRESAS - Didacta\" \/>\n<meta property=\"og:description\" content=\"Abr\u00ed camino a una aventura prehist\u00f3rica con Smashers Dino Island. Aplast\u00e1 el cr\u00e1neo en pedazos y descubr\u00ed las 30 sorpresas escondidas en su interior!   C\u00f3digo: 7488 C\u00f3digo de barras: 7730549006395 Edad:\u00a0De 3 a\u00f1os en adelante Medidas: 22.5 x 24.3 x 30.8 cm  &nbsp;  &nbsp;\" \/>\n<meta property=\"og:url\" content=\"https:\/\/didacta.com.uy\/sitio\/producto\/dino-isla-con-10-sorpresas\/\" \/>\n<meta property=\"og:site_name\" content=\"Didacta\" \/>\n<meta property=\"article:modified_time\" content=\"2023-11-27T20:33:35+00:00\" \/>\n<meta property=\"og:image\" content=\"https:\/\/didacta.com.uy\/sitio\/wp-content\/uploads\/2022\/10\/7488-b.jpg\" \/>\n\t<meta property=\"og:image:width\" content=\"700\" \/>\n\t<meta property=\"og:image:height\" content=\"700\" \/>\n\t<meta property=\"og:image:type\" content=\"image\/jpeg\" \/>\n<meta name=\"twitter:card\" content=\"summary_large_image\" \/>\n<meta name=\"twitter:label1\" content=\"Tiempo de lectura\" \/>\n\t<meta name=\"twitter:data1\" content=\"1 minuto\" \/>\n<script type=\"application\/ld+json\" class=\"yoast-schema-graph\">{\"@context\":\"https:\/\/schema.org\",\"@graph\":[{\"@type\":\"WebPage\",\"@id\":\"https:\/\/didacta.com.uy\/sitio\/producto\/dino-isla-con-10-sorpresas\/\",\"url\":\"https:\/\/didacta.com.uy\/sitio\/producto\/dino-isla-con-10-sorpresas\/\",\"name\":\"SMASHERS- DINO ISLA C\/30 SORPRESAS - Didacta\",\"isPartOf\":{\"@id\":\"https:\/\/didacta.com.uy\/sitio\/#website\"},\"primaryImageOfPage\":{\"@id\":\"https:\/\/didacta.com.uy\/sitio\/producto\/dino-isla-con-10-sorpresas\/#primaryimage\"},\"image\":{\"@id\":\"https:\/\/didacta.com.uy\/sitio\/producto\/dino-isla-con-10-sorpresas\/#primaryimage\"},\"thumbnailUrl\":\"https:\/\/didacta.com.uy\/sitio\/wp-content\/uploads\/2022\/10\/7488-b.jpg\",\"datePublished\":\"2022-10-26T17:42:34+00:00\",\"dateModified\":\"2023-11-27T20:33:35+00:00\",\"breadcrumb\":{\"@id\":\"https:\/\/didacta.com.uy\/sitio\/producto\/dino-isla-con-10-sorpresas\/#breadcrumb\"},\"inLanguage\":\"es\",\"potentialAction\":[{\"@type\":\"ReadAction\",\"target\":[\"https:\/\/didacta.com.uy\/sitio\/producto\/dino-isla-con-10-sorpresas\/\"]}]},{\"@type\":\"ImageObject\",\"inLanguage\":\"es\",\"@id\":\"https:\/\/didacta.com.uy\/sitio\/producto\/dino-isla-con-10-sorpresas\/#primaryimage\",\"url\":\"https:\/\/didacta.com.uy\/sitio\/wp-content\/uploads\/2022\/10\/7488-b.jpg\",\"contentUrl\":\"https:\/\/didacta.com.uy\/sitio\/wp-content\/uploads\/2022\/10\/7488-b.jpg\",\"width\":700,\"height\":700},{\"@type\":\"BreadcrumbList\",\"@id\":\"https:\/\/didacta.com.uy\/sitio\/producto\/dino-isla-con-10-sorpresas\/#breadcrumb\",\"itemListElement\":[{\"@type\":\"ListItem\",\"position\":1,\"name\":\"Portada\",\"item\":\"https:\/\/didacta.com.uy\/sitio\/\"},{\"@type\":\"ListItem\",\"position\":2,\"name\":\"Inicio\",\"item\":\"https:\/\/didacta.com.uy\/sitio\/\"},{\"@type\":\"ListItem\",\"position\":3,\"name\":\"SMASHERS- DINO ISLA C\/30 SORPRESAS\"}]},{\"@type\":\"WebSite\",\"@id\":\"https:\/\/didacta.com.uy\/sitio\/#website\",\"url\":\"https:\/\/didacta.com.uy\/sitio\/\",\"name\":\"Didacta\",\"description\":\"Con m\u00e1s de 20 a\u00f1os de experiencia, DIDACTA es la marca l\u00edder en el mercado uruguayo de juegos de mesa.\",\"potentialAction\":[{\"@type\":\"SearchAction\",\"target\":{\"@type\":\"EntryPoint\",\"urlTemplate\":\"https:\/\/didacta.com.uy\/sitio\/?s={search_term_string}\"},\"query-input\":{\"@type\":\"PropertyValueSpecification\",\"valueRequired\":true,\"valueName\":\"search_term_string\"}}],\"inLanguage\":\"es\"}]}<\/script>\n<!-- \/ Yoast SEO plugin. -->","yoast_head_json":{"title":"SMASHERS- DINO ISLA C\/30 SORPRESAS - Didacta","robots":{"index":"index","follow":"follow","max-snippet":"max-snippet:-1","max-image-preview":"max-image-preview:large","max-video-preview":"max-video-preview:-1"},"canonical":"https:\/\/didacta.com.uy\/sitio\/producto\/dino-isla-con-10-sorpresas\/","og_locale":"es_ES","og_type":"article","og_title":"SMASHERS- DINO ISLA C\/30 SORPRESAS - Didacta","og_description":"Abr\u00ed camino a una aventura prehist\u00f3rica con Smashers Dino Island. Aplast\u00e1 el cr\u00e1neo en pedazos y descubr\u00ed las 30 sorpresas escondidas en su interior!   C\u00f3digo: 7488 C\u00f3digo de barras: 7730549006395 Edad:\u00a0De 3 a\u00f1os en adelante Medidas: 22.5 x 24.3 x 30.8 cm  &nbsp;  &nbsp;","og_url":"https:\/\/didacta.com.uy\/sitio\/producto\/dino-isla-con-10-sorpresas\/","og_site_name":"Didacta","article_modified_time":"2023-11-27T20:33:35+00:00","og_image":[{"url":"https:\/\/didacta.com.uy\/sitio\/wp-content\/uploads\/2022\/10\/7488-b.jpg","width":700,"height":700,"type":"image\/jpeg"}],"twitter_card":"summary_large_image","twitter_misc":{"Tiempo de lectura":"1 minuto"},"schema":{"@context":"https:\/\/schema.org","@graph":[{"@type":"WebPage","@id":"https:\/\/didacta.com.uy\/sitio\/producto\/dino-isla-con-10-sorpresas\/","url":"https:\/\/didacta.com.uy\/sitio\/producto\/dino-isla-con-10-sorpresas\/","name":"SMASHERS- DINO ISLA C\/30 SORPRESAS - Didacta","isPartOf":{"@id":"https:\/\/didacta.com.uy\/sitio\/#website"},"primaryImageOfPage":{"@id":"https:\/\/didacta.com.uy\/sitio\/producto\/dino-isla-con-10-sorpresas\/#primaryimage"},"image":{"@id":"https:\/\/didacta.com.uy\/sitio\/producto\/dino-isla-con-10-sorpresas\/#primaryimage"},"thumbnailUrl":"https:\/\/didacta.com.uy\/sitio\/wp-content\/uploads\/2022\/10\/7488-b.jpg","datePublished":"2022-10-26T17:42:34+00:00","dateModified":"2023-11-27T20:33:35+00:00","breadcrumb":{"@id":"https:\/\/didacta.com.uy\/sitio\/producto\/dino-isla-con-10-sorpresas\/#breadcrumb"},"inLanguage":"es","potentialAction":[{"@type":"ReadAction","target":["https:\/\/didacta.com.uy\/sitio\/producto\/dino-isla-con-10-sorpresas\/"]}]},{"@type":"ImageObject","inLanguage":"es","@id":"https:\/\/didacta.com.uy\/sitio\/producto\/dino-isla-con-10-sorpresas\/#primaryimage","url":"https:\/\/didacta.com.uy\/sitio\/wp-content\/uploads\/2022\/10\/7488-b.jpg","contentUrl":"https:\/\/didacta.com.uy\/sitio\/wp-content\/uploads\/2022\/10\/7488-b.jpg","width":700,"height":700},{"@type":"BreadcrumbList","@id":"https:\/\/didacta.com.uy\/sitio\/producto\/dino-isla-con-10-sorpresas\/#breadcrumb","itemListElement":[{"@type":"ListItem","position":1,"name":"Portada","item":"https:\/\/didacta.com.uy\/sitio\/"},{"@type":"ListItem","position":2,"name":"Inicio","item":"https:\/\/didacta.com.uy\/sitio\/"},{"@type":"ListItem","position":3,"name":"SMASHERS- DINO ISLA C\/30 SORPRESAS"}]},{"@type":"WebSite","@id":"https:\/\/didacta.com.uy\/sitio\/#website","url":"https:\/\/didacta.com.uy\/sitio\/","name":"Didacta","description":"Con m\u00e1s de 20 a\u00f1os de experiencia, DIDACTA es la marca l\u00edder en el mercado uruguayo de juegos de mesa.","potentialAction":[{"@type":"SearchAction","target":{"@type":"EntryPoint","urlTemplate":"https:\/\/didacta.com.uy\/sitio\/?s={search_term_string}"},"query-input":{"@type":"PropertyValueSpecification","valueRequired":true,"valueName":"search_term_string"}}],"inLanguage":"es"}]}},"_links":{"self":[{"href":"https:\/\/didacta.com.uy\/sitio\/wp-json\/wp\/v2\/product\/210062","targetHints":{"allow":["GET"]}}],"collection":[{"href":"https:\/\/didacta.com.uy\/sitio\/wp-json\/wp\/v2\/product"}],"about":[{"href":"https:\/\/didacta.com.uy\/sitio\/wp-json\/wp\/v2\/types\/product"}],"replies":[{"embeddable":true,"href":"https:\/\/didacta.com.uy\/sitio\/wp-json\/wp\/v2\/comments?post=210062"}],"wp:featuredmedia":[{"embeddable":true,"href":"https:\/\/didacta.com.uy\/sitio\/wp-json\/wp\/v2\/media\/213159"}],"wp:attachment":[{"href":"https:\/\/didacta.com.uy\/sitio\/wp-json\/wp\/v2\/media?parent=210062"}],"wp:term":[{"taxonomy":"product_brand","embeddable":true,"href":"https:\/\/didacta.com.uy\/sitio\/wp-json\/wp\/v2\/product_brand?post=210062"},{"taxonomy":"product_cat","embeddable":true,"href":"https:\/\/didacta.com.uy\/sitio\/wp-json\/wp\/v2\/product_cat?post=210062"},{"taxonomy":"product_tag","embeddable":true,"href":"https:\/\/didacta.com.uy\/sitio\/wp-json\/wp\/v2\/product_tag?post=210062"}],"curies":[{"name":"wp","href":"https:\/\/api.w.org\/{rel}","templated":true}]}}