{"id":210059,"date":"2022-10-26T17:24:01","date_gmt":"2022-10-26T17:24:01","guid":{"rendered":"https:\/\/didacta.com.uy\/sitio\/?post_type=product&#038;p=210059"},"modified":"2023-11-13T15:22:33","modified_gmt":"2023-11-13T15:22:33","slug":"llil-paw-paw-que-camina","status":"publish","type":"product","link":"https:\/\/didacta.com.uy\/sitio\/producto\/llil-paw-paw-que-camina\/","title":{"rendered":"PETS ALIVE -LIL PAW PAW PUPPY QUE CAMINA"},"content":{"rendered":"<p>&nbsp;<\/p>\n<p>Viv\u00ed una experiencia \u00fanica con tu Lil Paw Paw como si fuera un perrito real!<br \/>\nLadra y camina! Podr\u00e1s abrazarlo, sacarlo a pasear y peinar su hermoso pelo!<\/p>\n<p><strong>C\u00f3digo:<\/strong> 9531<br \/>\n<strong>C\u00f3digo de barras:<\/strong>7730549006401<br \/>\n<strong>Edad:\u00a0<\/strong>De 3 a\u00f1os en adelante<br \/>\n<strong>Medidas:<\/strong>30 x 18 x 30,4cm<\/p>\n<p>&nbsp;<\/p>\n<p><iframe loading=\"lazy\" title=\"YouTube video player\" src=\"https:\/\/www.youtube.com\/embed\/6Ii2sb_srsI?si=u2AWZtOefiMdWDly\" width=\"560\" height=\"315\" frameborder=\"0\" allowfullscreen=\"allowfullscreen\"><\/iframe><\/p>\n","protected":false},"excerpt":{"rendered":"<p>Viv\u00ed una experiencia \u00fanica con tu Lil Paw Paw como si fuera un perrito real!<br \/>\nLadra y camina! Podr\u00e1s abrazarlo, sacarlo a pasear y peinar su hermoso pelo!<\/p>\n<p><strong>C\u00f3digo:<\/strong> 9531<br \/>\n<strong>C\u00f3digo de barras:<\/strong>7730549006401<br \/>\n<strong>Edad:\u00a0<\/strong>De 3 a\u00f1os en adelante<br \/>\n<strong>Medidas:<\/strong>30 x 18 x 30,4cm<\/p>\n<p><strong><span style=\"color: #ff0000;\">Cantidad de piezas:<\/span> <\/strong>1 Perrito con correa<br \/>\n<strong><span style=\"color: #ff0000;\">Medidas:<\/span><\/strong> 30 x 18 x 30,4cm<\/p>\n<p><iframe loading=\"lazy\" title=\"YouTube video player\" src=\"https:\/\/www.youtube.com\/embed\/6Ii2sb_srsI?si=u2AWZtOefiMdWDly\" width=\"560\" height=\"315\" frameborder=\"0\" allowfullscreen=\"allowfullscreen\"><\/iframe><\/p>\n","protected":false},"featured_media":210061,"comment_status":"closed","ping_status":"closed","template":"","meta":{"_et_pb_use_builder":"off","_et_pb_old_content":"<span class=\"a-list-item\">Lil' Paw Paw Paw es perfecto para cepillar y abrazar por su pelo suave con\u00a0<\/span><span class=\"a-list-item\">Hermosos detalles: la pata de pata de Lil' como sus ojos azules brillantes, que brillan casi tanto como su lazo y cuello perfectamente rosados. Sus <\/span><span class=\"a-list-item\">Movimientos realista camina hacia adelante y para mostrarla a todos tus amigos y ver su ladrido como un cachorro real controlandola con su correa.\u00a0<\/span>\r\n\r\n<strong><span style=\"color: #ff0000\">C\u00f3digo:<\/span><\/strong> 9531\r\n<strong><span style=\"color: #ff0000\">C\u00f3digo de barras:<\/span> <\/strong>7730549006401\r\n<strong><span style=\"color: #ff0000\">Cantidad de jugadores:<\/span> <\/strong>1 a mas\r\n<strong><span style=\"color: #ff0000\">Edad:<\/span><\/strong> De 3 a\u00f1os en adelante\r\n<strong><span style=\"color: #ff0000\">Cantidad de piezas:<\/span> <\/strong>1 Perrito con correa\r\n<strong><span style=\"color: #ff0000\">Medidas:<\/span> <\/strong>29 x 14 x 29 cm","_et_gb_content_width":"","_uf_show_specific_survey":0,"_uf_disable_surveys":false},"product_brand":[],"product_cat":[209,71],"product_tag":[],"class_list":{"0":"post-210059","1":"product","2":"type-product","3":"status-publish","4":"has-post-thumbnail","6":"product_cat-pets-alive","7":"product_cat-3-a-5-anos","9":"first","10":"instock","11":"purchasable","12":"product-type-simple"},"aioseo_notices":[],"yoast_head":"<!-- This site is optimized with the Yoast SEO plugin v24.8.1 - https:\/\/yoast.com\/wordpress\/plugins\/seo\/ -->\n<title>PETS ALIVE -LIL PAW PAW PUPPY QUE CAMINA - Didacta<\/title>\n<meta name=\"robots\" content=\"index, follow, max-snippet:-1, max-image-preview:large, max-video-preview:-1\" \/>\n<link rel=\"canonical\" href=\"https:\/\/didacta.com.uy\/sitio\/producto\/llil-paw-paw-que-camina\/\" \/>\n<meta property=\"og:locale\" content=\"es_ES\" \/>\n<meta property=\"og:type\" content=\"article\" \/>\n<meta property=\"og:title\" content=\"PETS ALIVE -LIL PAW PAW PUPPY QUE CAMINA - Didacta\" \/>\n<meta property=\"og:description\" content=\"Viv\u00ed una experiencia \u00fanica con tu Lil Paw Paw como si fuera un perrito real! Ladra y camina! Podr\u00e1s abrazarlo, sacarlo a pasear y peinar su hermoso pelo!  C\u00f3digo: 9531 C\u00f3digo de barras:7730549006401 Edad:\u00a0De 3 a\u00f1os en adelante Medidas:30 x 18 x 30,4cm  Cantidad de piezas: 1 Perrito con correa Medidas: 30 x 18 x 30,4cm\" \/>\n<meta property=\"og:url\" content=\"https:\/\/didacta.com.uy\/sitio\/producto\/llil-paw-paw-que-camina\/\" \/>\n<meta property=\"og:site_name\" content=\"Didacta\" \/>\n<meta property=\"article:modified_time\" content=\"2023-11-13T15:22:33+00:00\" \/>\n<meta property=\"og:image\" content=\"https:\/\/didacta.com.uy\/sitio\/wp-content\/uploads\/2022\/10\/9531.jpg\" \/>\n\t<meta property=\"og:image:width\" content=\"500\" \/>\n\t<meta property=\"og:image:height\" content=\"500\" \/>\n\t<meta property=\"og:image:type\" content=\"image\/jpeg\" \/>\n<meta name=\"twitter:card\" content=\"summary_large_image\" \/>\n<meta name=\"twitter:label1\" content=\"Tiempo de lectura\" \/>\n\t<meta name=\"twitter:data1\" content=\"1 minuto\" \/>\n<script type=\"application\/ld+json\" class=\"yoast-schema-graph\">{\"@context\":\"https:\/\/schema.org\",\"@graph\":[{\"@type\":\"WebPage\",\"@id\":\"https:\/\/didacta.com.uy\/sitio\/producto\/llil-paw-paw-que-camina\/\",\"url\":\"https:\/\/didacta.com.uy\/sitio\/producto\/llil-paw-paw-que-camina\/\",\"name\":\"PETS ALIVE -LIL PAW PAW PUPPY QUE CAMINA - Didacta\",\"isPartOf\":{\"@id\":\"https:\/\/didacta.com.uy\/sitio\/#website\"},\"primaryImageOfPage\":{\"@id\":\"https:\/\/didacta.com.uy\/sitio\/producto\/llil-paw-paw-que-camina\/#primaryimage\"},\"image\":{\"@id\":\"https:\/\/didacta.com.uy\/sitio\/producto\/llil-paw-paw-que-camina\/#primaryimage\"},\"thumbnailUrl\":\"https:\/\/didacta.com.uy\/sitio\/wp-content\/uploads\/2022\/10\/9531.jpg\",\"datePublished\":\"2022-10-26T17:24:01+00:00\",\"dateModified\":\"2023-11-13T15:22:33+00:00\",\"breadcrumb\":{\"@id\":\"https:\/\/didacta.com.uy\/sitio\/producto\/llil-paw-paw-que-camina\/#breadcrumb\"},\"inLanguage\":\"es\",\"potentialAction\":[{\"@type\":\"ReadAction\",\"target\":[\"https:\/\/didacta.com.uy\/sitio\/producto\/llil-paw-paw-que-camina\/\"]}]},{\"@type\":\"ImageObject\",\"inLanguage\":\"es\",\"@id\":\"https:\/\/didacta.com.uy\/sitio\/producto\/llil-paw-paw-que-camina\/#primaryimage\",\"url\":\"https:\/\/didacta.com.uy\/sitio\/wp-content\/uploads\/2022\/10\/9531.jpg\",\"contentUrl\":\"https:\/\/didacta.com.uy\/sitio\/wp-content\/uploads\/2022\/10\/9531.jpg\",\"width\":500,\"height\":500},{\"@type\":\"BreadcrumbList\",\"@id\":\"https:\/\/didacta.com.uy\/sitio\/producto\/llil-paw-paw-que-camina\/#breadcrumb\",\"itemListElement\":[{\"@type\":\"ListItem\",\"position\":1,\"name\":\"Portada\",\"item\":\"https:\/\/didacta.com.uy\/sitio\/\"},{\"@type\":\"ListItem\",\"position\":2,\"name\":\"Inicio\",\"item\":\"https:\/\/didacta.com.uy\/sitio\/\"},{\"@type\":\"ListItem\",\"position\":3,\"name\":\"PETS ALIVE -LIL PAW PAW PUPPY QUE CAMINA\"}]},{\"@type\":\"WebSite\",\"@id\":\"https:\/\/didacta.com.uy\/sitio\/#website\",\"url\":\"https:\/\/didacta.com.uy\/sitio\/\",\"name\":\"Didacta\",\"description\":\"Con m\u00e1s de 20 a\u00f1os de experiencia, DIDACTA es la marca l\u00edder en el mercado uruguayo de juegos de mesa.\",\"potentialAction\":[{\"@type\":\"SearchAction\",\"target\":{\"@type\":\"EntryPoint\",\"urlTemplate\":\"https:\/\/didacta.com.uy\/sitio\/?s={search_term_string}\"},\"query-input\":{\"@type\":\"PropertyValueSpecification\",\"valueRequired\":true,\"valueName\":\"search_term_string\"}}],\"inLanguage\":\"es\"}]}<\/script>\n<!-- \/ Yoast SEO plugin. -->","yoast_head_json":{"title":"PETS ALIVE -LIL PAW PAW PUPPY QUE CAMINA - Didacta","robots":{"index":"index","follow":"follow","max-snippet":"max-snippet:-1","max-image-preview":"max-image-preview:large","max-video-preview":"max-video-preview:-1"},"canonical":"https:\/\/didacta.com.uy\/sitio\/producto\/llil-paw-paw-que-camina\/","og_locale":"es_ES","og_type":"article","og_title":"PETS ALIVE -LIL PAW PAW PUPPY QUE CAMINA - Didacta","og_description":"Viv\u00ed una experiencia \u00fanica con tu Lil Paw Paw como si fuera un perrito real! Ladra y camina! Podr\u00e1s abrazarlo, sacarlo a pasear y peinar su hermoso pelo!  C\u00f3digo: 9531 C\u00f3digo de barras:7730549006401 Edad:\u00a0De 3 a\u00f1os en adelante Medidas:30 x 18 x 30,4cm  Cantidad de piezas: 1 Perrito con correa Medidas: 30 x 18 x 30,4cm","og_url":"https:\/\/didacta.com.uy\/sitio\/producto\/llil-paw-paw-que-camina\/","og_site_name":"Didacta","article_modified_time":"2023-11-13T15:22:33+00:00","og_image":[{"width":500,"height":500,"url":"https:\/\/didacta.com.uy\/sitio\/wp-content\/uploads\/2022\/10\/9531.jpg","type":"image\/jpeg"}],"twitter_card":"summary_large_image","twitter_misc":{"Tiempo de lectura":"1 minuto"},"schema":{"@context":"https:\/\/schema.org","@graph":[{"@type":"WebPage","@id":"https:\/\/didacta.com.uy\/sitio\/producto\/llil-paw-paw-que-camina\/","url":"https:\/\/didacta.com.uy\/sitio\/producto\/llil-paw-paw-que-camina\/","name":"PETS ALIVE -LIL PAW PAW PUPPY QUE CAMINA - Didacta","isPartOf":{"@id":"https:\/\/didacta.com.uy\/sitio\/#website"},"primaryImageOfPage":{"@id":"https:\/\/didacta.com.uy\/sitio\/producto\/llil-paw-paw-que-camina\/#primaryimage"},"image":{"@id":"https:\/\/didacta.com.uy\/sitio\/producto\/llil-paw-paw-que-camina\/#primaryimage"},"thumbnailUrl":"https:\/\/didacta.com.uy\/sitio\/wp-content\/uploads\/2022\/10\/9531.jpg","datePublished":"2022-10-26T17:24:01+00:00","dateModified":"2023-11-13T15:22:33+00:00","breadcrumb":{"@id":"https:\/\/didacta.com.uy\/sitio\/producto\/llil-paw-paw-que-camina\/#breadcrumb"},"inLanguage":"es","potentialAction":[{"@type":"ReadAction","target":["https:\/\/didacta.com.uy\/sitio\/producto\/llil-paw-paw-que-camina\/"]}]},{"@type":"ImageObject","inLanguage":"es","@id":"https:\/\/didacta.com.uy\/sitio\/producto\/llil-paw-paw-que-camina\/#primaryimage","url":"https:\/\/didacta.com.uy\/sitio\/wp-content\/uploads\/2022\/10\/9531.jpg","contentUrl":"https:\/\/didacta.com.uy\/sitio\/wp-content\/uploads\/2022\/10\/9531.jpg","width":500,"height":500},{"@type":"BreadcrumbList","@id":"https:\/\/didacta.com.uy\/sitio\/producto\/llil-paw-paw-que-camina\/#breadcrumb","itemListElement":[{"@type":"ListItem","position":1,"name":"Portada","item":"https:\/\/didacta.com.uy\/sitio\/"},{"@type":"ListItem","position":2,"name":"Inicio","item":"https:\/\/didacta.com.uy\/sitio\/"},{"@type":"ListItem","position":3,"name":"PETS ALIVE -LIL PAW PAW PUPPY QUE CAMINA"}]},{"@type":"WebSite","@id":"https:\/\/didacta.com.uy\/sitio\/#website","url":"https:\/\/didacta.com.uy\/sitio\/","name":"Didacta","description":"Con m\u00e1s de 20 a\u00f1os de experiencia, DIDACTA es la marca l\u00edder en el mercado uruguayo de juegos de mesa.","potentialAction":[{"@type":"SearchAction","target":{"@type":"EntryPoint","urlTemplate":"https:\/\/didacta.com.uy\/sitio\/?s={search_term_string}"},"query-input":{"@type":"PropertyValueSpecification","valueRequired":true,"valueName":"search_term_string"}}],"inLanguage":"es"}]}},"_links":{"self":[{"href":"https:\/\/didacta.com.uy\/sitio\/wp-json\/wp\/v2\/product\/210059","targetHints":{"allow":["GET"]}}],"collection":[{"href":"https:\/\/didacta.com.uy\/sitio\/wp-json\/wp\/v2\/product"}],"about":[{"href":"https:\/\/didacta.com.uy\/sitio\/wp-json\/wp\/v2\/types\/product"}],"replies":[{"embeddable":true,"href":"https:\/\/didacta.com.uy\/sitio\/wp-json\/wp\/v2\/comments?post=210059"}],"wp:featuredmedia":[{"embeddable":true,"href":"https:\/\/didacta.com.uy\/sitio\/wp-json\/wp\/v2\/media\/210061"}],"wp:attachment":[{"href":"https:\/\/didacta.com.uy\/sitio\/wp-json\/wp\/v2\/media?parent=210059"}],"wp:term":[{"taxonomy":"product_brand","embeddable":true,"href":"https:\/\/didacta.com.uy\/sitio\/wp-json\/wp\/v2\/product_brand?post=210059"},{"taxonomy":"product_cat","embeddable":true,"href":"https:\/\/didacta.com.uy\/sitio\/wp-json\/wp\/v2\/product_cat?post=210059"},{"taxonomy":"product_tag","embeddable":true,"href":"https:\/\/didacta.com.uy\/sitio\/wp-json\/wp\/v2\/product_tag?post=210059"}],"curies":[{"name":"wp","href":"https:\/\/api.w.org\/{rel}","templated":true}]}}