{"id":210043,"date":"2022-10-26T14:39:55","date_gmt":"2022-10-26T14:39:55","guid":{"rendered":"https:\/\/didacta.com.uy\/sitio\/?post_type=product&#038;p=210043"},"modified":"2022-10-26T14:55:24","modified_gmt":"2022-10-26T14:55:24","slug":"caca-mexe-perninhas","status":"publish","type":"product","link":"https:\/\/didacta.com.uy\/sitio\/producto\/caca-mexe-perninhas\/","title":{"rendered":"CAC\u00c1 &#8211; MEXE PERNINHAS"},"content":{"rendered":"<p>\u00a1Cac\u00e1, el cangrejo, lleno de actividades!\u00a0Todo divertido, tirando de la cuerda se aleja, moviendo las piernas.\u00a0Los ojos y las garras suben y bajan.<\/p>\n<p><strong><span style=\"color: #ff0000;\">C\u00f3digo:<\/span> <\/strong>1210<br \/>\n<span style=\"color: #ff0000;\"><strong>C\u00f3digo de barras:<\/strong>\u00a0<span style=\"color: #808080;\">7896448112107<\/span><\/span><br \/>\n<strong><span style=\"color: #ff0000;\">Cantidad de jugadores:<\/span><\/strong> 1 o m\u00e1s jugadores<br \/>\n<strong><span style=\"color: #ff0000;\">Edad:<\/span><\/strong> 18 meses en adelante<br \/>\n<strong><span style=\"color: #ff0000;\">Cantidad de piezas:<\/span><\/strong> 1 Cangrejo<br \/>\n<strong><span style=\"color: #ff0000;\">Medidas:<\/span><\/strong> 28 x 14 x 22 cm<\/p>\n","protected":false},"excerpt":{"rendered":"<p>\u00a1Cac\u00e1, el cangrejo, lleno de actividades!\u00a0Todo divertido, tirando de la cuerda se aleja, moviendo las piernas.\u00a0Los ojos y las garras suben y bajan.<\/p>\n<p><strong><span style=\"color: #ff0000;\">C\u00f3digo:<\/span> <\/strong>1210<br \/>\n<span style=\"color: #ff0000;\"><strong>C\u00f3digo de barras:<\/strong>\u00a0<span style=\"color: #808080;\">7896448112107<\/span><\/span><br \/>\n<strong><span style=\"color: #ff0000;\">Cantidad de jugadores:<\/span><\/strong> 1 o m\u00e1s jugadores<br \/>\n<strong><span style=\"color: #ff0000;\">Edad:<\/span><\/strong> 18 meses en adelante<br \/>\n<strong><span style=\"color: #ff0000;\">Cantidad de piezas:<\/span><\/strong> 1 Cangrejo<br \/>\n<strong><span style=\"color: #ff0000;\">Medidas:<\/span><\/strong> 28 x 14 x 22 cm<\/p>\n","protected":false},"featured_media":210045,"comment_status":"closed","ping_status":"closed","template":"","meta":{"_et_pb_use_builder":"","_et_pb_old_content":"","_et_gb_content_width":"","_uf_show_specific_survey":0,"_uf_disable_surveys":false},"product_brand":[],"product_cat":[69,203],"product_tag":[],"class_list":{"0":"post-210043","1":"product","2":"type-product","3":"status-publish","4":"has-post-thumbnail","6":"product_cat-0-a-1-ano","7":"product_cat-elka-primer-infancia","9":"first","10":"instock","11":"purchasable","12":"product-type-simple"},"aioseo_notices":[],"yoast_head":"<!-- This site is optimized with the Yoast SEO plugin v24.8.1 - https:\/\/yoast.com\/wordpress\/plugins\/seo\/ -->\n<title>CAC\u00c1 - MEXE PERNINHAS - Didacta<\/title>\n<meta name=\"robots\" content=\"index, follow, max-snippet:-1, max-image-preview:large, max-video-preview:-1\" \/>\n<link rel=\"canonical\" href=\"https:\/\/didacta.com.uy\/sitio\/producto\/caca-mexe-perninhas\/\" \/>\n<meta property=\"og:locale\" content=\"es_ES\" \/>\n<meta property=\"og:type\" content=\"article\" \/>\n<meta property=\"og:title\" content=\"CAC\u00c1 - MEXE PERNINHAS - Didacta\" \/>\n<meta property=\"og:description\" content=\"\u00a1Cac\u00e1, el cangrejo, lleno de actividades!\u00a0Todo divertido, tirando de la cuerda se aleja, moviendo las piernas.\u00a0Los ojos y las garras suben y bajan.  C\u00f3digo: 1210 C\u00f3digo de barras:\u00a07896448112107 Cantidad de jugadores: 1 o m\u00e1s jugadores Edad: 18 meses en adelante Cantidad de piezas: 1 Cangrejo Medidas: 28 x 14 x 22 cm\" \/>\n<meta property=\"og:url\" content=\"https:\/\/didacta.com.uy\/sitio\/producto\/caca-mexe-perninhas\/\" \/>\n<meta property=\"og:site_name\" content=\"Didacta\" \/>\n<meta property=\"article:modified_time\" content=\"2022-10-26T14:55:24+00:00\" \/>\n<meta property=\"og:image\" content=\"https:\/\/didacta.com.uy\/sitio\/wp-content\/uploads\/2022\/10\/1210.png\" \/>\n\t<meta property=\"og:image:width\" content=\"1000\" \/>\n\t<meta property=\"og:image:height\" content=\"1000\" \/>\n\t<meta property=\"og:image:type\" content=\"image\/png\" \/>\n<meta name=\"twitter:card\" content=\"summary_large_image\" \/>\n<script type=\"application\/ld+json\" class=\"yoast-schema-graph\">{\"@context\":\"https:\/\/schema.org\",\"@graph\":[{\"@type\":\"WebPage\",\"@id\":\"https:\/\/didacta.com.uy\/sitio\/producto\/caca-mexe-perninhas\/\",\"url\":\"https:\/\/didacta.com.uy\/sitio\/producto\/caca-mexe-perninhas\/\",\"name\":\"CAC\u00c1 - MEXE PERNINHAS - Didacta\",\"isPartOf\":{\"@id\":\"https:\/\/didacta.com.uy\/sitio\/#website\"},\"primaryImageOfPage\":{\"@id\":\"https:\/\/didacta.com.uy\/sitio\/producto\/caca-mexe-perninhas\/#primaryimage\"},\"image\":{\"@id\":\"https:\/\/didacta.com.uy\/sitio\/producto\/caca-mexe-perninhas\/#primaryimage\"},\"thumbnailUrl\":\"https:\/\/didacta.com.uy\/sitio\/wp-content\/uploads\/2022\/10\/1210.png\",\"datePublished\":\"2022-10-26T14:39:55+00:00\",\"dateModified\":\"2022-10-26T14:55:24+00:00\",\"breadcrumb\":{\"@id\":\"https:\/\/didacta.com.uy\/sitio\/producto\/caca-mexe-perninhas\/#breadcrumb\"},\"inLanguage\":\"es\",\"potentialAction\":[{\"@type\":\"ReadAction\",\"target\":[\"https:\/\/didacta.com.uy\/sitio\/producto\/caca-mexe-perninhas\/\"]}]},{\"@type\":\"ImageObject\",\"inLanguage\":\"es\",\"@id\":\"https:\/\/didacta.com.uy\/sitio\/producto\/caca-mexe-perninhas\/#primaryimage\",\"url\":\"https:\/\/didacta.com.uy\/sitio\/wp-content\/uploads\/2022\/10\/1210.png\",\"contentUrl\":\"https:\/\/didacta.com.uy\/sitio\/wp-content\/uploads\/2022\/10\/1210.png\",\"width\":1000,\"height\":1000},{\"@type\":\"BreadcrumbList\",\"@id\":\"https:\/\/didacta.com.uy\/sitio\/producto\/caca-mexe-perninhas\/#breadcrumb\",\"itemListElement\":[{\"@type\":\"ListItem\",\"position\":1,\"name\":\"Portada\",\"item\":\"https:\/\/didacta.com.uy\/sitio\/\"},{\"@type\":\"ListItem\",\"position\":2,\"name\":\"Inicio\",\"item\":\"https:\/\/didacta.com.uy\/sitio\/\"},{\"@type\":\"ListItem\",\"position\":3,\"name\":\"CAC\u00c1 &#8211; MEXE PERNINHAS\"}]},{\"@type\":\"WebSite\",\"@id\":\"https:\/\/didacta.com.uy\/sitio\/#website\",\"url\":\"https:\/\/didacta.com.uy\/sitio\/\",\"name\":\"Didacta\",\"description\":\"Con m\u00e1s de 20 a\u00f1os de experiencia, DIDACTA es la marca l\u00edder en el mercado uruguayo de juegos de mesa.\",\"potentialAction\":[{\"@type\":\"SearchAction\",\"target\":{\"@type\":\"EntryPoint\",\"urlTemplate\":\"https:\/\/didacta.com.uy\/sitio\/?s={search_term_string}\"},\"query-input\":{\"@type\":\"PropertyValueSpecification\",\"valueRequired\":true,\"valueName\":\"search_term_string\"}}],\"inLanguage\":\"es\"}]}<\/script>\n<!-- \/ Yoast SEO plugin. -->","yoast_head_json":{"title":"CAC\u00c1 - MEXE PERNINHAS - Didacta","robots":{"index":"index","follow":"follow","max-snippet":"max-snippet:-1","max-image-preview":"max-image-preview:large","max-video-preview":"max-video-preview:-1"},"canonical":"https:\/\/didacta.com.uy\/sitio\/producto\/caca-mexe-perninhas\/","og_locale":"es_ES","og_type":"article","og_title":"CAC\u00c1 - MEXE PERNINHAS - Didacta","og_description":"\u00a1Cac\u00e1, el cangrejo, lleno de actividades!\u00a0Todo divertido, tirando de la cuerda se aleja, moviendo las piernas.\u00a0Los ojos y las garras suben y bajan.  C\u00f3digo: 1210 C\u00f3digo de barras:\u00a07896448112107 Cantidad de jugadores: 1 o m\u00e1s jugadores Edad: 18 meses en adelante Cantidad de piezas: 1 Cangrejo Medidas: 28 x 14 x 22 cm","og_url":"https:\/\/didacta.com.uy\/sitio\/producto\/caca-mexe-perninhas\/","og_site_name":"Didacta","article_modified_time":"2022-10-26T14:55:24+00:00","og_image":[{"width":1000,"height":1000,"url":"https:\/\/didacta.com.uy\/sitio\/wp-content\/uploads\/2022\/10\/1210.png","type":"image\/png"}],"twitter_card":"summary_large_image","schema":{"@context":"https:\/\/schema.org","@graph":[{"@type":"WebPage","@id":"https:\/\/didacta.com.uy\/sitio\/producto\/caca-mexe-perninhas\/","url":"https:\/\/didacta.com.uy\/sitio\/producto\/caca-mexe-perninhas\/","name":"CAC\u00c1 - MEXE PERNINHAS - Didacta","isPartOf":{"@id":"https:\/\/didacta.com.uy\/sitio\/#website"},"primaryImageOfPage":{"@id":"https:\/\/didacta.com.uy\/sitio\/producto\/caca-mexe-perninhas\/#primaryimage"},"image":{"@id":"https:\/\/didacta.com.uy\/sitio\/producto\/caca-mexe-perninhas\/#primaryimage"},"thumbnailUrl":"https:\/\/didacta.com.uy\/sitio\/wp-content\/uploads\/2022\/10\/1210.png","datePublished":"2022-10-26T14:39:55+00:00","dateModified":"2022-10-26T14:55:24+00:00","breadcrumb":{"@id":"https:\/\/didacta.com.uy\/sitio\/producto\/caca-mexe-perninhas\/#breadcrumb"},"inLanguage":"es","potentialAction":[{"@type":"ReadAction","target":["https:\/\/didacta.com.uy\/sitio\/producto\/caca-mexe-perninhas\/"]}]},{"@type":"ImageObject","inLanguage":"es","@id":"https:\/\/didacta.com.uy\/sitio\/producto\/caca-mexe-perninhas\/#primaryimage","url":"https:\/\/didacta.com.uy\/sitio\/wp-content\/uploads\/2022\/10\/1210.png","contentUrl":"https:\/\/didacta.com.uy\/sitio\/wp-content\/uploads\/2022\/10\/1210.png","width":1000,"height":1000},{"@type":"BreadcrumbList","@id":"https:\/\/didacta.com.uy\/sitio\/producto\/caca-mexe-perninhas\/#breadcrumb","itemListElement":[{"@type":"ListItem","position":1,"name":"Portada","item":"https:\/\/didacta.com.uy\/sitio\/"},{"@type":"ListItem","position":2,"name":"Inicio","item":"https:\/\/didacta.com.uy\/sitio\/"},{"@type":"ListItem","position":3,"name":"CAC\u00c1 &#8211; MEXE PERNINHAS"}]},{"@type":"WebSite","@id":"https:\/\/didacta.com.uy\/sitio\/#website","url":"https:\/\/didacta.com.uy\/sitio\/","name":"Didacta","description":"Con m\u00e1s de 20 a\u00f1os de experiencia, DIDACTA es la marca l\u00edder en el mercado uruguayo de juegos de mesa.","potentialAction":[{"@type":"SearchAction","target":{"@type":"EntryPoint","urlTemplate":"https:\/\/didacta.com.uy\/sitio\/?s={search_term_string}"},"query-input":{"@type":"PropertyValueSpecification","valueRequired":true,"valueName":"search_term_string"}}],"inLanguage":"es"}]}},"_links":{"self":[{"href":"https:\/\/didacta.com.uy\/sitio\/wp-json\/wp\/v2\/product\/210043","targetHints":{"allow":["GET"]}}],"collection":[{"href":"https:\/\/didacta.com.uy\/sitio\/wp-json\/wp\/v2\/product"}],"about":[{"href":"https:\/\/didacta.com.uy\/sitio\/wp-json\/wp\/v2\/types\/product"}],"replies":[{"embeddable":true,"href":"https:\/\/didacta.com.uy\/sitio\/wp-json\/wp\/v2\/comments?post=210043"}],"wp:featuredmedia":[{"embeddable":true,"href":"https:\/\/didacta.com.uy\/sitio\/wp-json\/wp\/v2\/media\/210045"}],"wp:attachment":[{"href":"https:\/\/didacta.com.uy\/sitio\/wp-json\/wp\/v2\/media?parent=210043"}],"wp:term":[{"taxonomy":"product_brand","embeddable":true,"href":"https:\/\/didacta.com.uy\/sitio\/wp-json\/wp\/v2\/product_brand?post=210043"},{"taxonomy":"product_cat","embeddable":true,"href":"https:\/\/didacta.com.uy\/sitio\/wp-json\/wp\/v2\/product_cat?post=210043"},{"taxonomy":"product_tag","embeddable":true,"href":"https:\/\/didacta.com.uy\/sitio\/wp-json\/wp\/v2\/product_tag?post=210043"}],"curies":[{"name":"wp","href":"https:\/\/api.w.org\/{rel}","templated":true}]}}