{"id":209591,"date":"2022-09-21T17:21:30","date_gmt":"2022-09-21T17:21:30","guid":{"rendered":"http:\/\/didacta.com.uy\/sitio\/?post_type=product&#038;p=209591"},"modified":"2023-11-13T15:10:50","modified_gmt":"2023-11-13T15:10:50","slug":"casita-con-mascota-y-sonido","status":"publish","type":"product","link":"https:\/\/didacta.com.uy\/sitio\/producto\/casita-con-mascota-y-sonido\/","title":{"rendered":"PETS ALIVE &#8211; CASITA MASCOTA CON SONIDO Y SORPRESAS"},"content":{"rendered":"<p>Sorprendente con la casita mascota de Pets Alive y descubr\u00ed qu\u00e9 animalito adoptar\u00e1s!<br \/>\n4 nuevas mascotas adorables para coleccionar: llama, unicornio, perrito y gatito.<br \/>\nEmiten sonidos de animales pero tambi\u00e9n le pod\u00e9s presionar su patita mientras le habl\u00e1s y te repetir\u00e1 cualquier cosa que le digas.<br \/>\nAdem\u00e1s viene lista para su primer pijamada contigo!<br \/>\nContiene m\u00e1s de 10 sorpresas para que puedan descubrir juntos!<\/p>\n<p><strong>C\u00f3digo:<\/strong> 9532<br \/>\n<strong>C\u00f3digo de barras: <\/strong>7730549006548<br \/>\n<strong>Edad: <\/strong>De 3 a\u00f1os en adelante<br \/>\n<strong>Contiene:<\/strong> 1 Mascota, su casita y sopresas.<br \/>\n<strong>Medidas:\u00a0<\/strong>20.5 x 14.7 x 17.5 cm<\/p>\n<p><iframe loading=\"lazy\" width=\"560\" height=\"315\" src=\"https:\/\/www.youtube.com\/embed\/zNyLC8trrBM?si=E0KTG4fwCVCuyeY1\" title=\"YouTube video player\" frameborder=\"0\" allow=\"accelerometer; autoplay; clipboard-write; encrypted-media; gyroscope; picture-in-picture; web-share\" allowfullscreen><\/iframe><\/p>\n","protected":false},"excerpt":{"rendered":"<p>Sorprendente con la casita mascota de Pets Alive y descubr\u00ed qu\u00e9 animalito adoptar\u00e1s!<br \/>\n4 nuevas mascotas adorables para coleccionar: llama, unicornio, perrito y gatito.<br \/>\nEmiten sonidos de animales pero tambi\u00e9n le pod\u00e9s presionar su patita mientras le habl\u00e1s y te repetir\u00e1 cualquier cosa que le digas.<br \/>\nAdem\u00e1s viene lista para su primer pijamada contigo!<br \/>\nContiene m\u00e1s de 10 sorpresas para que puedan descubrir juntos!<\/p>\n<p><strong>C\u00f3digo:<\/strong> 9532<br \/>\n<strong>C\u00f3digo de barras: <\/strong>7730549006548<br \/>\n<strong>Edad: <\/strong>De 3 a\u00f1os en adelante<br \/>\n<strong>Contiene:<\/strong> 1 Mascota, su casita y sopresas.<br \/>\n<strong>Medidas:\u00a0<\/strong>20.5 x 14.7 x 17.5 cm<\/p>\n<p><iframe loading=\"lazy\" width=\"560\" height=\"315\" src=\"https:\/\/www.youtube.com\/embed\/zNyLC8trrBM?si=E0KTG4fwCVCuyeY1\" title=\"YouTube video player\" frameborder=\"0\" allow=\"accelerometer; autoplay; clipboard-write; encrypted-media; gyroscope; picture-in-picture; web-share\" allowfullscreen><\/iframe><\/p>\n","protected":false},"featured_media":212915,"comment_status":"closed","ping_status":"closed","template":"","meta":{"_et_pb_use_builder":"","_et_pb_old_content":"","_et_gb_content_width":"","_uf_show_specific_survey":0,"_uf_disable_surveys":false},"product_brand":[],"product_cat":[209],"product_tag":[],"class_list":{"0":"post-209591","1":"product","2":"type-product","3":"status-publish","4":"has-post-thumbnail","6":"product_cat-pets-alive","8":"first","9":"instock","10":"purchasable","11":"product-type-simple"},"aioseo_notices":[],"yoast_head":"<!-- This site is optimized with the Yoast SEO plugin v24.8.1 - https:\/\/yoast.com\/wordpress\/plugins\/seo\/ -->\n<title>PETS ALIVE - CASITA MASCOTA CON SONIDO Y SORPRESAS - Didacta<\/title>\n<meta name=\"robots\" content=\"index, follow, max-snippet:-1, max-image-preview:large, max-video-preview:-1\" \/>\n<link rel=\"canonical\" href=\"https:\/\/didacta.com.uy\/sitio\/producto\/casita-con-mascota-y-sonido\/\" \/>\n<meta property=\"og:locale\" content=\"es_ES\" \/>\n<meta property=\"og:type\" content=\"article\" \/>\n<meta property=\"og:title\" content=\"PETS ALIVE - CASITA MASCOTA CON SONIDO Y SORPRESAS - Didacta\" \/>\n<meta property=\"og:description\" content=\"Sorprendente con la casita mascota de Pets Alive y descubr\u00ed qu\u00e9 animalito adoptar\u00e1s! 4 nuevas mascotas adorables para coleccionar: llama, unicornio, perrito y gatito. Emiten sonidos de animales pero tambi\u00e9n le pod\u00e9s presionar su patita mientras le habl\u00e1s y te repetir\u00e1 cualquier cosa que le digas. Adem\u00e1s viene lista para su primer pijamada contigo! Contiene m\u00e1s de 10 sorpresas para que puedan descubrir juntos!  C\u00f3digo: 9532 C\u00f3digo de barras: 7730549006548 Edad: De 3 a\u00f1os en adelante Contiene: 1 Mascota, su casita y sopresas. Medidas:\u00a020.5 x 14.7 x 17.5 cm\" \/>\n<meta property=\"og:url\" content=\"https:\/\/didacta.com.uy\/sitio\/producto\/casita-con-mascota-y-sonido\/\" \/>\n<meta property=\"og:site_name\" content=\"Didacta\" \/>\n<meta property=\"article:modified_time\" content=\"2023-11-13T15:10:50+00:00\" \/>\n<meta property=\"og:image\" content=\"https:\/\/didacta.com.uy\/sitio\/wp-content\/uploads\/2022\/09\/9532-ej-sorpresas.jpg\" \/>\n\t<meta property=\"og:image:width\" content=\"700\" \/>\n\t<meta property=\"og:image:height\" content=\"752\" \/>\n\t<meta property=\"og:image:type\" content=\"image\/jpeg\" \/>\n<meta name=\"twitter:card\" content=\"summary_large_image\" \/>\n<meta name=\"twitter:label1\" content=\"Tiempo de lectura\" \/>\n\t<meta name=\"twitter:data1\" content=\"1 minuto\" \/>\n<script type=\"application\/ld+json\" class=\"yoast-schema-graph\">{\"@context\":\"https:\/\/schema.org\",\"@graph\":[{\"@type\":\"WebPage\",\"@id\":\"https:\/\/didacta.com.uy\/sitio\/producto\/casita-con-mascota-y-sonido\/\",\"url\":\"https:\/\/didacta.com.uy\/sitio\/producto\/casita-con-mascota-y-sonido\/\",\"name\":\"PETS ALIVE - CASITA MASCOTA CON SONIDO Y SORPRESAS - Didacta\",\"isPartOf\":{\"@id\":\"https:\/\/didacta.com.uy\/sitio\/#website\"},\"primaryImageOfPage\":{\"@id\":\"https:\/\/didacta.com.uy\/sitio\/producto\/casita-con-mascota-y-sonido\/#primaryimage\"},\"image\":{\"@id\":\"https:\/\/didacta.com.uy\/sitio\/producto\/casita-con-mascota-y-sonido\/#primaryimage\"},\"thumbnailUrl\":\"https:\/\/didacta.com.uy\/sitio\/wp-content\/uploads\/2022\/09\/9532-ej-sorpresas.jpg\",\"datePublished\":\"2022-09-21T17:21:30+00:00\",\"dateModified\":\"2023-11-13T15:10:50+00:00\",\"breadcrumb\":{\"@id\":\"https:\/\/didacta.com.uy\/sitio\/producto\/casita-con-mascota-y-sonido\/#breadcrumb\"},\"inLanguage\":\"es\",\"potentialAction\":[{\"@type\":\"ReadAction\",\"target\":[\"https:\/\/didacta.com.uy\/sitio\/producto\/casita-con-mascota-y-sonido\/\"]}]},{\"@type\":\"ImageObject\",\"inLanguage\":\"es\",\"@id\":\"https:\/\/didacta.com.uy\/sitio\/producto\/casita-con-mascota-y-sonido\/#primaryimage\",\"url\":\"https:\/\/didacta.com.uy\/sitio\/wp-content\/uploads\/2022\/09\/9532-ej-sorpresas.jpg\",\"contentUrl\":\"https:\/\/didacta.com.uy\/sitio\/wp-content\/uploads\/2022\/09\/9532-ej-sorpresas.jpg\",\"width\":700,\"height\":752},{\"@type\":\"BreadcrumbList\",\"@id\":\"https:\/\/didacta.com.uy\/sitio\/producto\/casita-con-mascota-y-sonido\/#breadcrumb\",\"itemListElement\":[{\"@type\":\"ListItem\",\"position\":1,\"name\":\"Portada\",\"item\":\"https:\/\/didacta.com.uy\/sitio\/\"},{\"@type\":\"ListItem\",\"position\":2,\"name\":\"Inicio\",\"item\":\"https:\/\/didacta.com.uy\/sitio\/\"},{\"@type\":\"ListItem\",\"position\":3,\"name\":\"PETS ALIVE &#8211; CASITA MASCOTA CON SONIDO Y SORPRESAS\"}]},{\"@type\":\"WebSite\",\"@id\":\"https:\/\/didacta.com.uy\/sitio\/#website\",\"url\":\"https:\/\/didacta.com.uy\/sitio\/\",\"name\":\"Didacta\",\"description\":\"Con m\u00e1s de 20 a\u00f1os de experiencia, DIDACTA es la marca l\u00edder en el mercado uruguayo de juegos de mesa.\",\"potentialAction\":[{\"@type\":\"SearchAction\",\"target\":{\"@type\":\"EntryPoint\",\"urlTemplate\":\"https:\/\/didacta.com.uy\/sitio\/?s={search_term_string}\"},\"query-input\":{\"@type\":\"PropertyValueSpecification\",\"valueRequired\":true,\"valueName\":\"search_term_string\"}}],\"inLanguage\":\"es\"}]}<\/script>\n<!-- \/ Yoast SEO plugin. -->","yoast_head_json":{"title":"PETS ALIVE - CASITA MASCOTA CON SONIDO Y SORPRESAS - Didacta","robots":{"index":"index","follow":"follow","max-snippet":"max-snippet:-1","max-image-preview":"max-image-preview:large","max-video-preview":"max-video-preview:-1"},"canonical":"https:\/\/didacta.com.uy\/sitio\/producto\/casita-con-mascota-y-sonido\/","og_locale":"es_ES","og_type":"article","og_title":"PETS ALIVE - CASITA MASCOTA CON SONIDO Y SORPRESAS - Didacta","og_description":"Sorprendente con la casita mascota de Pets Alive y descubr\u00ed qu\u00e9 animalito adoptar\u00e1s! 4 nuevas mascotas adorables para coleccionar: llama, unicornio, perrito y gatito. Emiten sonidos de animales pero tambi\u00e9n le pod\u00e9s presionar su patita mientras le habl\u00e1s y te repetir\u00e1 cualquier cosa que le digas. Adem\u00e1s viene lista para su primer pijamada contigo! Contiene m\u00e1s de 10 sorpresas para que puedan descubrir juntos!  C\u00f3digo: 9532 C\u00f3digo de barras: 7730549006548 Edad: De 3 a\u00f1os en adelante Contiene: 1 Mascota, su casita y sopresas. Medidas:\u00a020.5 x 14.7 x 17.5 cm","og_url":"https:\/\/didacta.com.uy\/sitio\/producto\/casita-con-mascota-y-sonido\/","og_site_name":"Didacta","article_modified_time":"2023-11-13T15:10:50+00:00","og_image":[{"width":700,"height":752,"url":"https:\/\/didacta.com.uy\/sitio\/wp-content\/uploads\/2022\/09\/9532-ej-sorpresas.jpg","type":"image\/jpeg"}],"twitter_card":"summary_large_image","twitter_misc":{"Tiempo de lectura":"1 minuto"},"schema":{"@context":"https:\/\/schema.org","@graph":[{"@type":"WebPage","@id":"https:\/\/didacta.com.uy\/sitio\/producto\/casita-con-mascota-y-sonido\/","url":"https:\/\/didacta.com.uy\/sitio\/producto\/casita-con-mascota-y-sonido\/","name":"PETS ALIVE - CASITA MASCOTA CON SONIDO Y SORPRESAS - Didacta","isPartOf":{"@id":"https:\/\/didacta.com.uy\/sitio\/#website"},"primaryImageOfPage":{"@id":"https:\/\/didacta.com.uy\/sitio\/producto\/casita-con-mascota-y-sonido\/#primaryimage"},"image":{"@id":"https:\/\/didacta.com.uy\/sitio\/producto\/casita-con-mascota-y-sonido\/#primaryimage"},"thumbnailUrl":"https:\/\/didacta.com.uy\/sitio\/wp-content\/uploads\/2022\/09\/9532-ej-sorpresas.jpg","datePublished":"2022-09-21T17:21:30+00:00","dateModified":"2023-11-13T15:10:50+00:00","breadcrumb":{"@id":"https:\/\/didacta.com.uy\/sitio\/producto\/casita-con-mascota-y-sonido\/#breadcrumb"},"inLanguage":"es","potentialAction":[{"@type":"ReadAction","target":["https:\/\/didacta.com.uy\/sitio\/producto\/casita-con-mascota-y-sonido\/"]}]},{"@type":"ImageObject","inLanguage":"es","@id":"https:\/\/didacta.com.uy\/sitio\/producto\/casita-con-mascota-y-sonido\/#primaryimage","url":"https:\/\/didacta.com.uy\/sitio\/wp-content\/uploads\/2022\/09\/9532-ej-sorpresas.jpg","contentUrl":"https:\/\/didacta.com.uy\/sitio\/wp-content\/uploads\/2022\/09\/9532-ej-sorpresas.jpg","width":700,"height":752},{"@type":"BreadcrumbList","@id":"https:\/\/didacta.com.uy\/sitio\/producto\/casita-con-mascota-y-sonido\/#breadcrumb","itemListElement":[{"@type":"ListItem","position":1,"name":"Portada","item":"https:\/\/didacta.com.uy\/sitio\/"},{"@type":"ListItem","position":2,"name":"Inicio","item":"https:\/\/didacta.com.uy\/sitio\/"},{"@type":"ListItem","position":3,"name":"PETS ALIVE &#8211; CASITA MASCOTA CON SONIDO Y SORPRESAS"}]},{"@type":"WebSite","@id":"https:\/\/didacta.com.uy\/sitio\/#website","url":"https:\/\/didacta.com.uy\/sitio\/","name":"Didacta","description":"Con m\u00e1s de 20 a\u00f1os de experiencia, DIDACTA es la marca l\u00edder en el mercado uruguayo de juegos de mesa.","potentialAction":[{"@type":"SearchAction","target":{"@type":"EntryPoint","urlTemplate":"https:\/\/didacta.com.uy\/sitio\/?s={search_term_string}"},"query-input":{"@type":"PropertyValueSpecification","valueRequired":true,"valueName":"search_term_string"}}],"inLanguage":"es"}]}},"_links":{"self":[{"href":"https:\/\/didacta.com.uy\/sitio\/wp-json\/wp\/v2\/product\/209591","targetHints":{"allow":["GET"]}}],"collection":[{"href":"https:\/\/didacta.com.uy\/sitio\/wp-json\/wp\/v2\/product"}],"about":[{"href":"https:\/\/didacta.com.uy\/sitio\/wp-json\/wp\/v2\/types\/product"}],"replies":[{"embeddable":true,"href":"https:\/\/didacta.com.uy\/sitio\/wp-json\/wp\/v2\/comments?post=209591"}],"wp:featuredmedia":[{"embeddable":true,"href":"https:\/\/didacta.com.uy\/sitio\/wp-json\/wp\/v2\/media\/212915"}],"wp:attachment":[{"href":"https:\/\/didacta.com.uy\/sitio\/wp-json\/wp\/v2\/media?parent=209591"}],"wp:term":[{"taxonomy":"product_brand","embeddable":true,"href":"https:\/\/didacta.com.uy\/sitio\/wp-json\/wp\/v2\/product_brand?post=209591"},{"taxonomy":"product_cat","embeddable":true,"href":"https:\/\/didacta.com.uy\/sitio\/wp-json\/wp\/v2\/product_cat?post=209591"},{"taxonomy":"product_tag","embeddable":true,"href":"https:\/\/didacta.com.uy\/sitio\/wp-json\/wp\/v2\/product_tag?post=209591"}],"curies":[{"name":"wp","href":"https:\/\/api.w.org\/{rel}","templated":true}]}}