{"id":209541,"date":"2022-09-19T13:52:31","date_gmt":"2022-09-19T13:52:31","guid":{"rendered":"http:\/\/didacta.com.uy\/sitio\/?post_type=product&#038;p=209541"},"modified":"2024-02-14T05:24:02","modified_gmt":"2024-02-14T05:24:02","slug":"sonajero-estirado-leon-copia","status":"publish","type":"product","link":"https:\/\/didacta.com.uy\/sitio\/producto\/sonajero-estirado-leon-copia\/","title":{"rendered":"SONAJERO ESTIRADO LEON"},"content":{"rendered":"<p>El sonajero estirado de Leon tiene un agarre c\u00f3modo. es suave y agradable al morder. columpiarse y golpearlo hace un sonido de silbato. Hecho de material no t\u00f3xico.<\/p>\n<p><strong>C\u00f3digo:<\/strong> 1111<br \/>\n<strong>C\u00f3digo de barras:<\/strong> 7896448111170<br \/>\n<strong>Edad:<\/strong> 3 meses en adelante<br \/>\n<strong>Medidas:<\/strong> 15 x 5 x 22 cm<\/p>\n","protected":false},"excerpt":{"rendered":"<p>El sonajero estirado de Leon tiene un agarre c\u00f3modo. es suave y agradable al morder. columpiarse y golpearlo hace un sonido de silbato. Hecho de material no t\u00f3xico.<\/p>\n<p><strong>C\u00f3digo:<\/strong> 1111<br \/>\n<strong>C\u00f3digo de barras:<\/strong> 7896448111170<br \/>\n<strong>Edad:<\/strong> 3 meses en adelante<br \/>\n<strong>Medidas:<\/strong> 15 x 5 x 22 cm<\/p>\n","protected":false},"featured_media":212557,"comment_status":"closed","ping_status":"closed","template":"","meta":{"_et_pb_use_builder":"","_et_pb_old_content":"","_et_gb_content_width":"","_uf_show_specific_survey":0,"_uf_disable_surveys":false},"product_brand":[],"product_cat":[69,70,203],"product_tag":[],"class_list":{"0":"post-209541","1":"product","2":"type-product","3":"status-publish","4":"has-post-thumbnail","6":"product_cat-0-a-1-ano","7":"product_cat-1-a-3-anos","8":"product_cat-elka-primer-infancia","10":"first","11":"instock","12":"purchasable","13":"product-type-simple"},"aioseo_notices":[],"yoast_head":"<!-- This site is optimized with the Yoast SEO plugin v24.8.1 - https:\/\/yoast.com\/wordpress\/plugins\/seo\/ -->\n<title>SONAJERO ESTIRADO LEON - Didacta<\/title>\n<meta name=\"robots\" content=\"index, follow, max-snippet:-1, max-image-preview:large, max-video-preview:-1\" \/>\n<link rel=\"canonical\" href=\"https:\/\/didacta.com.uy\/sitio\/producto\/sonajero-estirado-leon-copia\/\" \/>\n<meta property=\"og:locale\" content=\"es_ES\" \/>\n<meta property=\"og:type\" content=\"article\" \/>\n<meta property=\"og:title\" content=\"SONAJERO ESTIRADO LEON - Didacta\" \/>\n<meta property=\"og:description\" content=\"El sonajero estirado de Leon tiene un agarre c\u00f3modo. es suave y agradable al morder. columpiarse y golpearlo hace un sonido de silbato. Hecho de material no t\u00f3xico.  C\u00f3digo: 1111 C\u00f3digo de barras: 7896448111170 Edad: 3 meses en adelante Medidas: 15 x 5 x 22 cm\" \/>\n<meta property=\"og:url\" content=\"https:\/\/didacta.com.uy\/sitio\/producto\/sonajero-estirado-leon-copia\/\" \/>\n<meta property=\"og:site_name\" content=\"Didacta\" \/>\n<meta property=\"article:modified_time\" content=\"2024-02-14T05:24:02+00:00\" \/>\n<meta property=\"og:image\" content=\"https:\/\/didacta.com.uy\/sitio\/wp-content\/uploads\/2022\/09\/Captura-de-Pantalla-2023-07-29-a-las-10.16.42.png\" \/>\n\t<meta property=\"og:image:width\" content=\"454\" \/>\n\t<meta property=\"og:image:height\" content=\"437\" \/>\n\t<meta property=\"og:image:type\" content=\"image\/png\" \/>\n<meta name=\"twitter:card\" content=\"summary_large_image\" \/>\n<meta name=\"twitter:label1\" content=\"Tiempo de lectura\" \/>\n\t<meta name=\"twitter:data1\" content=\"1 minuto\" \/>\n<script type=\"application\/ld+json\" class=\"yoast-schema-graph\">{\"@context\":\"https:\/\/schema.org\",\"@graph\":[{\"@type\":\"WebPage\",\"@id\":\"https:\/\/didacta.com.uy\/sitio\/producto\/sonajero-estirado-leon-copia\/\",\"url\":\"https:\/\/didacta.com.uy\/sitio\/producto\/sonajero-estirado-leon-copia\/\",\"name\":\"SONAJERO ESTIRADO LEON - Didacta\",\"isPartOf\":{\"@id\":\"https:\/\/didacta.com.uy\/sitio\/#website\"},\"primaryImageOfPage\":{\"@id\":\"https:\/\/didacta.com.uy\/sitio\/producto\/sonajero-estirado-leon-copia\/#primaryimage\"},\"image\":{\"@id\":\"https:\/\/didacta.com.uy\/sitio\/producto\/sonajero-estirado-leon-copia\/#primaryimage\"},\"thumbnailUrl\":\"https:\/\/didacta.com.uy\/sitio\/wp-content\/uploads\/2022\/09\/Captura-de-Pantalla-2023-07-29-a-las-10.16.42.png\",\"datePublished\":\"2022-09-19T13:52:31+00:00\",\"dateModified\":\"2024-02-14T05:24:02+00:00\",\"breadcrumb\":{\"@id\":\"https:\/\/didacta.com.uy\/sitio\/producto\/sonajero-estirado-leon-copia\/#breadcrumb\"},\"inLanguage\":\"es\",\"potentialAction\":[{\"@type\":\"ReadAction\",\"target\":[\"https:\/\/didacta.com.uy\/sitio\/producto\/sonajero-estirado-leon-copia\/\"]}]},{\"@type\":\"ImageObject\",\"inLanguage\":\"es\",\"@id\":\"https:\/\/didacta.com.uy\/sitio\/producto\/sonajero-estirado-leon-copia\/#primaryimage\",\"url\":\"https:\/\/didacta.com.uy\/sitio\/wp-content\/uploads\/2022\/09\/Captura-de-Pantalla-2023-07-29-a-las-10.16.42.png\",\"contentUrl\":\"https:\/\/didacta.com.uy\/sitio\/wp-content\/uploads\/2022\/09\/Captura-de-Pantalla-2023-07-29-a-las-10.16.42.png\",\"width\":454,\"height\":437},{\"@type\":\"BreadcrumbList\",\"@id\":\"https:\/\/didacta.com.uy\/sitio\/producto\/sonajero-estirado-leon-copia\/#breadcrumb\",\"itemListElement\":[{\"@type\":\"ListItem\",\"position\":1,\"name\":\"Portada\",\"item\":\"https:\/\/didacta.com.uy\/sitio\/\"},{\"@type\":\"ListItem\",\"position\":2,\"name\":\"Inicio\",\"item\":\"https:\/\/didacta.com.uy\/sitio\/\"},{\"@type\":\"ListItem\",\"position\":3,\"name\":\"SONAJERO ESTIRADO LEON\"}]},{\"@type\":\"WebSite\",\"@id\":\"https:\/\/didacta.com.uy\/sitio\/#website\",\"url\":\"https:\/\/didacta.com.uy\/sitio\/\",\"name\":\"Didacta\",\"description\":\"Con m\u00e1s de 20 a\u00f1os de experiencia, DIDACTA es la marca l\u00edder en el mercado uruguayo de juegos de mesa.\",\"potentialAction\":[{\"@type\":\"SearchAction\",\"target\":{\"@type\":\"EntryPoint\",\"urlTemplate\":\"https:\/\/didacta.com.uy\/sitio\/?s={search_term_string}\"},\"query-input\":{\"@type\":\"PropertyValueSpecification\",\"valueRequired\":true,\"valueName\":\"search_term_string\"}}],\"inLanguage\":\"es\"}]}<\/script>\n<!-- \/ Yoast SEO plugin. -->","yoast_head_json":{"title":"SONAJERO ESTIRADO LEON - Didacta","robots":{"index":"index","follow":"follow","max-snippet":"max-snippet:-1","max-image-preview":"max-image-preview:large","max-video-preview":"max-video-preview:-1"},"canonical":"https:\/\/didacta.com.uy\/sitio\/producto\/sonajero-estirado-leon-copia\/","og_locale":"es_ES","og_type":"article","og_title":"SONAJERO ESTIRADO LEON - Didacta","og_description":"El sonajero estirado de Leon tiene un agarre c\u00f3modo. es suave y agradable al morder. columpiarse y golpearlo hace un sonido de silbato. Hecho de material no t\u00f3xico.  C\u00f3digo: 1111 C\u00f3digo de barras: 7896448111170 Edad: 3 meses en adelante Medidas: 15 x 5 x 22 cm","og_url":"https:\/\/didacta.com.uy\/sitio\/producto\/sonajero-estirado-leon-copia\/","og_site_name":"Didacta","article_modified_time":"2024-02-14T05:24:02+00:00","og_image":[{"width":454,"height":437,"url":"https:\/\/didacta.com.uy\/sitio\/wp-content\/uploads\/2022\/09\/Captura-de-Pantalla-2023-07-29-a-las-10.16.42.png","type":"image\/png"}],"twitter_card":"summary_large_image","twitter_misc":{"Tiempo de lectura":"1 minuto"},"schema":{"@context":"https:\/\/schema.org","@graph":[{"@type":"WebPage","@id":"https:\/\/didacta.com.uy\/sitio\/producto\/sonajero-estirado-leon-copia\/","url":"https:\/\/didacta.com.uy\/sitio\/producto\/sonajero-estirado-leon-copia\/","name":"SONAJERO ESTIRADO LEON - Didacta","isPartOf":{"@id":"https:\/\/didacta.com.uy\/sitio\/#website"},"primaryImageOfPage":{"@id":"https:\/\/didacta.com.uy\/sitio\/producto\/sonajero-estirado-leon-copia\/#primaryimage"},"image":{"@id":"https:\/\/didacta.com.uy\/sitio\/producto\/sonajero-estirado-leon-copia\/#primaryimage"},"thumbnailUrl":"https:\/\/didacta.com.uy\/sitio\/wp-content\/uploads\/2022\/09\/Captura-de-Pantalla-2023-07-29-a-las-10.16.42.png","datePublished":"2022-09-19T13:52:31+00:00","dateModified":"2024-02-14T05:24:02+00:00","breadcrumb":{"@id":"https:\/\/didacta.com.uy\/sitio\/producto\/sonajero-estirado-leon-copia\/#breadcrumb"},"inLanguage":"es","potentialAction":[{"@type":"ReadAction","target":["https:\/\/didacta.com.uy\/sitio\/producto\/sonajero-estirado-leon-copia\/"]}]},{"@type":"ImageObject","inLanguage":"es","@id":"https:\/\/didacta.com.uy\/sitio\/producto\/sonajero-estirado-leon-copia\/#primaryimage","url":"https:\/\/didacta.com.uy\/sitio\/wp-content\/uploads\/2022\/09\/Captura-de-Pantalla-2023-07-29-a-las-10.16.42.png","contentUrl":"https:\/\/didacta.com.uy\/sitio\/wp-content\/uploads\/2022\/09\/Captura-de-Pantalla-2023-07-29-a-las-10.16.42.png","width":454,"height":437},{"@type":"BreadcrumbList","@id":"https:\/\/didacta.com.uy\/sitio\/producto\/sonajero-estirado-leon-copia\/#breadcrumb","itemListElement":[{"@type":"ListItem","position":1,"name":"Portada","item":"https:\/\/didacta.com.uy\/sitio\/"},{"@type":"ListItem","position":2,"name":"Inicio","item":"https:\/\/didacta.com.uy\/sitio\/"},{"@type":"ListItem","position":3,"name":"SONAJERO ESTIRADO LEON"}]},{"@type":"WebSite","@id":"https:\/\/didacta.com.uy\/sitio\/#website","url":"https:\/\/didacta.com.uy\/sitio\/","name":"Didacta","description":"Con m\u00e1s de 20 a\u00f1os de experiencia, DIDACTA es la marca l\u00edder en el mercado uruguayo de juegos de mesa.","potentialAction":[{"@type":"SearchAction","target":{"@type":"EntryPoint","urlTemplate":"https:\/\/didacta.com.uy\/sitio\/?s={search_term_string}"},"query-input":{"@type":"PropertyValueSpecification","valueRequired":true,"valueName":"search_term_string"}}],"inLanguage":"es"}]}},"_links":{"self":[{"href":"https:\/\/didacta.com.uy\/sitio\/wp-json\/wp\/v2\/product\/209541","targetHints":{"allow":["GET"]}}],"collection":[{"href":"https:\/\/didacta.com.uy\/sitio\/wp-json\/wp\/v2\/product"}],"about":[{"href":"https:\/\/didacta.com.uy\/sitio\/wp-json\/wp\/v2\/types\/product"}],"replies":[{"embeddable":true,"href":"https:\/\/didacta.com.uy\/sitio\/wp-json\/wp\/v2\/comments?post=209541"}],"wp:featuredmedia":[{"embeddable":true,"href":"https:\/\/didacta.com.uy\/sitio\/wp-json\/wp\/v2\/media\/212557"}],"wp:attachment":[{"href":"https:\/\/didacta.com.uy\/sitio\/wp-json\/wp\/v2\/media?parent=209541"}],"wp:term":[{"taxonomy":"product_brand","embeddable":true,"href":"https:\/\/didacta.com.uy\/sitio\/wp-json\/wp\/v2\/product_brand?post=209541"},{"taxonomy":"product_cat","embeddable":true,"href":"https:\/\/didacta.com.uy\/sitio\/wp-json\/wp\/v2\/product_cat?post=209541"},{"taxonomy":"product_tag","embeddable":true,"href":"https:\/\/didacta.com.uy\/sitio\/wp-json\/wp\/v2\/product_tag?post=209541"}],"curies":[{"name":"wp","href":"https:\/\/api.w.org\/{rel}","templated":true}]}}