{"id":209538,"date":"2022-09-19T13:47:05","date_gmt":"2022-09-19T13:47:05","guid":{"rendered":"http:\/\/didacta.com.uy\/sitio\/?post_type=product&#038;p=209538"},"modified":"2024-02-14T05:22:51","modified_gmt":"2024-02-14T05:22:51","slug":"sonajero-estirado","status":"publish","type":"product","link":"https:\/\/didacta.com.uy\/sitio\/producto\/sonajero-estirado\/","title":{"rendered":"SONAJERO ESTIRADO ELEFANTE"},"content":{"rendered":"<p>El sonajero estirado tiene un agarre c\u00f3modo. es suave y agradable al morder. columpiarse y golpearlo hace un sonido de silbato. Hecho de material no t\u00f3xico.<\/p>\n<p><strong>C\u00f3digo:<\/strong> 1110<br \/>\n<strong>C\u00f3digo de barras:<\/strong> 7896448111100<br \/>\n<strong>Edad:<\/strong> 3 meses en adelante<br \/>\n<strong>Medidas:<\/strong> 15 x 5 x 22 cm<\/p>\n","protected":false},"excerpt":{"rendered":"<p>El sonajero estirado tiene un agarre c\u00f3modo. es suave y agradable al morder. columpiarse y golpearlo hace un sonido de silbato. Hecho de material no t\u00f3xico.<\/p>\n<p><strong>C\u00f3digo:<\/strong> 1110<br \/>\n<strong>C\u00f3digo de barras:<\/strong> 7896448111100<br \/>\n<strong>Edad:<\/strong> 3 meses en adelante<br \/>\n<strong>Medidas:<\/strong> 15 x 5 x 22 cm<\/p>\n","protected":false},"featured_media":212556,"comment_status":"closed","ping_status":"closed","template":"","meta":{"_et_pb_use_builder":"","_et_pb_old_content":"","_et_gb_content_width":"","_uf_show_specific_survey":0,"_uf_disable_surveys":false},"product_brand":[],"product_cat":[69,70,203],"product_tag":[],"class_list":{"0":"post-209538","1":"product","2":"type-product","3":"status-publish","4":"has-post-thumbnail","6":"product_cat-0-a-1-ano","7":"product_cat-1-a-3-anos","8":"product_cat-elka-primer-infancia","10":"first","11":"instock","12":"purchasable","13":"product-type-simple"},"aioseo_notices":[],"yoast_head":"<!-- This site is optimized with the Yoast SEO plugin v24.8.1 - https:\/\/yoast.com\/wordpress\/plugins\/seo\/ -->\n<title>SONAJERO ESTIRADO ELEFANTE - Didacta<\/title>\n<meta name=\"robots\" content=\"index, follow, max-snippet:-1, max-image-preview:large, max-video-preview:-1\" \/>\n<link rel=\"canonical\" href=\"https:\/\/didacta.com.uy\/sitio\/producto\/sonajero-estirado\/\" \/>\n<meta property=\"og:locale\" content=\"es_ES\" \/>\n<meta property=\"og:type\" content=\"article\" \/>\n<meta property=\"og:title\" content=\"SONAJERO ESTIRADO ELEFANTE - Didacta\" \/>\n<meta property=\"og:description\" content=\"El sonajero estirado tiene un agarre c\u00f3modo. es suave y agradable al morder. columpiarse y golpearlo hace un sonido de silbato. Hecho de material no t\u00f3xico.  C\u00f3digo: 1110 C\u00f3digo de barras: 7896448111100 Edad: 3 meses en adelante Medidas: 15 x 5 x 22 cm\" \/>\n<meta property=\"og:url\" content=\"https:\/\/didacta.com.uy\/sitio\/producto\/sonajero-estirado\/\" \/>\n<meta property=\"og:site_name\" content=\"Didacta\" \/>\n<meta property=\"article:modified_time\" content=\"2024-02-14T05:22:51+00:00\" \/>\n<meta property=\"og:image\" content=\"https:\/\/didacta.com.uy\/sitio\/wp-content\/uploads\/2022\/09\/Captura-de-Pantalla-2023-07-29-a-las-10.13.56.png\" \/>\n\t<meta property=\"og:image:width\" content=\"464\" \/>\n\t<meta property=\"og:image:height\" content=\"435\" \/>\n\t<meta property=\"og:image:type\" content=\"image\/png\" \/>\n<meta name=\"twitter:card\" content=\"summary_large_image\" \/>\n<meta name=\"twitter:label1\" content=\"Tiempo de lectura\" \/>\n\t<meta name=\"twitter:data1\" content=\"1 minuto\" \/>\n<script type=\"application\/ld+json\" class=\"yoast-schema-graph\">{\"@context\":\"https:\/\/schema.org\",\"@graph\":[{\"@type\":\"WebPage\",\"@id\":\"https:\/\/didacta.com.uy\/sitio\/producto\/sonajero-estirado\/\",\"url\":\"https:\/\/didacta.com.uy\/sitio\/producto\/sonajero-estirado\/\",\"name\":\"SONAJERO ESTIRADO ELEFANTE - Didacta\",\"isPartOf\":{\"@id\":\"https:\/\/didacta.com.uy\/sitio\/#website\"},\"primaryImageOfPage\":{\"@id\":\"https:\/\/didacta.com.uy\/sitio\/producto\/sonajero-estirado\/#primaryimage\"},\"image\":{\"@id\":\"https:\/\/didacta.com.uy\/sitio\/producto\/sonajero-estirado\/#primaryimage\"},\"thumbnailUrl\":\"https:\/\/didacta.com.uy\/sitio\/wp-content\/uploads\/2022\/09\/Captura-de-Pantalla-2023-07-29-a-las-10.13.56.png\",\"datePublished\":\"2022-09-19T13:47:05+00:00\",\"dateModified\":\"2024-02-14T05:22:51+00:00\",\"breadcrumb\":{\"@id\":\"https:\/\/didacta.com.uy\/sitio\/producto\/sonajero-estirado\/#breadcrumb\"},\"inLanguage\":\"es\",\"potentialAction\":[{\"@type\":\"ReadAction\",\"target\":[\"https:\/\/didacta.com.uy\/sitio\/producto\/sonajero-estirado\/\"]}]},{\"@type\":\"ImageObject\",\"inLanguage\":\"es\",\"@id\":\"https:\/\/didacta.com.uy\/sitio\/producto\/sonajero-estirado\/#primaryimage\",\"url\":\"https:\/\/didacta.com.uy\/sitio\/wp-content\/uploads\/2022\/09\/Captura-de-Pantalla-2023-07-29-a-las-10.13.56.png\",\"contentUrl\":\"https:\/\/didacta.com.uy\/sitio\/wp-content\/uploads\/2022\/09\/Captura-de-Pantalla-2023-07-29-a-las-10.13.56.png\",\"width\":464,\"height\":435},{\"@type\":\"BreadcrumbList\",\"@id\":\"https:\/\/didacta.com.uy\/sitio\/producto\/sonajero-estirado\/#breadcrumb\",\"itemListElement\":[{\"@type\":\"ListItem\",\"position\":1,\"name\":\"Portada\",\"item\":\"https:\/\/didacta.com.uy\/sitio\/\"},{\"@type\":\"ListItem\",\"position\":2,\"name\":\"Inicio\",\"item\":\"https:\/\/didacta.com.uy\/sitio\/\"},{\"@type\":\"ListItem\",\"position\":3,\"name\":\"SONAJERO ESTIRADO ELEFANTE\"}]},{\"@type\":\"WebSite\",\"@id\":\"https:\/\/didacta.com.uy\/sitio\/#website\",\"url\":\"https:\/\/didacta.com.uy\/sitio\/\",\"name\":\"Didacta\",\"description\":\"Con m\u00e1s de 20 a\u00f1os de experiencia, DIDACTA es la marca l\u00edder en el mercado uruguayo de juegos de mesa.\",\"potentialAction\":[{\"@type\":\"SearchAction\",\"target\":{\"@type\":\"EntryPoint\",\"urlTemplate\":\"https:\/\/didacta.com.uy\/sitio\/?s={search_term_string}\"},\"query-input\":{\"@type\":\"PropertyValueSpecification\",\"valueRequired\":true,\"valueName\":\"search_term_string\"}}],\"inLanguage\":\"es\"}]}<\/script>\n<!-- \/ Yoast SEO plugin. -->","yoast_head_json":{"title":"SONAJERO ESTIRADO ELEFANTE - Didacta","robots":{"index":"index","follow":"follow","max-snippet":"max-snippet:-1","max-image-preview":"max-image-preview:large","max-video-preview":"max-video-preview:-1"},"canonical":"https:\/\/didacta.com.uy\/sitio\/producto\/sonajero-estirado\/","og_locale":"es_ES","og_type":"article","og_title":"SONAJERO ESTIRADO ELEFANTE - Didacta","og_description":"El sonajero estirado tiene un agarre c\u00f3modo. es suave y agradable al morder. columpiarse y golpearlo hace un sonido de silbato. Hecho de material no t\u00f3xico.  C\u00f3digo: 1110 C\u00f3digo de barras: 7896448111100 Edad: 3 meses en adelante Medidas: 15 x 5 x 22 cm","og_url":"https:\/\/didacta.com.uy\/sitio\/producto\/sonajero-estirado\/","og_site_name":"Didacta","article_modified_time":"2024-02-14T05:22:51+00:00","og_image":[{"width":464,"height":435,"url":"https:\/\/didacta.com.uy\/sitio\/wp-content\/uploads\/2022\/09\/Captura-de-Pantalla-2023-07-29-a-las-10.13.56.png","type":"image\/png"}],"twitter_card":"summary_large_image","twitter_misc":{"Tiempo de lectura":"1 minuto"},"schema":{"@context":"https:\/\/schema.org","@graph":[{"@type":"WebPage","@id":"https:\/\/didacta.com.uy\/sitio\/producto\/sonajero-estirado\/","url":"https:\/\/didacta.com.uy\/sitio\/producto\/sonajero-estirado\/","name":"SONAJERO ESTIRADO ELEFANTE - Didacta","isPartOf":{"@id":"https:\/\/didacta.com.uy\/sitio\/#website"},"primaryImageOfPage":{"@id":"https:\/\/didacta.com.uy\/sitio\/producto\/sonajero-estirado\/#primaryimage"},"image":{"@id":"https:\/\/didacta.com.uy\/sitio\/producto\/sonajero-estirado\/#primaryimage"},"thumbnailUrl":"https:\/\/didacta.com.uy\/sitio\/wp-content\/uploads\/2022\/09\/Captura-de-Pantalla-2023-07-29-a-las-10.13.56.png","datePublished":"2022-09-19T13:47:05+00:00","dateModified":"2024-02-14T05:22:51+00:00","breadcrumb":{"@id":"https:\/\/didacta.com.uy\/sitio\/producto\/sonajero-estirado\/#breadcrumb"},"inLanguage":"es","potentialAction":[{"@type":"ReadAction","target":["https:\/\/didacta.com.uy\/sitio\/producto\/sonajero-estirado\/"]}]},{"@type":"ImageObject","inLanguage":"es","@id":"https:\/\/didacta.com.uy\/sitio\/producto\/sonajero-estirado\/#primaryimage","url":"https:\/\/didacta.com.uy\/sitio\/wp-content\/uploads\/2022\/09\/Captura-de-Pantalla-2023-07-29-a-las-10.13.56.png","contentUrl":"https:\/\/didacta.com.uy\/sitio\/wp-content\/uploads\/2022\/09\/Captura-de-Pantalla-2023-07-29-a-las-10.13.56.png","width":464,"height":435},{"@type":"BreadcrumbList","@id":"https:\/\/didacta.com.uy\/sitio\/producto\/sonajero-estirado\/#breadcrumb","itemListElement":[{"@type":"ListItem","position":1,"name":"Portada","item":"https:\/\/didacta.com.uy\/sitio\/"},{"@type":"ListItem","position":2,"name":"Inicio","item":"https:\/\/didacta.com.uy\/sitio\/"},{"@type":"ListItem","position":3,"name":"SONAJERO ESTIRADO ELEFANTE"}]},{"@type":"WebSite","@id":"https:\/\/didacta.com.uy\/sitio\/#website","url":"https:\/\/didacta.com.uy\/sitio\/","name":"Didacta","description":"Con m\u00e1s de 20 a\u00f1os de experiencia, DIDACTA es la marca l\u00edder en el mercado uruguayo de juegos de mesa.","potentialAction":[{"@type":"SearchAction","target":{"@type":"EntryPoint","urlTemplate":"https:\/\/didacta.com.uy\/sitio\/?s={search_term_string}"},"query-input":{"@type":"PropertyValueSpecification","valueRequired":true,"valueName":"search_term_string"}}],"inLanguage":"es"}]}},"_links":{"self":[{"href":"https:\/\/didacta.com.uy\/sitio\/wp-json\/wp\/v2\/product\/209538","targetHints":{"allow":["GET"]}}],"collection":[{"href":"https:\/\/didacta.com.uy\/sitio\/wp-json\/wp\/v2\/product"}],"about":[{"href":"https:\/\/didacta.com.uy\/sitio\/wp-json\/wp\/v2\/types\/product"}],"replies":[{"embeddable":true,"href":"https:\/\/didacta.com.uy\/sitio\/wp-json\/wp\/v2\/comments?post=209538"}],"wp:featuredmedia":[{"embeddable":true,"href":"https:\/\/didacta.com.uy\/sitio\/wp-json\/wp\/v2\/media\/212556"}],"wp:attachment":[{"href":"https:\/\/didacta.com.uy\/sitio\/wp-json\/wp\/v2\/media?parent=209538"}],"wp:term":[{"taxonomy":"product_brand","embeddable":true,"href":"https:\/\/didacta.com.uy\/sitio\/wp-json\/wp\/v2\/product_brand?post=209538"},{"taxonomy":"product_cat","embeddable":true,"href":"https:\/\/didacta.com.uy\/sitio\/wp-json\/wp\/v2\/product_cat?post=209538"},{"taxonomy":"product_tag","embeddable":true,"href":"https:\/\/didacta.com.uy\/sitio\/wp-json\/wp\/v2\/product_tag?post=209538"}],"curies":[{"name":"wp","href":"https:\/\/api.w.org\/{rel}","templated":true}]}}