{"id":209529,"date":"2022-09-19T13:27:41","date_gmt":"2022-09-19T13:27:41","guid":{"rendered":"http:\/\/didacta.com.uy\/sitio\/?post_type=product&#038;p=209529"},"modified":"2023-07-25T03:57:23","modified_gmt":"2023-07-25T03:57:23","slug":"barcopirata","status":"publish","type":"product","link":"https:\/\/didacta.com.uy\/sitio\/producto\/barcopirata\/","title":{"rendered":"BARCO PIRATA"},"content":{"rendered":"<div class=\"vtex-flex-layout-0-x-flexColChild pb0\">\n<div class=\"vtex-store-components-3-x-productDescriptionContainer\"><\/div>\n<\/div>\n<div class=\"vtex-flex-layout-0-x-flexColChild pb0\">\n<div class=\"vtex-flex-layout-0-x-flexCol vtex-flex-layout-0-x-flexCol--product-brand ml0 mr0 pl0 pr0 flex flex-column h-100 w-100\">\n<div class=\"vtex-flex-layout-0-x-flexColChild vtex-flex-layout-0-x-flexColChild--product-brand pb0\">\n<div class=\"vtex-store-components-3-x-productBrandContainer\"><span>Cute Blocks Pirate Boat es un kit completo para jugar.\u00a0<\/span><span>Un hermoso bote con ruedas libres, mu\u00f1eca pirata, bloques y lindas piezas.\u00a0<\/span><span>El juego consiste en encajar, apilar y montar las piezas en el barco y sacar a pasear al pirata.\u00a0<\/span><span>Bloques y piezas seguros aptos para ni\u00f1os peque\u00f1os.\u00a0<\/span><span>Material no t\u00f3xico.<\/span><\/div>\n<\/div>\n<\/div>\n<\/div>\n<p><strong><span style=\"color: #ff0000;\">C\u00f3digo:<\/span><\/strong> 1045<br \/>\n<strong><span style=\"color: #ff0000;\">C\u00f3digo de barras:<\/span><\/strong> 7896448110455<br \/>\n<strong><span style=\"color: #ff0000;\">Edad:<\/span><\/strong>\u00a01 a\u00f1os en adelante<br \/>\n<strong><span style=\"color: #ff0000;\">Contenido:<\/span><\/strong>\u00a01 cajita, 13 piezas de goma<br \/>\n<strong><span style=\"color: #ff0000;\">Medidas:<\/span><\/strong> 32 x 16 x 27 cm<\/p>\n","protected":false},"excerpt":{"rendered":"<div class=\"vtex-flex-layout-0-x-flexColChild pb0\">\n<div class=\"vtex-flex-layout-0-x-flexCol vtex-flex-layout-0-x-flexCol--product-brand ml0 mr0 pl0 pr0 flex flex-column h-100 w-100\">\n<div class=\"vtex-flex-layout-0-x-flexColChild vtex-flex-layout-0-x-flexColChild--product-brand pb0\">\n<div class=\"vtex-store-components-3-x-productBrandContainer\">Cute Blocks Pirate Boat es un kit completo para jugar.\u00a0Un hermoso bote con ruedas libres, mu\u00f1eca pirata, bloques y lindas piezas.\u00a0El juego consiste en encajar, apilar y montar las piezas en el barco y sacar a pasear al pirata.\u00a0Bloques y piezas seguros aptos para ni\u00f1os peque\u00f1os.\u00a0Material no t\u00f3xico.<\/div>\n<\/div>\n<\/div>\n<\/div>\n<p><strong>C\u00f3digo:<\/strong> 1045<br \/>\n<strong>C\u00f3digo de barras:<\/strong> 7896448110455<br \/>\n<strong>Edad:<\/strong>\u00a01 a\u00f1os en adelante<br \/>\n<strong>Contenido:<\/strong>\u00a01 cajita, 13 piezas de goma<br \/>\n<strong>Medidas:<\/strong> 32 x 16 x 27 cm<\/p>\n","protected":false},"featured_media":209530,"comment_status":"closed","ping_status":"closed","template":"","meta":{"_et_pb_use_builder":"","_et_pb_old_content":"","_et_gb_content_width":"","_uf_show_specific_survey":0,"_uf_disable_surveys":false},"product_brand":[],"product_cat":[70,203],"product_tag":[],"class_list":{"0":"post-209529","1":"product","2":"type-product","3":"status-publish","4":"has-post-thumbnail","6":"product_cat-1-a-3-anos","7":"product_cat-elka-primer-infancia","9":"first","10":"instock","11":"purchasable","12":"product-type-simple"},"aioseo_notices":[],"yoast_head":"<!-- This site is optimized with the Yoast SEO plugin v24.8.1 - https:\/\/yoast.com\/wordpress\/plugins\/seo\/ -->\n<title>BARCO PIRATA - Didacta<\/title>\n<meta name=\"robots\" content=\"index, follow, max-snippet:-1, max-image-preview:large, max-video-preview:-1\" \/>\n<link rel=\"canonical\" href=\"https:\/\/didacta.com.uy\/sitio\/producto\/barcopirata\/\" \/>\n<meta property=\"og:locale\" content=\"es_ES\" \/>\n<meta property=\"og:type\" content=\"article\" \/>\n<meta property=\"og:title\" content=\"BARCO PIRATA - Didacta\" \/>\n<meta property=\"og:description\" content=\"Cute Blocks Pirate Boat es un kit completo para jugar.\u00a0Un hermoso bote con ruedas libres, mu\u00f1eca pirata, bloques y lindas piezas.\u00a0El juego consiste en encajar, apilar y montar las piezas en el barco y sacar a pasear al pirata.\u00a0Bloques y piezas seguros aptos para ni\u00f1os peque\u00f1os.\u00a0Material no t\u00f3xico.    C\u00f3digo: 1045 C\u00f3digo de barras: 7896448110455 Edad:\u00a01 a\u00f1os en adelante Contenido:\u00a01 cajita, 13 piezas de goma Medidas: 32 x 16 x 27 cm\" \/>\n<meta property=\"og:url\" content=\"https:\/\/didacta.com.uy\/sitio\/producto\/barcopirata\/\" \/>\n<meta property=\"og:site_name\" content=\"Didacta\" \/>\n<meta property=\"article:modified_time\" content=\"2023-07-25T03:57:23+00:00\" \/>\n<meta property=\"og:image\" content=\"https:\/\/didacta.com.uy\/sitio\/wp-content\/uploads\/2022\/09\/1045-1.jpg\" \/>\n\t<meta property=\"og:image:width\" content=\"1000\" \/>\n\t<meta property=\"og:image:height\" content=\"1000\" \/>\n\t<meta property=\"og:image:type\" content=\"image\/jpeg\" \/>\n<meta name=\"twitter:card\" content=\"summary_large_image\" \/>\n<script type=\"application\/ld+json\" class=\"yoast-schema-graph\">{\"@context\":\"https:\/\/schema.org\",\"@graph\":[{\"@type\":\"WebPage\",\"@id\":\"https:\/\/didacta.com.uy\/sitio\/producto\/barcopirata\/\",\"url\":\"https:\/\/didacta.com.uy\/sitio\/producto\/barcopirata\/\",\"name\":\"BARCO PIRATA - Didacta\",\"isPartOf\":{\"@id\":\"https:\/\/didacta.com.uy\/sitio\/#website\"},\"primaryImageOfPage\":{\"@id\":\"https:\/\/didacta.com.uy\/sitio\/producto\/barcopirata\/#primaryimage\"},\"image\":{\"@id\":\"https:\/\/didacta.com.uy\/sitio\/producto\/barcopirata\/#primaryimage\"},\"thumbnailUrl\":\"https:\/\/didacta.com.uy\/sitio\/wp-content\/uploads\/2022\/09\/1045-1.jpg\",\"datePublished\":\"2022-09-19T13:27:41+00:00\",\"dateModified\":\"2023-07-25T03:57:23+00:00\",\"breadcrumb\":{\"@id\":\"https:\/\/didacta.com.uy\/sitio\/producto\/barcopirata\/#breadcrumb\"},\"inLanguage\":\"es\",\"potentialAction\":[{\"@type\":\"ReadAction\",\"target\":[\"https:\/\/didacta.com.uy\/sitio\/producto\/barcopirata\/\"]}]},{\"@type\":\"ImageObject\",\"inLanguage\":\"es\",\"@id\":\"https:\/\/didacta.com.uy\/sitio\/producto\/barcopirata\/#primaryimage\",\"url\":\"https:\/\/didacta.com.uy\/sitio\/wp-content\/uploads\/2022\/09\/1045-1.jpg\",\"contentUrl\":\"https:\/\/didacta.com.uy\/sitio\/wp-content\/uploads\/2022\/09\/1045-1.jpg\",\"width\":1000,\"height\":1000},{\"@type\":\"BreadcrumbList\",\"@id\":\"https:\/\/didacta.com.uy\/sitio\/producto\/barcopirata\/#breadcrumb\",\"itemListElement\":[{\"@type\":\"ListItem\",\"position\":1,\"name\":\"Portada\",\"item\":\"https:\/\/didacta.com.uy\/sitio\/\"},{\"@type\":\"ListItem\",\"position\":2,\"name\":\"Inicio\",\"item\":\"https:\/\/didacta.com.uy\/sitio\/\"},{\"@type\":\"ListItem\",\"position\":3,\"name\":\"BARCO PIRATA\"}]},{\"@type\":\"WebSite\",\"@id\":\"https:\/\/didacta.com.uy\/sitio\/#website\",\"url\":\"https:\/\/didacta.com.uy\/sitio\/\",\"name\":\"Didacta\",\"description\":\"Con m\u00e1s de 20 a\u00f1os de experiencia, DIDACTA es la marca l\u00edder en el mercado uruguayo de juegos de mesa.\",\"potentialAction\":[{\"@type\":\"SearchAction\",\"target\":{\"@type\":\"EntryPoint\",\"urlTemplate\":\"https:\/\/didacta.com.uy\/sitio\/?s={search_term_string}\"},\"query-input\":{\"@type\":\"PropertyValueSpecification\",\"valueRequired\":true,\"valueName\":\"search_term_string\"}}],\"inLanguage\":\"es\"}]}<\/script>\n<!-- \/ Yoast SEO plugin. -->","yoast_head_json":{"title":"BARCO PIRATA - Didacta","robots":{"index":"index","follow":"follow","max-snippet":"max-snippet:-1","max-image-preview":"max-image-preview:large","max-video-preview":"max-video-preview:-1"},"canonical":"https:\/\/didacta.com.uy\/sitio\/producto\/barcopirata\/","og_locale":"es_ES","og_type":"article","og_title":"BARCO PIRATA - Didacta","og_description":"Cute Blocks Pirate Boat es un kit completo para jugar.\u00a0Un hermoso bote con ruedas libres, mu\u00f1eca pirata, bloques y lindas piezas.\u00a0El juego consiste en encajar, apilar y montar las piezas en el barco y sacar a pasear al pirata.\u00a0Bloques y piezas seguros aptos para ni\u00f1os peque\u00f1os.\u00a0Material no t\u00f3xico.    C\u00f3digo: 1045 C\u00f3digo de barras: 7896448110455 Edad:\u00a01 a\u00f1os en adelante Contenido:\u00a01 cajita, 13 piezas de goma Medidas: 32 x 16 x 27 cm","og_url":"https:\/\/didacta.com.uy\/sitio\/producto\/barcopirata\/","og_site_name":"Didacta","article_modified_time":"2023-07-25T03:57:23+00:00","og_image":[{"width":1000,"height":1000,"url":"https:\/\/didacta.com.uy\/sitio\/wp-content\/uploads\/2022\/09\/1045-1.jpg","type":"image\/jpeg"}],"twitter_card":"summary_large_image","schema":{"@context":"https:\/\/schema.org","@graph":[{"@type":"WebPage","@id":"https:\/\/didacta.com.uy\/sitio\/producto\/barcopirata\/","url":"https:\/\/didacta.com.uy\/sitio\/producto\/barcopirata\/","name":"BARCO PIRATA - Didacta","isPartOf":{"@id":"https:\/\/didacta.com.uy\/sitio\/#website"},"primaryImageOfPage":{"@id":"https:\/\/didacta.com.uy\/sitio\/producto\/barcopirata\/#primaryimage"},"image":{"@id":"https:\/\/didacta.com.uy\/sitio\/producto\/barcopirata\/#primaryimage"},"thumbnailUrl":"https:\/\/didacta.com.uy\/sitio\/wp-content\/uploads\/2022\/09\/1045-1.jpg","datePublished":"2022-09-19T13:27:41+00:00","dateModified":"2023-07-25T03:57:23+00:00","breadcrumb":{"@id":"https:\/\/didacta.com.uy\/sitio\/producto\/barcopirata\/#breadcrumb"},"inLanguage":"es","potentialAction":[{"@type":"ReadAction","target":["https:\/\/didacta.com.uy\/sitio\/producto\/barcopirata\/"]}]},{"@type":"ImageObject","inLanguage":"es","@id":"https:\/\/didacta.com.uy\/sitio\/producto\/barcopirata\/#primaryimage","url":"https:\/\/didacta.com.uy\/sitio\/wp-content\/uploads\/2022\/09\/1045-1.jpg","contentUrl":"https:\/\/didacta.com.uy\/sitio\/wp-content\/uploads\/2022\/09\/1045-1.jpg","width":1000,"height":1000},{"@type":"BreadcrumbList","@id":"https:\/\/didacta.com.uy\/sitio\/producto\/barcopirata\/#breadcrumb","itemListElement":[{"@type":"ListItem","position":1,"name":"Portada","item":"https:\/\/didacta.com.uy\/sitio\/"},{"@type":"ListItem","position":2,"name":"Inicio","item":"https:\/\/didacta.com.uy\/sitio\/"},{"@type":"ListItem","position":3,"name":"BARCO PIRATA"}]},{"@type":"WebSite","@id":"https:\/\/didacta.com.uy\/sitio\/#website","url":"https:\/\/didacta.com.uy\/sitio\/","name":"Didacta","description":"Con m\u00e1s de 20 a\u00f1os de experiencia, DIDACTA es la marca l\u00edder en el mercado uruguayo de juegos de mesa.","potentialAction":[{"@type":"SearchAction","target":{"@type":"EntryPoint","urlTemplate":"https:\/\/didacta.com.uy\/sitio\/?s={search_term_string}"},"query-input":{"@type":"PropertyValueSpecification","valueRequired":true,"valueName":"search_term_string"}}],"inLanguage":"es"}]}},"_links":{"self":[{"href":"https:\/\/didacta.com.uy\/sitio\/wp-json\/wp\/v2\/product\/209529","targetHints":{"allow":["GET"]}}],"collection":[{"href":"https:\/\/didacta.com.uy\/sitio\/wp-json\/wp\/v2\/product"}],"about":[{"href":"https:\/\/didacta.com.uy\/sitio\/wp-json\/wp\/v2\/types\/product"}],"replies":[{"embeddable":true,"href":"https:\/\/didacta.com.uy\/sitio\/wp-json\/wp\/v2\/comments?post=209529"}],"wp:featuredmedia":[{"embeddable":true,"href":"https:\/\/didacta.com.uy\/sitio\/wp-json\/wp\/v2\/media\/209530"}],"wp:attachment":[{"href":"https:\/\/didacta.com.uy\/sitio\/wp-json\/wp\/v2\/media?parent=209529"}],"wp:term":[{"taxonomy":"product_brand","embeddable":true,"href":"https:\/\/didacta.com.uy\/sitio\/wp-json\/wp\/v2\/product_brand?post=209529"},{"taxonomy":"product_cat","embeddable":true,"href":"https:\/\/didacta.com.uy\/sitio\/wp-json\/wp\/v2\/product_cat?post=209529"},{"taxonomy":"product_tag","embeddable":true,"href":"https:\/\/didacta.com.uy\/sitio\/wp-json\/wp\/v2\/product_tag?post=209529"}],"curies":[{"name":"wp","href":"https:\/\/api.w.org\/{rel}","templated":true}]}}