{"id":209526,"date":"2022-09-19T13:14:06","date_gmt":"2022-09-19T13:14:06","guid":{"rendered":"http:\/\/didacta.com.uy\/sitio\/?post_type=product&#038;p=209526"},"modified":"2024-02-14T04:36:29","modified_gmt":"2024-02-14T04:36:29","slug":"caja-de-actividades","status":"publish","type":"product","link":"https:\/\/didacta.com.uy\/sitio\/producto\/caja-de-actividades\/","title":{"rendered":"CAJA DE ACTIVADES"},"content":{"rendered":"<div class=\"vtex-flex-layout-0-x-flexColChild pb0\">\n<div class=\"vtex-store-components-3-x-productDescriptionContainer\"><\/div>\n<\/div>\n<div class=\"vtex-flex-layout-0-x-flexColChild pb0\">\n<div class=\"vtex-flex-layout-0-x-flexCol vtex-flex-layout-0-x-flexCol--product-brand ml0 mr0 pl0 pr0 flex flex-column h-100 w-100\">\n<div class=\"vtex-flex-layout-0-x-flexColChild vtex-flex-layout-0-x-flexColChild--product-brand pb0\">\n<div class=\"vtex-store-components-3-x-productBrandContainer\">\u00a1Toy Box con muchas actividades!\u00a0Encaje cada pieza en su lugar.\u00a0La puerta se abre y se cierra.\u00a0El empaque es parte de la diversi\u00f3n, \u00a1corta, arma y juega!<\/div>\n<\/div>\n<\/div>\n<\/div>\n<p><strong><span style=\"color: #ff0000;\">C\u00f3digo:<\/span><\/strong> 1135<br \/>\n<strong><span style=\"color: #ff0000;\">C\u00f3digo de barras:<\/span><\/strong> 7896448111353<br \/>\n<strong><span style=\"color: #ff0000;\">Edad:<\/span><\/strong>\u00a01 a\u00f1os en adelante<br \/>\n<strong><span style=\"color: #ff0000;\">Contenido:<\/span><\/strong>\u00a01 cajita, piezas para encastrar<br \/>\n<strong><span style=\"color: #ff0000;\">Medidas:<\/span><\/strong> 29 x 22 x 26 cm<\/p>\n","protected":false},"excerpt":{"rendered":"<div class=\"vtex-flex-layout-0-x-flexColChild pb0\">\n<div class=\"vtex-flex-layout-0-x-flexCol vtex-flex-layout-0-x-flexCol--product-brand ml0 mr0 pl0 pr0 flex flex-column h-100 w-100\">\n<div class=\"vtex-flex-layout-0-x-flexColChild vtex-flex-layout-0-x-flexColChild--product-brand pb0\">\n<div class=\"vtex-store-components-3-x-productBrandContainer\">\u00a1Toy Box con muchas actividades!\u00a0Encaje cada pieza en su lugar.\u00a0La puerta se abre y se cierra.\u00a0El empaque es parte de la diversi\u00f3n, \u00a1corta, arma y juega!<\/div>\n<\/div>\n<\/div>\n<\/div>\n<p><strong>C\u00f3digo:<\/strong> 1135<br \/>\n<strong>C\u00f3digo de barras:<\/strong> 7896448111353<br \/>\n<strong>Edad:<\/strong>\u00a01 a\u00f1os en adelante<br \/>\n<strong>Contenido:<\/strong>\u00a01 cajita, piezas para encastrar<br \/>\n<strong>Medidas:<\/strong> 29 x 22 x 26 cm<\/p>\n","protected":false},"featured_media":212547,"comment_status":"closed","ping_status":"closed","template":"","meta":{"_et_pb_use_builder":"","_et_pb_old_content":"","_et_gb_content_width":"","_uf_show_specific_survey":0,"_uf_disable_surveys":false},"product_brand":[],"product_cat":[70,203],"product_tag":[],"class_list":{"0":"post-209526","1":"product","2":"type-product","3":"status-publish","4":"has-post-thumbnail","6":"product_cat-1-a-3-anos","7":"product_cat-elka-primer-infancia","9":"first","10":"instock","11":"purchasable","12":"product-type-simple"},"aioseo_notices":[],"yoast_head":"<!-- This site is optimized with the Yoast SEO plugin v24.8.1 - https:\/\/yoast.com\/wordpress\/plugins\/seo\/ -->\n<title>CAJA DE ACTIVADES - Didacta<\/title>\n<meta name=\"robots\" content=\"index, follow, max-snippet:-1, max-image-preview:large, max-video-preview:-1\" \/>\n<link rel=\"canonical\" href=\"https:\/\/didacta.com.uy\/sitio\/producto\/caja-de-actividades\/\" \/>\n<meta property=\"og:locale\" content=\"es_ES\" \/>\n<meta property=\"og:type\" content=\"article\" \/>\n<meta property=\"og:title\" content=\"CAJA DE ACTIVADES - Didacta\" \/>\n<meta property=\"og:description\" content=\"\u00a1Toy Box con muchas actividades!\u00a0Encaje cada pieza en su lugar.\u00a0La puerta se abre y se cierra.\u00a0El empaque es parte de la diversi\u00f3n, \u00a1corta, arma y juega!    C\u00f3digo: 1135 C\u00f3digo de barras: 7896448111353 Edad:\u00a01 a\u00f1os en adelante Contenido:\u00a01 cajita, piezas para encastrar Medidas: 29 x 22 x 26 cm\" \/>\n<meta property=\"og:url\" content=\"https:\/\/didacta.com.uy\/sitio\/producto\/caja-de-actividades\/\" \/>\n<meta property=\"og:site_name\" content=\"Didacta\" \/>\n<meta property=\"article:modified_time\" content=\"2024-02-14T04:36:29+00:00\" \/>\n<meta property=\"og:image\" content=\"https:\/\/didacta.com.uy\/sitio\/wp-content\/uploads\/2022\/09\/Captura-de-Pantalla-2023-07-29-a-las-09.52.26.png\" \/>\n\t<meta property=\"og:image:width\" content=\"388\" \/>\n\t<meta property=\"og:image:height\" content=\"419\" \/>\n\t<meta property=\"og:image:type\" content=\"image\/png\" \/>\n<meta name=\"twitter:card\" content=\"summary_large_image\" \/>\n<meta name=\"twitter:label1\" content=\"Tiempo de lectura\" \/>\n\t<meta name=\"twitter:data1\" content=\"1 minuto\" \/>\n<script type=\"application\/ld+json\" class=\"yoast-schema-graph\">{\"@context\":\"https:\/\/schema.org\",\"@graph\":[{\"@type\":\"WebPage\",\"@id\":\"https:\/\/didacta.com.uy\/sitio\/producto\/caja-de-actividades\/\",\"url\":\"https:\/\/didacta.com.uy\/sitio\/producto\/caja-de-actividades\/\",\"name\":\"CAJA DE ACTIVADES - Didacta\",\"isPartOf\":{\"@id\":\"https:\/\/didacta.com.uy\/sitio\/#website\"},\"primaryImageOfPage\":{\"@id\":\"https:\/\/didacta.com.uy\/sitio\/producto\/caja-de-actividades\/#primaryimage\"},\"image\":{\"@id\":\"https:\/\/didacta.com.uy\/sitio\/producto\/caja-de-actividades\/#primaryimage\"},\"thumbnailUrl\":\"https:\/\/didacta.com.uy\/sitio\/wp-content\/uploads\/2022\/09\/Captura-de-Pantalla-2023-07-29-a-las-09.52.26.png\",\"datePublished\":\"2022-09-19T13:14:06+00:00\",\"dateModified\":\"2024-02-14T04:36:29+00:00\",\"breadcrumb\":{\"@id\":\"https:\/\/didacta.com.uy\/sitio\/producto\/caja-de-actividades\/#breadcrumb\"},\"inLanguage\":\"es\",\"potentialAction\":[{\"@type\":\"ReadAction\",\"target\":[\"https:\/\/didacta.com.uy\/sitio\/producto\/caja-de-actividades\/\"]}]},{\"@type\":\"ImageObject\",\"inLanguage\":\"es\",\"@id\":\"https:\/\/didacta.com.uy\/sitio\/producto\/caja-de-actividades\/#primaryimage\",\"url\":\"https:\/\/didacta.com.uy\/sitio\/wp-content\/uploads\/2022\/09\/Captura-de-Pantalla-2023-07-29-a-las-09.52.26.png\",\"contentUrl\":\"https:\/\/didacta.com.uy\/sitio\/wp-content\/uploads\/2022\/09\/Captura-de-Pantalla-2023-07-29-a-las-09.52.26.png\",\"width\":388,\"height\":419},{\"@type\":\"BreadcrumbList\",\"@id\":\"https:\/\/didacta.com.uy\/sitio\/producto\/caja-de-actividades\/#breadcrumb\",\"itemListElement\":[{\"@type\":\"ListItem\",\"position\":1,\"name\":\"Portada\",\"item\":\"https:\/\/didacta.com.uy\/sitio\/\"},{\"@type\":\"ListItem\",\"position\":2,\"name\":\"Inicio\",\"item\":\"https:\/\/didacta.com.uy\/sitio\/\"},{\"@type\":\"ListItem\",\"position\":3,\"name\":\"CAJA DE ACTIVADES\"}]},{\"@type\":\"WebSite\",\"@id\":\"https:\/\/didacta.com.uy\/sitio\/#website\",\"url\":\"https:\/\/didacta.com.uy\/sitio\/\",\"name\":\"Didacta\",\"description\":\"Con m\u00e1s de 20 a\u00f1os de experiencia, DIDACTA es la marca l\u00edder en el mercado uruguayo de juegos de mesa.\",\"potentialAction\":[{\"@type\":\"SearchAction\",\"target\":{\"@type\":\"EntryPoint\",\"urlTemplate\":\"https:\/\/didacta.com.uy\/sitio\/?s={search_term_string}\"},\"query-input\":{\"@type\":\"PropertyValueSpecification\",\"valueRequired\":true,\"valueName\":\"search_term_string\"}}],\"inLanguage\":\"es\"}]}<\/script>\n<!-- \/ Yoast SEO plugin. -->","yoast_head_json":{"title":"CAJA DE ACTIVADES - Didacta","robots":{"index":"index","follow":"follow","max-snippet":"max-snippet:-1","max-image-preview":"max-image-preview:large","max-video-preview":"max-video-preview:-1"},"canonical":"https:\/\/didacta.com.uy\/sitio\/producto\/caja-de-actividades\/","og_locale":"es_ES","og_type":"article","og_title":"CAJA DE ACTIVADES - Didacta","og_description":"\u00a1Toy Box con muchas actividades!\u00a0Encaje cada pieza en su lugar.\u00a0La puerta se abre y se cierra.\u00a0El empaque es parte de la diversi\u00f3n, \u00a1corta, arma y juega!    C\u00f3digo: 1135 C\u00f3digo de barras: 7896448111353 Edad:\u00a01 a\u00f1os en adelante Contenido:\u00a01 cajita, piezas para encastrar Medidas: 29 x 22 x 26 cm","og_url":"https:\/\/didacta.com.uy\/sitio\/producto\/caja-de-actividades\/","og_site_name":"Didacta","article_modified_time":"2024-02-14T04:36:29+00:00","og_image":[{"width":388,"height":419,"url":"https:\/\/didacta.com.uy\/sitio\/wp-content\/uploads\/2022\/09\/Captura-de-Pantalla-2023-07-29-a-las-09.52.26.png","type":"image\/png"}],"twitter_card":"summary_large_image","twitter_misc":{"Tiempo de lectura":"1 minuto"},"schema":{"@context":"https:\/\/schema.org","@graph":[{"@type":"WebPage","@id":"https:\/\/didacta.com.uy\/sitio\/producto\/caja-de-actividades\/","url":"https:\/\/didacta.com.uy\/sitio\/producto\/caja-de-actividades\/","name":"CAJA DE ACTIVADES - Didacta","isPartOf":{"@id":"https:\/\/didacta.com.uy\/sitio\/#website"},"primaryImageOfPage":{"@id":"https:\/\/didacta.com.uy\/sitio\/producto\/caja-de-actividades\/#primaryimage"},"image":{"@id":"https:\/\/didacta.com.uy\/sitio\/producto\/caja-de-actividades\/#primaryimage"},"thumbnailUrl":"https:\/\/didacta.com.uy\/sitio\/wp-content\/uploads\/2022\/09\/Captura-de-Pantalla-2023-07-29-a-las-09.52.26.png","datePublished":"2022-09-19T13:14:06+00:00","dateModified":"2024-02-14T04:36:29+00:00","breadcrumb":{"@id":"https:\/\/didacta.com.uy\/sitio\/producto\/caja-de-actividades\/#breadcrumb"},"inLanguage":"es","potentialAction":[{"@type":"ReadAction","target":["https:\/\/didacta.com.uy\/sitio\/producto\/caja-de-actividades\/"]}]},{"@type":"ImageObject","inLanguage":"es","@id":"https:\/\/didacta.com.uy\/sitio\/producto\/caja-de-actividades\/#primaryimage","url":"https:\/\/didacta.com.uy\/sitio\/wp-content\/uploads\/2022\/09\/Captura-de-Pantalla-2023-07-29-a-las-09.52.26.png","contentUrl":"https:\/\/didacta.com.uy\/sitio\/wp-content\/uploads\/2022\/09\/Captura-de-Pantalla-2023-07-29-a-las-09.52.26.png","width":388,"height":419},{"@type":"BreadcrumbList","@id":"https:\/\/didacta.com.uy\/sitio\/producto\/caja-de-actividades\/#breadcrumb","itemListElement":[{"@type":"ListItem","position":1,"name":"Portada","item":"https:\/\/didacta.com.uy\/sitio\/"},{"@type":"ListItem","position":2,"name":"Inicio","item":"https:\/\/didacta.com.uy\/sitio\/"},{"@type":"ListItem","position":3,"name":"CAJA DE ACTIVADES"}]},{"@type":"WebSite","@id":"https:\/\/didacta.com.uy\/sitio\/#website","url":"https:\/\/didacta.com.uy\/sitio\/","name":"Didacta","description":"Con m\u00e1s de 20 a\u00f1os de experiencia, DIDACTA es la marca l\u00edder en el mercado uruguayo de juegos de mesa.","potentialAction":[{"@type":"SearchAction","target":{"@type":"EntryPoint","urlTemplate":"https:\/\/didacta.com.uy\/sitio\/?s={search_term_string}"},"query-input":{"@type":"PropertyValueSpecification","valueRequired":true,"valueName":"search_term_string"}}],"inLanguage":"es"}]}},"_links":{"self":[{"href":"https:\/\/didacta.com.uy\/sitio\/wp-json\/wp\/v2\/product\/209526","targetHints":{"allow":["GET"]}}],"collection":[{"href":"https:\/\/didacta.com.uy\/sitio\/wp-json\/wp\/v2\/product"}],"about":[{"href":"https:\/\/didacta.com.uy\/sitio\/wp-json\/wp\/v2\/types\/product"}],"replies":[{"embeddable":true,"href":"https:\/\/didacta.com.uy\/sitio\/wp-json\/wp\/v2\/comments?post=209526"}],"wp:featuredmedia":[{"embeddable":true,"href":"https:\/\/didacta.com.uy\/sitio\/wp-json\/wp\/v2\/media\/212547"}],"wp:attachment":[{"href":"https:\/\/didacta.com.uy\/sitio\/wp-json\/wp\/v2\/media?parent=209526"}],"wp:term":[{"taxonomy":"product_brand","embeddable":true,"href":"https:\/\/didacta.com.uy\/sitio\/wp-json\/wp\/v2\/product_brand?post=209526"},{"taxonomy":"product_cat","embeddable":true,"href":"https:\/\/didacta.com.uy\/sitio\/wp-json\/wp\/v2\/product_cat?post=209526"},{"taxonomy":"product_tag","embeddable":true,"href":"https:\/\/didacta.com.uy\/sitio\/wp-json\/wp\/v2\/product_tag?post=209526"}],"curies":[{"name":"wp","href":"https:\/\/api.w.org\/{rel}","templated":true}]}}