{"id":209510,"date":"2022-09-16T18:54:42","date_gmt":"2022-09-16T18:54:42","guid":{"rendered":"http:\/\/didacta.com.uy\/sitio\/?post_type=product&#038;p=209510"},"modified":"2023-07-25T03:58:13","modified_gmt":"2023-07-25T03:58:13","slug":"cachorro-elka","status":"publish","type":"product","link":"https:\/\/didacta.com.uy\/sitio\/producto\/cachorro-elka\/","title":{"rendered":"CACHORRO ELKA"},"content":{"rendered":"<p><span>Cachorro est\u00e1 listo para salir a caminar!\u00a0<\/span><span>Su cuerpo tiene forma de bolas y un cord\u00f3n como hueso que lo hacen muy divertido para juga<\/span>r.<\/p>\n<p><strong><span style=\"color: #ff0000;\">C\u00f3digo:<\/span> 1122<\/strong><br \/>\n<strong><span style=\"color: #ff0000;\">C\u00f3digo de barras:<\/span><\/strong> 7896448111223<br \/>\n<strong><span style=\"color: #ff0000;\">Edad:<\/span><\/strong> 1 a\u00f1os en adelante<br \/>\n<strong><span style=\"color: #ff0000;\">Cantidad de jugadores:<\/span><\/strong> 1<br \/>\n<strong><span style=\"color: #ff0000;\">Contenido:<\/span><\/strong> 1 cachorro<br \/>\n<strong><span style=\"color: #ff0000;\">Medidas: 28 x 19 x 22 cm<\/span><\/strong><\/p>\n","protected":false},"excerpt":{"rendered":"<p>Cachorro est\u00e1 listo para salir a caminar!\u00a0Su cuerpo tiene forma de bolas y un cord\u00f3n como hueso que lo hacen muy divertido para jugar.<\/p>\n<p><strong>C\u00f3digo: 1122<\/strong><br \/>\n<strong>C\u00f3digo de barras:<\/strong> 7896448111223<br \/>\n<strong>Edad:<\/strong> 1 a\u00f1os en adelante<br \/>\n<strong>Cantidad de jugadores:<\/strong> 1<br \/>\n<strong>Contenido:<\/strong> 1 cachorro<br \/>\n<strong>Medidas: 28 x 19 x 22 cm<\/strong><\/p>\n","protected":false},"featured_media":209511,"comment_status":"closed","ping_status":"closed","template":"","meta":{"_et_pb_use_builder":"","_et_pb_old_content":"","_et_gb_content_width":"","_uf_show_specific_survey":0,"_uf_disable_surveys":false},"product_brand":[],"product_cat":[70,203],"product_tag":[],"class_list":{"0":"post-209510","1":"product","2":"type-product","3":"status-publish","4":"has-post-thumbnail","6":"product_cat-1-a-3-anos","7":"product_cat-elka-primer-infancia","9":"first","10":"instock","11":"purchasable","12":"product-type-simple"},"aioseo_notices":[],"yoast_head":"<!-- This site is optimized with the Yoast SEO plugin v24.8.1 - https:\/\/yoast.com\/wordpress\/plugins\/seo\/ -->\n<title>CACHORRO ELKA - Didacta<\/title>\n<meta name=\"robots\" content=\"index, follow, max-snippet:-1, max-image-preview:large, max-video-preview:-1\" \/>\n<link rel=\"canonical\" href=\"https:\/\/didacta.com.uy\/sitio\/producto\/cachorro-elka\/\" \/>\n<meta property=\"og:locale\" content=\"es_ES\" \/>\n<meta property=\"og:type\" content=\"article\" \/>\n<meta property=\"og:title\" content=\"CACHORRO ELKA - Didacta\" \/>\n<meta property=\"og:description\" content=\"Cachorro est\u00e1 listo para salir a caminar!\u00a0Su cuerpo tiene forma de bolas y un cord\u00f3n como hueso que lo hacen muy divertido para jugar.  C\u00f3digo: 1122 C\u00f3digo de barras: 7896448111223 Edad: 1 a\u00f1os en adelante Cantidad de jugadores: 1 Contenido: 1 cachorro Medidas: 28 x 19 x 22 cm\" \/>\n<meta property=\"og:url\" content=\"https:\/\/didacta.com.uy\/sitio\/producto\/cachorro-elka\/\" \/>\n<meta property=\"og:site_name\" content=\"Didacta\" \/>\n<meta property=\"article:modified_time\" content=\"2023-07-25T03:58:13+00:00\" \/>\n<meta property=\"og:image\" content=\"https:\/\/didacta.com.uy\/sitio\/wp-content\/uploads\/2022\/09\/1122-1.jpg\" \/>\n\t<meta property=\"og:image:width\" content=\"1000\" \/>\n\t<meta property=\"og:image:height\" content=\"1000\" \/>\n\t<meta property=\"og:image:type\" content=\"image\/jpeg\" \/>\n<meta name=\"twitter:card\" content=\"summary_large_image\" \/>\n<script type=\"application\/ld+json\" class=\"yoast-schema-graph\">{\"@context\":\"https:\/\/schema.org\",\"@graph\":[{\"@type\":\"WebPage\",\"@id\":\"https:\/\/didacta.com.uy\/sitio\/producto\/cachorro-elka\/\",\"url\":\"https:\/\/didacta.com.uy\/sitio\/producto\/cachorro-elka\/\",\"name\":\"CACHORRO ELKA - Didacta\",\"isPartOf\":{\"@id\":\"https:\/\/didacta.com.uy\/sitio\/#website\"},\"primaryImageOfPage\":{\"@id\":\"https:\/\/didacta.com.uy\/sitio\/producto\/cachorro-elka\/#primaryimage\"},\"image\":{\"@id\":\"https:\/\/didacta.com.uy\/sitio\/producto\/cachorro-elka\/#primaryimage\"},\"thumbnailUrl\":\"https:\/\/didacta.com.uy\/sitio\/wp-content\/uploads\/2022\/09\/1122-1.jpg\",\"datePublished\":\"2022-09-16T18:54:42+00:00\",\"dateModified\":\"2023-07-25T03:58:13+00:00\",\"breadcrumb\":{\"@id\":\"https:\/\/didacta.com.uy\/sitio\/producto\/cachorro-elka\/#breadcrumb\"},\"inLanguage\":\"es\",\"potentialAction\":[{\"@type\":\"ReadAction\",\"target\":[\"https:\/\/didacta.com.uy\/sitio\/producto\/cachorro-elka\/\"]}]},{\"@type\":\"ImageObject\",\"inLanguage\":\"es\",\"@id\":\"https:\/\/didacta.com.uy\/sitio\/producto\/cachorro-elka\/#primaryimage\",\"url\":\"https:\/\/didacta.com.uy\/sitio\/wp-content\/uploads\/2022\/09\/1122-1.jpg\",\"contentUrl\":\"https:\/\/didacta.com.uy\/sitio\/wp-content\/uploads\/2022\/09\/1122-1.jpg\",\"width\":1000,\"height\":1000},{\"@type\":\"BreadcrumbList\",\"@id\":\"https:\/\/didacta.com.uy\/sitio\/producto\/cachorro-elka\/#breadcrumb\",\"itemListElement\":[{\"@type\":\"ListItem\",\"position\":1,\"name\":\"Portada\",\"item\":\"https:\/\/didacta.com.uy\/sitio\/\"},{\"@type\":\"ListItem\",\"position\":2,\"name\":\"Inicio\",\"item\":\"https:\/\/didacta.com.uy\/sitio\/\"},{\"@type\":\"ListItem\",\"position\":3,\"name\":\"CACHORRO ELKA\"}]},{\"@type\":\"WebSite\",\"@id\":\"https:\/\/didacta.com.uy\/sitio\/#website\",\"url\":\"https:\/\/didacta.com.uy\/sitio\/\",\"name\":\"Didacta\",\"description\":\"Con m\u00e1s de 20 a\u00f1os de experiencia, DIDACTA es la marca l\u00edder en el mercado uruguayo de juegos de mesa.\",\"potentialAction\":[{\"@type\":\"SearchAction\",\"target\":{\"@type\":\"EntryPoint\",\"urlTemplate\":\"https:\/\/didacta.com.uy\/sitio\/?s={search_term_string}\"},\"query-input\":{\"@type\":\"PropertyValueSpecification\",\"valueRequired\":true,\"valueName\":\"search_term_string\"}}],\"inLanguage\":\"es\"}]}<\/script>\n<!-- \/ Yoast SEO plugin. -->","yoast_head_json":{"title":"CACHORRO ELKA - Didacta","robots":{"index":"index","follow":"follow","max-snippet":"max-snippet:-1","max-image-preview":"max-image-preview:large","max-video-preview":"max-video-preview:-1"},"canonical":"https:\/\/didacta.com.uy\/sitio\/producto\/cachorro-elka\/","og_locale":"es_ES","og_type":"article","og_title":"CACHORRO ELKA - Didacta","og_description":"Cachorro est\u00e1 listo para salir a caminar!\u00a0Su cuerpo tiene forma de bolas y un cord\u00f3n como hueso que lo hacen muy divertido para jugar.  C\u00f3digo: 1122 C\u00f3digo de barras: 7896448111223 Edad: 1 a\u00f1os en adelante Cantidad de jugadores: 1 Contenido: 1 cachorro Medidas: 28 x 19 x 22 cm","og_url":"https:\/\/didacta.com.uy\/sitio\/producto\/cachorro-elka\/","og_site_name":"Didacta","article_modified_time":"2023-07-25T03:58:13+00:00","og_image":[{"width":1000,"height":1000,"url":"https:\/\/didacta.com.uy\/sitio\/wp-content\/uploads\/2022\/09\/1122-1.jpg","type":"image\/jpeg"}],"twitter_card":"summary_large_image","schema":{"@context":"https:\/\/schema.org","@graph":[{"@type":"WebPage","@id":"https:\/\/didacta.com.uy\/sitio\/producto\/cachorro-elka\/","url":"https:\/\/didacta.com.uy\/sitio\/producto\/cachorro-elka\/","name":"CACHORRO ELKA - Didacta","isPartOf":{"@id":"https:\/\/didacta.com.uy\/sitio\/#website"},"primaryImageOfPage":{"@id":"https:\/\/didacta.com.uy\/sitio\/producto\/cachorro-elka\/#primaryimage"},"image":{"@id":"https:\/\/didacta.com.uy\/sitio\/producto\/cachorro-elka\/#primaryimage"},"thumbnailUrl":"https:\/\/didacta.com.uy\/sitio\/wp-content\/uploads\/2022\/09\/1122-1.jpg","datePublished":"2022-09-16T18:54:42+00:00","dateModified":"2023-07-25T03:58:13+00:00","breadcrumb":{"@id":"https:\/\/didacta.com.uy\/sitio\/producto\/cachorro-elka\/#breadcrumb"},"inLanguage":"es","potentialAction":[{"@type":"ReadAction","target":["https:\/\/didacta.com.uy\/sitio\/producto\/cachorro-elka\/"]}]},{"@type":"ImageObject","inLanguage":"es","@id":"https:\/\/didacta.com.uy\/sitio\/producto\/cachorro-elka\/#primaryimage","url":"https:\/\/didacta.com.uy\/sitio\/wp-content\/uploads\/2022\/09\/1122-1.jpg","contentUrl":"https:\/\/didacta.com.uy\/sitio\/wp-content\/uploads\/2022\/09\/1122-1.jpg","width":1000,"height":1000},{"@type":"BreadcrumbList","@id":"https:\/\/didacta.com.uy\/sitio\/producto\/cachorro-elka\/#breadcrumb","itemListElement":[{"@type":"ListItem","position":1,"name":"Portada","item":"https:\/\/didacta.com.uy\/sitio\/"},{"@type":"ListItem","position":2,"name":"Inicio","item":"https:\/\/didacta.com.uy\/sitio\/"},{"@type":"ListItem","position":3,"name":"CACHORRO ELKA"}]},{"@type":"WebSite","@id":"https:\/\/didacta.com.uy\/sitio\/#website","url":"https:\/\/didacta.com.uy\/sitio\/","name":"Didacta","description":"Con m\u00e1s de 20 a\u00f1os de experiencia, DIDACTA es la marca l\u00edder en el mercado uruguayo de juegos de mesa.","potentialAction":[{"@type":"SearchAction","target":{"@type":"EntryPoint","urlTemplate":"https:\/\/didacta.com.uy\/sitio\/?s={search_term_string}"},"query-input":{"@type":"PropertyValueSpecification","valueRequired":true,"valueName":"search_term_string"}}],"inLanguage":"es"}]}},"_links":{"self":[{"href":"https:\/\/didacta.com.uy\/sitio\/wp-json\/wp\/v2\/product\/209510","targetHints":{"allow":["GET"]}}],"collection":[{"href":"https:\/\/didacta.com.uy\/sitio\/wp-json\/wp\/v2\/product"}],"about":[{"href":"https:\/\/didacta.com.uy\/sitio\/wp-json\/wp\/v2\/types\/product"}],"replies":[{"embeddable":true,"href":"https:\/\/didacta.com.uy\/sitio\/wp-json\/wp\/v2\/comments?post=209510"}],"wp:featuredmedia":[{"embeddable":true,"href":"https:\/\/didacta.com.uy\/sitio\/wp-json\/wp\/v2\/media\/209511"}],"wp:attachment":[{"href":"https:\/\/didacta.com.uy\/sitio\/wp-json\/wp\/v2\/media?parent=209510"}],"wp:term":[{"taxonomy":"product_brand","embeddable":true,"href":"https:\/\/didacta.com.uy\/sitio\/wp-json\/wp\/v2\/product_brand?post=209510"},{"taxonomy":"product_cat","embeddable":true,"href":"https:\/\/didacta.com.uy\/sitio\/wp-json\/wp\/v2\/product_cat?post=209510"},{"taxonomy":"product_tag","embeddable":true,"href":"https:\/\/didacta.com.uy\/sitio\/wp-json\/wp\/v2\/product_tag?post=209510"}],"curies":[{"name":"wp","href":"https:\/\/api.w.org\/{rel}","templated":true}]}}