{"id":209138,"date":"2021-11-25T13:11:39","date_gmt":"2021-11-25T13:11:39","guid":{"rendered":"http:\/\/didacta.com.uy\/sitio\/?post_type=product&#038;p=209138"},"modified":"2022-10-05T12:01:01","modified_gmt":"2022-10-05T12:01:01","slug":"pintor-magico-princesas","status":"publish","type":"product","link":"https:\/\/didacta.com.uy\/sitio\/producto\/pintor-magico-princesas\/","title":{"rendered":"PINTOR MAGICO PRINCESAS"},"content":{"rendered":"<p>Con el pintor m\u00e1gico de Princesas se puede pintar, borrar y volver a pintar cuantas veces se quiera, ya que sus l\u00e1minas est\u00e1n hechas especialmente para poder ser pintadas con crayolas y borrarlas con el borrador.<br \/>\n\u00a1Qu\u00e9 nunca se termine la diversi\u00f3n!<\/p>\n<p><strong><span style=\"color: #ff0000;\">C\u00f3digo:<\/span><\/strong> 410\/17<br \/>\n<strong><span style=\"color: #ff0000;\">C\u00f3digo de barras:<\/span><\/strong> 7730549005855<br \/>\n<strong><span style=\"color: #ff0000;\">Edad:<\/span><\/strong>\u00a03 a\u00f1os en adelante<br \/>\n<strong><span style=\"color: #ff0000;\">Cantidad de jugadores:<\/span> <\/strong>1<br \/>\n<strong><span style=\"color: #ff0000;\">Contenido:<\/span><\/strong>\u00a04 l\u00e1minas m\u00e1gicas, crayolas de colores y un pa\u00f1o para borrar<br \/>\n<strong><span style=\"color: #ff0000;\">Medidas:<\/span><\/strong>\u00a026 x 19 x 4 cm<br \/>\n<strong><span style=\"color: #ff0000;\">Instrucciones:<\/span><\/strong> Descargar<\/p>\n","protected":false},"excerpt":{"rendered":"<p>Con el pintor m\u00e1gico de Princesas se puede pintar, borrar y volver a pintar cuantas veces se quiera, ya que sus l\u00e1minas est\u00e1n hechas especialmente para poder ser pintadas con crayolas y borrarlas con el borrador.<br \/>\n\u00a1Qu\u00e9 nunca se termine la diversi\u00f3n!<\/p>\n<p><strong><span style=\"color: #ff0000;\">C\u00f3digo:<\/span><\/strong> 410\/17<br \/>\n<strong><span style=\"color: #ff0000;\">C\u00f3digo de barras:<\/span><\/strong> 7730549005855<br \/>\n<strong><span style=\"color: #ff0000;\">Edad:<\/span><\/strong>\u00a03 a\u00f1os en adelante<br \/>\n<strong><span style=\"color: #ff0000;\">Cantidad de jugadores:<\/span> <\/strong>1<br \/>\n<strong><span style=\"color: #ff0000;\">Contenido:<\/span><\/strong>\u00a04 l\u00e1minas m\u00e1gicas, crayolas de colores y un pa\u00f1o para borrar<br \/>\n<strong><span style=\"color: #ff0000;\">Medidas:<\/span><\/strong>\u00a026 x 19 x 4 cm<br \/>\n<strong><span style=\"color: #ff0000;\">Instrucciones:<\/span><\/strong> Descargar<\/p>\n","protected":false},"featured_media":209139,"comment_status":"closed","ping_status":"closed","template":"","meta":{"_et_pb_use_builder":"","_et_pb_old_content":"","_et_gb_content_width":"","_uf_show_specific_survey":0,"_uf_disable_surveys":false},"product_brand":[],"product_cat":[72,113],"product_tag":[],"class_list":{"0":"post-209138","1":"product","2":"type-product","3":"status-publish","4":"has-post-thumbnail","6":"product_cat-6-a-9-anos","7":"product_cat-princesas-disney","9":"first","10":"instock","11":"taxable","12":"shipping-taxable","13":"purchasable","14":"product-type-simple"},"aioseo_notices":[],"yoast_head":"<!-- This site is optimized with the Yoast SEO plugin v24.8.1 - https:\/\/yoast.com\/wordpress\/plugins\/seo\/ -->\n<title>PINTOR MAGICO PRINCESAS - Didacta<\/title>\n<meta name=\"robots\" content=\"index, follow, max-snippet:-1, max-image-preview:large, max-video-preview:-1\" \/>\n<link rel=\"canonical\" href=\"https:\/\/didacta.com.uy\/sitio\/producto\/pintor-magico-princesas\/\" \/>\n<meta property=\"og:locale\" content=\"es_ES\" \/>\n<meta property=\"og:type\" content=\"article\" \/>\n<meta property=\"og:title\" content=\"PINTOR MAGICO PRINCESAS - Didacta\" \/>\n<meta property=\"og:description\" content=\"Con el pintor m\u00e1gico de Princesas se puede pintar, borrar y volver a pintar cuantas veces se quiera, ya que sus l\u00e1minas est\u00e1n hechas especialmente para poder ser pintadas con crayolas y borrarlas con el borrador. \u00a1Qu\u00e9 nunca se termine la diversi\u00f3n!  C\u00f3digo: 410\/17 C\u00f3digo de barras: 7730549005855 Edad:\u00a03 a\u00f1os en adelante Cantidad de jugadores: 1 Contenido:\u00a04 l\u00e1minas m\u00e1gicas, crayolas de colores y un pa\u00f1o para borrar Medidas:\u00a026 x 19 x 4 cm Instrucciones: Descargar\" \/>\n<meta property=\"og:url\" content=\"https:\/\/didacta.com.uy\/sitio\/producto\/pintor-magico-princesas\/\" \/>\n<meta property=\"og:site_name\" content=\"Didacta\" \/>\n<meta property=\"article:modified_time\" content=\"2022-10-05T12:01:01+00:00\" \/>\n<meta property=\"og:image\" content=\"https:\/\/didacta.com.uy\/sitio\/wp-content\/uploads\/2021\/11\/410-17_pintor_magico_Princesas.jpg\" \/>\n\t<meta property=\"og:image:width\" content=\"1022\" \/>\n\t<meta property=\"og:image:height\" content=\"800\" \/>\n\t<meta property=\"og:image:type\" content=\"image\/jpeg\" \/>\n<meta name=\"twitter:card\" content=\"summary_large_image\" \/>\n<script type=\"application\/ld+json\" class=\"yoast-schema-graph\">{\"@context\":\"https:\/\/schema.org\",\"@graph\":[{\"@type\":\"WebPage\",\"@id\":\"https:\/\/didacta.com.uy\/sitio\/producto\/pintor-magico-princesas\/\",\"url\":\"https:\/\/didacta.com.uy\/sitio\/producto\/pintor-magico-princesas\/\",\"name\":\"PINTOR MAGICO PRINCESAS - Didacta\",\"isPartOf\":{\"@id\":\"https:\/\/didacta.com.uy\/sitio\/#website\"},\"primaryImageOfPage\":{\"@id\":\"https:\/\/didacta.com.uy\/sitio\/producto\/pintor-magico-princesas\/#primaryimage\"},\"image\":{\"@id\":\"https:\/\/didacta.com.uy\/sitio\/producto\/pintor-magico-princesas\/#primaryimage\"},\"thumbnailUrl\":\"https:\/\/didacta.com.uy\/sitio\/wp-content\/uploads\/2021\/11\/410-17_pintor_magico_Princesas.jpg\",\"datePublished\":\"2021-11-25T13:11:39+00:00\",\"dateModified\":\"2022-10-05T12:01:01+00:00\",\"breadcrumb\":{\"@id\":\"https:\/\/didacta.com.uy\/sitio\/producto\/pintor-magico-princesas\/#breadcrumb\"},\"inLanguage\":\"es\",\"potentialAction\":[{\"@type\":\"ReadAction\",\"target\":[\"https:\/\/didacta.com.uy\/sitio\/producto\/pintor-magico-princesas\/\"]}]},{\"@type\":\"ImageObject\",\"inLanguage\":\"es\",\"@id\":\"https:\/\/didacta.com.uy\/sitio\/producto\/pintor-magico-princesas\/#primaryimage\",\"url\":\"https:\/\/didacta.com.uy\/sitio\/wp-content\/uploads\/2021\/11\/410-17_pintor_magico_Princesas.jpg\",\"contentUrl\":\"https:\/\/didacta.com.uy\/sitio\/wp-content\/uploads\/2021\/11\/410-17_pintor_magico_Princesas.jpg\",\"width\":1022,\"height\":800},{\"@type\":\"BreadcrumbList\",\"@id\":\"https:\/\/didacta.com.uy\/sitio\/producto\/pintor-magico-princesas\/#breadcrumb\",\"itemListElement\":[{\"@type\":\"ListItem\",\"position\":1,\"name\":\"Portada\",\"item\":\"https:\/\/didacta.com.uy\/sitio\/\"},{\"@type\":\"ListItem\",\"position\":2,\"name\":\"Inicio\",\"item\":\"https:\/\/didacta.com.uy\/sitio\/\"},{\"@type\":\"ListItem\",\"position\":3,\"name\":\"PINTOR MAGICO PRINCESAS\"}]},{\"@type\":\"WebSite\",\"@id\":\"https:\/\/didacta.com.uy\/sitio\/#website\",\"url\":\"https:\/\/didacta.com.uy\/sitio\/\",\"name\":\"Didacta\",\"description\":\"Con m\u00e1s de 20 a\u00f1os de experiencia, DIDACTA es la marca l\u00edder en el mercado uruguayo de juegos de mesa.\",\"potentialAction\":[{\"@type\":\"SearchAction\",\"target\":{\"@type\":\"EntryPoint\",\"urlTemplate\":\"https:\/\/didacta.com.uy\/sitio\/?s={search_term_string}\"},\"query-input\":{\"@type\":\"PropertyValueSpecification\",\"valueRequired\":true,\"valueName\":\"search_term_string\"}}],\"inLanguage\":\"es\"}]}<\/script>\n<!-- \/ Yoast SEO plugin. -->","yoast_head_json":{"title":"PINTOR MAGICO PRINCESAS - Didacta","robots":{"index":"index","follow":"follow","max-snippet":"max-snippet:-1","max-image-preview":"max-image-preview:large","max-video-preview":"max-video-preview:-1"},"canonical":"https:\/\/didacta.com.uy\/sitio\/producto\/pintor-magico-princesas\/","og_locale":"es_ES","og_type":"article","og_title":"PINTOR MAGICO PRINCESAS - Didacta","og_description":"Con el pintor m\u00e1gico de Princesas se puede pintar, borrar y volver a pintar cuantas veces se quiera, ya que sus l\u00e1minas est\u00e1n hechas especialmente para poder ser pintadas con crayolas y borrarlas con el borrador. \u00a1Qu\u00e9 nunca se termine la diversi\u00f3n!  C\u00f3digo: 410\/17 C\u00f3digo de barras: 7730549005855 Edad:\u00a03 a\u00f1os en adelante Cantidad de jugadores: 1 Contenido:\u00a04 l\u00e1minas m\u00e1gicas, crayolas de colores y un pa\u00f1o para borrar Medidas:\u00a026 x 19 x 4 cm Instrucciones: Descargar","og_url":"https:\/\/didacta.com.uy\/sitio\/producto\/pintor-magico-princesas\/","og_site_name":"Didacta","article_modified_time":"2022-10-05T12:01:01+00:00","og_image":[{"width":1022,"height":800,"url":"https:\/\/didacta.com.uy\/sitio\/wp-content\/uploads\/2021\/11\/410-17_pintor_magico_Princesas.jpg","type":"image\/jpeg"}],"twitter_card":"summary_large_image","schema":{"@context":"https:\/\/schema.org","@graph":[{"@type":"WebPage","@id":"https:\/\/didacta.com.uy\/sitio\/producto\/pintor-magico-princesas\/","url":"https:\/\/didacta.com.uy\/sitio\/producto\/pintor-magico-princesas\/","name":"PINTOR MAGICO PRINCESAS - Didacta","isPartOf":{"@id":"https:\/\/didacta.com.uy\/sitio\/#website"},"primaryImageOfPage":{"@id":"https:\/\/didacta.com.uy\/sitio\/producto\/pintor-magico-princesas\/#primaryimage"},"image":{"@id":"https:\/\/didacta.com.uy\/sitio\/producto\/pintor-magico-princesas\/#primaryimage"},"thumbnailUrl":"https:\/\/didacta.com.uy\/sitio\/wp-content\/uploads\/2021\/11\/410-17_pintor_magico_Princesas.jpg","datePublished":"2021-11-25T13:11:39+00:00","dateModified":"2022-10-05T12:01:01+00:00","breadcrumb":{"@id":"https:\/\/didacta.com.uy\/sitio\/producto\/pintor-magico-princesas\/#breadcrumb"},"inLanguage":"es","potentialAction":[{"@type":"ReadAction","target":["https:\/\/didacta.com.uy\/sitio\/producto\/pintor-magico-princesas\/"]}]},{"@type":"ImageObject","inLanguage":"es","@id":"https:\/\/didacta.com.uy\/sitio\/producto\/pintor-magico-princesas\/#primaryimage","url":"https:\/\/didacta.com.uy\/sitio\/wp-content\/uploads\/2021\/11\/410-17_pintor_magico_Princesas.jpg","contentUrl":"https:\/\/didacta.com.uy\/sitio\/wp-content\/uploads\/2021\/11\/410-17_pintor_magico_Princesas.jpg","width":1022,"height":800},{"@type":"BreadcrumbList","@id":"https:\/\/didacta.com.uy\/sitio\/producto\/pintor-magico-princesas\/#breadcrumb","itemListElement":[{"@type":"ListItem","position":1,"name":"Portada","item":"https:\/\/didacta.com.uy\/sitio\/"},{"@type":"ListItem","position":2,"name":"Inicio","item":"https:\/\/didacta.com.uy\/sitio\/"},{"@type":"ListItem","position":3,"name":"PINTOR MAGICO PRINCESAS"}]},{"@type":"WebSite","@id":"https:\/\/didacta.com.uy\/sitio\/#website","url":"https:\/\/didacta.com.uy\/sitio\/","name":"Didacta","description":"Con m\u00e1s de 20 a\u00f1os de experiencia, DIDACTA es la marca l\u00edder en el mercado uruguayo de juegos de mesa.","potentialAction":[{"@type":"SearchAction","target":{"@type":"EntryPoint","urlTemplate":"https:\/\/didacta.com.uy\/sitio\/?s={search_term_string}"},"query-input":{"@type":"PropertyValueSpecification","valueRequired":true,"valueName":"search_term_string"}}],"inLanguage":"es"}]}},"_links":{"self":[{"href":"https:\/\/didacta.com.uy\/sitio\/wp-json\/wp\/v2\/product\/209138","targetHints":{"allow":["GET"]}}],"collection":[{"href":"https:\/\/didacta.com.uy\/sitio\/wp-json\/wp\/v2\/product"}],"about":[{"href":"https:\/\/didacta.com.uy\/sitio\/wp-json\/wp\/v2\/types\/product"}],"replies":[{"embeddable":true,"href":"https:\/\/didacta.com.uy\/sitio\/wp-json\/wp\/v2\/comments?post=209138"}],"wp:featuredmedia":[{"embeddable":true,"href":"https:\/\/didacta.com.uy\/sitio\/wp-json\/wp\/v2\/media\/209139"}],"wp:attachment":[{"href":"https:\/\/didacta.com.uy\/sitio\/wp-json\/wp\/v2\/media?parent=209138"}],"wp:term":[{"taxonomy":"product_brand","embeddable":true,"href":"https:\/\/didacta.com.uy\/sitio\/wp-json\/wp\/v2\/product_brand?post=209138"},{"taxonomy":"product_cat","embeddable":true,"href":"https:\/\/didacta.com.uy\/sitio\/wp-json\/wp\/v2\/product_cat?post=209138"},{"taxonomy":"product_tag","embeddable":true,"href":"https:\/\/didacta.com.uy\/sitio\/wp-json\/wp\/v2\/product_tag?post=209138"}],"curies":[{"name":"wp","href":"https:\/\/api.w.org\/{rel}","templated":true}]}}