{"id":209136,"date":"2021-11-25T13:07:37","date_gmt":"2021-11-25T13:07:37","guid":{"rendered":"http:\/\/didacta.com.uy\/sitio\/?post_type=product&#038;p=209136"},"modified":"2023-07-25T17:30:25","modified_gmt":"2023-07-25T17:30:25","slug":"puzzle-piso-princesas","status":"publish","type":"product","link":"https:\/\/didacta.com.uy\/sitio\/producto\/puzzle-piso-princesas\/","title":{"rendered":"PUZZLE PISO PRINCESAS"},"content":{"rendered":"<p>Puzzle Princesas de 35 piezas gigantes.\u00a0Realizado en cart\u00f3n super resistente y atractivos colores.\u00a0Ideal para armar en familia.<\/p>\n<p><strong><span style=\"color: #ff0000;\">C\u00f3digo:<\/span><\/strong> 410\/15<br \/>\n<strong><span style=\"color: #ff0000;\">C\u00f3digo de barras:<\/span><\/strong> 7730549005817<br \/>\n<strong><span style=\"color: #ff0000;\">Edad:<\/span><\/strong>\u00a03 a\u00f1os en adelante<br \/>\n<strong><span style=\"color: #ff0000;\">Cantidad de jugadores:<\/span> <\/strong>1 o + jugadores<br \/>\n<strong><span style=\"color: #ff0000;\">Contenido:<\/span><\/strong>\u00a035 piezas gigantes<br \/>\n<strong><span style=\"color: #ff0000;\">Medidas:<\/span><\/strong> 26 x 20 x 8 cm (puzzle armado 60 x 44 cms)<br \/>\n<strong><span style=\"color: #ff0000;\">Instrucciones:<\/span><\/strong> <a href=\"#\">Descargar<\/a><\/p>\n","protected":false},"excerpt":{"rendered":"<p>Puzzle Princesas de 35 piezas gigantes.\u00a0Realizado en cart\u00f3n super resistente y atractivos colores.\u00a0Ideal para armar en familia.<\/p>\n<p><strong><span style=\"color: #ff0000;\">C\u00f3digo:<\/span><\/strong> 410\/15<br \/>\n<strong><span style=\"color: #ff0000;\">C\u00f3digo de barras:<\/span><\/strong> 7730549005817<br \/>\n<strong><span style=\"color: #ff0000;\">Edad:<\/span><\/strong>\u00a03 a\u00f1os en adelante<br \/>\n<strong><span style=\"color: #ff0000;\">Cantidad de jugadores:<\/span> <\/strong>1 o + jugadores<br \/>\n<strong><span style=\"color: #ff0000;\">Contenido:<\/span><\/strong>\u00a035 piezas gigantes<br \/>\n<strong><span style=\"color: #ff0000;\">Medidas:<\/span><\/strong> 26 x 20 x 8 cm (puzzle armado 60 x 44 cms)<br \/>\n<strong><span style=\"color: #ff0000;\">Instrucciones:<\/span><\/strong> <a href=\"#\">Descargar<\/a><\/p>\n","protected":false},"featured_media":209137,"comment_status":"closed","ping_status":"closed","template":"","meta":{"_et_pb_use_builder":"","_et_pb_old_content":"","_et_gb_content_width":"","_uf_show_specific_survey":0,"_uf_disable_surveys":false},"product_brand":[],"product_cat":[72,113],"product_tag":[],"class_list":{"0":"post-209136","1":"product","2":"type-product","3":"status-publish","4":"has-post-thumbnail","6":"product_cat-6-a-9-anos","7":"product_cat-princesas-disney","9":"first","10":"instock","11":"taxable","12":"shipping-taxable","13":"purchasable","14":"product-type-simple"},"aioseo_notices":[],"yoast_head":"<!-- This site is optimized with the Yoast SEO plugin v24.8.1 - https:\/\/yoast.com\/wordpress\/plugins\/seo\/ -->\n<title>PUZZLE PISO PRINCESAS - Didacta<\/title>\n<meta name=\"robots\" content=\"index, follow, max-snippet:-1, max-image-preview:large, max-video-preview:-1\" \/>\n<link rel=\"canonical\" href=\"https:\/\/didacta.com.uy\/sitio\/producto\/puzzle-piso-princesas\/\" \/>\n<meta property=\"og:locale\" content=\"es_ES\" \/>\n<meta property=\"og:type\" content=\"article\" \/>\n<meta property=\"og:title\" content=\"PUZZLE PISO PRINCESAS - Didacta\" \/>\n<meta property=\"og:description\" content=\"Puzzle Princesas de 35 piezas gigantes.\u00a0Realizado en cart\u00f3n super resistente y atractivos colores.\u00a0Ideal para armar en familia.  C\u00f3digo: 410\/15 C\u00f3digo de barras: 7730549005817 Edad:\u00a03 a\u00f1os en adelante Cantidad de jugadores: 1 o + jugadores Contenido:\u00a035 piezas gigantes Medidas: 26 x 20 x 8 cm (puzzle armado 60 x 44 cms) Instrucciones: Descargar\" \/>\n<meta property=\"og:url\" content=\"https:\/\/didacta.com.uy\/sitio\/producto\/puzzle-piso-princesas\/\" \/>\n<meta property=\"og:site_name\" content=\"Didacta\" \/>\n<meta property=\"article:modified_time\" content=\"2023-07-25T17:30:25+00:00\" \/>\n<meta property=\"og:image\" content=\"https:\/\/didacta.com.uy\/sitio\/wp-content\/uploads\/2021\/11\/410-15_Puzzle-Piso-Princesas.jpg\" \/>\n\t<meta property=\"og:image:width\" content=\"936\" \/>\n\t<meta property=\"og:image:height\" content=\"800\" \/>\n\t<meta property=\"og:image:type\" content=\"image\/jpeg\" \/>\n<meta name=\"twitter:card\" content=\"summary_large_image\" \/>\n<script type=\"application\/ld+json\" class=\"yoast-schema-graph\">{\"@context\":\"https:\/\/schema.org\",\"@graph\":[{\"@type\":\"WebPage\",\"@id\":\"https:\/\/didacta.com.uy\/sitio\/producto\/puzzle-piso-princesas\/\",\"url\":\"https:\/\/didacta.com.uy\/sitio\/producto\/puzzle-piso-princesas\/\",\"name\":\"PUZZLE PISO PRINCESAS - Didacta\",\"isPartOf\":{\"@id\":\"https:\/\/didacta.com.uy\/sitio\/#website\"},\"primaryImageOfPage\":{\"@id\":\"https:\/\/didacta.com.uy\/sitio\/producto\/puzzle-piso-princesas\/#primaryimage\"},\"image\":{\"@id\":\"https:\/\/didacta.com.uy\/sitio\/producto\/puzzle-piso-princesas\/#primaryimage\"},\"thumbnailUrl\":\"https:\/\/didacta.com.uy\/sitio\/wp-content\/uploads\/2021\/11\/410-15_Puzzle-Piso-Princesas.jpg\",\"datePublished\":\"2021-11-25T13:07:37+00:00\",\"dateModified\":\"2023-07-25T17:30:25+00:00\",\"breadcrumb\":{\"@id\":\"https:\/\/didacta.com.uy\/sitio\/producto\/puzzle-piso-princesas\/#breadcrumb\"},\"inLanguage\":\"es\",\"potentialAction\":[{\"@type\":\"ReadAction\",\"target\":[\"https:\/\/didacta.com.uy\/sitio\/producto\/puzzle-piso-princesas\/\"]}]},{\"@type\":\"ImageObject\",\"inLanguage\":\"es\",\"@id\":\"https:\/\/didacta.com.uy\/sitio\/producto\/puzzle-piso-princesas\/#primaryimage\",\"url\":\"https:\/\/didacta.com.uy\/sitio\/wp-content\/uploads\/2021\/11\/410-15_Puzzle-Piso-Princesas.jpg\",\"contentUrl\":\"https:\/\/didacta.com.uy\/sitio\/wp-content\/uploads\/2021\/11\/410-15_Puzzle-Piso-Princesas.jpg\",\"width\":936,\"height\":800},{\"@type\":\"BreadcrumbList\",\"@id\":\"https:\/\/didacta.com.uy\/sitio\/producto\/puzzle-piso-princesas\/#breadcrumb\",\"itemListElement\":[{\"@type\":\"ListItem\",\"position\":1,\"name\":\"Portada\",\"item\":\"https:\/\/didacta.com.uy\/sitio\/\"},{\"@type\":\"ListItem\",\"position\":2,\"name\":\"Inicio\",\"item\":\"https:\/\/didacta.com.uy\/sitio\/\"},{\"@type\":\"ListItem\",\"position\":3,\"name\":\"PUZZLE PISO PRINCESAS\"}]},{\"@type\":\"WebSite\",\"@id\":\"https:\/\/didacta.com.uy\/sitio\/#website\",\"url\":\"https:\/\/didacta.com.uy\/sitio\/\",\"name\":\"Didacta\",\"description\":\"Con m\u00e1s de 20 a\u00f1os de experiencia, DIDACTA es la marca l\u00edder en el mercado uruguayo de juegos de mesa.\",\"potentialAction\":[{\"@type\":\"SearchAction\",\"target\":{\"@type\":\"EntryPoint\",\"urlTemplate\":\"https:\/\/didacta.com.uy\/sitio\/?s={search_term_string}\"},\"query-input\":{\"@type\":\"PropertyValueSpecification\",\"valueRequired\":true,\"valueName\":\"search_term_string\"}}],\"inLanguage\":\"es\"}]}<\/script>\n<!-- \/ Yoast SEO plugin. -->","yoast_head_json":{"title":"PUZZLE PISO PRINCESAS - Didacta","robots":{"index":"index","follow":"follow","max-snippet":"max-snippet:-1","max-image-preview":"max-image-preview:large","max-video-preview":"max-video-preview:-1"},"canonical":"https:\/\/didacta.com.uy\/sitio\/producto\/puzzle-piso-princesas\/","og_locale":"es_ES","og_type":"article","og_title":"PUZZLE PISO PRINCESAS - Didacta","og_description":"Puzzle Princesas de 35 piezas gigantes.\u00a0Realizado en cart\u00f3n super resistente y atractivos colores.\u00a0Ideal para armar en familia.  C\u00f3digo: 410\/15 C\u00f3digo de barras: 7730549005817 Edad:\u00a03 a\u00f1os en adelante Cantidad de jugadores: 1 o + jugadores Contenido:\u00a035 piezas gigantes Medidas: 26 x 20 x 8 cm (puzzle armado 60 x 44 cms) Instrucciones: Descargar","og_url":"https:\/\/didacta.com.uy\/sitio\/producto\/puzzle-piso-princesas\/","og_site_name":"Didacta","article_modified_time":"2023-07-25T17:30:25+00:00","og_image":[{"width":936,"height":800,"url":"https:\/\/didacta.com.uy\/sitio\/wp-content\/uploads\/2021\/11\/410-15_Puzzle-Piso-Princesas.jpg","type":"image\/jpeg"}],"twitter_card":"summary_large_image","schema":{"@context":"https:\/\/schema.org","@graph":[{"@type":"WebPage","@id":"https:\/\/didacta.com.uy\/sitio\/producto\/puzzle-piso-princesas\/","url":"https:\/\/didacta.com.uy\/sitio\/producto\/puzzle-piso-princesas\/","name":"PUZZLE PISO PRINCESAS - Didacta","isPartOf":{"@id":"https:\/\/didacta.com.uy\/sitio\/#website"},"primaryImageOfPage":{"@id":"https:\/\/didacta.com.uy\/sitio\/producto\/puzzle-piso-princesas\/#primaryimage"},"image":{"@id":"https:\/\/didacta.com.uy\/sitio\/producto\/puzzle-piso-princesas\/#primaryimage"},"thumbnailUrl":"https:\/\/didacta.com.uy\/sitio\/wp-content\/uploads\/2021\/11\/410-15_Puzzle-Piso-Princesas.jpg","datePublished":"2021-11-25T13:07:37+00:00","dateModified":"2023-07-25T17:30:25+00:00","breadcrumb":{"@id":"https:\/\/didacta.com.uy\/sitio\/producto\/puzzle-piso-princesas\/#breadcrumb"},"inLanguage":"es","potentialAction":[{"@type":"ReadAction","target":["https:\/\/didacta.com.uy\/sitio\/producto\/puzzle-piso-princesas\/"]}]},{"@type":"ImageObject","inLanguage":"es","@id":"https:\/\/didacta.com.uy\/sitio\/producto\/puzzle-piso-princesas\/#primaryimage","url":"https:\/\/didacta.com.uy\/sitio\/wp-content\/uploads\/2021\/11\/410-15_Puzzle-Piso-Princesas.jpg","contentUrl":"https:\/\/didacta.com.uy\/sitio\/wp-content\/uploads\/2021\/11\/410-15_Puzzle-Piso-Princesas.jpg","width":936,"height":800},{"@type":"BreadcrumbList","@id":"https:\/\/didacta.com.uy\/sitio\/producto\/puzzle-piso-princesas\/#breadcrumb","itemListElement":[{"@type":"ListItem","position":1,"name":"Portada","item":"https:\/\/didacta.com.uy\/sitio\/"},{"@type":"ListItem","position":2,"name":"Inicio","item":"https:\/\/didacta.com.uy\/sitio\/"},{"@type":"ListItem","position":3,"name":"PUZZLE PISO PRINCESAS"}]},{"@type":"WebSite","@id":"https:\/\/didacta.com.uy\/sitio\/#website","url":"https:\/\/didacta.com.uy\/sitio\/","name":"Didacta","description":"Con m\u00e1s de 20 a\u00f1os de experiencia, DIDACTA es la marca l\u00edder en el mercado uruguayo de juegos de mesa.","potentialAction":[{"@type":"SearchAction","target":{"@type":"EntryPoint","urlTemplate":"https:\/\/didacta.com.uy\/sitio\/?s={search_term_string}"},"query-input":{"@type":"PropertyValueSpecification","valueRequired":true,"valueName":"search_term_string"}}],"inLanguage":"es"}]}},"_links":{"self":[{"href":"https:\/\/didacta.com.uy\/sitio\/wp-json\/wp\/v2\/product\/209136","targetHints":{"allow":["GET"]}}],"collection":[{"href":"https:\/\/didacta.com.uy\/sitio\/wp-json\/wp\/v2\/product"}],"about":[{"href":"https:\/\/didacta.com.uy\/sitio\/wp-json\/wp\/v2\/types\/product"}],"replies":[{"embeddable":true,"href":"https:\/\/didacta.com.uy\/sitio\/wp-json\/wp\/v2\/comments?post=209136"}],"wp:featuredmedia":[{"embeddable":true,"href":"https:\/\/didacta.com.uy\/sitio\/wp-json\/wp\/v2\/media\/209137"}],"wp:attachment":[{"href":"https:\/\/didacta.com.uy\/sitio\/wp-json\/wp\/v2\/media?parent=209136"}],"wp:term":[{"taxonomy":"product_brand","embeddable":true,"href":"https:\/\/didacta.com.uy\/sitio\/wp-json\/wp\/v2\/product_brand?post=209136"},{"taxonomy":"product_cat","embeddable":true,"href":"https:\/\/didacta.com.uy\/sitio\/wp-json\/wp\/v2\/product_cat?post=209136"},{"taxonomy":"product_tag","embeddable":true,"href":"https:\/\/didacta.com.uy\/sitio\/wp-json\/wp\/v2\/product_tag?post=209136"}],"curies":[{"name":"wp","href":"https:\/\/api.w.org\/{rel}","templated":true}]}}