{"id":209121,"date":"2021-11-25T12:27:47","date_gmt":"2021-11-25T12:27:47","guid":{"rendered":"http:\/\/didacta.com.uy\/sitio\/?post_type=product&#038;p=209121"},"modified":"2022-10-05T12:00:52","modified_gmt":"2022-10-05T12:00:52","slug":"magnestic-personajes","status":"publish","type":"product","link":"https:\/\/didacta.com.uy\/sitio\/producto\/magnestic-personajes\/","title":{"rendered":"MAGNESTIC PERSONAJES"},"content":{"rendered":"<p>Magnestic Juego de Imanes Personajes!<br \/>\nTe presentamos Magnestic, un juego magn\u00e9tico educativo con imanes y tarjetas. Estimula la imaginaci\u00f3n de ni\u00f1as y ni\u00f1os, quienes gui\u00e1ndose al principio por las tarjetas y luego inventando historias, creando libremente escenas y aventuras, generar\u00e1n diversi\u00f3n creativa sin l\u00edmites.<\/p>\n<p><strong><span style=\"color: #ff0000;\">C\u00f3digo:<\/span> <\/strong>154\/21<br \/>\n<strong><span style=\"color: #ff0000;\">C\u00f3digo de barras:<\/span><\/strong> 7730549005749<br \/>\n<strong><span style=\"color: #ff0000;\">Edad:<\/span>\u00a03<\/strong>\u00a0a\u00f1os en adelante<br \/>\n<strong><span style=\"color: #ff0000;\">Cantidad de piezas:<\/span><\/strong>\u00a062 Imanes y 8 Tarjetas<br \/>\n<strong><span style=\"color: #ff0000;\">Medidas:<\/span><\/strong> 26,5 x 19 x 4 cm<br \/>\n<strong><span style=\"color: #ff0000;\">Instrucciones:<\/span> <\/strong><a href=\"#\">Descargar<\/a><\/p>\n","protected":false},"excerpt":{"rendered":"<p>Magnestic Juego de Imanes Personajes!<br \/>\nTe presentamos Magnestic, un juego magn\u00e9tico educativo con imanes y tarjetas. Estimula la imaginaci\u00f3n de ni\u00f1as y ni\u00f1os, quienes gui\u00e1ndose al principio por las tarjetas y luego inventando historias, creando libremente escenas y aventuras, generar\u00e1n diversi\u00f3n creativa sin l\u00edmites.<\/p>\n<p><strong><span style=\"color: #ff0000;\">C\u00f3digo:<\/span> <\/strong>154\/21<br \/>\n<strong><span style=\"color: #ff0000;\">C\u00f3digo de barras:<\/span><\/strong> 7730549005749<br \/>\n<strong><span style=\"color: #ff0000;\">Edad:<\/span>\u00a03<\/strong>\u00a0a\u00f1os en adelante<br \/>\n<strong><span style=\"color: #ff0000;\">Cantidad de piezas:<\/span><\/strong>\u00a062 Imanes y 8 Tarjetas<br \/>\n<strong><span style=\"color: #ff0000;\">Medidas:<\/span><\/strong> 26,5 x 19 x 4 cm<br \/>\n<strong><span style=\"color: #ff0000;\">Instrucciones:<\/span> <\/strong><a href=\"#\">Descargar<\/a><\/p>\n","protected":false},"featured_media":209122,"comment_status":"closed","ping_status":"closed","template":"","meta":{"_et_pb_use_builder":"","_et_pb_old_content":"","_et_gb_content_width":"","_uf_show_specific_survey":0,"_uf_disable_surveys":false},"product_brand":[],"product_cat":[71,72,80],"product_tag":[],"class_list":{"0":"post-209121","1":"product","2":"type-product","3":"status-publish","4":"has-post-thumbnail","6":"product_cat-3-a-5-anos","7":"product_cat-6-a-9-anos","8":"product_cat-jugar-y-aprender","10":"first","11":"instock","12":"purchasable","13":"product-type-simple"},"aioseo_notices":[],"yoast_head":"<!-- This site is optimized with the Yoast SEO plugin v24.8.1 - https:\/\/yoast.com\/wordpress\/plugins\/seo\/ -->\n<title>MAGNESTIC PERSONAJES - Didacta<\/title>\n<meta name=\"robots\" content=\"index, follow, max-snippet:-1, max-image-preview:large, max-video-preview:-1\" \/>\n<link rel=\"canonical\" href=\"https:\/\/didacta.com.uy\/sitio\/producto\/magnestic-personajes\/\" \/>\n<meta property=\"og:locale\" content=\"es_ES\" \/>\n<meta property=\"og:type\" content=\"article\" \/>\n<meta property=\"og:title\" content=\"MAGNESTIC PERSONAJES - Didacta\" \/>\n<meta property=\"og:description\" content=\"Magnestic Juego de Imanes Personajes! Te presentamos Magnestic, un juego magn\u00e9tico educativo con imanes y tarjetas. Estimula la imaginaci\u00f3n de ni\u00f1as y ni\u00f1os, quienes gui\u00e1ndose al principio por las tarjetas y luego inventando historias, creando libremente escenas y aventuras, generar\u00e1n diversi\u00f3n creativa sin l\u00edmites.  C\u00f3digo: 154\/21 C\u00f3digo de barras: 7730549005749 Edad:\u00a03\u00a0a\u00f1os en adelante Cantidad de piezas:\u00a062 Imanes y 8 Tarjetas Medidas: 26,5 x 19 x 4 cm Instrucciones: Descargar\" \/>\n<meta property=\"og:url\" content=\"https:\/\/didacta.com.uy\/sitio\/producto\/magnestic-personajes\/\" \/>\n<meta property=\"og:site_name\" content=\"Didacta\" \/>\n<meta property=\"article:modified_time\" content=\"2022-10-05T12:00:52+00:00\" \/>\n<meta property=\"og:image\" content=\"https:\/\/didacta.com.uy\/sitio\/wp-content\/uploads\/2021\/11\/154-21_Magnestic_personajes.jpg\" \/>\n\t<meta property=\"og:image:width\" content=\"1180\" \/>\n\t<meta property=\"og:image:height\" content=\"800\" \/>\n\t<meta property=\"og:image:type\" content=\"image\/jpeg\" \/>\n<meta name=\"twitter:card\" content=\"summary_large_image\" \/>\n<script type=\"application\/ld+json\" class=\"yoast-schema-graph\">{\"@context\":\"https:\/\/schema.org\",\"@graph\":[{\"@type\":\"WebPage\",\"@id\":\"https:\/\/didacta.com.uy\/sitio\/producto\/magnestic-personajes\/\",\"url\":\"https:\/\/didacta.com.uy\/sitio\/producto\/magnestic-personajes\/\",\"name\":\"MAGNESTIC PERSONAJES - Didacta\",\"isPartOf\":{\"@id\":\"https:\/\/didacta.com.uy\/sitio\/#website\"},\"primaryImageOfPage\":{\"@id\":\"https:\/\/didacta.com.uy\/sitio\/producto\/magnestic-personajes\/#primaryimage\"},\"image\":{\"@id\":\"https:\/\/didacta.com.uy\/sitio\/producto\/magnestic-personajes\/#primaryimage\"},\"thumbnailUrl\":\"https:\/\/didacta.com.uy\/sitio\/wp-content\/uploads\/2021\/11\/154-21_Magnestic_personajes.jpg\",\"datePublished\":\"2021-11-25T12:27:47+00:00\",\"dateModified\":\"2022-10-05T12:00:52+00:00\",\"breadcrumb\":{\"@id\":\"https:\/\/didacta.com.uy\/sitio\/producto\/magnestic-personajes\/#breadcrumb\"},\"inLanguage\":\"es\",\"potentialAction\":[{\"@type\":\"ReadAction\",\"target\":[\"https:\/\/didacta.com.uy\/sitio\/producto\/magnestic-personajes\/\"]}]},{\"@type\":\"ImageObject\",\"inLanguage\":\"es\",\"@id\":\"https:\/\/didacta.com.uy\/sitio\/producto\/magnestic-personajes\/#primaryimage\",\"url\":\"https:\/\/didacta.com.uy\/sitio\/wp-content\/uploads\/2021\/11\/154-21_Magnestic_personajes.jpg\",\"contentUrl\":\"https:\/\/didacta.com.uy\/sitio\/wp-content\/uploads\/2021\/11\/154-21_Magnestic_personajes.jpg\",\"width\":1180,\"height\":800},{\"@type\":\"BreadcrumbList\",\"@id\":\"https:\/\/didacta.com.uy\/sitio\/producto\/magnestic-personajes\/#breadcrumb\",\"itemListElement\":[{\"@type\":\"ListItem\",\"position\":1,\"name\":\"Portada\",\"item\":\"https:\/\/didacta.com.uy\/sitio\/\"},{\"@type\":\"ListItem\",\"position\":2,\"name\":\"Inicio\",\"item\":\"https:\/\/didacta.com.uy\/sitio\/\"},{\"@type\":\"ListItem\",\"position\":3,\"name\":\"MAGNESTIC PERSONAJES\"}]},{\"@type\":\"WebSite\",\"@id\":\"https:\/\/didacta.com.uy\/sitio\/#website\",\"url\":\"https:\/\/didacta.com.uy\/sitio\/\",\"name\":\"Didacta\",\"description\":\"Con m\u00e1s de 20 a\u00f1os de experiencia, DIDACTA es la marca l\u00edder en el mercado uruguayo de juegos de mesa.\",\"potentialAction\":[{\"@type\":\"SearchAction\",\"target\":{\"@type\":\"EntryPoint\",\"urlTemplate\":\"https:\/\/didacta.com.uy\/sitio\/?s={search_term_string}\"},\"query-input\":{\"@type\":\"PropertyValueSpecification\",\"valueRequired\":true,\"valueName\":\"search_term_string\"}}],\"inLanguage\":\"es\"}]}<\/script>\n<!-- \/ Yoast SEO plugin. -->","yoast_head_json":{"title":"MAGNESTIC PERSONAJES - Didacta","robots":{"index":"index","follow":"follow","max-snippet":"max-snippet:-1","max-image-preview":"max-image-preview:large","max-video-preview":"max-video-preview:-1"},"canonical":"https:\/\/didacta.com.uy\/sitio\/producto\/magnestic-personajes\/","og_locale":"es_ES","og_type":"article","og_title":"MAGNESTIC PERSONAJES - Didacta","og_description":"Magnestic Juego de Imanes Personajes! Te presentamos Magnestic, un juego magn\u00e9tico educativo con imanes y tarjetas. Estimula la imaginaci\u00f3n de ni\u00f1as y ni\u00f1os, quienes gui\u00e1ndose al principio por las tarjetas y luego inventando historias, creando libremente escenas y aventuras, generar\u00e1n diversi\u00f3n creativa sin l\u00edmites.  C\u00f3digo: 154\/21 C\u00f3digo de barras: 7730549005749 Edad:\u00a03\u00a0a\u00f1os en adelante Cantidad de piezas:\u00a062 Imanes y 8 Tarjetas Medidas: 26,5 x 19 x 4 cm Instrucciones: Descargar","og_url":"https:\/\/didacta.com.uy\/sitio\/producto\/magnestic-personajes\/","og_site_name":"Didacta","article_modified_time":"2022-10-05T12:00:52+00:00","og_image":[{"width":1180,"height":800,"url":"https:\/\/didacta.com.uy\/sitio\/wp-content\/uploads\/2021\/11\/154-21_Magnestic_personajes.jpg","type":"image\/jpeg"}],"twitter_card":"summary_large_image","schema":{"@context":"https:\/\/schema.org","@graph":[{"@type":"WebPage","@id":"https:\/\/didacta.com.uy\/sitio\/producto\/magnestic-personajes\/","url":"https:\/\/didacta.com.uy\/sitio\/producto\/magnestic-personajes\/","name":"MAGNESTIC PERSONAJES - Didacta","isPartOf":{"@id":"https:\/\/didacta.com.uy\/sitio\/#website"},"primaryImageOfPage":{"@id":"https:\/\/didacta.com.uy\/sitio\/producto\/magnestic-personajes\/#primaryimage"},"image":{"@id":"https:\/\/didacta.com.uy\/sitio\/producto\/magnestic-personajes\/#primaryimage"},"thumbnailUrl":"https:\/\/didacta.com.uy\/sitio\/wp-content\/uploads\/2021\/11\/154-21_Magnestic_personajes.jpg","datePublished":"2021-11-25T12:27:47+00:00","dateModified":"2022-10-05T12:00:52+00:00","breadcrumb":{"@id":"https:\/\/didacta.com.uy\/sitio\/producto\/magnestic-personajes\/#breadcrumb"},"inLanguage":"es","potentialAction":[{"@type":"ReadAction","target":["https:\/\/didacta.com.uy\/sitio\/producto\/magnestic-personajes\/"]}]},{"@type":"ImageObject","inLanguage":"es","@id":"https:\/\/didacta.com.uy\/sitio\/producto\/magnestic-personajes\/#primaryimage","url":"https:\/\/didacta.com.uy\/sitio\/wp-content\/uploads\/2021\/11\/154-21_Magnestic_personajes.jpg","contentUrl":"https:\/\/didacta.com.uy\/sitio\/wp-content\/uploads\/2021\/11\/154-21_Magnestic_personajes.jpg","width":1180,"height":800},{"@type":"BreadcrumbList","@id":"https:\/\/didacta.com.uy\/sitio\/producto\/magnestic-personajes\/#breadcrumb","itemListElement":[{"@type":"ListItem","position":1,"name":"Portada","item":"https:\/\/didacta.com.uy\/sitio\/"},{"@type":"ListItem","position":2,"name":"Inicio","item":"https:\/\/didacta.com.uy\/sitio\/"},{"@type":"ListItem","position":3,"name":"MAGNESTIC PERSONAJES"}]},{"@type":"WebSite","@id":"https:\/\/didacta.com.uy\/sitio\/#website","url":"https:\/\/didacta.com.uy\/sitio\/","name":"Didacta","description":"Con m\u00e1s de 20 a\u00f1os de experiencia, DIDACTA es la marca l\u00edder en el mercado uruguayo de juegos de mesa.","potentialAction":[{"@type":"SearchAction","target":{"@type":"EntryPoint","urlTemplate":"https:\/\/didacta.com.uy\/sitio\/?s={search_term_string}"},"query-input":{"@type":"PropertyValueSpecification","valueRequired":true,"valueName":"search_term_string"}}],"inLanguage":"es"}]}},"_links":{"self":[{"href":"https:\/\/didacta.com.uy\/sitio\/wp-json\/wp\/v2\/product\/209121","targetHints":{"allow":["GET"]}}],"collection":[{"href":"https:\/\/didacta.com.uy\/sitio\/wp-json\/wp\/v2\/product"}],"about":[{"href":"https:\/\/didacta.com.uy\/sitio\/wp-json\/wp\/v2\/types\/product"}],"replies":[{"embeddable":true,"href":"https:\/\/didacta.com.uy\/sitio\/wp-json\/wp\/v2\/comments?post=209121"}],"wp:featuredmedia":[{"embeddable":true,"href":"https:\/\/didacta.com.uy\/sitio\/wp-json\/wp\/v2\/media\/209122"}],"wp:attachment":[{"href":"https:\/\/didacta.com.uy\/sitio\/wp-json\/wp\/v2\/media?parent=209121"}],"wp:term":[{"taxonomy":"product_brand","embeddable":true,"href":"https:\/\/didacta.com.uy\/sitio\/wp-json\/wp\/v2\/product_brand?post=209121"},{"taxonomy":"product_cat","embeddable":true,"href":"https:\/\/didacta.com.uy\/sitio\/wp-json\/wp\/v2\/product_cat?post=209121"},{"taxonomy":"product_tag","embeddable":true,"href":"https:\/\/didacta.com.uy\/sitio\/wp-json\/wp\/v2\/product_tag?post=209121"}],"curies":[{"name":"wp","href":"https:\/\/api.w.org\/{rel}","templated":true}]}}