{"id":209119,"date":"2021-11-25T12:25:01","date_gmt":"2021-11-25T12:25:01","guid":{"rendered":"http:\/\/didacta.com.uy\/sitio\/?post_type=product&#038;p=209119"},"modified":"2022-10-05T12:00:52","modified_gmt":"2022-10-05T12:00:52","slug":"puzzaico-sandia","status":"publish","type":"product","link":"https:\/\/didacta.com.uy\/sitio\/producto\/puzzaico-sandia\/","title":{"rendered":"PUZZAICO SANDIA"},"content":{"rendered":"<p>Primeros pasos de ni\u00f1as y ni\u00f1os en puzzles y modelado! Puzzaico mejora las habilidades para resolver problemas y desarrolla la comunicaci\u00f3n! Con este divertido set, aprende primero en funci\u00f3n de los modelos y luego crea las im\u00e1genes que se te ocurran!<\/p>\n<p><strong><span style=\"color: #ff0000;\">C\u00f3digo:<\/span> <\/strong>154\/80<br \/>\n<strong><span style=\"color: #ff0000;\">C\u00f3digo de barras:<\/span><\/strong> 7730549005756<br \/>\n<strong><span style=\"color: #ff0000;\">Edad:<\/span>\u00a05<\/strong>\u00a0a\u00f1os en adelante<br \/>\n<strong><span style=\"color: #ff0000;\">Cantidad de piezas:<\/span><\/strong> 130 Piezas<br \/>\n<strong><span style=\"color: #ff0000;\">Medidas:<\/span><\/strong> 23 x 17 x 3,5 cm<br \/>\n<strong><span style=\"color: #ff0000;\">Instrucciones:<\/span> <\/strong><a href=\"#\">Descargar<\/a><\/p>\n","protected":false},"excerpt":{"rendered":"<p>Primeros pasos de ni\u00f1as y ni\u00f1os en puzzles y modelado! Puzzaico mejora las habilidades para resolver problemas y desarrolla la comunicaci\u00f3n! Con este divertido set, aprende primero en funci\u00f3n de los modelos y luego crea las im\u00e1genes que se te ocurran!<\/p>\n<p><strong><span style=\"color: #ff0000;\">C\u00f3digo:<\/span> <\/strong>154\/80<br \/>\n<strong><span style=\"color: #ff0000;\">C\u00f3digo de barras:<\/span><\/strong> 7730549005756<br \/>\n<strong><span style=\"color: #ff0000;\">Edad:<\/span>\u00a05<\/strong>\u00a0a\u00f1os en adelante<br \/>\n<strong><span style=\"color: #ff0000;\">Cantidad de piezas:<\/span><\/strong> 130 Piezas<br \/>\n<strong><span style=\"color: #ff0000;\">Medidas:<\/span><\/strong> 23 x 17 x 3,5 cm<br \/>\n<strong><span style=\"color: #ff0000;\">Instrucciones:<\/span> <\/strong><a href=\"#\">Descargar<\/a><\/p>\n","protected":false},"featured_media":209120,"comment_status":"closed","ping_status":"closed","template":"","meta":{"_et_pb_use_builder":"","_et_pb_old_content":"","_et_gb_content_width":"","_uf_show_specific_survey":0,"_uf_disable_surveys":false},"product_brand":[],"product_cat":[72,80],"product_tag":[],"class_list":{"0":"post-209119","1":"product","2":"type-product","3":"status-publish","4":"has-post-thumbnail","6":"product_cat-6-a-9-anos","7":"product_cat-jugar-y-aprender","9":"first","10":"instock","11":"purchasable","12":"product-type-simple"},"aioseo_notices":[],"yoast_head":"<!-- This site is optimized with the Yoast SEO plugin v24.8.1 - https:\/\/yoast.com\/wordpress\/plugins\/seo\/ -->\n<title>PUZZAICO SANDIA - Didacta<\/title>\n<meta name=\"robots\" content=\"index, follow, max-snippet:-1, max-image-preview:large, max-video-preview:-1\" \/>\n<link rel=\"canonical\" href=\"https:\/\/didacta.com.uy\/sitio\/producto\/puzzaico-sandia\/\" \/>\n<meta property=\"og:locale\" content=\"es_ES\" \/>\n<meta property=\"og:type\" content=\"article\" \/>\n<meta property=\"og:title\" content=\"PUZZAICO SANDIA - Didacta\" \/>\n<meta property=\"og:description\" content=\"Primeros pasos de ni\u00f1as y ni\u00f1os en puzzles y modelado! Puzzaico mejora las habilidades para resolver problemas y desarrolla la comunicaci\u00f3n! Con este divertido set, aprende primero en funci\u00f3n de los modelos y luego crea las im\u00e1genes que se te ocurran!  C\u00f3digo: 154\/80 C\u00f3digo de barras: 7730549005756 Edad:\u00a05\u00a0a\u00f1os en adelante Cantidad de piezas: 130 Piezas Medidas: 23 x 17 x 3,5 cm Instrucciones: Descargar\" \/>\n<meta property=\"og:url\" content=\"https:\/\/didacta.com.uy\/sitio\/producto\/puzzaico-sandia\/\" \/>\n<meta property=\"og:site_name\" content=\"Didacta\" \/>\n<meta property=\"article:modified_time\" content=\"2022-10-05T12:00:52+00:00\" \/>\n<meta property=\"og:image\" content=\"https:\/\/didacta.com.uy\/sitio\/wp-content\/uploads\/2021\/11\/154-80_Puzzaico_Sandia.jpg\" \/>\n\t<meta property=\"og:image:width\" content=\"1102\" \/>\n\t<meta property=\"og:image:height\" content=\"800\" \/>\n\t<meta property=\"og:image:type\" content=\"image\/jpeg\" \/>\n<meta name=\"twitter:card\" content=\"summary_large_image\" \/>\n<script type=\"application\/ld+json\" class=\"yoast-schema-graph\">{\"@context\":\"https:\/\/schema.org\",\"@graph\":[{\"@type\":\"WebPage\",\"@id\":\"https:\/\/didacta.com.uy\/sitio\/producto\/puzzaico-sandia\/\",\"url\":\"https:\/\/didacta.com.uy\/sitio\/producto\/puzzaico-sandia\/\",\"name\":\"PUZZAICO SANDIA - Didacta\",\"isPartOf\":{\"@id\":\"https:\/\/didacta.com.uy\/sitio\/#website\"},\"primaryImageOfPage\":{\"@id\":\"https:\/\/didacta.com.uy\/sitio\/producto\/puzzaico-sandia\/#primaryimage\"},\"image\":{\"@id\":\"https:\/\/didacta.com.uy\/sitio\/producto\/puzzaico-sandia\/#primaryimage\"},\"thumbnailUrl\":\"https:\/\/didacta.com.uy\/sitio\/wp-content\/uploads\/2021\/11\/154-80_Puzzaico_Sandia.jpg\",\"datePublished\":\"2021-11-25T12:25:01+00:00\",\"dateModified\":\"2022-10-05T12:00:52+00:00\",\"breadcrumb\":{\"@id\":\"https:\/\/didacta.com.uy\/sitio\/producto\/puzzaico-sandia\/#breadcrumb\"},\"inLanguage\":\"es\",\"potentialAction\":[{\"@type\":\"ReadAction\",\"target\":[\"https:\/\/didacta.com.uy\/sitio\/producto\/puzzaico-sandia\/\"]}]},{\"@type\":\"ImageObject\",\"inLanguage\":\"es\",\"@id\":\"https:\/\/didacta.com.uy\/sitio\/producto\/puzzaico-sandia\/#primaryimage\",\"url\":\"https:\/\/didacta.com.uy\/sitio\/wp-content\/uploads\/2021\/11\/154-80_Puzzaico_Sandia.jpg\",\"contentUrl\":\"https:\/\/didacta.com.uy\/sitio\/wp-content\/uploads\/2021\/11\/154-80_Puzzaico_Sandia.jpg\",\"width\":1102,\"height\":800},{\"@type\":\"BreadcrumbList\",\"@id\":\"https:\/\/didacta.com.uy\/sitio\/producto\/puzzaico-sandia\/#breadcrumb\",\"itemListElement\":[{\"@type\":\"ListItem\",\"position\":1,\"name\":\"Portada\",\"item\":\"https:\/\/didacta.com.uy\/sitio\/\"},{\"@type\":\"ListItem\",\"position\":2,\"name\":\"Inicio\",\"item\":\"https:\/\/didacta.com.uy\/sitio\/\"},{\"@type\":\"ListItem\",\"position\":3,\"name\":\"PUZZAICO SANDIA\"}]},{\"@type\":\"WebSite\",\"@id\":\"https:\/\/didacta.com.uy\/sitio\/#website\",\"url\":\"https:\/\/didacta.com.uy\/sitio\/\",\"name\":\"Didacta\",\"description\":\"Con m\u00e1s de 20 a\u00f1os de experiencia, DIDACTA es la marca l\u00edder en el mercado uruguayo de juegos de mesa.\",\"potentialAction\":[{\"@type\":\"SearchAction\",\"target\":{\"@type\":\"EntryPoint\",\"urlTemplate\":\"https:\/\/didacta.com.uy\/sitio\/?s={search_term_string}\"},\"query-input\":{\"@type\":\"PropertyValueSpecification\",\"valueRequired\":true,\"valueName\":\"search_term_string\"}}],\"inLanguage\":\"es\"}]}<\/script>\n<!-- \/ Yoast SEO plugin. -->","yoast_head_json":{"title":"PUZZAICO SANDIA - Didacta","robots":{"index":"index","follow":"follow","max-snippet":"max-snippet:-1","max-image-preview":"max-image-preview:large","max-video-preview":"max-video-preview:-1"},"canonical":"https:\/\/didacta.com.uy\/sitio\/producto\/puzzaico-sandia\/","og_locale":"es_ES","og_type":"article","og_title":"PUZZAICO SANDIA - Didacta","og_description":"Primeros pasos de ni\u00f1as y ni\u00f1os en puzzles y modelado! Puzzaico mejora las habilidades para resolver problemas y desarrolla la comunicaci\u00f3n! Con este divertido set, aprende primero en funci\u00f3n de los modelos y luego crea las im\u00e1genes que se te ocurran!  C\u00f3digo: 154\/80 C\u00f3digo de barras: 7730549005756 Edad:\u00a05\u00a0a\u00f1os en adelante Cantidad de piezas: 130 Piezas Medidas: 23 x 17 x 3,5 cm Instrucciones: Descargar","og_url":"https:\/\/didacta.com.uy\/sitio\/producto\/puzzaico-sandia\/","og_site_name":"Didacta","article_modified_time":"2022-10-05T12:00:52+00:00","og_image":[{"width":1102,"height":800,"url":"https:\/\/didacta.com.uy\/sitio\/wp-content\/uploads\/2021\/11\/154-80_Puzzaico_Sandia.jpg","type":"image\/jpeg"}],"twitter_card":"summary_large_image","schema":{"@context":"https:\/\/schema.org","@graph":[{"@type":"WebPage","@id":"https:\/\/didacta.com.uy\/sitio\/producto\/puzzaico-sandia\/","url":"https:\/\/didacta.com.uy\/sitio\/producto\/puzzaico-sandia\/","name":"PUZZAICO SANDIA - Didacta","isPartOf":{"@id":"https:\/\/didacta.com.uy\/sitio\/#website"},"primaryImageOfPage":{"@id":"https:\/\/didacta.com.uy\/sitio\/producto\/puzzaico-sandia\/#primaryimage"},"image":{"@id":"https:\/\/didacta.com.uy\/sitio\/producto\/puzzaico-sandia\/#primaryimage"},"thumbnailUrl":"https:\/\/didacta.com.uy\/sitio\/wp-content\/uploads\/2021\/11\/154-80_Puzzaico_Sandia.jpg","datePublished":"2021-11-25T12:25:01+00:00","dateModified":"2022-10-05T12:00:52+00:00","breadcrumb":{"@id":"https:\/\/didacta.com.uy\/sitio\/producto\/puzzaico-sandia\/#breadcrumb"},"inLanguage":"es","potentialAction":[{"@type":"ReadAction","target":["https:\/\/didacta.com.uy\/sitio\/producto\/puzzaico-sandia\/"]}]},{"@type":"ImageObject","inLanguage":"es","@id":"https:\/\/didacta.com.uy\/sitio\/producto\/puzzaico-sandia\/#primaryimage","url":"https:\/\/didacta.com.uy\/sitio\/wp-content\/uploads\/2021\/11\/154-80_Puzzaico_Sandia.jpg","contentUrl":"https:\/\/didacta.com.uy\/sitio\/wp-content\/uploads\/2021\/11\/154-80_Puzzaico_Sandia.jpg","width":1102,"height":800},{"@type":"BreadcrumbList","@id":"https:\/\/didacta.com.uy\/sitio\/producto\/puzzaico-sandia\/#breadcrumb","itemListElement":[{"@type":"ListItem","position":1,"name":"Portada","item":"https:\/\/didacta.com.uy\/sitio\/"},{"@type":"ListItem","position":2,"name":"Inicio","item":"https:\/\/didacta.com.uy\/sitio\/"},{"@type":"ListItem","position":3,"name":"PUZZAICO SANDIA"}]},{"@type":"WebSite","@id":"https:\/\/didacta.com.uy\/sitio\/#website","url":"https:\/\/didacta.com.uy\/sitio\/","name":"Didacta","description":"Con m\u00e1s de 20 a\u00f1os de experiencia, DIDACTA es la marca l\u00edder en el mercado uruguayo de juegos de mesa.","potentialAction":[{"@type":"SearchAction","target":{"@type":"EntryPoint","urlTemplate":"https:\/\/didacta.com.uy\/sitio\/?s={search_term_string}"},"query-input":{"@type":"PropertyValueSpecification","valueRequired":true,"valueName":"search_term_string"}}],"inLanguage":"es"}]}},"_links":{"self":[{"href":"https:\/\/didacta.com.uy\/sitio\/wp-json\/wp\/v2\/product\/209119","targetHints":{"allow":["GET"]}}],"collection":[{"href":"https:\/\/didacta.com.uy\/sitio\/wp-json\/wp\/v2\/product"}],"about":[{"href":"https:\/\/didacta.com.uy\/sitio\/wp-json\/wp\/v2\/types\/product"}],"replies":[{"embeddable":true,"href":"https:\/\/didacta.com.uy\/sitio\/wp-json\/wp\/v2\/comments?post=209119"}],"wp:featuredmedia":[{"embeddable":true,"href":"https:\/\/didacta.com.uy\/sitio\/wp-json\/wp\/v2\/media\/209120"}],"wp:attachment":[{"href":"https:\/\/didacta.com.uy\/sitio\/wp-json\/wp\/v2\/media?parent=209119"}],"wp:term":[{"taxonomy":"product_brand","embeddable":true,"href":"https:\/\/didacta.com.uy\/sitio\/wp-json\/wp\/v2\/product_brand?post=209119"},{"taxonomy":"product_cat","embeddable":true,"href":"https:\/\/didacta.com.uy\/sitio\/wp-json\/wp\/v2\/product_cat?post=209119"},{"taxonomy":"product_tag","embeddable":true,"href":"https:\/\/didacta.com.uy\/sitio\/wp-json\/wp\/v2\/product_tag?post=209119"}],"curies":[{"name":"wp","href":"https:\/\/api.w.org\/{rel}","templated":true}]}}