{"id":208971,"date":"2021-10-25T17:06:20","date_gmt":"2021-10-25T17:06:20","guid":{"rendered":"http:\/\/didacta.com.uy\/sitio\/?post_type=product&#038;p=208971"},"modified":"2022-10-05T12:00:59","modified_gmt":"2022-10-05T12:00:59","slug":"equitris","status":"publish","type":"product","link":"https:\/\/didacta.com.uy\/sitio\/producto\/equitris\/","title":{"rendered":"EQUITRIS"},"content":{"rendered":"<p><span style=\"color: #808080;\">Equitris es un juego de equilibro, al que se le cae la torre de bloques \u00a1queda eliminado! El objetivo del juego es apilar los bloues sobre la base blanca de modo que no se derrumbe.\u00a0<\/span><\/p>\n<p><strong><span style=\"color: #ff0000;\">C\u00f3digo:<\/span><\/strong>\u00a0200\/45<br \/>\n<strong><span style=\"color: #ff0000;\">C\u00f3digo de barras:\u00a0<\/span><\/strong>7730549005800<br \/>\n<strong><span style=\"color: #ff0000;\">Cantidad de jugadores:<\/span><\/strong> 2 a 4 juguadores<br \/>\n<strong><span style=\"color: #ff0000;\">Edad:<\/span><\/strong>\u00a05 a\u00f1os en adelante<br \/>\n<strong><span style=\"color: #ff0000;\">Contenido:<\/span><\/strong>\u00a0 1 base, 1 cuerpo de balanceo, 16 bloques<br \/>\n<strong><span style=\"color: #ff0000;\">Medidas:<\/span><\/strong>\u00a027 x 27 x 5 cm<br \/>\n<strong><span style=\"color: #ff0000;\">Instrucciones:<\/span> <\/strong>Descargar<\/p>\n","protected":false},"excerpt":{"rendered":"<p><span style=\"color: #808080;\">Equitris es un juego de equilibro, al que se le cae la torre de bloques \u00a1queda eliminado! El objetivo del juego es apilar los bloues sobre la base blanca de modo que no se derrumbe.\u00a0<\/span><\/p>\n<p><strong><span style=\"color: #ff0000;\">C\u00f3digo:<\/span><\/strong>\u00a0200\/45<br \/>\n<strong><span style=\"color: #ff0000;\">C\u00f3digo de barras:\u00a0<\/span><\/strong>7730549005800<br \/>\n<strong><span style=\"color: #ff0000;\">Cantidad de jugadores:<\/span><\/strong> 2 a 4 juguadores<br \/>\n<strong><span style=\"color: #ff0000;\">Edad:<\/span><\/strong>\u00a05 a\u00f1os en adelante<br \/>\n<strong><span style=\"color: #ff0000;\">Contenido:<\/span><\/strong>\u00a0 1 base, 1 cuerpo de balanceo, 16 bloques<br \/>\n<strong><span style=\"color: #ff0000;\">Medidas:<\/span><\/strong>\u00a027 x 27 x 5 cm<br \/>\n<strong><span style=\"color: #ff0000;\">Instrucciones:<\/span> <\/strong>Descargar<\/p>\n","protected":false},"featured_media":208972,"comment_status":"closed","ping_status":"closed","template":"","meta":{"_et_pb_use_builder":"","_et_pb_old_content":"","_et_gb_content_width":"","_uf_show_specific_survey":0,"_uf_disable_surveys":false},"product_brand":[],"product_cat":[71,72,115],"product_tag":[],"class_list":{"0":"post-208971","1":"product","2":"type-product","3":"status-publish","4":"has-post-thumbnail","6":"product_cat-3-a-5-anos","7":"product_cat-6-a-9-anos","8":"product_cat-versus","10":"first","11":"instock","12":"taxable","13":"shipping-taxable","14":"purchasable","15":"product-type-simple"},"aioseo_notices":[],"yoast_head":"<!-- This site is optimized with the Yoast SEO plugin v24.8.1 - https:\/\/yoast.com\/wordpress\/plugins\/seo\/ -->\n<title>EQUITRIS - Didacta<\/title>\n<meta name=\"robots\" content=\"index, follow, max-snippet:-1, max-image-preview:large, max-video-preview:-1\" \/>\n<link rel=\"canonical\" href=\"https:\/\/didacta.com.uy\/sitio\/producto\/equitris\/\" \/>\n<meta property=\"og:locale\" content=\"es_ES\" \/>\n<meta property=\"og:type\" content=\"article\" \/>\n<meta property=\"og:title\" content=\"EQUITRIS - Didacta\" \/>\n<meta property=\"og:description\" content=\"Equitris es un juego de equilibro, al que se le cae la torre de bloques \u00a1queda eliminado! El objetivo del juego es apilar los bloues sobre la base blanca de modo que no se derrumbe.\u00a0  C\u00f3digo:\u00a0200\/45 C\u00f3digo de barras:\u00a07730549005800 Cantidad de jugadores: 2 a 4 juguadores Edad:\u00a05 a\u00f1os en adelante Contenido:\u00a0 1 base, 1 cuerpo de balanceo, 16 bloques Medidas:\u00a027 x 27 x 5 cm Instrucciones: Descargar\" \/>\n<meta property=\"og:url\" content=\"https:\/\/didacta.com.uy\/sitio\/producto\/equitris\/\" \/>\n<meta property=\"og:site_name\" content=\"Didacta\" \/>\n<meta property=\"article:modified_time\" content=\"2022-10-05T12:00:59+00:00\" \/>\n<meta property=\"og:image\" content=\"https:\/\/didacta.com.uy\/sitio\/wp-content\/uploads\/2021\/10\/200-45_Equitris_Versus.jpg\" \/>\n\t<meta property=\"og:image:width\" content=\"1196\" \/>\n\t<meta property=\"og:image:height\" content=\"800\" \/>\n\t<meta property=\"og:image:type\" content=\"image\/jpeg\" \/>\n<meta name=\"twitter:card\" content=\"summary_large_image\" \/>\n<script type=\"application\/ld+json\" class=\"yoast-schema-graph\">{\"@context\":\"https:\/\/schema.org\",\"@graph\":[{\"@type\":\"WebPage\",\"@id\":\"https:\/\/didacta.com.uy\/sitio\/producto\/equitris\/\",\"url\":\"https:\/\/didacta.com.uy\/sitio\/producto\/equitris\/\",\"name\":\"EQUITRIS - Didacta\",\"isPartOf\":{\"@id\":\"https:\/\/didacta.com.uy\/sitio\/#website\"},\"primaryImageOfPage\":{\"@id\":\"https:\/\/didacta.com.uy\/sitio\/producto\/equitris\/#primaryimage\"},\"image\":{\"@id\":\"https:\/\/didacta.com.uy\/sitio\/producto\/equitris\/#primaryimage\"},\"thumbnailUrl\":\"https:\/\/didacta.com.uy\/sitio\/wp-content\/uploads\/2021\/10\/200-45_Equitris_Versus.jpg\",\"datePublished\":\"2021-10-25T17:06:20+00:00\",\"dateModified\":\"2022-10-05T12:00:59+00:00\",\"breadcrumb\":{\"@id\":\"https:\/\/didacta.com.uy\/sitio\/producto\/equitris\/#breadcrumb\"},\"inLanguage\":\"es\",\"potentialAction\":[{\"@type\":\"ReadAction\",\"target\":[\"https:\/\/didacta.com.uy\/sitio\/producto\/equitris\/\"]}]},{\"@type\":\"ImageObject\",\"inLanguage\":\"es\",\"@id\":\"https:\/\/didacta.com.uy\/sitio\/producto\/equitris\/#primaryimage\",\"url\":\"https:\/\/didacta.com.uy\/sitio\/wp-content\/uploads\/2021\/10\/200-45_Equitris_Versus.jpg\",\"contentUrl\":\"https:\/\/didacta.com.uy\/sitio\/wp-content\/uploads\/2021\/10\/200-45_Equitris_Versus.jpg\",\"width\":1196,\"height\":800},{\"@type\":\"BreadcrumbList\",\"@id\":\"https:\/\/didacta.com.uy\/sitio\/producto\/equitris\/#breadcrumb\",\"itemListElement\":[{\"@type\":\"ListItem\",\"position\":1,\"name\":\"Portada\",\"item\":\"https:\/\/didacta.com.uy\/sitio\/\"},{\"@type\":\"ListItem\",\"position\":2,\"name\":\"Inicio\",\"item\":\"https:\/\/didacta.com.uy\/sitio\/\"},{\"@type\":\"ListItem\",\"position\":3,\"name\":\"EQUITRIS\"}]},{\"@type\":\"WebSite\",\"@id\":\"https:\/\/didacta.com.uy\/sitio\/#website\",\"url\":\"https:\/\/didacta.com.uy\/sitio\/\",\"name\":\"Didacta\",\"description\":\"Con m\u00e1s de 20 a\u00f1os de experiencia, DIDACTA es la marca l\u00edder en el mercado uruguayo de juegos de mesa.\",\"potentialAction\":[{\"@type\":\"SearchAction\",\"target\":{\"@type\":\"EntryPoint\",\"urlTemplate\":\"https:\/\/didacta.com.uy\/sitio\/?s={search_term_string}\"},\"query-input\":{\"@type\":\"PropertyValueSpecification\",\"valueRequired\":true,\"valueName\":\"search_term_string\"}}],\"inLanguage\":\"es\"}]}<\/script>\n<!-- \/ Yoast SEO plugin. -->","yoast_head_json":{"title":"EQUITRIS - Didacta","robots":{"index":"index","follow":"follow","max-snippet":"max-snippet:-1","max-image-preview":"max-image-preview:large","max-video-preview":"max-video-preview:-1"},"canonical":"https:\/\/didacta.com.uy\/sitio\/producto\/equitris\/","og_locale":"es_ES","og_type":"article","og_title":"EQUITRIS - Didacta","og_description":"Equitris es un juego de equilibro, al que se le cae la torre de bloques \u00a1queda eliminado! El objetivo del juego es apilar los bloues sobre la base blanca de modo que no se derrumbe.\u00a0  C\u00f3digo:\u00a0200\/45 C\u00f3digo de barras:\u00a07730549005800 Cantidad de jugadores: 2 a 4 juguadores Edad:\u00a05 a\u00f1os en adelante Contenido:\u00a0 1 base, 1 cuerpo de balanceo, 16 bloques Medidas:\u00a027 x 27 x 5 cm Instrucciones: Descargar","og_url":"https:\/\/didacta.com.uy\/sitio\/producto\/equitris\/","og_site_name":"Didacta","article_modified_time":"2022-10-05T12:00:59+00:00","og_image":[{"width":1196,"height":800,"url":"https:\/\/didacta.com.uy\/sitio\/wp-content\/uploads\/2021\/10\/200-45_Equitris_Versus.jpg","type":"image\/jpeg"}],"twitter_card":"summary_large_image","schema":{"@context":"https:\/\/schema.org","@graph":[{"@type":"WebPage","@id":"https:\/\/didacta.com.uy\/sitio\/producto\/equitris\/","url":"https:\/\/didacta.com.uy\/sitio\/producto\/equitris\/","name":"EQUITRIS - Didacta","isPartOf":{"@id":"https:\/\/didacta.com.uy\/sitio\/#website"},"primaryImageOfPage":{"@id":"https:\/\/didacta.com.uy\/sitio\/producto\/equitris\/#primaryimage"},"image":{"@id":"https:\/\/didacta.com.uy\/sitio\/producto\/equitris\/#primaryimage"},"thumbnailUrl":"https:\/\/didacta.com.uy\/sitio\/wp-content\/uploads\/2021\/10\/200-45_Equitris_Versus.jpg","datePublished":"2021-10-25T17:06:20+00:00","dateModified":"2022-10-05T12:00:59+00:00","breadcrumb":{"@id":"https:\/\/didacta.com.uy\/sitio\/producto\/equitris\/#breadcrumb"},"inLanguage":"es","potentialAction":[{"@type":"ReadAction","target":["https:\/\/didacta.com.uy\/sitio\/producto\/equitris\/"]}]},{"@type":"ImageObject","inLanguage":"es","@id":"https:\/\/didacta.com.uy\/sitio\/producto\/equitris\/#primaryimage","url":"https:\/\/didacta.com.uy\/sitio\/wp-content\/uploads\/2021\/10\/200-45_Equitris_Versus.jpg","contentUrl":"https:\/\/didacta.com.uy\/sitio\/wp-content\/uploads\/2021\/10\/200-45_Equitris_Versus.jpg","width":1196,"height":800},{"@type":"BreadcrumbList","@id":"https:\/\/didacta.com.uy\/sitio\/producto\/equitris\/#breadcrumb","itemListElement":[{"@type":"ListItem","position":1,"name":"Portada","item":"https:\/\/didacta.com.uy\/sitio\/"},{"@type":"ListItem","position":2,"name":"Inicio","item":"https:\/\/didacta.com.uy\/sitio\/"},{"@type":"ListItem","position":3,"name":"EQUITRIS"}]},{"@type":"WebSite","@id":"https:\/\/didacta.com.uy\/sitio\/#website","url":"https:\/\/didacta.com.uy\/sitio\/","name":"Didacta","description":"Con m\u00e1s de 20 a\u00f1os de experiencia, DIDACTA es la marca l\u00edder en el mercado uruguayo de juegos de mesa.","potentialAction":[{"@type":"SearchAction","target":{"@type":"EntryPoint","urlTemplate":"https:\/\/didacta.com.uy\/sitio\/?s={search_term_string}"},"query-input":{"@type":"PropertyValueSpecification","valueRequired":true,"valueName":"search_term_string"}}],"inLanguage":"es"}]}},"_links":{"self":[{"href":"https:\/\/didacta.com.uy\/sitio\/wp-json\/wp\/v2\/product\/208971","targetHints":{"allow":["GET"]}}],"collection":[{"href":"https:\/\/didacta.com.uy\/sitio\/wp-json\/wp\/v2\/product"}],"about":[{"href":"https:\/\/didacta.com.uy\/sitio\/wp-json\/wp\/v2\/types\/product"}],"replies":[{"embeddable":true,"href":"https:\/\/didacta.com.uy\/sitio\/wp-json\/wp\/v2\/comments?post=208971"}],"wp:featuredmedia":[{"embeddable":true,"href":"https:\/\/didacta.com.uy\/sitio\/wp-json\/wp\/v2\/media\/208972"}],"wp:attachment":[{"href":"https:\/\/didacta.com.uy\/sitio\/wp-json\/wp\/v2\/media?parent=208971"}],"wp:term":[{"taxonomy":"product_brand","embeddable":true,"href":"https:\/\/didacta.com.uy\/sitio\/wp-json\/wp\/v2\/product_brand?post=208971"},{"taxonomy":"product_cat","embeddable":true,"href":"https:\/\/didacta.com.uy\/sitio\/wp-json\/wp\/v2\/product_cat?post=208971"},{"taxonomy":"product_tag","embeddable":true,"href":"https:\/\/didacta.com.uy\/sitio\/wp-json\/wp\/v2\/product_tag?post=208971"}],"curies":[{"name":"wp","href":"https:\/\/api.w.org\/{rel}","templated":true}]}}