{"id":208965,"date":"2021-10-25T13:18:45","date_gmt":"2021-10-25T13:18:45","guid":{"rendered":"http:\/\/didacta.com.uy\/sitio\/?post_type=product&#038;p=208965"},"modified":"2024-02-19T18:08:02","modified_gmt":"2024-02-19T18:08:02","slug":"puzzle-de-observacion-la-granja","status":"publish","type":"product","link":"https:\/\/didacta.com.uy\/sitio\/producto\/puzzle-de-observacion-la-granja\/","title":{"rendered":"PUZZLE DE OBSERVACION LA GRANJA"},"content":{"rendered":"<p><span style=\"color: #808080;\">\u00bfTe has dado cuenta alguna vez todo lo que hay en una granja?<br \/>\nCon este incre\u00edble puzzle podr\u00e1s acercar a ni\u00f1as y ni\u00f1os al mundo de los animales y los alimentos, as\u00ed como a los distintos trabajos que se realizan en una granja.<br \/>\n<\/span><span style=\"color: #808080;\">Una vez armadas las 50 piezas, contin\u00faa la diversi\u00f3n encontrando los elementos del borde en la imagen central, para seguir desarrollando el sentido de la observaci\u00f3n y la concentraci\u00f3n.<\/span><\/p>\n<p><strong><span style=\"color: #ff0000;\">C\u00f3digo:<\/span><\/strong>\u00a0100\/09<br \/>\n<strong><span style=\"color: #ff0000;\">C\u00f3digo de barras:\u00a0<\/span><\/strong>7730549005701<br \/>\n<strong><span style=\"color: #ff0000;\">Edad:<\/span><\/strong>\u00a03 a\u00f1os en adelante<br \/>\n<strong><span style=\"color: #ff0000;\">Cantidad de jugadores:<\/span><\/strong> 1 o m\u00e1s jugadores<br \/>\n<strong><span style=\"color: #ff0000;\">Contenido:<\/span><\/strong>\u00a050 piezas<br \/>\n<strong><span style=\"color: #ff0000;\">Medidas:<\/span><\/strong> 37 x 27 x 5 cm<br \/>\n<strong><span style=\"color: #ff0000;\">Instrucciones:<\/span> <\/strong><a href=\"#\">Descargar<\/a><\/p>\n<p><iframe loading=\"lazy\" title=\"YouTube video player\" src=\"https:\/\/www.youtube.com\/embed\/mTOn29w9CEE?si=J5dqBl47y235xWZI\" width=\"560\" height=\"315\" frameborder=\"0\" allowfullscreen=\"allowfullscreen\"><\/iframe><\/p>\n","protected":false},"excerpt":{"rendered":"<p><span style=\"color: #808080;\">\u00bfTe has dado cuenta alguna vez todo lo que hay en una granja?<br \/>\nCon este incre\u00edble puzzle podr\u00e1s acercar a ni\u00f1as y ni\u00f1os al mundo de los animales y los alimentos, as\u00ed como a los distintos trabajos que se realizan en una granja.<br \/>\n<\/span><span style=\"color: #808080;\">Una vez armadas las 50 piezas, contin\u00faa la diversi\u00f3n encontrando los elementos del borde en la imagen central, para seguir desarrollando el sentido de la observaci\u00f3n y la concentraci\u00f3n.<\/span><\/p>\n<p><strong><span style=\"color: #ff0000;\">C\u00f3digo:<\/span><\/strong>\u00a0100\/09<br \/>\n<strong><span style=\"color: #ff0000;\">C\u00f3digo de barras:\u00a0<\/span><\/strong>7730549005701<br \/>\n<strong><span style=\"color: #ff0000;\">Edad:<\/span><\/strong>\u00a03 a\u00f1os en adelante<br \/>\n<strong><span style=\"color: #ff0000;\">Cantidad de jugadores:<\/span><\/strong> 1 o m\u00e1s jugadores<br \/>\n<strong><span style=\"color: #ff0000;\">Contenido:<\/span><\/strong>\u00a050 piezas<br \/>\n<strong><span style=\"color: #ff0000;\">Medidas:<\/span><\/strong> 37 x 27 x 5 cm<br \/>\n<strong><span style=\"color: #ff0000;\">Instrucciones:<\/span> <\/strong><a href=\"#\">Descargar<\/a><\/p>\n<p><iframe loading=\"lazy\" title=\"YouTube video player\" src=\"https:\/\/www.youtube.com\/embed\/mTOn29w9CEE?si=J5dqBl47y235xWZI\" width=\"560\" height=\"315\" frameborder=\"0\" allowfullscreen=\"allowfullscreen\"><\/iframe><\/p>\n","protected":false},"featured_media":208966,"comment_status":"closed","ping_status":"closed","template":"","meta":{"_et_pb_use_builder":"","_et_pb_old_content":"","_et_gb_content_width":"","_uf_show_specific_survey":0,"_uf_disable_surveys":false},"product_brand":[],"product_cat":[71,126],"product_tag":[],"class_list":{"0":"post-208965","1":"product","2":"type-product","3":"status-publish","4":"has-post-thumbnail","6":"product_cat-3-a-5-anos","7":"product_cat-granja","9":"first","10":"instock","11":"taxable","12":"shipping-taxable","13":"purchasable","14":"product-type-simple"},"aioseo_notices":[],"yoast_head":"<!-- This site is optimized with the Yoast SEO plugin v24.8.1 - https:\/\/yoast.com\/wordpress\/plugins\/seo\/ -->\n<title>PUZZLE DE OBSERVACION LA GRANJA - Didacta<\/title>\n<meta name=\"robots\" content=\"index, follow, max-snippet:-1, max-image-preview:large, max-video-preview:-1\" \/>\n<link rel=\"canonical\" href=\"https:\/\/didacta.com.uy\/sitio\/producto\/puzzle-de-observacion-la-granja\/\" \/>\n<meta property=\"og:locale\" content=\"es_ES\" \/>\n<meta property=\"og:type\" content=\"article\" \/>\n<meta property=\"og:title\" content=\"PUZZLE DE OBSERVACION LA GRANJA - Didacta\" \/>\n<meta property=\"og:description\" content=\"\u00bfTe has dado cuenta alguna vez todo lo que hay en una granja? Con este incre\u00edble puzzle podr\u00e1s acercar a ni\u00f1as y ni\u00f1os al mundo de los animales y los alimentos, as\u00ed como a los distintos trabajos que se realizan en una granja. Una vez armadas las 50 piezas, contin\u00faa la diversi\u00f3n encontrando los elementos del borde en la imagen central, para seguir desarrollando el sentido de la observaci\u00f3n y la concentraci\u00f3n.  C\u00f3digo:\u00a0100\/09 C\u00f3digo de barras:\u00a07730549005701 Edad:\u00a03 a\u00f1os en adelante Cantidad de jugadores: 1 o m\u00e1s jugadores Contenido:\u00a050 piezas Medidas: 37 x 27 x 5 cm Instrucciones: Descargar\" \/>\n<meta property=\"og:url\" content=\"https:\/\/didacta.com.uy\/sitio\/producto\/puzzle-de-observacion-la-granja\/\" \/>\n<meta property=\"og:site_name\" content=\"Didacta\" \/>\n<meta property=\"article:modified_time\" content=\"2024-02-19T18:08:02+00:00\" \/>\n<meta property=\"og:image\" content=\"https:\/\/didacta.com.uy\/sitio\/wp-content\/uploads\/2021\/10\/100-09_Puzzle_Observacion_La-Granja.jpg\" \/>\n\t<meta property=\"og:image:width\" content=\"1105\" \/>\n\t<meta property=\"og:image:height\" content=\"800\" \/>\n\t<meta property=\"og:image:type\" content=\"image\/jpeg\" \/>\n<meta name=\"twitter:card\" content=\"summary_large_image\" \/>\n<meta name=\"twitter:label1\" content=\"Tiempo de lectura\" \/>\n\t<meta name=\"twitter:data1\" content=\"1 minuto\" \/>\n<script type=\"application\/ld+json\" class=\"yoast-schema-graph\">{\"@context\":\"https:\/\/schema.org\",\"@graph\":[{\"@type\":\"WebPage\",\"@id\":\"https:\/\/didacta.com.uy\/sitio\/producto\/puzzle-de-observacion-la-granja\/\",\"url\":\"https:\/\/didacta.com.uy\/sitio\/producto\/puzzle-de-observacion-la-granja\/\",\"name\":\"PUZZLE DE OBSERVACION LA GRANJA - Didacta\",\"isPartOf\":{\"@id\":\"https:\/\/didacta.com.uy\/sitio\/#website\"},\"primaryImageOfPage\":{\"@id\":\"https:\/\/didacta.com.uy\/sitio\/producto\/puzzle-de-observacion-la-granja\/#primaryimage\"},\"image\":{\"@id\":\"https:\/\/didacta.com.uy\/sitio\/producto\/puzzle-de-observacion-la-granja\/#primaryimage\"},\"thumbnailUrl\":\"https:\/\/didacta.com.uy\/sitio\/wp-content\/uploads\/2021\/10\/100-09_Puzzle_Observacion_La-Granja.jpg\",\"datePublished\":\"2021-10-25T13:18:45+00:00\",\"dateModified\":\"2024-02-19T18:08:02+00:00\",\"breadcrumb\":{\"@id\":\"https:\/\/didacta.com.uy\/sitio\/producto\/puzzle-de-observacion-la-granja\/#breadcrumb\"},\"inLanguage\":\"es\",\"potentialAction\":[{\"@type\":\"ReadAction\",\"target\":[\"https:\/\/didacta.com.uy\/sitio\/producto\/puzzle-de-observacion-la-granja\/\"]}]},{\"@type\":\"ImageObject\",\"inLanguage\":\"es\",\"@id\":\"https:\/\/didacta.com.uy\/sitio\/producto\/puzzle-de-observacion-la-granja\/#primaryimage\",\"url\":\"https:\/\/didacta.com.uy\/sitio\/wp-content\/uploads\/2021\/10\/100-09_Puzzle_Observacion_La-Granja.jpg\",\"contentUrl\":\"https:\/\/didacta.com.uy\/sitio\/wp-content\/uploads\/2021\/10\/100-09_Puzzle_Observacion_La-Granja.jpg\",\"width\":1105,\"height\":800},{\"@type\":\"BreadcrumbList\",\"@id\":\"https:\/\/didacta.com.uy\/sitio\/producto\/puzzle-de-observacion-la-granja\/#breadcrumb\",\"itemListElement\":[{\"@type\":\"ListItem\",\"position\":1,\"name\":\"Portada\",\"item\":\"https:\/\/didacta.com.uy\/sitio\/\"},{\"@type\":\"ListItem\",\"position\":2,\"name\":\"Inicio\",\"item\":\"https:\/\/didacta.com.uy\/sitio\/\"},{\"@type\":\"ListItem\",\"position\":3,\"name\":\"PUZZLE DE OBSERVACION LA GRANJA\"}]},{\"@type\":\"WebSite\",\"@id\":\"https:\/\/didacta.com.uy\/sitio\/#website\",\"url\":\"https:\/\/didacta.com.uy\/sitio\/\",\"name\":\"Didacta\",\"description\":\"Con m\u00e1s de 20 a\u00f1os de experiencia, DIDACTA es la marca l\u00edder en el mercado uruguayo de juegos de mesa.\",\"potentialAction\":[{\"@type\":\"SearchAction\",\"target\":{\"@type\":\"EntryPoint\",\"urlTemplate\":\"https:\/\/didacta.com.uy\/sitio\/?s={search_term_string}\"},\"query-input\":{\"@type\":\"PropertyValueSpecification\",\"valueRequired\":true,\"valueName\":\"search_term_string\"}}],\"inLanguage\":\"es\"}]}<\/script>\n<!-- \/ Yoast SEO plugin. -->","yoast_head_json":{"title":"PUZZLE DE OBSERVACION LA GRANJA - Didacta","robots":{"index":"index","follow":"follow","max-snippet":"max-snippet:-1","max-image-preview":"max-image-preview:large","max-video-preview":"max-video-preview:-1"},"canonical":"https:\/\/didacta.com.uy\/sitio\/producto\/puzzle-de-observacion-la-granja\/","og_locale":"es_ES","og_type":"article","og_title":"PUZZLE DE OBSERVACION LA GRANJA - Didacta","og_description":"\u00bfTe has dado cuenta alguna vez todo lo que hay en una granja? Con este incre\u00edble puzzle podr\u00e1s acercar a ni\u00f1as y ni\u00f1os al mundo de los animales y los alimentos, as\u00ed como a los distintos trabajos que se realizan en una granja. Una vez armadas las 50 piezas, contin\u00faa la diversi\u00f3n encontrando los elementos del borde en la imagen central, para seguir desarrollando el sentido de la observaci\u00f3n y la concentraci\u00f3n.  C\u00f3digo:\u00a0100\/09 C\u00f3digo de barras:\u00a07730549005701 Edad:\u00a03 a\u00f1os en adelante Cantidad de jugadores: 1 o m\u00e1s jugadores Contenido:\u00a050 piezas Medidas: 37 x 27 x 5 cm Instrucciones: Descargar","og_url":"https:\/\/didacta.com.uy\/sitio\/producto\/puzzle-de-observacion-la-granja\/","og_site_name":"Didacta","article_modified_time":"2024-02-19T18:08:02+00:00","og_image":[{"width":1105,"height":800,"url":"https:\/\/didacta.com.uy\/sitio\/wp-content\/uploads\/2021\/10\/100-09_Puzzle_Observacion_La-Granja.jpg","type":"image\/jpeg"}],"twitter_card":"summary_large_image","twitter_misc":{"Tiempo de lectura":"1 minuto"},"schema":{"@context":"https:\/\/schema.org","@graph":[{"@type":"WebPage","@id":"https:\/\/didacta.com.uy\/sitio\/producto\/puzzle-de-observacion-la-granja\/","url":"https:\/\/didacta.com.uy\/sitio\/producto\/puzzle-de-observacion-la-granja\/","name":"PUZZLE DE OBSERVACION LA GRANJA - Didacta","isPartOf":{"@id":"https:\/\/didacta.com.uy\/sitio\/#website"},"primaryImageOfPage":{"@id":"https:\/\/didacta.com.uy\/sitio\/producto\/puzzle-de-observacion-la-granja\/#primaryimage"},"image":{"@id":"https:\/\/didacta.com.uy\/sitio\/producto\/puzzle-de-observacion-la-granja\/#primaryimage"},"thumbnailUrl":"https:\/\/didacta.com.uy\/sitio\/wp-content\/uploads\/2021\/10\/100-09_Puzzle_Observacion_La-Granja.jpg","datePublished":"2021-10-25T13:18:45+00:00","dateModified":"2024-02-19T18:08:02+00:00","breadcrumb":{"@id":"https:\/\/didacta.com.uy\/sitio\/producto\/puzzle-de-observacion-la-granja\/#breadcrumb"},"inLanguage":"es","potentialAction":[{"@type":"ReadAction","target":["https:\/\/didacta.com.uy\/sitio\/producto\/puzzle-de-observacion-la-granja\/"]}]},{"@type":"ImageObject","inLanguage":"es","@id":"https:\/\/didacta.com.uy\/sitio\/producto\/puzzle-de-observacion-la-granja\/#primaryimage","url":"https:\/\/didacta.com.uy\/sitio\/wp-content\/uploads\/2021\/10\/100-09_Puzzle_Observacion_La-Granja.jpg","contentUrl":"https:\/\/didacta.com.uy\/sitio\/wp-content\/uploads\/2021\/10\/100-09_Puzzle_Observacion_La-Granja.jpg","width":1105,"height":800},{"@type":"BreadcrumbList","@id":"https:\/\/didacta.com.uy\/sitio\/producto\/puzzle-de-observacion-la-granja\/#breadcrumb","itemListElement":[{"@type":"ListItem","position":1,"name":"Portada","item":"https:\/\/didacta.com.uy\/sitio\/"},{"@type":"ListItem","position":2,"name":"Inicio","item":"https:\/\/didacta.com.uy\/sitio\/"},{"@type":"ListItem","position":3,"name":"PUZZLE DE OBSERVACION LA GRANJA"}]},{"@type":"WebSite","@id":"https:\/\/didacta.com.uy\/sitio\/#website","url":"https:\/\/didacta.com.uy\/sitio\/","name":"Didacta","description":"Con m\u00e1s de 20 a\u00f1os de experiencia, DIDACTA es la marca l\u00edder en el mercado uruguayo de juegos de mesa.","potentialAction":[{"@type":"SearchAction","target":{"@type":"EntryPoint","urlTemplate":"https:\/\/didacta.com.uy\/sitio\/?s={search_term_string}"},"query-input":{"@type":"PropertyValueSpecification","valueRequired":true,"valueName":"search_term_string"}}],"inLanguage":"es"}]}},"_links":{"self":[{"href":"https:\/\/didacta.com.uy\/sitio\/wp-json\/wp\/v2\/product\/208965","targetHints":{"allow":["GET"]}}],"collection":[{"href":"https:\/\/didacta.com.uy\/sitio\/wp-json\/wp\/v2\/product"}],"about":[{"href":"https:\/\/didacta.com.uy\/sitio\/wp-json\/wp\/v2\/types\/product"}],"replies":[{"embeddable":true,"href":"https:\/\/didacta.com.uy\/sitio\/wp-json\/wp\/v2\/comments?post=208965"}],"wp:featuredmedia":[{"embeddable":true,"href":"https:\/\/didacta.com.uy\/sitio\/wp-json\/wp\/v2\/media\/208966"}],"wp:attachment":[{"href":"https:\/\/didacta.com.uy\/sitio\/wp-json\/wp\/v2\/media?parent=208965"}],"wp:term":[{"taxonomy":"product_brand","embeddable":true,"href":"https:\/\/didacta.com.uy\/sitio\/wp-json\/wp\/v2\/product_brand?post=208965"},{"taxonomy":"product_cat","embeddable":true,"href":"https:\/\/didacta.com.uy\/sitio\/wp-json\/wp\/v2\/product_cat?post=208965"},{"taxonomy":"product_tag","embeddable":true,"href":"https:\/\/didacta.com.uy\/sitio\/wp-json\/wp\/v2\/product_tag?post=208965"}],"curies":[{"name":"wp","href":"https:\/\/api.w.org\/{rel}","templated":true}]}}