{"id":208940,"date":"2021-09-30T14:48:25","date_gmt":"2021-09-30T14:48:25","guid":{"rendered":"http:\/\/didacta.com.uy\/sitio\/?post_type=product&#038;p=208940"},"modified":"2024-06-24T15:15:45","modified_gmt":"2024-06-24T15:15:45","slug":"clip-cadenas","status":"publish","type":"product","link":"https:\/\/didacta.com.uy\/sitio\/producto\/clip-cadenas\/","title":{"rendered":"CLIP CADENAS"},"content":{"rendered":"<p>\u00a1Con la l\u00ednea Topa Topa jug\u00e1 y aprend\u00e9!<br \/>\nLos juguetes que introducen al ni\u00f1o en el mundo de las formas, los colores y el juego, estimulando su creatividad, habilidad manual y sus sentidos.<br \/>\nHan sido dise\u00f1ados con formas redondeadas y materiales de calidad y resistencia, estudiados para garantizar la seguridad del ni\u00f1o.<br \/>\nEste juego trata de unos eslabones dise\u00f1ados para facilitar el enganche y permitir una manipulaci\u00f3n muy c\u00f3moda.<br \/>\nAprend\u00e9 colores, us\u00e1 tu imaginaci\u00f3n y estimul\u00e1 la creatividad.<br \/>\nContiene 24 piezas de diferentes tama\u00f1os para formar cadenas a tu gusto!<\/p>\n<p><strong><span style=\"color: #ff0000;\">C\u00f3digo:<\/span><\/strong> 600\/37<br \/>\n<strong><span style=\"color: #ff0000;\">C\u00f3digo de barras:<\/span><\/strong> 7730549005633<br \/>\n<strong><span style=\"color: #ff0000;\">Edad:<\/span><\/strong>\u00a01 a\u00f1o en adelante<br \/>\n<strong><span style=\"color: #ff0000;\">Contenido:<\/span><\/strong>\u00a024 piezas<br \/>\n<strong><span style=\"color: #ff0000;\">Medidas:<\/span> <\/strong>21 x 25,5 x 5 cm340<br \/>\n<strong><span style=\"color: #ff0000;\">Instrucciones:<\/span> <\/strong><a href=\"#\">Descargar<\/a><\/p>\n<p><iframe loading=\"lazy\" title=\"YouTube video player\" src=\"https:\/\/www.youtube.com\/embed\/r9ISOoBT1PE?si=Mjc5i_uhQwwZclaw\" width=\"560\" height=\"315\" frameborder=\"0\" allowfullscreen=\"allowfullscreen\"><\/iframe><\/p>\n","protected":false},"excerpt":{"rendered":"<p>\u00a1Con la l\u00ednea Topa Topa jug\u00e1 y aprend\u00e9!<br \/>\nLos juguetes que introducen al ni\u00f1o en el mundo de las formas, los colores y el juego, estimulando su creatividad, habilidad manual y sus sentidos.<br \/>\nHan sido dise\u00f1ados con formas redondeadas y materiales de calidad y resistencia, estudiados para garantizar la seguridad del ni\u00f1o.<br \/>\nEste juego trata de unos eslabones dise\u00f1ados para facilitar el enganche y permitir una manipulaci\u00f3n muy c\u00f3moda.<br \/>\nAprend\u00e9 colores, us\u00e1 tu imaginaci\u00f3n y estimul\u00e1 la creatividad.<br \/>\nContiene 24 piezas de diferentes tama\u00f1os para formar cadenas a tu gusto!<\/p>\n<p><strong><span style=\"color: #ff0000;\">C\u00f3digo:<\/span><\/strong> 600\/37<br \/>\n<strong><span style=\"color: #ff0000;\">C\u00f3digo de barras:<\/span><\/strong> 7730549005633<br \/>\n<strong><span style=\"color: #ff0000;\">Edad:<\/span><\/strong>\u00a01 a\u00f1o en adelante<br \/>\n<strong><span style=\"color: #ff0000;\">Contenido:<\/span><\/strong>\u00a024 piezas<br \/>\n<strong><span style=\"color: #ff0000;\">Medidas:<\/span> <\/strong>21 x 25,5 x 5 cm340<br \/>\n<strong><span style=\"color: #ff0000;\">Instrucciones:<\/span> <\/strong><a href=\"#\">Descargar<\/a><\/p>\n<p><iframe loading=\"lazy\" title=\"YouTube video player\" src=\"https:\/\/www.youtube.com\/embed\/r9ISOoBT1PE?si=Mjc5i_uhQwwZclaw\" width=\"560\" height=\"315\" frameborder=\"0\" allowfullscreen=\"allowfullscreen\"><\/iframe><\/p>\n","protected":false},"featured_media":208941,"comment_status":"closed","ping_status":"closed","template":"","meta":{"_et_pb_use_builder":"","_et_pb_old_content":"","_et_gb_content_width":"","_uf_show_specific_survey":0,"_uf_disable_surveys":false},"product_brand":[],"product_cat":[69,70,27],"product_tag":[],"class_list":{"0":"post-208940","1":"product","2":"type-product","3":"status-publish","4":"has-post-thumbnail","6":"product_cat-0-a-1-ano","7":"product_cat-1-a-3-anos","8":"product_cat-topa-topa","10":"first","11":"instock","12":"taxable","13":"shipping-taxable","14":"purchasable","15":"product-type-simple"},"aioseo_notices":[],"yoast_head":"<!-- This site is optimized with the Yoast SEO plugin v24.8.1 - https:\/\/yoast.com\/wordpress\/plugins\/seo\/ -->\n<title>CLIP CADENAS - Didacta<\/title>\n<meta name=\"robots\" content=\"index, follow, max-snippet:-1, max-image-preview:large, max-video-preview:-1\" \/>\n<link rel=\"canonical\" href=\"https:\/\/didacta.com.uy\/sitio\/producto\/clip-cadenas\/\" \/>\n<meta property=\"og:locale\" content=\"es_ES\" \/>\n<meta property=\"og:type\" content=\"article\" \/>\n<meta property=\"og:title\" content=\"CLIP CADENAS - Didacta\" \/>\n<meta property=\"og:description\" content=\"\u00a1Con la l\u00ednea Topa Topa jug\u00e1 y aprend\u00e9! Los juguetes que introducen al ni\u00f1o en el mundo de las formas, los colores y el juego, estimulando su creatividad, habilidad manual y sus sentidos. Han sido dise\u00f1ados con formas redondeadas y materiales de calidad y resistencia, estudiados para garantizar la seguridad del ni\u00f1o. Este juego trata de unos eslabones dise\u00f1ados para facilitar el enganche y permitir una manipulaci\u00f3n muy c\u00f3moda. Aprend\u00e9 colores, us\u00e1 tu imaginaci\u00f3n y estimul\u00e1 la creatividad. Contiene 24 piezas de diferentes tama\u00f1os para formar cadenas a tu gusto!  C\u00f3digo: 600\/37 C\u00f3digo de barras: 7730549005633 Edad:\u00a01 a\u00f1o en adelante Contenido:\u00a024 piezas Medidas: 21 x 25,5 x 5 cm340 Instrucciones: Descargar\" \/>\n<meta property=\"og:url\" content=\"https:\/\/didacta.com.uy\/sitio\/producto\/clip-cadenas\/\" \/>\n<meta property=\"og:site_name\" content=\"Didacta\" \/>\n<meta property=\"article:modified_time\" content=\"2024-06-24T15:15:45+00:00\" \/>\n<meta property=\"og:image\" content=\"https:\/\/didacta.com.uy\/sitio\/wp-content\/uploads\/2021\/09\/600-36_Clip-Cadenas_TopaTopa-2-1.jpg\" \/>\n\t<meta property=\"og:image:width\" content=\"600\" \/>\n\t<meta property=\"og:image:height\" content=\"454\" \/>\n\t<meta property=\"og:image:type\" content=\"image\/jpeg\" \/>\n<meta name=\"twitter:card\" content=\"summary_large_image\" \/>\n<meta name=\"twitter:label1\" content=\"Tiempo de lectura\" \/>\n\t<meta name=\"twitter:data1\" content=\"1 minuto\" \/>\n<script type=\"application\/ld+json\" class=\"yoast-schema-graph\">{\"@context\":\"https:\/\/schema.org\",\"@graph\":[{\"@type\":\"WebPage\",\"@id\":\"https:\/\/didacta.com.uy\/sitio\/producto\/clip-cadenas\/\",\"url\":\"https:\/\/didacta.com.uy\/sitio\/producto\/clip-cadenas\/\",\"name\":\"CLIP CADENAS - Didacta\",\"isPartOf\":{\"@id\":\"https:\/\/didacta.com.uy\/sitio\/#website\"},\"primaryImageOfPage\":{\"@id\":\"https:\/\/didacta.com.uy\/sitio\/producto\/clip-cadenas\/#primaryimage\"},\"image\":{\"@id\":\"https:\/\/didacta.com.uy\/sitio\/producto\/clip-cadenas\/#primaryimage\"},\"thumbnailUrl\":\"https:\/\/didacta.com.uy\/sitio\/wp-content\/uploads\/2021\/09\/600-36_Clip-Cadenas_TopaTopa-2-1.jpg\",\"datePublished\":\"2021-09-30T14:48:25+00:00\",\"dateModified\":\"2024-06-24T15:15:45+00:00\",\"breadcrumb\":{\"@id\":\"https:\/\/didacta.com.uy\/sitio\/producto\/clip-cadenas\/#breadcrumb\"},\"inLanguage\":\"es\",\"potentialAction\":[{\"@type\":\"ReadAction\",\"target\":[\"https:\/\/didacta.com.uy\/sitio\/producto\/clip-cadenas\/\"]}]},{\"@type\":\"ImageObject\",\"inLanguage\":\"es\",\"@id\":\"https:\/\/didacta.com.uy\/sitio\/producto\/clip-cadenas\/#primaryimage\",\"url\":\"https:\/\/didacta.com.uy\/sitio\/wp-content\/uploads\/2021\/09\/600-36_Clip-Cadenas_TopaTopa-2-1.jpg\",\"contentUrl\":\"https:\/\/didacta.com.uy\/sitio\/wp-content\/uploads\/2021\/09\/600-36_Clip-Cadenas_TopaTopa-2-1.jpg\",\"width\":600,\"height\":454},{\"@type\":\"BreadcrumbList\",\"@id\":\"https:\/\/didacta.com.uy\/sitio\/producto\/clip-cadenas\/#breadcrumb\",\"itemListElement\":[{\"@type\":\"ListItem\",\"position\":1,\"name\":\"Portada\",\"item\":\"https:\/\/didacta.com.uy\/sitio\/\"},{\"@type\":\"ListItem\",\"position\":2,\"name\":\"Inicio\",\"item\":\"https:\/\/didacta.com.uy\/sitio\/\"},{\"@type\":\"ListItem\",\"position\":3,\"name\":\"CLIP CADENAS\"}]},{\"@type\":\"WebSite\",\"@id\":\"https:\/\/didacta.com.uy\/sitio\/#website\",\"url\":\"https:\/\/didacta.com.uy\/sitio\/\",\"name\":\"Didacta\",\"description\":\"Con m\u00e1s de 20 a\u00f1os de experiencia, DIDACTA es la marca l\u00edder en el mercado uruguayo de juegos de mesa.\",\"potentialAction\":[{\"@type\":\"SearchAction\",\"target\":{\"@type\":\"EntryPoint\",\"urlTemplate\":\"https:\/\/didacta.com.uy\/sitio\/?s={search_term_string}\"},\"query-input\":{\"@type\":\"PropertyValueSpecification\",\"valueRequired\":true,\"valueName\":\"search_term_string\"}}],\"inLanguage\":\"es\"}]}<\/script>\n<!-- \/ Yoast SEO plugin. -->","yoast_head_json":{"title":"CLIP CADENAS - Didacta","robots":{"index":"index","follow":"follow","max-snippet":"max-snippet:-1","max-image-preview":"max-image-preview:large","max-video-preview":"max-video-preview:-1"},"canonical":"https:\/\/didacta.com.uy\/sitio\/producto\/clip-cadenas\/","og_locale":"es_ES","og_type":"article","og_title":"CLIP CADENAS - Didacta","og_description":"\u00a1Con la l\u00ednea Topa Topa jug\u00e1 y aprend\u00e9! Los juguetes que introducen al ni\u00f1o en el mundo de las formas, los colores y el juego, estimulando su creatividad, habilidad manual y sus sentidos. Han sido dise\u00f1ados con formas redondeadas y materiales de calidad y resistencia, estudiados para garantizar la seguridad del ni\u00f1o. Este juego trata de unos eslabones dise\u00f1ados para facilitar el enganche y permitir una manipulaci\u00f3n muy c\u00f3moda. Aprend\u00e9 colores, us\u00e1 tu imaginaci\u00f3n y estimul\u00e1 la creatividad. Contiene 24 piezas de diferentes tama\u00f1os para formar cadenas a tu gusto!  C\u00f3digo: 600\/37 C\u00f3digo de barras: 7730549005633 Edad:\u00a01 a\u00f1o en adelante Contenido:\u00a024 piezas Medidas: 21 x 25,5 x 5 cm340 Instrucciones: Descargar","og_url":"https:\/\/didacta.com.uy\/sitio\/producto\/clip-cadenas\/","og_site_name":"Didacta","article_modified_time":"2024-06-24T15:15:45+00:00","og_image":[{"width":600,"height":454,"url":"https:\/\/didacta.com.uy\/sitio\/wp-content\/uploads\/2021\/09\/600-36_Clip-Cadenas_TopaTopa-2-1.jpg","type":"image\/jpeg"}],"twitter_card":"summary_large_image","twitter_misc":{"Tiempo de lectura":"1 minuto"},"schema":{"@context":"https:\/\/schema.org","@graph":[{"@type":"WebPage","@id":"https:\/\/didacta.com.uy\/sitio\/producto\/clip-cadenas\/","url":"https:\/\/didacta.com.uy\/sitio\/producto\/clip-cadenas\/","name":"CLIP CADENAS - Didacta","isPartOf":{"@id":"https:\/\/didacta.com.uy\/sitio\/#website"},"primaryImageOfPage":{"@id":"https:\/\/didacta.com.uy\/sitio\/producto\/clip-cadenas\/#primaryimage"},"image":{"@id":"https:\/\/didacta.com.uy\/sitio\/producto\/clip-cadenas\/#primaryimage"},"thumbnailUrl":"https:\/\/didacta.com.uy\/sitio\/wp-content\/uploads\/2021\/09\/600-36_Clip-Cadenas_TopaTopa-2-1.jpg","datePublished":"2021-09-30T14:48:25+00:00","dateModified":"2024-06-24T15:15:45+00:00","breadcrumb":{"@id":"https:\/\/didacta.com.uy\/sitio\/producto\/clip-cadenas\/#breadcrumb"},"inLanguage":"es","potentialAction":[{"@type":"ReadAction","target":["https:\/\/didacta.com.uy\/sitio\/producto\/clip-cadenas\/"]}]},{"@type":"ImageObject","inLanguage":"es","@id":"https:\/\/didacta.com.uy\/sitio\/producto\/clip-cadenas\/#primaryimage","url":"https:\/\/didacta.com.uy\/sitio\/wp-content\/uploads\/2021\/09\/600-36_Clip-Cadenas_TopaTopa-2-1.jpg","contentUrl":"https:\/\/didacta.com.uy\/sitio\/wp-content\/uploads\/2021\/09\/600-36_Clip-Cadenas_TopaTopa-2-1.jpg","width":600,"height":454},{"@type":"BreadcrumbList","@id":"https:\/\/didacta.com.uy\/sitio\/producto\/clip-cadenas\/#breadcrumb","itemListElement":[{"@type":"ListItem","position":1,"name":"Portada","item":"https:\/\/didacta.com.uy\/sitio\/"},{"@type":"ListItem","position":2,"name":"Inicio","item":"https:\/\/didacta.com.uy\/sitio\/"},{"@type":"ListItem","position":3,"name":"CLIP CADENAS"}]},{"@type":"WebSite","@id":"https:\/\/didacta.com.uy\/sitio\/#website","url":"https:\/\/didacta.com.uy\/sitio\/","name":"Didacta","description":"Con m\u00e1s de 20 a\u00f1os de experiencia, DIDACTA es la marca l\u00edder en el mercado uruguayo de juegos de mesa.","potentialAction":[{"@type":"SearchAction","target":{"@type":"EntryPoint","urlTemplate":"https:\/\/didacta.com.uy\/sitio\/?s={search_term_string}"},"query-input":{"@type":"PropertyValueSpecification","valueRequired":true,"valueName":"search_term_string"}}],"inLanguage":"es"}]}},"_links":{"self":[{"href":"https:\/\/didacta.com.uy\/sitio\/wp-json\/wp\/v2\/product\/208940","targetHints":{"allow":["GET"]}}],"collection":[{"href":"https:\/\/didacta.com.uy\/sitio\/wp-json\/wp\/v2\/product"}],"about":[{"href":"https:\/\/didacta.com.uy\/sitio\/wp-json\/wp\/v2\/types\/product"}],"replies":[{"embeddable":true,"href":"https:\/\/didacta.com.uy\/sitio\/wp-json\/wp\/v2\/comments?post=208940"}],"wp:featuredmedia":[{"embeddable":true,"href":"https:\/\/didacta.com.uy\/sitio\/wp-json\/wp\/v2\/media\/208941"}],"wp:attachment":[{"href":"https:\/\/didacta.com.uy\/sitio\/wp-json\/wp\/v2\/media?parent=208940"}],"wp:term":[{"taxonomy":"product_brand","embeddable":true,"href":"https:\/\/didacta.com.uy\/sitio\/wp-json\/wp\/v2\/product_brand?post=208940"},{"taxonomy":"product_cat","embeddable":true,"href":"https:\/\/didacta.com.uy\/sitio\/wp-json\/wp\/v2\/product_cat?post=208940"},{"taxonomy":"product_tag","embeddable":true,"href":"https:\/\/didacta.com.uy\/sitio\/wp-json\/wp\/v2\/product_tag?post=208940"}],"curies":[{"name":"wp","href":"https:\/\/api.w.org\/{rel}","templated":true}]}}