{"id":208713,"date":"2020-12-08T20:46:57","date_gmt":"2020-12-08T20:46:57","guid":{"rendered":"http:\/\/didacta.com.uy\/sitio\/?post_type=product&#038;p=208713"},"modified":"2022-10-05T12:01:03","modified_gmt":"2022-10-05T12:01:03","slug":"pintor-magico-mickey","status":"publish","type":"product","link":"https:\/\/didacta.com.uy\/sitio\/producto\/pintor-magico-mickey\/","title":{"rendered":"PINTOR M\u00c1GICO MICKEY"},"content":{"rendered":"<p>Con el pintor m\u00e1gico de Mickey se puede pintar, borrar y volver a pintar cuantas veces se quiera, ya que sus l\u00e1minas est\u00e1n hechas especialmente para poder ser pintadas con crayolas y borrarlas con el borrador.<br \/>\n\u00a1Qu\u00e9 nunca se termine la diversi\u00f3n!<\/p>\n<p><strong><span style=\"color: #ff0000;\">C\u00f3digo:<\/span><\/strong> 430\/19<br \/>\n<strong><span style=\"color: #ff0000;\">C\u00f3digo de barras:<\/span><\/strong> 7730549005343<br \/>\n<strong><span style=\"color: #ff0000;\">Edad:<\/span><\/strong>\u00a03 a\u00f1os en adelante<br \/>\n<strong><span style=\"color: #ff0000;\">Cantidad de jugadores:<\/span> <\/strong>1<br \/>\n<strong><span style=\"color: #ff0000;\">Contenido:<\/span><\/strong>\u00a04 l\u00e1minas m\u00e1gicas, crayolas de colores y un pa\u00f1o para borrar<br \/>\n<strong><span style=\"color: #ff0000;\">Medidas:<\/span><\/strong>\u00a026 x 19 x 4 cm<br \/>\n<strong><span style=\"color: #ff0000;\">Instrucciones:<\/span><\/strong> Descargar<\/p>\n","protected":false},"excerpt":{"rendered":"<p>Con el pintor m\u00e1gico de Mickey se puede pintar, borrar y volver a pintar cuantas veces se quiera, ya que sus l\u00e1minas est\u00e1n hechas especialmente para poder ser pintadas con crayolas y borrarlas con el borrador.<br \/>\n\u00a1Qu\u00e9 nunca se termine la diversi\u00f3n!<\/p>\n<p><strong><span style=\"color: #ff0000;\">C\u00f3digo:<\/span><\/strong> 430\/19<br \/>\n<strong><span style=\"color: #ff0000;\">C\u00f3digo de barras:<\/span><\/strong> 7730549005343<br \/>\n<strong><span style=\"color: #ff0000;\">Edad:<\/span><\/strong>\u00a03 a\u00f1os en adelante<br \/>\n<strong><span style=\"color: #ff0000;\">Cantidad de jugadores:<\/span> <\/strong>1<br \/>\n<strong><span style=\"color: #ff0000;\">Contenido:<\/span><\/strong>\u00a04 l\u00e1minas m\u00e1gicas, crayolas de colores y un pa\u00f1o para borrar<br \/>\n<strong><span style=\"color: #ff0000;\">Medidas:<\/span><\/strong>\u00a026 x 19 x 4 cm<br \/>\n<strong><span style=\"color: #ff0000;\">Instrucciones:<\/span><\/strong> Descargar<\/p>\n","protected":false},"featured_media":208714,"comment_status":"closed","ping_status":"closed","template":"","meta":{"_et_pb_use_builder":"","_et_pb_old_content":"","_et_gb_content_width":"","_uf_show_specific_survey":0,"_uf_disable_surveys":false},"product_brand":[],"product_cat":[71,31],"product_tag":[],"class_list":{"0":"post-208713","1":"product","2":"type-product","3":"status-publish","4":"has-post-thumbnail","6":"product_cat-3-a-5-anos","7":"product_cat-mickey","9":"first","10":"instock","11":"purchasable","12":"product-type-simple"},"aioseo_notices":[],"yoast_head":"<!-- This site is optimized with the Yoast SEO plugin v24.8.1 - https:\/\/yoast.com\/wordpress\/plugins\/seo\/ -->\n<title>PINTOR M\u00c1GICO MICKEY - Didacta<\/title>\n<meta name=\"robots\" content=\"index, follow, max-snippet:-1, max-image-preview:large, max-video-preview:-1\" \/>\n<link rel=\"canonical\" href=\"https:\/\/didacta.com.uy\/sitio\/producto\/pintor-magico-mickey\/\" \/>\n<meta property=\"og:locale\" content=\"es_ES\" \/>\n<meta property=\"og:type\" content=\"article\" \/>\n<meta property=\"og:title\" content=\"PINTOR M\u00c1GICO MICKEY - Didacta\" \/>\n<meta property=\"og:description\" content=\"Con el pintor m\u00e1gico de Mickey se puede pintar, borrar y volver a pintar cuantas veces se quiera, ya que sus l\u00e1minas est\u00e1n hechas especialmente para poder ser pintadas con crayolas y borrarlas con el borrador. \u00a1Qu\u00e9 nunca se termine la diversi\u00f3n!  C\u00f3digo: 430\/19 C\u00f3digo de barras: 7730549005343 Edad:\u00a03 a\u00f1os en adelante Cantidad de jugadores: 1 Contenido:\u00a04 l\u00e1minas m\u00e1gicas, crayolas de colores y un pa\u00f1o para borrar Medidas:\u00a026 x 19 x 4 cm Instrucciones: Descargar\" \/>\n<meta property=\"og:url\" content=\"https:\/\/didacta.com.uy\/sitio\/producto\/pintor-magico-mickey\/\" \/>\n<meta property=\"og:site_name\" content=\"Didacta\" \/>\n<meta property=\"article:modified_time\" content=\"2022-10-05T12:01:03+00:00\" \/>\n<meta property=\"og:image\" content=\"https:\/\/didacta.com.uy\/sitio\/wp-content\/uploads\/2020\/12\/pintormagico_mickey_800x600.jpg\" \/>\n\t<meta property=\"og:image:width\" content=\"800\" \/>\n\t<meta property=\"og:image:height\" content=\"600\" \/>\n\t<meta property=\"og:image:type\" content=\"image\/jpeg\" \/>\n<meta name=\"twitter:card\" content=\"summary_large_image\" \/>\n<script type=\"application\/ld+json\" class=\"yoast-schema-graph\">{\"@context\":\"https:\/\/schema.org\",\"@graph\":[{\"@type\":\"WebPage\",\"@id\":\"https:\/\/didacta.com.uy\/sitio\/producto\/pintor-magico-mickey\/\",\"url\":\"https:\/\/didacta.com.uy\/sitio\/producto\/pintor-magico-mickey\/\",\"name\":\"PINTOR M\u00c1GICO MICKEY - Didacta\",\"isPartOf\":{\"@id\":\"https:\/\/didacta.com.uy\/sitio\/#website\"},\"primaryImageOfPage\":{\"@id\":\"https:\/\/didacta.com.uy\/sitio\/producto\/pintor-magico-mickey\/#primaryimage\"},\"image\":{\"@id\":\"https:\/\/didacta.com.uy\/sitio\/producto\/pintor-magico-mickey\/#primaryimage\"},\"thumbnailUrl\":\"https:\/\/didacta.com.uy\/sitio\/wp-content\/uploads\/2020\/12\/pintormagico_mickey_800x600.jpg\",\"datePublished\":\"2020-12-08T20:46:57+00:00\",\"dateModified\":\"2022-10-05T12:01:03+00:00\",\"breadcrumb\":{\"@id\":\"https:\/\/didacta.com.uy\/sitio\/producto\/pintor-magico-mickey\/#breadcrumb\"},\"inLanguage\":\"es\",\"potentialAction\":[{\"@type\":\"ReadAction\",\"target\":[\"https:\/\/didacta.com.uy\/sitio\/producto\/pintor-magico-mickey\/\"]}]},{\"@type\":\"ImageObject\",\"inLanguage\":\"es\",\"@id\":\"https:\/\/didacta.com.uy\/sitio\/producto\/pintor-magico-mickey\/#primaryimage\",\"url\":\"https:\/\/didacta.com.uy\/sitio\/wp-content\/uploads\/2020\/12\/pintormagico_mickey_800x600.jpg\",\"contentUrl\":\"https:\/\/didacta.com.uy\/sitio\/wp-content\/uploads\/2020\/12\/pintormagico_mickey_800x600.jpg\",\"width\":800,\"height\":600},{\"@type\":\"BreadcrumbList\",\"@id\":\"https:\/\/didacta.com.uy\/sitio\/producto\/pintor-magico-mickey\/#breadcrumb\",\"itemListElement\":[{\"@type\":\"ListItem\",\"position\":1,\"name\":\"Portada\",\"item\":\"https:\/\/didacta.com.uy\/sitio\/\"},{\"@type\":\"ListItem\",\"position\":2,\"name\":\"Inicio\",\"item\":\"https:\/\/didacta.com.uy\/sitio\/\"},{\"@type\":\"ListItem\",\"position\":3,\"name\":\"PINTOR M\u00c1GICO MICKEY\"}]},{\"@type\":\"WebSite\",\"@id\":\"https:\/\/didacta.com.uy\/sitio\/#website\",\"url\":\"https:\/\/didacta.com.uy\/sitio\/\",\"name\":\"Didacta\",\"description\":\"Con m\u00e1s de 20 a\u00f1os de experiencia, DIDACTA es la marca l\u00edder en el mercado uruguayo de juegos de mesa.\",\"potentialAction\":[{\"@type\":\"SearchAction\",\"target\":{\"@type\":\"EntryPoint\",\"urlTemplate\":\"https:\/\/didacta.com.uy\/sitio\/?s={search_term_string}\"},\"query-input\":{\"@type\":\"PropertyValueSpecification\",\"valueRequired\":true,\"valueName\":\"search_term_string\"}}],\"inLanguage\":\"es\"}]}<\/script>\n<!-- \/ Yoast SEO plugin. -->","yoast_head_json":{"title":"PINTOR M\u00c1GICO MICKEY - Didacta","robots":{"index":"index","follow":"follow","max-snippet":"max-snippet:-1","max-image-preview":"max-image-preview:large","max-video-preview":"max-video-preview:-1"},"canonical":"https:\/\/didacta.com.uy\/sitio\/producto\/pintor-magico-mickey\/","og_locale":"es_ES","og_type":"article","og_title":"PINTOR M\u00c1GICO MICKEY - Didacta","og_description":"Con el pintor m\u00e1gico de Mickey se puede pintar, borrar y volver a pintar cuantas veces se quiera, ya que sus l\u00e1minas est\u00e1n hechas especialmente para poder ser pintadas con crayolas y borrarlas con el borrador. \u00a1Qu\u00e9 nunca se termine la diversi\u00f3n!  C\u00f3digo: 430\/19 C\u00f3digo de barras: 7730549005343 Edad:\u00a03 a\u00f1os en adelante Cantidad de jugadores: 1 Contenido:\u00a04 l\u00e1minas m\u00e1gicas, crayolas de colores y un pa\u00f1o para borrar Medidas:\u00a026 x 19 x 4 cm Instrucciones: Descargar","og_url":"https:\/\/didacta.com.uy\/sitio\/producto\/pintor-magico-mickey\/","og_site_name":"Didacta","article_modified_time":"2022-10-05T12:01:03+00:00","og_image":[{"width":800,"height":600,"url":"https:\/\/didacta.com.uy\/sitio\/wp-content\/uploads\/2020\/12\/pintormagico_mickey_800x600.jpg","type":"image\/jpeg"}],"twitter_card":"summary_large_image","schema":{"@context":"https:\/\/schema.org","@graph":[{"@type":"WebPage","@id":"https:\/\/didacta.com.uy\/sitio\/producto\/pintor-magico-mickey\/","url":"https:\/\/didacta.com.uy\/sitio\/producto\/pintor-magico-mickey\/","name":"PINTOR M\u00c1GICO MICKEY - Didacta","isPartOf":{"@id":"https:\/\/didacta.com.uy\/sitio\/#website"},"primaryImageOfPage":{"@id":"https:\/\/didacta.com.uy\/sitio\/producto\/pintor-magico-mickey\/#primaryimage"},"image":{"@id":"https:\/\/didacta.com.uy\/sitio\/producto\/pintor-magico-mickey\/#primaryimage"},"thumbnailUrl":"https:\/\/didacta.com.uy\/sitio\/wp-content\/uploads\/2020\/12\/pintormagico_mickey_800x600.jpg","datePublished":"2020-12-08T20:46:57+00:00","dateModified":"2022-10-05T12:01:03+00:00","breadcrumb":{"@id":"https:\/\/didacta.com.uy\/sitio\/producto\/pintor-magico-mickey\/#breadcrumb"},"inLanguage":"es","potentialAction":[{"@type":"ReadAction","target":["https:\/\/didacta.com.uy\/sitio\/producto\/pintor-magico-mickey\/"]}]},{"@type":"ImageObject","inLanguage":"es","@id":"https:\/\/didacta.com.uy\/sitio\/producto\/pintor-magico-mickey\/#primaryimage","url":"https:\/\/didacta.com.uy\/sitio\/wp-content\/uploads\/2020\/12\/pintormagico_mickey_800x600.jpg","contentUrl":"https:\/\/didacta.com.uy\/sitio\/wp-content\/uploads\/2020\/12\/pintormagico_mickey_800x600.jpg","width":800,"height":600},{"@type":"BreadcrumbList","@id":"https:\/\/didacta.com.uy\/sitio\/producto\/pintor-magico-mickey\/#breadcrumb","itemListElement":[{"@type":"ListItem","position":1,"name":"Portada","item":"https:\/\/didacta.com.uy\/sitio\/"},{"@type":"ListItem","position":2,"name":"Inicio","item":"https:\/\/didacta.com.uy\/sitio\/"},{"@type":"ListItem","position":3,"name":"PINTOR M\u00c1GICO MICKEY"}]},{"@type":"WebSite","@id":"https:\/\/didacta.com.uy\/sitio\/#website","url":"https:\/\/didacta.com.uy\/sitio\/","name":"Didacta","description":"Con m\u00e1s de 20 a\u00f1os de experiencia, DIDACTA es la marca l\u00edder en el mercado uruguayo de juegos de mesa.","potentialAction":[{"@type":"SearchAction","target":{"@type":"EntryPoint","urlTemplate":"https:\/\/didacta.com.uy\/sitio\/?s={search_term_string}"},"query-input":{"@type":"PropertyValueSpecification","valueRequired":true,"valueName":"search_term_string"}}],"inLanguage":"es"}]}},"_links":{"self":[{"href":"https:\/\/didacta.com.uy\/sitio\/wp-json\/wp\/v2\/product\/208713","targetHints":{"allow":["GET"]}}],"collection":[{"href":"https:\/\/didacta.com.uy\/sitio\/wp-json\/wp\/v2\/product"}],"about":[{"href":"https:\/\/didacta.com.uy\/sitio\/wp-json\/wp\/v2\/types\/product"}],"replies":[{"embeddable":true,"href":"https:\/\/didacta.com.uy\/sitio\/wp-json\/wp\/v2\/comments?post=208713"}],"wp:featuredmedia":[{"embeddable":true,"href":"https:\/\/didacta.com.uy\/sitio\/wp-json\/wp\/v2\/media\/208714"}],"wp:attachment":[{"href":"https:\/\/didacta.com.uy\/sitio\/wp-json\/wp\/v2\/media?parent=208713"}],"wp:term":[{"taxonomy":"product_brand","embeddable":true,"href":"https:\/\/didacta.com.uy\/sitio\/wp-json\/wp\/v2\/product_brand?post=208713"},{"taxonomy":"product_cat","embeddable":true,"href":"https:\/\/didacta.com.uy\/sitio\/wp-json\/wp\/v2\/product_cat?post=208713"},{"taxonomy":"product_tag","embeddable":true,"href":"https:\/\/didacta.com.uy\/sitio\/wp-json\/wp\/v2\/product_tag?post=208713"}],"curies":[{"name":"wp","href":"https:\/\/api.w.org\/{rel}","templated":true}]}}